{"id":1665,"date":"2025-08-01T11:30:22","date_gmt":"2025-08-01T11:30:22","guid":{"rendered":"https:\/\/www.shouyasanitary.com\/?post_type=product&#038;p=1665"},"modified":"2025-08-01T11:30:23","modified_gmt":"2025-08-01T11:30:23","slug":"wholesale-bathroom-vanitys","status":"publish","type":"product","link":"https:\/\/www.shouyasanitary.com\/fr\/produit\/wholesale-bathroom-vanitys\/","title":{"rendered":"Wholesale Bathroom Vanitys, White Bathroom Cabinet Wall Mounted with Mirror Marble Material Supplier"},"content":{"rendered":"<div class=\"wp-block-columns is-layout-flex wp-container-core-columns-is-layout-9d6595d7 wp-block-columns-is-layout-flex\">\n<div class=\"wp-block-column is-layout-flow wp-block-column-is-layout-flow\">\n<h2 class=\"wp-block-heading\">Vanit\u00e9s de salle de bain Caract\u00e9ristiques :<\/h2>\n\n\n\n<p><strong>Miroir au design unique : <\/strong>Le miroir incurv\u00e9 unique adopte des lignes douces, rompant avec le design traditionnel de forme carr\u00e9e et ajoutant une touche de douceur et d'\u00e9l\u00e9gance. Le miroir est \u00e9quip\u00e9 d'un r\u00e9tro\u00e9clairage \u00e0 trois couleurs, qui peut passer d'une lumi\u00e8re froide \u00e0 une lumi\u00e8re chaude ou naturelle selon les besoins, r\u00e9pondant ainsi aux diff\u00e9rentes exigences en mati\u00e8re d'\u00e9clairage pour la toilette et le maquillage, et am\u00e9liorant l'ambiance.<\/p>\n\n\n\n<p><strong>Armoire principale efficace<\/strong>: L'armoire principale pr\u00e9sente un tiroir ouvert, avec des dimensions de 1000\u00d7500\u00d7400 mm, ce qui optimise l'utilisation de l'espace. Les articles de toilette et les produits de soin couramment utilis\u00e9s sont facilement visibles et faciles d'acc\u00e8s. L'armoire principale blanche est simple et \u00e9l\u00e9gante, s'adaptant facilement \u00e0 diff\u00e9rents styles de d\u00e9coration de salle de bains, soulignant une sensation d'espace propre et ordonn\u00e9.<\/p>\n\n\n\n<p><strong>Mat\u00e9riau \u00e0 haute r\u00e9sistance<\/strong>: Fabriqu\u00e9 \u00e0 partir de dalles de roche, il pr\u00e9sente des caract\u00e9ristiques telles que la r\u00e9sistance \u00e0 l'usure, la r\u00e9sistance aux rayures, la r\u00e9sistance aux temp\u00e9ratures \u00e9lev\u00e9es et l'imperm\u00e9abilit\u00e9. M\u00eame dans une salle de bains humide, il r\u00e9siste \u00e0 la d\u00e9formation et \u00e0 la formation de moisissures. <\/p>\n\n\n\n<p><strong>Facile \u00e0 nettoyer<\/strong>: Le bassin int\u00e9gr\u00e9 en c\u00e9ramique s'int\u00e8gre parfaitement au comptoir en dalles de roche, cr\u00e9ant une surface lisse et r\u00e9sistante aux taches, ce qui facilite le nettoyage.<\/p>\n\n\n\n<p><strong>Conception pratique<\/strong>: Le miroir incurv\u00e9 \u00e9largit le champ de vision, ce qui facilite l'utilisation quotidienne ; le tiroir ouvert permet d'acc\u00e9der efficacement aux articles, ce qui fait gagner du temps ; l'\u00e9clairage tricolore r\u00e9pond aux besoins de diff\u00e9rents sc\u00e9narios, combinant praticit\u00e9 et esth\u00e9tique, offrant aux utilisateurs une exp\u00e9rience de lavage confortable, pratique et de haute qualit\u00e9.<\/p>\n\n\n\n<p><strong>Support OEM\/ODM :<\/strong> Shouya propose des services personnalis\u00e9s, notamment en ce qui concerne la taille, la couleur, le style des miroirs, les accessoires, les fonctions, etc. pour r\u00e9pondre aux besoins de l'ing\u00e9nierie de projet, de l'agence de marque, de la distribution en gros, etc.<\/p>\n<\/div>\n\n\n\n<div class=\"wp-block-column is-layout-flow wp-block-column-is-layout-flow\"><div class=\"wp-block-image\">\n<figure class=\"aligncenter size-full\"><img decoding=\"async\" width=\"700\" height=\"700\" src=\"https:\/\/www.shouyasanitary.com\/wp-content\/uploads\/2025\/07\/Custom-Solutions-Bathroom-Wall-Mount.webp\" alt=\"Custom Solutions Bathroom Wall Mount Mount\" class=\"wp-image-1673\" style=\"object-fit:cover\" srcset=\"https:\/\/www.shouyasanitary.com\/wp-content\/uploads\/2025\/07\/Custom-Solutions-Bathroom-Wall-Mount.webp 700w, https:\/\/www.shouyasanitary.com\/wp-content\/uploads\/2025\/07\/Custom-Solutions-Bathroom-Wall-Mount-300x300.webp 300w, https:\/\/www.shouyasanitary.com\/wp-content\/uploads\/2025\/07\/Custom-Solutions-Bathroom-Wall-Mount-150x150.webp 150w, https:\/\/www.shouyasanitary.com\/wp-content\/uploads\/2025\/07\/Custom-Solutions-Bathroom-Wall-Mount-12x12.webp 12w, https:\/\/www.shouyasanitary.com\/wp-content\/uploads\/2025\/07\/Custom-Solutions-Bathroom-Wall-Mount-600x600.webp 600w, https:\/\/www.shouyasanitary.com\/wp-content\/uploads\/2025\/07\/Custom-Solutions-Bathroom-Wall-Mount-100x100.webp 100w\" sizes=\"(max-width: 700px) 100vw, 700px\" \/><\/figure>\n<\/div><\/div>\n<\/div>","protected":false},"excerpt":{"rendered":"<p>Vestiaire de salle de bain en gros, armoire de salle de bain murale blanche avec comptoir en marbre et miroir, design durable et \u00e9l\u00e9gant, convenant \u00e0 une salle de bain moderne. Nous vous invitons \u00e0 nous contacter pour un devis personnalis\u00e9 et un catalogue de produits !<\/p>\n<h2>Attributs des meubles-lavabos\uff1a<\/h2>\n<p><strong>Num\u00e9ro d'article<\/strong>: O1051-100<br \/><strong>Mat\u00e9riau de l'armoire<\/strong>: Marbre <br \/><strong>Couleur de l'armoire<\/strong>: Blanc <br \/><strong>Miroir<\/strong>: Miroir LED (3,5mm \/ 3,8mm), \u00e9clairage tricolore, d\u00e9sembuage par simple pression d'une touche, s\u00e9curis\u00e9 par un emballage en mousse multicouche. <br \/><strong>Type d'installation<\/strong>: Montage mural <br \/><strong>Dimensions (L \u00d7 L \u00d7 H)<\/strong>: 100 \u00d7 50\u00d7 40 cm <br \/><strong>Poids brut<\/strong>: 38 kg\/set<\/p>\n<h2>Personnalisation et services :<\/h2>\n<p><strong>OEM ET ODM<\/strong>: Pris en charge<br \/><strong>Conception<\/strong>: Gratuit<br \/><strong>Accessoires<\/strong>: Lavabos, miroirs, robinets et autres accessoires de salle de bains<br \/><strong>Emballage<\/strong>: Pr\u00eat \u00e0 monter<\/p>","protected":false},"featured_media":1673,"comment_status":"closed","ping_status":"closed","template":"","meta":{"_acf_changed":true},"product_brand":[],"product_cat":[22],"product_tag":[],"class_list":{"0":"post-1665","1":"product","2":"type-product","3":"status-publish","4":"has-post-thumbnail","6":"product_cat-wholesale-marble-bathroom-vanity-cabinets","8":"first","9":"instock","10":"shipping-taxable","11":"product-type-simple"},"acf":[],"_links":{"self":[{"href":"https:\/\/www.shouyasanitary.com\/fr\/wp-json\/wp\/v2\/product\/1665","targetHints":{"allow":["GET"]}}],"collection":[{"href":"https:\/\/www.shouyasanitary.com\/fr\/wp-json\/wp\/v2\/product"}],"about":[{"href":"https:\/\/www.shouyasanitary.com\/fr\/wp-json\/wp\/v2\/types\/product"}],"replies":[{"embeddable":true,"href":"https:\/\/www.shouyasanitary.com\/fr\/wp-json\/wp\/v2\/comments?post=1665"}],"wp:featuredmedia":[{"embeddable":true,"href":"https:\/\/www.shouyasanitary.com\/fr\/wp-json\/wp\/v2\/media\/1673"}],"wp:attachment":[{"href":"https:\/\/www.shouyasanitary.com\/fr\/wp-json\/wp\/v2\/media?parent=1665"}],"wp:term":[{"taxonomy":"product_brand","embeddable":true,"href":"https:\/\/www.shouyasanitary.com\/fr\/wp-json\/wp\/v2\/product_brand?post=1665"},{"taxonomy":"product_cat","embeddable":true,"href":"https:\/\/www.shouyasanitary.com\/fr\/wp-json\/wp\/v2\/product_cat?post=1665"},{"taxonomy":"product_tag","embeddable":true,"href":"https:\/\/www.shouyasanitary.com\/fr\/wp-json\/wp\/v2\/product_tag?post=1665"}],"curies":[{"name":"wp","href":"https:\/\/api.w.org\/{rel}","templated":true}]}}