{"id":1666,"date":"2025-08-01T11:30:20","date_gmt":"2025-08-01T11:30:20","guid":{"rendered":"https:\/\/www.shouyasanitary.com\/?post_type=product&#038;p=1666"},"modified":"2025-08-01T11:30:21","modified_gmt":"2025-08-01T11:30:21","slug":"wholesale-white-bathroom-cabinet","status":"publish","type":"product","link":"https:\/\/www.shouyasanitary.com\/fr\/produit\/wholesale-white-bathroom-cabinet\/","title":{"rendered":"Factory Wholesale White Bathroom Cabinet, Bathroom Mirror Vanity with Rock Slate Material Supplier"},"content":{"rendered":"<div class=\"wp-block-columns is-layout-flex wp-container-core-columns-is-layout-9d6595d7 wp-block-columns-is-layout-flex\">\n<div class=\"wp-block-column is-layout-flow wp-block-column-is-layout-flow\">\n<h2 class=\"wp-block-heading\">Armoire de salle de bain blanche Caract\u00e9ristiques :<\/h2>\n\n\n\n<p><strong>Design moderne et simple<\/strong>: Les comptoirs en marbre blanc et les textures uniques conf\u00e8rent \u00e0 la salle de bains une touche de modernit\u00e9 et d'\u00e9l\u00e9gance.<\/p>\n\n\n\n<p><strong>Structure de dalles rocheuses \u00e0 double couche<\/strong>: La couche sup\u00e9rieure et la couche inf\u00e9rieure garantissent un rangement clair. La couche sup\u00e9rieure supporte une vasque int\u00e9gr\u00e9e en c\u00e9ramique, ce qui permet de garder le plan de travail propre et ordonn\u00e9 ; la couche inf\u00e9rieure offre un espace ouvert, pratique pour placer les serviettes et les articles de toilette couramment utilis\u00e9s, ce qui garantit un acc\u00e8s facile et optimise le rangement dans la salle de bains.<\/p>\n\n\n\n<p><strong>Mat\u00e9riau pour dalles de pierre \u00e0 haute performance :<\/strong> Il est r\u00e9sistant \u00e0 l'usure, aux rayures et \u00e0 la chaleur, convient aux salles de bains humides et n'est pas susceptible de se d\u00e9former ou de se tacher. <\/p>\n\n\n\n<p><strong>Vasque en c\u00e9ramique int\u00e9gr\u00e9e :<\/strong> Il est parfaitement raccord\u00e9, avec une surface lisse facile \u00e0 nettoyer. Les taches d'eau et la salet\u00e9 s'enl\u00e8vent facilement, et il reste beau m\u00eame apr\u00e8s une utilisation prolong\u00e9e.<\/p>\n\n\n\n<p><strong>Compatibilit\u00e9 multi-styles<\/strong>: Avec un design minimaliste et polyvalent domin\u00e9 par le blanc, le miroir incurv\u00e9 s'int\u00e8gre parfaitement \u00e0 la texture de la dalle rocheuse, s'adaptant facilement aux salles de bains modernes et minimalistes, aux salles de bains de luxe et \u00e0 d'autres styles. Le r\u00e9tro\u00e9clairage \u00e0 trois couleurs et la structure \u00e0 double couche combinent fonctionnalit\u00e9 et valeur esth\u00e9tique, cr\u00e9ant une sc\u00e8ne de lavage exquise et pratique.<\/p>\n<\/div>\n\n\n\n<div class=\"wp-block-column is-layout-flow wp-block-column-is-layout-flow\"><div class=\"wp-block-image\">\n<figure class=\"aligncenter size-full\"><img decoding=\"async\" width=\"700\" height=\"700\" src=\"https:\/\/www.shouyasanitary.com\/wp-content\/uploads\/2025\/07\/Custom-Vanity-with-Mirror-Wash-Basin-for-Hotel-Bathroom_1.webp\" alt=\"Vanit\u00e9 sur mesure avec miroir Lavabo\" class=\"wp-image-1676\" style=\"object-fit:cover\" srcset=\"https:\/\/www.shouyasanitary.com\/wp-content\/uploads\/2025\/07\/Custom-Vanity-with-Mirror-Wash-Basin-for-Hotel-Bathroom_1.webp 700w, https:\/\/www.shouyasanitary.com\/wp-content\/uploads\/2025\/07\/Custom-Vanity-with-Mirror-Wash-Basin-for-Hotel-Bathroom_1-300x300.webp 300w, https:\/\/www.shouyasanitary.com\/wp-content\/uploads\/2025\/07\/Custom-Vanity-with-Mirror-Wash-Basin-for-Hotel-Bathroom_1-150x150.webp 150w, https:\/\/www.shouyasanitary.com\/wp-content\/uploads\/2025\/07\/Custom-Vanity-with-Mirror-Wash-Basin-for-Hotel-Bathroom_1-12x12.webp 12w, https:\/\/www.shouyasanitary.com\/wp-content\/uploads\/2025\/07\/Custom-Vanity-with-Mirror-Wash-Basin-for-Hotel-Bathroom_1-600x600.webp 600w, https:\/\/www.shouyasanitary.com\/wp-content\/uploads\/2025\/07\/Custom-Vanity-with-Mirror-Wash-Basin-for-Hotel-Bathroom_1-100x100.webp 100w\" sizes=\"(max-width: 700px) 100vw, 700px\" \/><\/figure>\n<\/div><\/div>\n<\/div>","protected":false},"excerpt":{"rendered":"<p>Grossiste meuble de salle de bain blanc, meuble de salle de bain mural en marbre avec vasque en c\u00e9ramique et \u00e9tag\u00e8re de rangement ouverte, design simple, durable, am\u00e9liore la propret\u00e9 de l'espace de la salle de bain. Personnalisation en gros, contactez-nous d\u00e8s maintenant pour obtenir un devis !<\/p>\n<h2>Armoire de salle de bains blanche Attributs\uff1a<\/h2>\n<p><strong>Num\u00e9ro d'article<\/strong>: J1054-80<br \/><strong>Mat\u00e9riau de l'armoire<\/strong>: Marbre <br \/><strong>Couleur de l'armoire<\/strong>: Blanc <br \/><strong>Miroir<\/strong>: Miroir LED (3,5mm \/ 3,8mm), \u00e9clairage tricolore, d\u00e9sembuage par simple pression d'une touche, s\u00e9curis\u00e9 par un emballage en mousse multicouche. <br \/><strong>Type d'installation<\/strong>: Montage mural <br \/><strong>Dimensions (L \u00d7 L \u00d7 H)<\/strong>: 80 \u00d7 50 \u00d7 20 cm <br \/><strong>Poids brut<\/strong>: 35 kg\/set<\/p>\n<h2>Personnalisation et services :<\/h2>\n<p><strong>OEM ET ODM<\/strong>: Pris en charge<br \/><strong>Conception<\/strong>: Gratuit<br \/><strong>Accessoires<\/strong>: Lavabos, miroirs, robinets et autres accessoires de salle de bains<br \/><strong>Emballage<\/strong>: Pr\u00eat \u00e0 monter<\/p>","protected":false},"featured_media":1676,"comment_status":"closed","ping_status":"closed","template":"","meta":{"_acf_changed":true},"product_brand":[],"product_cat":[22],"product_tag":[],"class_list":{"0":"post-1666","1":"product","2":"type-product","3":"status-publish","4":"has-post-thumbnail","6":"product_cat-wholesale-marble-bathroom-vanity-cabinets","8":"first","9":"instock","10":"shipping-taxable","11":"product-type-simple"},"acf":[],"_links":{"self":[{"href":"https:\/\/www.shouyasanitary.com\/fr\/wp-json\/wp\/v2\/product\/1666","targetHints":{"allow":["GET"]}}],"collection":[{"href":"https:\/\/www.shouyasanitary.com\/fr\/wp-json\/wp\/v2\/product"}],"about":[{"href":"https:\/\/www.shouyasanitary.com\/fr\/wp-json\/wp\/v2\/types\/product"}],"replies":[{"embeddable":true,"href":"https:\/\/www.shouyasanitary.com\/fr\/wp-json\/wp\/v2\/comments?post=1666"}],"wp:featuredmedia":[{"embeddable":true,"href":"https:\/\/www.shouyasanitary.com\/fr\/wp-json\/wp\/v2\/media\/1676"}],"wp:attachment":[{"href":"https:\/\/www.shouyasanitary.com\/fr\/wp-json\/wp\/v2\/media?parent=1666"}],"wp:term":[{"taxonomy":"product_brand","embeddable":true,"href":"https:\/\/www.shouyasanitary.com\/fr\/wp-json\/wp\/v2\/product_brand?post=1666"},{"taxonomy":"product_cat","embeddable":true,"href":"https:\/\/www.shouyasanitary.com\/fr\/wp-json\/wp\/v2\/product_cat?post=1666"},{"taxonomy":"product_tag","embeddable":true,"href":"https:\/\/www.shouyasanitary.com\/fr\/wp-json\/wp\/v2\/product_tag?post=1666"}],"curies":[{"name":"wp","href":"https:\/\/api.w.org\/{rel}","templated":true}]}}