{"id":1678,"date":"2025-08-01T11:30:15","date_gmt":"2025-08-01T11:30:15","guid":{"rendered":"https:\/\/www.shouyasanitary.com\/?post_type=product&#038;p=1678"},"modified":"2025-08-01T11:30:18","modified_gmt":"2025-08-01T11:30:18","slug":"wholesale-mirrored-bathroom-vanity","status":"publish","type":"product","link":"https:\/\/www.shouyasanitary.com\/fr\/produit\/wholesale-mirrored-bathroom-vanity\/","title":{"rendered":"Wholesale Mirrored Bathroom Vanity, Custom PVC Bathroom Cabinet Elegant Design"},"content":{"rendered":"<div class=\"wp-block-columns is-layout-flex wp-container-core-columns-is-layout-9d6595d7 wp-block-columns-is-layout-flex\">\n<div class=\"wp-block-column is-layout-flow wp-block-column-is-layout-flow\">\n<h2 class=\"wp-block-heading\">Vanit\u00e9 de salle de bain avec miroir Caract\u00e9ristiques\uff1a<\/h2>\n\n\n\n<p><strong>Design classique et \u00e9l\u00e9gant<\/strong>: L'utilisation de miroirs incurv\u00e9s adoucit les lignes dures et compl\u00e8te les \u00e9l\u00e9ments doux de style fran\u00e7ais, faisant \u00e9cho \u00e0 l'armoire principale aux lignes arqu\u00e9es et aux poign\u00e9es dor\u00e9es, cr\u00e9ant ainsi un espace \u00e9l\u00e9gant. <\/p>\n\n\n\n<p><strong>Mat\u00e9riau imperm\u00e9able<\/strong>: L'armoire principale est fabriqu\u00e9e en PVC, un mat\u00e9riau durable et r\u00e9sistant \u00e0 l'humidit\u00e9, qui peut supporter l'environnement humide de la salle de bains, garantissant ainsi une utilisation \u00e0 long terme. <\/p>\n\n\n\n<p><strong>Utilisation de l'espace<\/strong>: L'armoire principale mesure 800\u00d7500\u00d7470 mm et pr\u00e9sente un design \u00e0 tiroirs qui utilise efficacement l'espace vertical. Elle est id\u00e9ale pour ranger les produits de bain et les petits objets, tout en gardant le plan de travail bien rang\u00e9. Son contour incurv\u00e9 s'adapte \u00e9galement aux petits appartements, sans que l'on se sente \u00e0 l'\u00e9troit.<\/p>\n\n\n\n<p><strong>Adaptation multi-styles<\/strong>: Le corps de meuble blanc est simple et polyvalent, se mariant bien avec diff\u00e9rents styles de d\u00e9coration tels que fran\u00e7ais et minimaliste, et rehaussant la luminosit\u00e9 de l'espace.<\/p>\n\n\n\n<p><strong>L'ing\u00e9niosit\u00e9 du d\u00e9tail<\/strong>: La combinaison de l'armoire de toilette et de l'armoire principale, avec le miroir \u00e9largissant l'espace visuel, et la forme arqu\u00e9e de l'armoire principale + la d\u00e9coration de grain vertical, recr\u00e9ant le romantisme fran\u00e7ais ; la vasque en c\u00e9ramique a un bord arrondi, associ\u00e9e \u00e0 un robinet minimaliste, \u00e9quilibrant l'apparence et la praticit\u00e9, ajoutant une touche de qualit\u00e9 \u00e0 la vie de la salle de bains.<\/p>\n\n\n\n<p><strong>Options de personnalisation<\/strong>: En fonction des exigences des entreprises et des projets, nous fournissons des services personnalis\u00e9s tels que diff\u00e9rentes tailles et configurations adapt\u00e9es aux h\u00f4tels, aux restaurants et \u00e0 d'autres lieux.<\/p>\n<\/div>\n\n\n\n<div class=\"wp-block-column is-layout-flow wp-block-column-is-layout-flow\"><div class=\"wp-block-image\">\n<figure class=\"aligncenter size-full\"><img decoding=\"async\" width=\"700\" height=\"700\" src=\"https:\/\/www.shouyasanitary.com\/wp-content\/uploads\/2025\/07\/OEM-Bathroom-Vanity-with-Sink.webp\" alt=\"OEM Meuble de salle de bains avec \u00e9vier\" class=\"wp-image-1684\" style=\"object-fit:cover\" srcset=\"https:\/\/www.shouyasanitary.com\/wp-content\/uploads\/2025\/07\/OEM-Bathroom-Vanity-with-Sink.webp 700w, https:\/\/www.shouyasanitary.com\/wp-content\/uploads\/2025\/07\/OEM-Bathroom-Vanity-with-Sink-300x300.webp 300w, https:\/\/www.shouyasanitary.com\/wp-content\/uploads\/2025\/07\/OEM-Bathroom-Vanity-with-Sink-150x150.webp 150w, https:\/\/www.shouyasanitary.com\/wp-content\/uploads\/2025\/07\/OEM-Bathroom-Vanity-with-Sink-12x12.webp 12w, https:\/\/www.shouyasanitary.com\/wp-content\/uploads\/2025\/07\/OEM-Bathroom-Vanity-with-Sink-600x600.webp 600w, https:\/\/www.shouyasanitary.com\/wp-content\/uploads\/2025\/07\/OEM-Bathroom-Vanity-with-Sink-100x100.webp 100w\" sizes=\"(max-width: 700px) 100vw, 700px\" \/><\/figure>\n<\/div><\/div>\n<\/div>","protected":false},"excerpt":{"rendered":"<p>La vanit\u00e9 de salle de bain \u00e0 miroir en gros, simple et classique, avec de grandes armoires \u00e0 miroir et des d\u00e9tails exquis, r\u00e9pond aux besoins de stockage et ajoute une esth\u00e9tique moderne, convenant \u00e0 une vari\u00e9t\u00e9 d'espaces de salle de bain commerciaux et domestiques.  N'h\u00e9sitez pas \u00e0 nous contacter pour une solution personnalis\u00e9e !<\/p>\n<h2>Meuble de salle de bain avec miroir Attributs\uff1a<\/h2>\n<p><strong>Num\u00e9ro d'article : <\/strong>6047-80<strong><br \/>Mat\u00e9riau de l'armoire :<\/strong> PVC<br \/><strong>Couleur de l'armoire :<\/strong> Blanc<br \/><strong>Miroir :<\/strong> Miroir LED (3,5 mm\/3,8 mm), \u00e9clairage tricolore, d\u00e9sembuage par simple pression d'une touche, s\u00e9curis\u00e9 par un emballage en mousse multicouche.<br \/><strong>Type d'installation :<\/strong>\u00a0Montage mural<br \/><strong>Dimensions (L\u00d7L\u00d7H) :<\/strong> 80x50x47 cm<br \/><strong>Poids brut :<\/strong> 35kg\/set<\/p>\n<h2>Personnalisation et services :<\/h2>\n<p><strong>OEM ET ODM<\/strong>: Pris en charge<br \/><strong>Conception<\/strong>: Gratuit<br \/><strong>Accessoires<\/strong>: Lavabos, miroirs, robinets et autres accessoires de salle de bains<br \/><strong>Emballage<\/strong>: Pr\u00eat \u00e0 monter<\/p>","protected":false},"featured_media":1684,"comment_status":"closed","ping_status":"closed","template":"","meta":{"_acf_changed":true},"product_brand":[],"product_cat":[24],"product_tag":[],"class_list":{"0":"post-1678","1":"product","2":"type-product","3":"status-publish","4":"has-post-thumbnail","6":"product_cat-wholesale-pvc-bathroom-vanity-cabinets","8":"first","9":"instock","10":"shipping-taxable","11":"product-type-simple"},"acf":[],"_links":{"self":[{"href":"https:\/\/www.shouyasanitary.com\/fr\/wp-json\/wp\/v2\/product\/1678","targetHints":{"allow":["GET"]}}],"collection":[{"href":"https:\/\/www.shouyasanitary.com\/fr\/wp-json\/wp\/v2\/product"}],"about":[{"href":"https:\/\/www.shouyasanitary.com\/fr\/wp-json\/wp\/v2\/types\/product"}],"replies":[{"embeddable":true,"href":"https:\/\/www.shouyasanitary.com\/fr\/wp-json\/wp\/v2\/comments?post=1678"}],"wp:featuredmedia":[{"embeddable":true,"href":"https:\/\/www.shouyasanitary.com\/fr\/wp-json\/wp\/v2\/media\/1684"}],"wp:attachment":[{"href":"https:\/\/www.shouyasanitary.com\/fr\/wp-json\/wp\/v2\/media?parent=1678"}],"wp:term":[{"taxonomy":"product_brand","embeddable":true,"href":"https:\/\/www.shouyasanitary.com\/fr\/wp-json\/wp\/v2\/product_brand?post=1678"},{"taxonomy":"product_cat","embeddable":true,"href":"https:\/\/www.shouyasanitary.com\/fr\/wp-json\/wp\/v2\/product_cat?post=1678"},{"taxonomy":"product_tag","embeddable":true,"href":"https:\/\/www.shouyasanitary.com\/fr\/wp-json\/wp\/v2\/product_tag?post=1678"}],"curies":[{"name":"wp","href":"https:\/\/api.w.org\/{rel}","templated":true}]}}