{"id":1679,"date":"2025-08-01T11:30:18","date_gmt":"2025-08-01T11:30:18","guid":{"rendered":"https:\/\/www.shouyasanitary.com\/?post_type=product&#038;p=1679"},"modified":"2025-08-01T11:30:19","modified_gmt":"2025-08-01T11:30:19","slug":"custom-double-sink-bathroom-vanity","status":"publish","type":"product","link":"https:\/\/www.shouyasanitary.com\/fr\/produit\/custom-double-sink-bathroom-vanity\/","title":{"rendered":"Meuble de salle de bain double vasque en PVC bleu fonc\u00e9 avec vasque en c\u00e9ramique, fabricant"},"content":{"rendered":"<div class=\"wp-block-columns is-layout-flex wp-container-core-columns-is-layout-9d6595d7 wp-block-columns-is-layout-flex\">\n<div class=\"wp-block-column is-layout-flow wp-block-column-is-layout-flow\">\n<h2 class=\"wp-block-heading\">Caract\u00e9ristiques du meuble-lavabo double\uff1a<\/h2>\n\n\n\n<p><strong>Style moderne et minimaliste<\/strong>Les armoires de salle de bain bleu fonc\u00e9 et les comptoirs noirs, aux lignes \u00e9pur\u00e9es et aux couleurs \u00e9l\u00e9gantes, t\u00e9moignent d'un sens de la mode et de la sophistication, et conviennent \u00e0 un environnement de salle de bain moderne...<\/p>\n\n\n\n<p><strong>Large espace de stockage<\/strong>: Il combine un rangement \u00e0 tiroirs et une armoire de toilette (avec une zone de rangement dissimul\u00e9e). Les espaces verticaux et horizontaux sont pleinement utilis\u00e9s, ce qui permet de r\u00e9pondre aux besoins quotidiens en mati\u00e8re de produits de toilette et de rangement en vrac, et de r\u00e9soudre le probl\u00e8me de l'encombrement des petits objets dans la salle de bains.<\/p>\n\n\n\n<p><strong>Mat\u00e9riau PVC durable<\/strong>: Il poss\u00e8de d'excellentes propri\u00e9t\u00e9s d'imperm\u00e9abilit\u00e9 et de r\u00e9sistance \u00e0 l'humidit\u00e9, ce qui le rend adapt\u00e9 \u00e0 l'environnement humide des salles de bains. Il est durable et facile \u00e0 nettoyer. <\/p>\n\n\n\n<p><strong>Correspondance des couleurs en profondeur<\/strong>: La teinte bleue du meuble principal rompt avec la monotonie des meubles de salle de bains traditionnels, insufflant une vitalit\u00e9 \u00e0 la mode dans l'espace et s'int\u00e9grant facilement dans les salles de bains modernes minimalistes, de luxe l\u00e9ger et d'autres styles.<\/p>\n\n\n\n<p><strong>Armoire de toilette pratique :<\/strong> Il est dot\u00e9 d'un \u00e9cran intelligent et d'autres fonctions qui rendent les t\u00e2ches telles que le lavage, le rangement et l'organisation du maquillage plus pratiques et plus efficaces.<\/p>\n\n\n\n<p><strong>Conception \u00e0 double bassin<\/strong>: Il offre deux bassins ind\u00e9pendants en c\u00e9ramique, ce qui permet \u00e0 plusieurs personnes de les utiliser en m\u00eame temps et d'am\u00e9liorer l'efficacit\u00e9.<\/p>\n<\/div>\n\n\n\n<div class=\"wp-block-column is-layout-flow wp-block-column-is-layout-flow\"><div class=\"wp-block-image\">\n<figure class=\"aligncenter size-full\"><img decoding=\"async\" width=\"700\" height=\"700\" src=\"https:\/\/www.shouyasanitary.com\/wp-content\/uploads\/2025\/07\/Custom-Bathroom-Cabinets-with-Mirror.webp\" alt=\"Armoires de salle de bain sur mesure avec miroir\" class=\"wp-image-1680\" style=\"object-fit:cover\" srcset=\"https:\/\/www.shouyasanitary.com\/wp-content\/uploads\/2025\/07\/Custom-Bathroom-Cabinets-with-Mirror.webp 700w, https:\/\/www.shouyasanitary.com\/wp-content\/uploads\/2025\/07\/Custom-Bathroom-Cabinets-with-Mirror-300x300.webp 300w, https:\/\/www.shouyasanitary.com\/wp-content\/uploads\/2025\/07\/Custom-Bathroom-Cabinets-with-Mirror-150x150.webp 150w, https:\/\/www.shouyasanitary.com\/wp-content\/uploads\/2025\/07\/Custom-Bathroom-Cabinets-with-Mirror-12x12.webp 12w, https:\/\/www.shouyasanitary.com\/wp-content\/uploads\/2025\/07\/Custom-Bathroom-Cabinets-with-Mirror-600x600.webp 600w, https:\/\/www.shouyasanitary.com\/wp-content\/uploads\/2025\/07\/Custom-Bathroom-Cabinets-with-Mirror-100x100.webp 100w\" sizes=\"(max-width: 700px) 100vw, 700px\" \/><\/figure>\n<\/div><\/div>\n<\/div>","protected":false},"excerpt":{"rendered":"<p>Vanit\u00e9 de salle de bain double \u00e9vier sur mesure, sch\u00e9ma de couleur bleu fonc\u00e9, avec son ton \u00e9l\u00e9gant et profond, combin\u00e9 avec un design moderne et simple, cr\u00e9e une atmosph\u00e8re de salle de bain stable et \u00e9l\u00e9gante, s'int\u00e9grant parfaitement dans n'importe quelle maison moderne ou espace commercial. Contactez-nous pour un devis et un catalogue de produits\uff01<\/p>\n<h2>Meuble-lavabo double sur mesure Attributs\uff1a<\/h2>\n<p><strong>Num\u00e9ro d'article : <\/strong>6070-140<strong><br \/>Mat\u00e9riau de l'armoire :<\/strong> PVC<br \/><strong>Couleur de l'armoire :<\/strong> Bleu fonc\u00e9<br \/><strong>Miroir :<\/strong> Miroir LED (3,5 mm\/3,8 mm), \u00e9clairage tricolore, d\u00e9sembuage par simple pression d'une touche, s\u00e9curis\u00e9 par un emballage en mousse multicouche.<br \/><strong>Type d'installation :<\/strong>\u00a0Montage mural<br \/><strong>Dimensions (L\u00d7L\u00d7H) :<\/strong> 140x50x45 cm<br \/><strong>Poids brut :<\/strong> 45kg\/set<\/p>\n<h2>Personnalisation et services :<\/h2>\n<p><strong>OEM ET ODM<\/strong>: Pris en charge<br \/><strong>Conception<\/strong>: Gratuit<br \/><strong>Accessoires<\/strong>: Lavabos, miroirs, robinets et autres accessoires de salle de bains<br \/><strong>Emballage<\/strong>: Pr\u00eat \u00e0 monter<\/p>","protected":false},"featured_media":1680,"comment_status":"closed","ping_status":"closed","template":"","meta":{"_acf_changed":false},"product_brand":[],"product_cat":[24],"product_tag":[],"class_list":{"0":"post-1679","1":"product","2":"type-product","3":"status-publish","4":"has-post-thumbnail","6":"product_cat-wholesale-pvc-bathroom-vanity-cabinets","8":"first","9":"instock","10":"shipping-taxable","11":"product-type-simple"},"acf":[],"_links":{"self":[{"href":"https:\/\/www.shouyasanitary.com\/fr\/wp-json\/wp\/v2\/product\/1679","targetHints":{"allow":["GET"]}}],"collection":[{"href":"https:\/\/www.shouyasanitary.com\/fr\/wp-json\/wp\/v2\/product"}],"about":[{"href":"https:\/\/www.shouyasanitary.com\/fr\/wp-json\/wp\/v2\/types\/product"}],"replies":[{"embeddable":true,"href":"https:\/\/www.shouyasanitary.com\/fr\/wp-json\/wp\/v2\/comments?post=1679"}],"wp:featuredmedia":[{"embeddable":true,"href":"https:\/\/www.shouyasanitary.com\/fr\/wp-json\/wp\/v2\/media\/1680"}],"wp:attachment":[{"href":"https:\/\/www.shouyasanitary.com\/fr\/wp-json\/wp\/v2\/media?parent=1679"}],"wp:term":[{"taxonomy":"product_brand","embeddable":true,"href":"https:\/\/www.shouyasanitary.com\/fr\/wp-json\/wp\/v2\/product_brand?post=1679"},{"taxonomy":"product_cat","embeddable":true,"href":"https:\/\/www.shouyasanitary.com\/fr\/wp-json\/wp\/v2\/product_cat?post=1679"},{"taxonomy":"product_tag","embeddable":true,"href":"https:\/\/www.shouyasanitary.com\/fr\/wp-json\/wp\/v2\/product_tag?post=1679"}],"curies":[{"name":"wp","href":"https:\/\/api.w.org\/{rel}","templated":true}]}}