{"id":1709,"date":"2025-08-15T06:52:53","date_gmt":"2025-08-15T06:52:53","guid":{"rendered":"https:\/\/www.shouyasanitary.com\/?post_type=product&#038;p=1709"},"modified":"2025-08-15T06:52:59","modified_gmt":"2025-08-15T06:52:59","slug":"wholesale-floating-bathroom-vanity","status":"publish","type":"product","link":"https:\/\/www.shouyasanitary.com\/fr\/produit\/wholesale-floating-bathroom-vanity\/","title":{"rendered":"Wholesale Floating Bathroom Vanity, Plywood Bathroom Cabinet Custom"},"content":{"rendered":"<div class=\"wp-block-columns is-layout-flex wp-container-core-columns-is-layout-9d6595d7 wp-block-columns-is-layout-flex\">\n<div class=\"wp-block-column is-layout-flow wp-block-column-is-layout-flow\">\n<h2 class=\"wp-block-heading\">Caract\u00e9ristiques du meuble-lavabo flottant\uff1a<\/h2>\n\n\n\n<p><strong>Kaki minimaliste<\/strong> <strong>Armoire de salle de bains :<\/strong> Ce mod\u00e8le kaki \u00e0 l'aspect bois pr\u00e9sente des lignes minimalistes et un design sans poign\u00e9e, cr\u00e9ant un look \u00e9l\u00e9gant et styl\u00e9 qui s'int\u00e8gre \u00e0 la d\u00e9coration int\u00e9rieure moderne.<\/p>\n\n\n\n<p><strong>Armoire de toilette LED de grande capacit\u00e9 : <\/strong>L'armoire est divis\u00e9e en deux sections, avec des \u00e9tag\u00e8res r\u00e9glables \u00e0 plusieurs niveaux. La conception ouverte permet un rangement pratique et une utilisation optimale de l'espace. Les LED et les commandes tactiles fournissent un \u00e9clairage suffisant pour une utilisation quotidienne.<\/p>\n\n\n\n<p><strong>Contreplaqu\u00e9 durable<\/strong> <strong>Mat\u00e9riau :<\/strong> Le contreplaqu\u00e9 a subi un traitement sp\u00e9cial qui lui conf\u00e8re d'excellentes performances en mati\u00e8re d'\u00e9tanch\u00e9it\u00e9, ce qui le rend adapt\u00e9 \u00e0 l'environnement humide des salles de bains et r\u00e9sistant \u00e0 la d\u00e9formation et \u00e0 la formation de moisissures.<\/p>\n\n\n\n<p><strong>S\u00fbr et sain :<\/strong> Fabriqu\u00e9 \u00e0 partir de mat\u00e9riaux respectueux de l'environnement, il \u00e9met peu de formald\u00e9hyde et n'est pas nocif pour le corps humain ; son utilisation est s\u00fbre et fiable.<\/p>\n\n\n\n<p><strong>Structure stable<\/strong>: Il peut supporter diff\u00e9rents poids lors d'une utilisation quotidienne, ce qui garantit une durabilit\u00e9 \u00e0 long terme.<\/p>\n\n\n\n<p><strong>Prise en charge de l'approvisionnement en vrac et de la personnalisation :<\/strong> La taille, la couleur, la fonction, etc. peuvent \u00eatre personnalis\u00e9es en fonction des besoins des clients afin de r\u00e9pondre avec souplesse aux diff\u00e9rentes demandes du march\u00e9.<\/p>\n<\/div>\n\n\n\n<div class=\"wp-block-column is-layout-flow wp-block-column-is-layout-flow\"><div class=\"wp-block-image\">\n<figure class=\"aligncenter size-full\"><img decoding=\"async\" width=\"700\" height=\"700\" src=\"https:\/\/www.shouyasanitary.com\/wp-content\/uploads\/2025\/08\/Wholesale-of-Bathroom-Cabinet_1.webp\" alt=\"Vente en gros d&#039;armoires de toilette_1\" class=\"wp-image-1722\" style=\"object-fit:cover\" srcset=\"https:\/\/www.shouyasanitary.com\/wp-content\/uploads\/2025\/08\/Wholesale-of-Bathroom-Cabinet_1.webp 700w, https:\/\/www.shouyasanitary.com\/wp-content\/uploads\/2025\/08\/Wholesale-of-Bathroom-Cabinet_1-300x300.webp 300w, https:\/\/www.shouyasanitary.com\/wp-content\/uploads\/2025\/08\/Wholesale-of-Bathroom-Cabinet_1-150x150.webp 150w, https:\/\/www.shouyasanitary.com\/wp-content\/uploads\/2025\/08\/Wholesale-of-Bathroom-Cabinet_1-12x12.webp 12w, https:\/\/www.shouyasanitary.com\/wp-content\/uploads\/2025\/08\/Wholesale-of-Bathroom-Cabinet_1-600x600.webp 600w, https:\/\/www.shouyasanitary.com\/wp-content\/uploads\/2025\/08\/Wholesale-of-Bathroom-Cabinet_1-100x100.webp 100w\" sizes=\"(max-width: 700px) 100vw, 700px\" \/><\/figure>\n<\/div><\/div>\n<\/div>","protected":false},"excerpt":{"rendered":"<p>Vente en gros d'armoires de salle de bain flottantes, comprenant des armoires de miroir de salle de bain LED. Ces designs minimalistes, sans poign\u00e9es, sont d'\u00e9l\u00e9gants meubles-lavabos kaki. Fabriqu\u00e9 en direct par Shouya, nous offrons des options de personnalisation avec des prix comp\u00e9titifs et une livraison fiable. Contactez-nous pour un devis et une proposition.<\/p>\n<h2>Vanit\u00e9 de salle de bain flottante Attributs\uff1a<\/h2>\n<p><strong>Num\u00e9ro d'article<\/strong>: 7033-100<br \/><strong>Mat\u00e9riau de l'armoire :<\/strong>\u00a0Contreplaqu\u00e9<br \/><strong>Couleur de l'armoire : <\/strong>Kaki<br \/><strong>Miroir :<\/strong> Miroir LED (3,5 mm\/3,8 mm), \u00e9clairage tricolore, d\u00e9sembuage par simple pression d'une touche, s\u00e9curis\u00e9 par un emballage en mousse multicouche.<br \/><strong>Type d'installation :<\/strong>\u00a0Montage mural<br \/><strong>Dimensions (L\u00d7L\u00d7H) :<\/strong> 100x50x48 cm<br \/><strong>Poids brut :<\/strong> 38 kg\/set<\/p>\n<h2>Personnalisation et services :<\/h2>\n<p><strong>OEM ET ODM<\/strong>: Pris en charge<br \/><strong>Conception<\/strong>: Gratuit<br \/><strong>Accessoires<\/strong>: Lavabos, miroirs, robinets et autres accessoires de salle de bains<br \/><strong>Emballage<\/strong>: Pr\u00eat \u00e0 monter<\/p>","protected":false},"featured_media":1722,"comment_status":"closed","ping_status":"closed","template":"","meta":{"_acf_changed":false},"product_brand":[],"product_cat":[20],"product_tag":[],"class_list":{"0":"post-1709","1":"product","2":"type-product","3":"status-publish","4":"has-post-thumbnail","6":"product_cat-wholesale-plywood-bathroom-vanity-cabinets","8":"first","9":"instock","10":"shipping-taxable","11":"product-type-simple"},"acf":[],"_links":{"self":[{"href":"https:\/\/www.shouyasanitary.com\/fr\/wp-json\/wp\/v2\/product\/1709","targetHints":{"allow":["GET"]}}],"collection":[{"href":"https:\/\/www.shouyasanitary.com\/fr\/wp-json\/wp\/v2\/product"}],"about":[{"href":"https:\/\/www.shouyasanitary.com\/fr\/wp-json\/wp\/v2\/types\/product"}],"replies":[{"embeddable":true,"href":"https:\/\/www.shouyasanitary.com\/fr\/wp-json\/wp\/v2\/comments?post=1709"}],"wp:featuredmedia":[{"embeddable":true,"href":"https:\/\/www.shouyasanitary.com\/fr\/wp-json\/wp\/v2\/media\/1722"}],"wp:attachment":[{"href":"https:\/\/www.shouyasanitary.com\/fr\/wp-json\/wp\/v2\/media?parent=1709"}],"wp:term":[{"taxonomy":"product_brand","embeddable":true,"href":"https:\/\/www.shouyasanitary.com\/fr\/wp-json\/wp\/v2\/product_brand?post=1709"},{"taxonomy":"product_cat","embeddable":true,"href":"https:\/\/www.shouyasanitary.com\/fr\/wp-json\/wp\/v2\/product_cat?post=1709"},{"taxonomy":"product_tag","embeddable":true,"href":"https:\/\/www.shouyasanitary.com\/fr\/wp-json\/wp\/v2\/product_tag?post=1709"}],"curies":[{"name":"wp","href":"https:\/\/api.w.org\/{rel}","templated":true}]}}