{"id":1710,"date":"2025-08-15T07:36:17","date_gmt":"2025-08-15T07:36:17","guid":{"rendered":"https:\/\/www.shouyasanitary.com\/?post_type=product&#038;p=1710"},"modified":"2025-08-15T07:36:25","modified_gmt":"2025-08-15T07:36:25","slug":"custom-wall-mount-bathroom-vanity","status":"publish","type":"product","link":"https:\/\/www.shouyasanitary.com\/fr\/produit\/custom-wall-mount-bathroom-vanity\/","title":{"rendered":"Meuble de salle de bain \u00e0 montage mural sur mesure, grande armoire de toilette moderne en contreplaqu\u00e9 Wholesale"},"content":{"rendered":"<div class=\"wp-block-columns is-layout-flex wp-container-core-columns-is-layout-9d6595d7 wp-block-columns-is-layout-flex\">\n<div class=\"wp-block-column is-layout-flow wp-block-column-is-layout-flow\">\n<h2 class=\"wp-block-heading\">Vanit\u00e9 de salle de bain \u00e0 montage mural Caract\u00e9ristiques :<\/h2>\n\n\n\n<p><strong>Utilisation efficace de l'espace<\/strong>: Le c\u00f4t\u00e9 gauche de l'armoire principale est dot\u00e9 d'un tiroir qui permet un glissement en douceur et convient au rangement de petits objets tels que les bijoux et les cotons-tiges. Les articles sont class\u00e9s par cat\u00e9gories pour \u00e9viter le d\u00e9sordre et faciliter leur r\u00e9cup\u00e9ration. Le c\u00f4t\u00e9 droit est dot\u00e9 d'\u00e9tag\u00e8res, offrant un espace suffisant pour ranger les bouteilles, les canettes ou les serviettes de rechange de grande taille. Cette conception permet de voir et d'acc\u00e9der facilement aux articles, ce qui am\u00e9liore l'utilisation de l'espace.<\/p>\n\n\n\n<p><strong>Protection de l'environnement et sant\u00e9<\/strong>: Choisissez un contreplaqu\u00e9 \u00e9cologique \u00e0 faible \u00e9mission de formald\u00e9hyde, conforme aux normes environnementales nationales, garantissant la sant\u00e9 de votre famille et la tranquillit\u00e9 d'esprit pendant l'utilisation. <\/p>\n\n\n\n<p><strong>Des mat\u00e9riaux rentables<\/strong>: Compar\u00e9 au bois massif et \u00e0 d'autres mat\u00e9riaux, le contreplaqu\u00e9 est plus abordable et plus rentable, r\u00e9pondant ainsi aux besoins du march\u00e9 de la consommation g\u00e9n\u00e9rale.<\/p>\n\n\n\n<p><strong>Poign\u00e9e ergonomique<\/strong>: Les tiroirs et les portes des armoires s'ouvrent et se ferment en douceur, ce qui les rend faciles \u00e0 utiliser ; les \u00e9tag\u00e8res sont \u00e0 une hauteur mod\u00e9r\u00e9e, ce qui permet d'acc\u00e9der sans effort aux articles stock\u00e9s. <\/p>\n\n\n\n<p><strong>Design minimaliste et tendance<\/strong>Il s'agit d'un mod\u00e8le polyvalent. Le style g\u00e9n\u00e9ral est simple et \u00e9l\u00e9gant, avec des lignes \u00e9pur\u00e9es et des couleurs fra\u00eeches. Il s'int\u00e8gre parfaitement dans les diff\u00e9rents styles de d\u00e9coration de la salle de bains, am\u00e9liorant ainsi l'esth\u00e9tique de l'espace. <\/p>\n\n\n\n<p><strong>Traitement fin<\/strong>: Le traitement de surface est m\u00e9ticuleux, offrant une sensation de douceur. Les d\u00e9tails t\u00e9moignent de la qualit\u00e9, ajoutant une touche d'\u00e9l\u00e9gance et de sophistication \u00e0 la salle de bains.<\/p>\n\n\n\n<p><strong>Fourniture directe \u00e0 l'usine<\/strong>: L'usine Shouya fabrique des produits, ce qui r\u00e9duit le nombre d'interm\u00e9diaires et rend les prix plus comp\u00e9titifs. Nous prenons en charge la personnalisation des lots pour r\u00e9pondre aux besoins des diff\u00e9rents projets.<\/p>\n<\/div>\n\n\n\n<div class=\"wp-block-column is-layout-flow wp-block-column-is-layout-flow\"><div class=\"wp-block-image\">\n<figure class=\"aligncenter size-full\"><img decoding=\"async\" width=\"700\" height=\"700\" src=\"https:\/\/www.shouyasanitary.com\/wp-content\/uploads\/2025\/08\/Bulk-Purchases-Batnroom-Vanity-Cabinet.webp\" alt=\"Achats en vrac Meuble de salle de bain\" class=\"wp-image-1719\" style=\"object-fit:cover\" srcset=\"https:\/\/www.shouyasanitary.com\/wp-content\/uploads\/2025\/08\/Bulk-Purchases-Batnroom-Vanity-Cabinet.webp 700w, https:\/\/www.shouyasanitary.com\/wp-content\/uploads\/2025\/08\/Bulk-Purchases-Batnroom-Vanity-Cabinet-300x300.webp 300w, https:\/\/www.shouyasanitary.com\/wp-content\/uploads\/2025\/08\/Bulk-Purchases-Batnroom-Vanity-Cabinet-150x150.webp 150w, https:\/\/www.shouyasanitary.com\/wp-content\/uploads\/2025\/08\/Bulk-Purchases-Batnroom-Vanity-Cabinet-12x12.webp 12w, https:\/\/www.shouyasanitary.com\/wp-content\/uploads\/2025\/08\/Bulk-Purchases-Batnroom-Vanity-Cabinet-600x600.webp 600w, https:\/\/www.shouyasanitary.com\/wp-content\/uploads\/2025\/08\/Bulk-Purchases-Batnroom-Vanity-Cabinet-100x100.webp 100w\" sizes=\"(max-width: 700px) 100vw, 700px\" \/><\/figure>\n<\/div><\/div>\n<\/div>","protected":false},"excerpt":{"rendered":"<p>La vanit\u00e9 de salle de bain \u00e0 montage mural personnalis\u00e9e, les dispositions flexibles des cloisons et le contreplaqu\u00e9 \u00e9cologique sont r\u00e9sistants \u00e0 l'humidit\u00e9, durables et polyvalents, ce qui en fait le choix id\u00e9al pour cr\u00e9er un espace de salle de bain confortable et fonctionnel. N'h\u00e9sitez pas \u00e0 nous contacter pour obtenir un devis et un catalogue de produits !<\/p>\n<h2>Meuble de salle de bain \u00e0 montage mural Attributs\uff1a<\/h2>\n<p><strong>Num\u00e9ro d'article :<\/strong>7032-120<strong><br \/>Mat\u00e9riau de l'armoire :<\/strong> Contreplaqu\u00e9<br \/><strong>Couleur de l'armoire : <\/strong> Kaki<br \/><strong>Miroir :<\/strong>\u00a0Miroir LED (3,5 mm \/ 3,8 mm), \u00e9clairage tricolore, d\u00e9sembuage par simple pression d'une touche, s\u00e9curis\u00e9 par un emballage en mousse multicouche<br \/><strong>Type d'installation :<\/strong>\u00a0Montage mural<br \/><strong>Dimensions (L \u00d7 L \u00d7 H) :<\/strong> 120 x 50 x 50 cm<br \/><strong>Poids brut :<\/strong> 45 kg\/set<\/p>\n<h2>Personnalisation et services :<\/h2>\n<p><strong>OEM ET ODM<\/strong>: Pris en charge<br \/><strong>Conception<\/strong>: Gratuit<br \/><strong>Accessoires<\/strong>: Lavabos, miroirs, robinets et autres accessoires de salle de bains<br \/><strong>Emballage<\/strong>: Pr\u00eat \u00e0 monter<\/p>","protected":false},"featured_media":1719,"comment_status":"closed","ping_status":"closed","template":"","meta":{"_acf_changed":false},"product_brand":[],"product_cat":[20],"product_tag":[],"class_list":{"0":"post-1710","1":"product","2":"type-product","3":"status-publish","4":"has-post-thumbnail","6":"product_cat-wholesale-plywood-bathroom-vanity-cabinets","8":"first","9":"instock","10":"shipping-taxable","11":"product-type-simple"},"acf":[],"_links":{"self":[{"href":"https:\/\/www.shouyasanitary.com\/fr\/wp-json\/wp\/v2\/product\/1710","targetHints":{"allow":["GET"]}}],"collection":[{"href":"https:\/\/www.shouyasanitary.com\/fr\/wp-json\/wp\/v2\/product"}],"about":[{"href":"https:\/\/www.shouyasanitary.com\/fr\/wp-json\/wp\/v2\/types\/product"}],"replies":[{"embeddable":true,"href":"https:\/\/www.shouyasanitary.com\/fr\/wp-json\/wp\/v2\/comments?post=1710"}],"wp:featuredmedia":[{"embeddable":true,"href":"https:\/\/www.shouyasanitary.com\/fr\/wp-json\/wp\/v2\/media\/1719"}],"wp:attachment":[{"href":"https:\/\/www.shouyasanitary.com\/fr\/wp-json\/wp\/v2\/media?parent=1710"}],"wp:term":[{"taxonomy":"product_brand","embeddable":true,"href":"https:\/\/www.shouyasanitary.com\/fr\/wp-json\/wp\/v2\/product_brand?post=1710"},{"taxonomy":"product_cat","embeddable":true,"href":"https:\/\/www.shouyasanitary.com\/fr\/wp-json\/wp\/v2\/product_cat?post=1710"},{"taxonomy":"product_tag","embeddable":true,"href":"https:\/\/www.shouyasanitary.com\/fr\/wp-json\/wp\/v2\/product_tag?post=1710"}],"curies":[{"name":"wp","href":"https:\/\/api.w.org\/{rel}","templated":true}]}}