{"id":1711,"date":"2025-08-15T07:36:53","date_gmt":"2025-08-15T07:36:53","guid":{"rendered":"https:\/\/www.shouyasanitary.com\/?post_type=product&#038;p=1711"},"modified":"2025-08-15T07:42:15","modified_gmt":"2025-08-15T07:42:15","slug":"custom-modern-bathroom-vanity","status":"publish","type":"product","link":"https:\/\/www.shouyasanitary.com\/fr\/produit\/custom-modern-bathroom-vanity\/","title":{"rendered":"Meuble de salle de bain moderne sur mesure, Factory Wall Mounted Bathroom Cabinet Khaki"},"content":{"rendered":"<div class=\"wp-block-columns is-layout-flex wp-container-core-columns-is-layout-9d6595d7 wp-block-columns-is-layout-flex\">\n<div class=\"wp-block-column is-layout-flow wp-block-column-is-layout-flow\">\n<h2 class=\"wp-block-heading\">Vanit\u00e9 de salle de bain moderne Caract\u00e9ristiques :<\/h2>\n\n\n\n<p><strong>Disposition de la partition gauche-droite<\/strong>: \u00c0 gauche, un meuble \u00e0 miroir avec une porte, qui permet d'utiliser clairement le meuble de toilette lorsqu'il est ferm\u00e9 et de ranger divers petits objets lorsqu'il est ouvert, prot\u00e9geant ainsi l'intimit\u00e9 et \u00e9vitant la poussi\u00e8re. \u00c0 droite, une \u00e9tag\u00e8re ouverte \u00e0 trois bacs permet de ranger les articles de toilette et les flacons les plus courants pour un acc\u00e8s facile. Cette conception utilise l'espace vertical pour augmenter le stockage, tout en gardant les plans de travail bien rang\u00e9s. <\/p>\n\n\n\n<p><strong>La partie sup\u00e9rieure est \u00e9quip\u00e9e d'une bande lumineuse<\/strong>: Il fournit un \u00e9clairage suppl\u00e9mentaire, am\u00e9liorant les conditions d'\u00e9clairage pour l'utilisation de la vanit\u00e9 et cr\u00e9ant une atmosph\u00e8re confortable.<\/p>\n\n\n\n<p><strong>Structure de l'armoire<\/strong>: L'armoire principale est dot\u00e9e d'une double porte et d'un espace int\u00e9rieur soign\u00e9, permettant de ranger par cat\u00e9gorie les articles de grande taille tels que les serviettes de bain et les produits d'entretien, r\u00e9pondant ainsi \u00e0 divers besoins de rangement dans la salle de bains. <\/p>\n\n\n\n<p><strong>Poign\u00e9es simples :<\/strong> Il s'ouvre et se ferme en douceur, et son aspect minimaliste s'int\u00e8gre \u00e0 diff\u00e9rents styles de d\u00e9coration, ce qui permet de conserver une salle de bains propre et esth\u00e9tique.<\/p>\n\n\n\n<p><strong>Mat\u00e9riau imperm\u00e9able<\/strong>: Le corps de l'armoire est fabriqu\u00e9 en contreplaqu\u00e9, qui poss\u00e8de d'excellentes propri\u00e9t\u00e9s d'\u00e9tanch\u00e9it\u00e9 et de r\u00e9sistance \u00e0 l'humidit\u00e9. Il r\u00e9siste \u00e0 la d\u00e9formation et au d\u00e9veloppement de moisissures dans l'environnement humide de la salle de bains, ce qui garantit sa stabilit\u00e9 et sa durabilit\u00e9. <\/p>\n\n\n\n<p><strong>Bassin en c\u00e9ramique :<\/strong> Le plan de travail et le bassin sont int\u00e9gralement moul\u00e9s, ce qui permet d'obtenir une surface lisse facile \u00e0 nettoyer. Les taches d'eau et de salet\u00e9 peuvent \u00eatre facilement essuy\u00e9es, ce qui r\u00e9duit les zones mortes et facilite l'entretien quotidien. <\/p>\n\n\n\n<p><strong>Design flottant :<\/strong> L'ensemble de l'installation suspendue \u00e9limine toute zone morte de nettoyage en dessous, permettant aux robots de nettoyage de naviguer librement et facilitant un nettoyage efficace du sol de la salle de bains.<\/p>\n<\/div>\n\n\n\n<div class=\"wp-block-column is-layout-flow wp-block-column-is-layout-flow\"><div class=\"wp-block-image\">\n<figure class=\"aligncenter size-full\"><img decoding=\"async\" width=\"700\" height=\"700\" src=\"https:\/\/www.shouyasanitary.com\/wp-content\/uploads\/2025\/08\/Wholesale-of-Bathroom-Cabinet.webp\" alt=\"Vente en gros d&#039;armoires de toilette\" class=\"wp-image-1716\" style=\"object-fit:cover\" srcset=\"https:\/\/www.shouyasanitary.com\/wp-content\/uploads\/2025\/08\/Wholesale-of-Bathroom-Cabinet.webp 700w, https:\/\/www.shouyasanitary.com\/wp-content\/uploads\/2025\/08\/Wholesale-of-Bathroom-Cabinet-300x300.webp 300w, https:\/\/www.shouyasanitary.com\/wp-content\/uploads\/2025\/08\/Wholesale-of-Bathroom-Cabinet-150x150.webp 150w, https:\/\/www.shouyasanitary.com\/wp-content\/uploads\/2025\/08\/Wholesale-of-Bathroom-Cabinet-12x12.webp 12w, https:\/\/www.shouyasanitary.com\/wp-content\/uploads\/2025\/08\/Wholesale-of-Bathroom-Cabinet-600x600.webp 600w, https:\/\/www.shouyasanitary.com\/wp-content\/uploads\/2025\/08\/Wholesale-of-Bathroom-Cabinet-100x100.webp 100w\" sizes=\"(max-width: 700px) 100vw, 700px\" \/><\/figure>\n<\/div><\/div>\n<\/div>","protected":false},"excerpt":{"rendered":"<p>Les cloisons de gauche et de droite comportent des armoires \u00e0 miroir et des \u00e9tag\u00e8res ouvertes pour r\u00e9pondre \u00e0 divers besoins de rangement. Le mat\u00e9riau en contreplaqu\u00e9 et la conception de la suspension sont r\u00e9sistants \u00e0 l'humidit\u00e9 et faciles \u00e0 nettoyer. Nous stockons \u00e9galement des commandes semi-personnalis\u00e9es en vrac. Contactez-nous pour un catalogue de produits !<\/p>\n<h2>Attributs du meuble-lavabo moderne\uff1a<\/h2>\n<p><strong>Num\u00e9ro d'article<\/strong>: 7031-80<br \/><strong>Mat\u00e9riau de l'armoire<\/strong>: Contreplaqu\u00e9<br \/><strong>Couleur de l'armoire<\/strong>: Kaki<br \/><strong>Miroir<\/strong>: Miroir LED (3,5mm \/ 3,8mm), \u00e9clairage tricolore, d\u00e9sembuage par simple pression d'une touche, s\u00e9curis\u00e9 par un emballage en mousse multicouche. <br \/><strong>Type d'installation<\/strong>: Montage mural <br \/><strong>Dimensions (L \u00d7 L \u00d7 H)<\/strong>: 80 x 48 x 52 cm<br \/><strong>Poids brut<\/strong>: 35kg\/set<\/p>\n<h2>Personnalisation et services :<\/h2>\n<p><strong>OEM ET ODM<\/strong>: Pris en charge<br \/><strong>Conception<\/strong>: Gratuit<br \/><strong>Accessoires<\/strong>: Lavabos, miroirs, robinets et autres accessoires de salle de bains<br \/><strong>Emballage<\/strong>: Pr\u00eat \u00e0 monter<\/p>","protected":false},"featured_media":1716,"comment_status":"closed","ping_status":"closed","template":"","meta":{"_acf_changed":true},"product_brand":[],"product_cat":[20],"product_tag":[],"class_list":{"0":"post-1711","1":"product","2":"type-product","3":"status-publish","4":"has-post-thumbnail","6":"product_cat-wholesale-plywood-bathroom-vanity-cabinets","8":"first","9":"instock","10":"shipping-taxable","11":"product-type-simple"},"acf":[],"_links":{"self":[{"href":"https:\/\/www.shouyasanitary.com\/fr\/wp-json\/wp\/v2\/product\/1711","targetHints":{"allow":["GET"]}}],"collection":[{"href":"https:\/\/www.shouyasanitary.com\/fr\/wp-json\/wp\/v2\/product"}],"about":[{"href":"https:\/\/www.shouyasanitary.com\/fr\/wp-json\/wp\/v2\/types\/product"}],"replies":[{"embeddable":true,"href":"https:\/\/www.shouyasanitary.com\/fr\/wp-json\/wp\/v2\/comments?post=1711"}],"wp:featuredmedia":[{"embeddable":true,"href":"https:\/\/www.shouyasanitary.com\/fr\/wp-json\/wp\/v2\/media\/1716"}],"wp:attachment":[{"href":"https:\/\/www.shouyasanitary.com\/fr\/wp-json\/wp\/v2\/media?parent=1711"}],"wp:term":[{"taxonomy":"product_brand","embeddable":true,"href":"https:\/\/www.shouyasanitary.com\/fr\/wp-json\/wp\/v2\/product_brand?post=1711"},{"taxonomy":"product_cat","embeddable":true,"href":"https:\/\/www.shouyasanitary.com\/fr\/wp-json\/wp\/v2\/product_cat?post=1711"},{"taxonomy":"product_tag","embeddable":true,"href":"https:\/\/www.shouyasanitary.com\/fr\/wp-json\/wp\/v2\/product_tag?post=1711"}],"curies":[{"name":"wp","href":"https:\/\/api.w.org\/{rel}","templated":true}]}}