{"id":1712,"date":"2025-08-15T07:41:58","date_gmt":"2025-08-15T07:41:58","guid":{"rendered":"https:\/\/www.shouyasanitary.com\/?post_type=product&#038;p=1712"},"modified":"2025-08-15T07:42:05","modified_gmt":"2025-08-15T07:42:05","slug":"custom-bathroom-mirror-vanity","status":"publish","type":"product","link":"https:\/\/www.shouyasanitary.com\/fr\/produit\/custom-bathroom-mirror-vanity\/","title":{"rendered":"Meuble de salle de bain avec miroir, Meuble de salle de bain moderne en contreplaqu\u00e9 blanc pour h\u00f4tel en vrac"},"content":{"rendered":"<div class=\"wp-block-columns is-layout-flex wp-container-core-columns-is-layout-9d6595d7 wp-block-columns-is-layout-flex\">\n<div class=\"wp-block-column is-layout-flow wp-block-column-is-layout-flow\">\n<h2 class=\"wp-block-heading\">Miroir de salle de bains Caract\u00e9ristiques\uff1a<\/h2>\n\n\n\n<p><strong>Miroir lumineux rond<\/strong>: \u00c9quip\u00e9 d'un miroir intelligent rond, entour\u00e9 d'un \u00e9clairage doux sur les bords, il am\u00e9liore non seulement l'exp\u00e9rience de la toilette et de l'\u00e9clairage, mais ajoute \u00e9galement une atmosph\u00e8re \u00e0 la mode \u00e0 l'espace, s'adaptant \u00e0 diff\u00e9rents styles de d\u00e9coration.<\/p>\n\n\n\n<p><strong>Meuble de salle de bains \u00e9l\u00e9gant<\/strong>: Le corps principal est essentiellement blanc, avec un design \u00e0 double tiroir et des lignes douces et simples. Visuellement, il est minimaliste et \u00e9l\u00e9gant, s'int\u00e9grant facilement dans les diff\u00e9rents espaces de la salle de bains et cr\u00e9ant une sensation de propret\u00e9 et de fra\u00eecheur.<\/p>\n\n\n\n<p><strong>Mat\u00e9riau en contreplaqu\u00e9 de haute qualit\u00e9 : <\/strong>Le contreplaqu\u00e9 s\u00e9lectionn\u00e9 pr\u00e9sente une excellente stabilit\u00e9 structurelle, r\u00e9sistant \u00e0 la d\u00e9formation et \u00e0 la fissuration. Il conserve de bonnes propri\u00e9t\u00e9s physiques, m\u00eame dans l'environnement humide d'une salle de bains, ce qui garantit une utilisation \u00e0 long terme. <\/p>\n\n\n\n<p><strong>Lavabo int\u00e9gr\u00e9 en c\u00e9ramique<\/strong>La surface est lisse et facile \u00e0 nettoyer. Les taches d'eau et de salet\u00e9 adh\u00e8rent difficilement \u00e0 sa surface. En outre, le mat\u00e9riau c\u00e9ramique est durable, r\u00e9sistant aux taches et aux bact\u00e9ries, ce qui am\u00e9liore la commodit\u00e9 et l'hygi\u00e8ne dans l'utilisation quotidienne.<\/p>\n\n\n\n<p><strong>Rangement multifonctionnel<\/strong>: Les deux tiroirs offrent un espace de rangement \u00e9chelonn\u00e9, permettant de ranger par cat\u00e9gorie les articles de toilette, les produits de soin de la peau, etc. Associ\u00e9 aux \u00e9tag\u00e8res ouvertes mont\u00e9es sur les c\u00f4t\u00e9s (visibles sur l'image), ce meuble r\u00e9pond \u00e0 diff\u00e9rents besoins de rangement et permet de placer les objets de la salle de bains de mani\u00e8re ordonn\u00e9e. <\/p>\n\n\n\n<p><strong>Design flottant<\/strong>: La conception du meuble suspendu r\u00e9duit les zones mortes au sol, ce qui facilite le nettoyage quotidien, tout en renfor\u00e7ant la transparence de l'espace, en rendant la salle de bains moins exigu\u00eb et en s'adaptant bien aux appartements de petite taille.<\/p>\n<\/div>\n\n\n\n<div class=\"wp-block-column is-layout-flow wp-block-column-is-layout-flow\"><div class=\"wp-block-image\">\n<figure class=\"aligncenter size-full\"><img decoding=\"async\" width=\"700\" height=\"700\" src=\"https:\/\/www.shouyasanitary.com\/wp-content\/uploads\/2025\/08\/Wholesale-Bathroom-Vanity-Cabinet.webp\" alt=\"Wholesale Bathroom Vanity Cabinet\" class=\"wp-image-1713\" style=\"object-fit:cover\" srcset=\"https:\/\/www.shouyasanitary.com\/wp-content\/uploads\/2025\/08\/Wholesale-Bathroom-Vanity-Cabinet.webp 700w, https:\/\/www.shouyasanitary.com\/wp-content\/uploads\/2025\/08\/Wholesale-Bathroom-Vanity-Cabinet-300x300.webp 300w, https:\/\/www.shouyasanitary.com\/wp-content\/uploads\/2025\/08\/Wholesale-Bathroom-Vanity-Cabinet-150x150.webp 150w, https:\/\/www.shouyasanitary.com\/wp-content\/uploads\/2025\/08\/Wholesale-Bathroom-Vanity-Cabinet-12x12.webp 12w, https:\/\/www.shouyasanitary.com\/wp-content\/uploads\/2025\/08\/Wholesale-Bathroom-Vanity-Cabinet-600x600.webp 600w, https:\/\/www.shouyasanitary.com\/wp-content\/uploads\/2025\/08\/Wholesale-Bathroom-Vanity-Cabinet-100x100.webp 100w\" sizes=\"(max-width: 700px) 100vw, 700px\" \/><\/figure>\n<\/div><\/div>\n<\/div>","protected":false},"excerpt":{"rendered":"<p>Le meuble de salle de bain avec miroir sur mesure pr\u00e9sente un \u00e9l\u00e9gant design minimaliste blanc avec un miroir rond \u00e0 LED et une vasque en c\u00e9ramique. Ses dimensions g\u00e9n\u00e9reuses lui permettent de s'int\u00e9grer parfaitement dans n'importe quel d\u00e9cor. Shouya propose un service OEM\/ODM. N'h\u00e9sitez pas \u00e0 nous contacter pour obtenir un devis !<\/p>\n<h2>Miroir de salle de bain Vanity Attributes\uff1a<\/h2>\n<p><strong>Num\u00e9ro d'article<\/strong>: 6050-100w<br \/><strong>Mat\u00e9riau de l'armoire :<\/strong>\u00a0Contreplaqu\u00e9<br \/><strong>Couleur de l'armoire : <\/strong>Blanc<br \/><strong>Miroir :<\/strong> Miroir LED (3,5 mm\/3,8 mm), \u00e9clairage tricolore, d\u00e9sembuage par simple pression d'une touche, s\u00e9curis\u00e9 par un emballage en mousse multicouche.<br \/><strong>Type d'installation :<\/strong>\u00a0Montage mural<br \/><strong>Dimensions (L\u00d7L\u00d7H) :<\/strong> 100x50x47 cm<br \/><strong>Poids brut :<\/strong> 38 kg\/set<\/p>\n<h2>Personnalisation et services :<\/h2>\n<p><strong>OEM ET ODM<\/strong>: Pris en charge<br \/><strong>Conception<\/strong>: Gratuit<br \/><strong>Accessoires<\/strong>: Lavabos, miroirs, robinets et autres accessoires de salle de bains<br \/><strong>Emballage<\/strong>: Pr\u00eat \u00e0 monter<\/p>","protected":false},"featured_media":1713,"comment_status":"closed","ping_status":"closed","template":"","meta":{"_acf_changed":true},"product_brand":[],"product_cat":[20],"product_tag":[],"class_list":{"0":"post-1712","1":"product","2":"type-product","3":"status-publish","4":"has-post-thumbnail","6":"product_cat-wholesale-plywood-bathroom-vanity-cabinets","8":"first","9":"instock","10":"shipping-taxable","11":"product-type-simple"},"acf":[],"_links":{"self":[{"href":"https:\/\/www.shouyasanitary.com\/fr\/wp-json\/wp\/v2\/product\/1712","targetHints":{"allow":["GET"]}}],"collection":[{"href":"https:\/\/www.shouyasanitary.com\/fr\/wp-json\/wp\/v2\/product"}],"about":[{"href":"https:\/\/www.shouyasanitary.com\/fr\/wp-json\/wp\/v2\/types\/product"}],"replies":[{"embeddable":true,"href":"https:\/\/www.shouyasanitary.com\/fr\/wp-json\/wp\/v2\/comments?post=1712"}],"wp:featuredmedia":[{"embeddable":true,"href":"https:\/\/www.shouyasanitary.com\/fr\/wp-json\/wp\/v2\/media\/1713"}],"wp:attachment":[{"href":"https:\/\/www.shouyasanitary.com\/fr\/wp-json\/wp\/v2\/media?parent=1712"}],"wp:term":[{"taxonomy":"product_brand","embeddable":true,"href":"https:\/\/www.shouyasanitary.com\/fr\/wp-json\/wp\/v2\/product_brand?post=1712"},{"taxonomy":"product_cat","embeddable":true,"href":"https:\/\/www.shouyasanitary.com\/fr\/wp-json\/wp\/v2\/product_cat?post=1712"},{"taxonomy":"product_tag","embeddable":true,"href":"https:\/\/www.shouyasanitary.com\/fr\/wp-json\/wp\/v2\/product_tag?post=1712"}],"curies":[{"name":"wp","href":"https:\/\/api.w.org\/{rel}","templated":true}]}}