{"id":1726,"date":"2025-08-15T07:32:26","date_gmt":"2025-08-15T07:32:26","guid":{"rendered":"https:\/\/www.shouyasanitary.com\/?post_type=product&#038;p=1726"},"modified":"2025-08-15T07:32:33","modified_gmt":"2025-08-15T07:32:33","slug":"wholesale-vanity-cabinets-bathroom","status":"publish","type":"product","link":"https:\/\/www.shouyasanitary.com\/fr\/produit\/wholesale-vanity-cabinets-bathroom\/","title":{"rendered":"Wholesale Vanity Cabinets Bathroom, Engineering Procurement Preferred Bathroom Vanity Supplier"},"content":{"rendered":"<div class=\"wp-block-columns is-layout-flex wp-container-core-columns-is-layout-9d6595d7 wp-block-columns-is-layout-flex\">\n<div class=\"wp-block-column is-layout-flow wp-block-column-is-layout-flow\">\n<h2 class=\"wp-block-heading\">Armoires-lavabos Caract\u00e9ristiques de la salle de bains\uff1a<\/h2>\n\n\n\n<p><strong>Forte compatibilit\u00e9 de taille :<\/strong> La sp\u00e9cification de 80 cm permet une adaptation flexible aux diff\u00e9rents espaces de la salle de bains. Qu'il s'agisse d'un petit espace compact ou d'un espace r\u00e9gulier, il permet d'utiliser efficacement la surface murale et d'\u00e9viter le gaspillage d'espace.<\/p>\n\n\n\n<p><strong>Mat\u00e9riau pratique et durable :<\/strong> Le corps de l'armoire est en contreplaqu\u00e9, ce qui lui conf\u00e8re une certaine portance et stabilit\u00e9, ainsi qu'un rapport co\u00fbt\/performance \u00e9lev\u00e9, ce qui le rend adapt\u00e9 \u00e0 la consommation de masse.<\/p>\n\n\n\n<p><strong>Armoire de toilette LED int\u00e9gr\u00e9e<\/strong>: Elle fournit non seulement un \u00e9clairage clair pour faciliter le lavage, la toilette, etc., mais peut \u00e9galement \u00eatre utilis\u00e9e pour ranger les articles de toilette \u00e0 l'int\u00e9rieur de l'armoire, ce qui permet de placer les articles de salle de bains de mani\u00e8re ordonn\u00e9e et d'am\u00e9liorer la propret\u00e9 de l'espace.<\/p>\n\n\n\n<p><strong>Facile \u00e0 nettoyer<\/strong>: Associ\u00e9e aux \u00e9viers en c\u00e9ramique, la surface est lisse et facile \u00e0 nettoyer, r\u00e9sistante aux taches et \u00e0 la salet\u00e9, et pratique pour l'utilisation et l'entretien quotidiens.<\/p>\n\n\n\n<p><strong>Coordination de la conception g\u00e9n\u00e9rale :<\/strong> L'armoire de toilette, le lavabo en c\u00e9ramique et l'armoire de toilette \u00e0 LED forment une combinaison compl\u00e8te, avec un style unifi\u00e9, qui peut \u00eatre int\u00e9gr\u00e9 dans divers styles de d\u00e9coration de salle de bains modernes, minimalistes et autres, r\u00e9pondant \u00e0 la fois aux besoins pratiques et am\u00e9liorant l'attrait esth\u00e9tique de la salle de bains.<\/p>\n<\/div>\n\n\n\n<div class=\"wp-block-column is-layout-flow wp-block-column-is-layout-flow\"><div class=\"wp-block-image\">\n<figure class=\"aligncenter size-full\"><img decoding=\"async\" width=\"700\" height=\"700\" src=\"https:\/\/www.shouyasanitary.com\/wp-content\/uploads\/2025\/08\/Bulk-Purchases-Bathroom-Cabinet-Vanity.webp\" alt=\"Bulk Purchases Bathroom Cabinet Vanity\" class=\"wp-image-1730\" style=\"object-fit:cover\" srcset=\"https:\/\/www.shouyasanitary.com\/wp-content\/uploads\/2025\/08\/Bulk-Purchases-Bathroom-Cabinet-Vanity.webp 700w, https:\/\/www.shouyasanitary.com\/wp-content\/uploads\/2025\/08\/Bulk-Purchases-Bathroom-Cabinet-Vanity-300x300.webp 300w, https:\/\/www.shouyasanitary.com\/wp-content\/uploads\/2025\/08\/Bulk-Purchases-Bathroom-Cabinet-Vanity-150x150.webp 150w, https:\/\/www.shouyasanitary.com\/wp-content\/uploads\/2025\/08\/Bulk-Purchases-Bathroom-Cabinet-Vanity-12x12.webp 12w, https:\/\/www.shouyasanitary.com\/wp-content\/uploads\/2025\/08\/Bulk-Purchases-Bathroom-Cabinet-Vanity-600x600.webp 600w, https:\/\/www.shouyasanitary.com\/wp-content\/uploads\/2025\/08\/Bulk-Purchases-Bathroom-Cabinet-Vanity-100x100.webp 100w\" sizes=\"(max-width: 700px) 100vw, 700px\" \/><\/figure>\n<\/div><\/div>\n<\/div>","protected":false},"excerpt":{"rendered":"<p>Armoire de salle de bain en gros Armoire de salle de bain en contreplaqu\u00e9 80cm avec vasque en c\u00e9ramique + armoire de toilette LED. Rentable et durable, convient aux sc\u00e9narios de masse tels que les h\u00f4tels et les appartements. Possibilit\u00e9 de personnalisation technique. N'h\u00e9sitez pas \u00e0 vous renseigner et \u00e0 n\u00e9gocier \u00e0 tout moment !<\/p>\n<h2>Attributs des meubles-lavabos et des armoires de salle de bains\uff1a<\/h2>\n<p><strong>Num\u00e9ro d'article<\/strong>: 7028-80<br \/><strong>Mat\u00e9riau de l'armoire :<\/strong>\u00a0Contreplaqu\u00e9<br \/><strong>Couleur de l'armoire : <\/strong>Marron<br \/><strong>Miroir :<\/strong> Miroir LED (3,5 mm\/3,8 mm), \u00e9clairage tricolore, d\u00e9sembuage par simple pression d'une touche, s\u00e9curis\u00e9 par un emballage en mousse multicouche.<br \/><strong>Type d'installation :<\/strong>\u00a0Montage mural<br \/><strong>Dimensions (L\u00d7L\u00d7H) :<\/strong> 80x50x52 cm<br \/><strong>Poids brut :<\/strong> 30 kg\/set<\/p>\n<h2>Personnalisation et services :<\/h2>\n<p><strong>OEM ET ODM<\/strong>: Pris en charge<br \/><strong>Conception<\/strong>: Gratuit<br \/><strong>Accessoires<\/strong>: Lavabos, miroirs, robinets et autres accessoires de salle de bains<br \/><strong>Emballage<\/strong>: Pr\u00eat \u00e0 monter<\/p>","protected":false},"featured_media":1730,"comment_status":"closed","ping_status":"closed","template":"","meta":{"_acf_changed":false},"product_brand":[],"product_cat":[20],"product_tag":[],"class_list":{"0":"post-1726","1":"product","2":"type-product","3":"status-publish","4":"has-post-thumbnail","6":"product_cat-wholesale-plywood-bathroom-vanity-cabinets","8":"first","9":"instock","10":"shipping-taxable","11":"product-type-simple"},"acf":[],"_links":{"self":[{"href":"https:\/\/www.shouyasanitary.com\/fr\/wp-json\/wp\/v2\/product\/1726","targetHints":{"allow":["GET"]}}],"collection":[{"href":"https:\/\/www.shouyasanitary.com\/fr\/wp-json\/wp\/v2\/product"}],"about":[{"href":"https:\/\/www.shouyasanitary.com\/fr\/wp-json\/wp\/v2\/types\/product"}],"replies":[{"embeddable":true,"href":"https:\/\/www.shouyasanitary.com\/fr\/wp-json\/wp\/v2\/comments?post=1726"}],"wp:featuredmedia":[{"embeddable":true,"href":"https:\/\/www.shouyasanitary.com\/fr\/wp-json\/wp\/v2\/media\/1730"}],"wp:attachment":[{"href":"https:\/\/www.shouyasanitary.com\/fr\/wp-json\/wp\/v2\/media?parent=1726"}],"wp:term":[{"taxonomy":"product_brand","embeddable":true,"href":"https:\/\/www.shouyasanitary.com\/fr\/wp-json\/wp\/v2\/product_brand?post=1726"},{"taxonomy":"product_cat","embeddable":true,"href":"https:\/\/www.shouyasanitary.com\/fr\/wp-json\/wp\/v2\/product_cat?post=1726"},{"taxonomy":"product_tag","embeddable":true,"href":"https:\/\/www.shouyasanitary.com\/fr\/wp-json\/wp\/v2\/product_tag?post=1726"}],"curies":[{"name":"wp","href":"https:\/\/api.w.org\/{rel}","templated":true}]}}