{"id":1727,"date":"2025-08-15T07:17:04","date_gmt":"2025-08-15T07:17:04","guid":{"rendered":"https:\/\/www.shouyasanitary.com\/?post_type=product&#038;p=1727"},"modified":"2025-10-28T07:44:45","modified_gmt":"2025-10-28T07:44:45","slug":"wholesale-bathroom-single-vanity","status":"publish","type":"product","link":"https:\/\/www.shouyasanitary.com\/fr\/produit\/wholesale-bathroom-single-vanity\/","title":{"rendered":"Wholesale Bathroom Single Vanity, 60cm Small Bathroom Cabinet Supplier"},"content":{"rendered":"<div class=\"wp-block-columns is-layout-flex wp-container-core-columns-is-layout-9d6595d7 wp-block-columns-is-layout-flex\">\n<div class=\"wp-block-column is-layout-flow wp-block-column-is-layout-flow\">\n<h2 class=\"wp-block-heading\">Caract\u00e9ristiques du meuble-lavabo dans la salle de bains\uff1a<\/h2>\n\n\n\n<p><strong>Faible encombrement<\/strong>: La version mince de 60 cm s'int\u00e8gre parfaitement dans les petites salles de bains sans prendre trop de place, ce qui permet aux petites salles de bains d'\u00eatre spacieuses et exemptes d'encombrement.<\/p>\n\n\n\n<p><strong>Contreplaqu\u00e9 durable r\u00e9sistant \u00e0 l'humidit\u00e9 :<\/strong> Le contreplaqu\u00e9 est trait\u00e9 plusieurs fois pour le rendre moins sensible \u00e0 l'absorption d'humidit\u00e9, au gonflement ou \u00e0 la d\u00e9formation en cas d'humidit\u00e9 excessive, ce qui prolonge la dur\u00e9e de vie du produit.<\/p>\n\n\n\n<p><strong>Un miroir intelligent pour se toiletter<\/strong>: Associ\u00e9 \u00e0 un miroir intelligent, il fournit une lumi\u00e8re naturelle qui permet de voir facilement les d\u00e9tails lors de la toilette et du maquillage quotidiens, am\u00e9liorant ainsi la convivialit\u00e9.<\/p>\n\n\n\n<p><strong>Rangement sophistiqu\u00e9 par compartiment<\/strong>: La conception commune des compartiments et des tiroirs semi-ouverts permet de ranger et de trier les objets, les objets fr\u00e9quemment utilis\u00e9s \u00e9tant facilement accessibles et les objets priv\u00e9s \u00e9tant cach\u00e9s, ce qui permet de maintenir le petit espace propre et organis\u00e9.<\/p>\n\n\n\n<p><strong>Bassin en c\u00e9ramique facile \u00e0 nettoyer<\/strong>: L'aspect glac\u00e9, lisse et brillant du bassin en c\u00e9ramique a une qualit\u00e9 de dissolution des taches qui permet d'\u00e9liminer facilement les taches avec peu ou pas de nettoyage vigoureux et de pr\u00e9server le temps d'entretien.<\/p>\n\n\n\n<p><strong>Personnalisation exclusive de la marque<\/strong>: Nous proposons un LOGO personnalis\u00e9 et un design exclusif pour am\u00e9liorer l'image de marque et la reconnaissance du march\u00e9.<\/p>\n<\/div>\n\n\n\n<div class=\"wp-block-column is-layout-flow wp-block-column-is-layout-flow\"><div class=\"wp-block-image\">\n<figure class=\"aligncenter size-full\"><img decoding=\"async\" width=\"700\" height=\"700\" src=\"https:\/\/www.shouyasanitary.com\/wp-content\/uploads\/2025\/08\/Bulk-Purchases-Bathroom-Cabinet-Vanity_1.webp\" alt=\"Bulk Purchases Bathroom Cabinet Vanity_1\" class=\"wp-image-1739\" style=\"object-fit:cover\" srcset=\"https:\/\/www.shouyasanitary.com\/wp-content\/uploads\/2025\/08\/Bulk-Purchases-Bathroom-Cabinet-Vanity_1.webp 700w, https:\/\/www.shouyasanitary.com\/wp-content\/uploads\/2025\/08\/Bulk-Purchases-Bathroom-Cabinet-Vanity_1-300x300.webp 300w, https:\/\/www.shouyasanitary.com\/wp-content\/uploads\/2025\/08\/Bulk-Purchases-Bathroom-Cabinet-Vanity_1-150x150.webp 150w, https:\/\/www.shouyasanitary.com\/wp-content\/uploads\/2025\/08\/Bulk-Purchases-Bathroom-Cabinet-Vanity_1-12x12.webp 12w, https:\/\/www.shouyasanitary.com\/wp-content\/uploads\/2025\/08\/Bulk-Purchases-Bathroom-Cabinet-Vanity_1-600x600.webp 600w, https:\/\/www.shouyasanitary.com\/wp-content\/uploads\/2025\/08\/Bulk-Purchases-Bathroom-Cabinet-Vanity_1-100x100.webp 100w\" sizes=\"(max-width: 700px) 100vw, 700px\" \/><\/figure>\n<\/div><\/div>\n<\/div>","protected":false},"excerpt":{"rendered":"<p>Ce meuble de salle de bain en contreplaqu\u00e9 avec lavabo est id\u00e9al pour les petits appartements afin d'\u00e9conomiser de l'espace. Le contreplaqu\u00e9 r\u00e9sistant \u00e0 l'humidit\u00e9 assure la durabilit\u00e9 et la r\u00e9sistance \u00e0 la d\u00e9formation. Nous proposons des commandes OEM et en gros, garantissant une qualit\u00e9 directe en usine. N'h\u00e9sitez pas \u00e0 nous contacter d\u00e8s aujourd'hui !<\/p>\n<h2>Attributs d'un meuble-lavabo dans la salle de bains\uff1a<\/h2>\n<p><strong>Num\u00e9ro d'article<\/strong>: 7031-60<br \/><strong>Mat\u00e9riau de l'armoire :<\/strong>\u00a0Contreplaqu\u00e9<br \/><strong>Couleur de l'armoire : <\/strong>Kaki<br \/><strong>Miroir :<\/strong> Miroir LED (3,5 mm\/3,8 mm), \u00e9clairage tricolore, d\u00e9sembuage par simple pression d'une touche, s\u00e9curis\u00e9 par un emballage en mousse multicouche.<br \/><strong>Type d'installation :<\/strong>\u00a0Montage mural<br \/><strong>Dimensions (L\u00d7L\u00d7H) :<\/strong> 60x48x52 cm<br \/><strong>Poids brut :<\/strong> 28 kg\/set<\/p>\n<h2>Personnalisation et services :<\/h2>\n<p><strong>OEM ET ODM<\/strong>: Pris en charge<br \/><strong>Conception<\/strong>: Gratuit<br \/><strong>Accessoires<\/strong>: Lavabos, miroirs, robinets et autres accessoires de salle de bains<br \/><strong>Emballage<\/strong>: Pr\u00eat \u00e0 monter<\/p>","protected":false},"featured_media":1739,"comment_status":"closed","ping_status":"closed","template":"","meta":{"_acf_changed":false},"product_brand":[],"product_cat":[20],"product_tag":[],"class_list":{"0":"post-1727","1":"product","2":"type-product","3":"status-publish","4":"has-post-thumbnail","6":"product_cat-wholesale-plywood-bathroom-vanity-cabinets","8":"first","9":"instock","10":"shipping-taxable","11":"product-type-simple"},"acf":[],"_links":{"self":[{"href":"https:\/\/www.shouyasanitary.com\/fr\/wp-json\/wp\/v2\/product\/1727","targetHints":{"allow":["GET"]}}],"collection":[{"href":"https:\/\/www.shouyasanitary.com\/fr\/wp-json\/wp\/v2\/product"}],"about":[{"href":"https:\/\/www.shouyasanitary.com\/fr\/wp-json\/wp\/v2\/types\/product"}],"replies":[{"embeddable":true,"href":"https:\/\/www.shouyasanitary.com\/fr\/wp-json\/wp\/v2\/comments?post=1727"}],"wp:featuredmedia":[{"embeddable":true,"href":"https:\/\/www.shouyasanitary.com\/fr\/wp-json\/wp\/v2\/media\/1739"}],"wp:attachment":[{"href":"https:\/\/www.shouyasanitary.com\/fr\/wp-json\/wp\/v2\/media?parent=1727"}],"wp:term":[{"taxonomy":"product_brand","embeddable":true,"href":"https:\/\/www.shouyasanitary.com\/fr\/wp-json\/wp\/v2\/product_brand?post=1727"},{"taxonomy":"product_cat","embeddable":true,"href":"https:\/\/www.shouyasanitary.com\/fr\/wp-json\/wp\/v2\/product_cat?post=1727"},{"taxonomy":"product_tag","embeddable":true,"href":"https:\/\/www.shouyasanitary.com\/fr\/wp-json\/wp\/v2\/product_tag?post=1727"}],"curies":[{"name":"wp","href":"https:\/\/api.w.org\/{rel}","templated":true}]}}