{"id":1728,"date":"2025-08-15T07:19:34","date_gmt":"2025-08-15T07:19:34","guid":{"rendered":"https:\/\/www.shouyasanitary.com\/?post_type=product&#038;p=1728"},"modified":"2025-10-28T07:28:31","modified_gmt":"2025-10-28T07:28:31","slug":"custom-bathroom-vanity-mirror-cabinet","status":"publish","type":"product","link":"https:\/\/www.shouyasanitary.com\/fr\/produit\/custom-bathroom-vanity-mirror-cabinet\/","title":{"rendered":"Meuble de salle de bain avec miroir sur mesure, Meuble de salle de bain pliable en vrac Jaune"},"content":{"rendered":"<div class=\"wp-block-columns is-layout-flex wp-container-core-columns-is-layout-9d6595d7 wp-block-columns-is-layout-flex\">\n<div class=\"wp-block-column is-layout-flow wp-block-column-is-layout-flow\">\n<h2 class=\"wp-block-heading\">Caract\u00e9ristiques de l'armoire-lavabo\uff1a<\/h2>\n\n\n\n<p><strong>Zone de stockage Sagesse :<\/strong> Les \u00e9tag\u00e8res semi-ouvertes de l'armoire de toilette servent \u00e0 ranger les objets fr\u00e9quemment utilis\u00e9s, les tiroirs servent \u00e0 ranger les objets priv\u00e9s et les vitrines lat\u00e9rales servent \u00e0 exposer les objets. La logique de rangement \u00e0 trois niveaux r\u00e9sout le probl\u00e8me de la difficult\u00e9 \u00e0 trouver les objets et offre une pr\u00e9sentation esth\u00e9tique.<\/p>\n\n\n\n<p><strong>Technologie du contreplaqu\u00e9 \u00e0 d\u00e9tection thermique :<\/strong> La surface du contreplaqu\u00e9 est sp\u00e9cialement trait\u00e9e, de sorte qu'elle n'est ni chaude en \u00e9t\u00e9 ni glac\u00e9e en hiver. Elle offre un toucher confortable en toute saison, am\u00e9liorant les d\u00e9tails de l'exp\u00e9rience de l'utilisateur.<\/p>\n\n\n\n<p><strong>Compatibilit\u00e9 double sc\u00e8ne : <\/strong>Le contreplaqu\u00e9 couleur bois clair est durable et polyvalent, et l'armoire de toilette \u00e9l\u00e9gante rehausse le style. Elle convient \u00e0 l'exposition d'articles d'h\u00f4tel et au stockage d'intimit\u00e9 \u00e0 la maison, r\u00e9pondant ainsi \u00e0 divers besoins.<\/p>\n\n\n\n<p><strong>Utilisation efficace de l'espace :<\/strong> Installation suspendue + design int\u00e9gr\u00e9. Utilise l'espace vertical du mur, n'occupe pas la surface au sol et peut \u00e9tendre l'espace visuel gr\u00e2ce au mat\u00e9riau en verre. M\u00eame une petite salle de bains peut atteindre le niveau \"petit mais avec tous les \u00e9quipements n\u00e9cessaires\" en termes de rangement ordonn\u00e9.<\/p>\n<\/div>\n\n\n\n<div class=\"wp-block-column is-layout-flow wp-block-column-is-layout-flow\"><div class=\"wp-block-image\">\n<figure class=\"aligncenter size-full\"><img decoding=\"async\" width=\"700\" height=\"700\" src=\"https:\/\/www.shouyasanitary.com\/wp-content\/uploads\/2025\/08\/Custom-bathroom-cabinet-vanity.webp\" alt=\"Meuble de salle de bain sur mesure\" class=\"wp-image-1736\" style=\"object-fit:cover\" srcset=\"https:\/\/www.shouyasanitary.com\/wp-content\/uploads\/2025\/08\/Custom-bathroom-cabinet-vanity.webp 700w, https:\/\/www.shouyasanitary.com\/wp-content\/uploads\/2025\/08\/Custom-bathroom-cabinet-vanity-300x300.webp 300w, https:\/\/www.shouyasanitary.com\/wp-content\/uploads\/2025\/08\/Custom-bathroom-cabinet-vanity-150x150.webp 150w, https:\/\/www.shouyasanitary.com\/wp-content\/uploads\/2025\/08\/Custom-bathroom-cabinet-vanity-12x12.webp 12w, https:\/\/www.shouyasanitary.com\/wp-content\/uploads\/2025\/08\/Custom-bathroom-cabinet-vanity-600x600.webp 600w, https:\/\/www.shouyasanitary.com\/wp-content\/uploads\/2025\/08\/Custom-bathroom-cabinet-vanity-100x100.webp 100w\" sizes=\"(max-width: 700px) 100vw, 700px\" \/><\/figure>\n<\/div><\/div>\n<\/div>","protected":false},"excerpt":{"rendered":"<p>L'armoire de toilette de salle de bain personnalis\u00e9e, le rangement en trois zones, les panneaux thermosensibles anti-humidit\u00e9 assurent un confort tout au long de l'ann\u00e9e. L'armoire de toilette intelligente et le design en verre conviennent \u00e0 la fois \u00e0 la maison et \u00e0 l'h\u00f4tellerie. Nous proposons des prix de gros, veuillez nous contacter pour toute demande de renseignements.<\/p>\n<h2>Armoire de toilette avec miroir Attributs\uff1a<\/h2>\n<p><strong>Num\u00e9ro d'article<\/strong>: 7030-80<br \/><strong>Mat\u00e9riau de l'armoire :<\/strong>\u00a0Contreplaqu\u00e9<br \/><strong>Couleur de l'armoire : <\/strong>Jaune<br \/><strong>Miroir :<\/strong> Miroir LED (3,5 mm\/3,8 mm), \u00e9clairage tricolore, d\u00e9sembuage par simple pression d'une touche, s\u00e9curis\u00e9 par un emballage en mousse multicouche.<br \/><strong>Type d'installation :<\/strong>\u00a0Montage mural<br \/><strong>Dimensions (L\u00d7L\u00d7H) :<\/strong> 80x48x52 cm<br \/><strong>Poids brut :<\/strong> 30 kg\/set<\/p>\n<h2>Personnalisation et services :<\/h2>\n<p><strong>OEM ET ODM<\/strong>: Pris en charge<br \/><strong>Conception<\/strong>: Gratuit<br \/><strong>Accessoires<\/strong>: Lavabos, miroirs, robinets et autres accessoires de salle de bains<br \/><strong>Emballage<\/strong>: Pr\u00eat \u00e0 monter<\/p>","protected":false},"featured_media":1736,"comment_status":"closed","ping_status":"closed","template":"","meta":{"_acf_changed":false},"product_brand":[],"product_cat":[20],"product_tag":[],"class_list":{"0":"post-1728","1":"product","2":"type-product","3":"status-publish","4":"has-post-thumbnail","6":"product_cat-wholesale-plywood-bathroom-vanity-cabinets","8":"first","9":"instock","10":"shipping-taxable","11":"product-type-simple"},"acf":[],"_links":{"self":[{"href":"https:\/\/www.shouyasanitary.com\/fr\/wp-json\/wp\/v2\/product\/1728","targetHints":{"allow":["GET"]}}],"collection":[{"href":"https:\/\/www.shouyasanitary.com\/fr\/wp-json\/wp\/v2\/product"}],"about":[{"href":"https:\/\/www.shouyasanitary.com\/fr\/wp-json\/wp\/v2\/types\/product"}],"replies":[{"embeddable":true,"href":"https:\/\/www.shouyasanitary.com\/fr\/wp-json\/wp\/v2\/comments?post=1728"}],"wp:featuredmedia":[{"embeddable":true,"href":"https:\/\/www.shouyasanitary.com\/fr\/wp-json\/wp\/v2\/media\/1736"}],"wp:attachment":[{"href":"https:\/\/www.shouyasanitary.com\/fr\/wp-json\/wp\/v2\/media?parent=1728"}],"wp:term":[{"taxonomy":"product_brand","embeddable":true,"href":"https:\/\/www.shouyasanitary.com\/fr\/wp-json\/wp\/v2\/product_brand?post=1728"},{"taxonomy":"product_cat","embeddable":true,"href":"https:\/\/www.shouyasanitary.com\/fr\/wp-json\/wp\/v2\/product_cat?post=1728"},{"taxonomy":"product_tag","embeddable":true,"href":"https:\/\/www.shouyasanitary.com\/fr\/wp-json\/wp\/v2\/product_tag?post=1728"}],"curies":[{"name":"wp","href":"https:\/\/api.w.org\/{rel}","templated":true}]}}