{"id":1729,"date":"2025-08-15T07:27:46","date_gmt":"2025-08-15T07:27:46","guid":{"rendered":"https:\/\/www.shouyasanitary.com\/?post_type=product&#038;p=1729"},"modified":"2025-08-24T15:51:25","modified_gmt":"2025-08-24T15:51:25","slug":"wholesale-bathroom-wall-cabinets","status":"publish","type":"product","link":"https:\/\/www.shouyasanitary.com\/fr\/produit\/wholesale-bathroom-wall-cabinets\/","title":{"rendered":"Wholesale Bathroom Wall Cabinets, Brown Plywood Bathroom Vanity with Sink Custom"},"content":{"rendered":"<div class=\"wp-block-columns is-layout-flex wp-container-core-columns-is-layout-9d6595d7 wp-block-columns-is-layout-flex\">\n<div class=\"wp-block-column is-layout-flow wp-block-column-is-layout-flow\">\n<h2 class=\"wp-block-heading\">Armoires murales de salle de bains Caract\u00e9ristiques :<\/h2>\n\n\n\n<p><strong>Forte int\u00e9gration du style<\/strong>: Le corps de l'armoire en placage de bois, la vasque en c\u00e9ramique blanche et le mat\u00e9riau de surface du miroir se combinent pour cr\u00e9er une sensation simple mais luxueuse. Il peut s'adapter \u00e0 diff\u00e9rents styles de d\u00e9coration modernes et nordiques, r\u00e9duisant ainsi la difficult\u00e9 d'assortir.<\/p>\n\n\n\n<p><strong>Conception structurelle innovante<\/strong>: Le corps de l'armoire est constitu\u00e9 d'une combinaison de tiroirs et d'armoires lat\u00e9rales en verre. Les tiroirs sont con\u00e7us pour le rangement des objets priv\u00e9s, tandis que les armoires lat\u00e9rales en verre facilitent l'acc\u00e8s aux articles de toilette les plus courants. Le zonage clair am\u00e9liore l'efficacit\u00e9 de la recherche d'objets dans la salle de bains.<\/p>\n\n\n\n<p><strong>Am\u00e9lioration intelligente de l'armoire de toilette<\/strong>: L'armoire de toilette \u00e0 double porte est \u00e9quip\u00e9e de bandes lumineuses d'ambiance \u00e0 LED. En plus de fournir un \u00e9clairage de base, ces lumi\u00e8res peuvent cr\u00e9er une atmosph\u00e8re agr\u00e9able pour la baignade. La surface de l'armoire de toilette est \u00e9quip\u00e9e d'interrupteurs tactiles, simples, \u00e9l\u00e9gants et faciles \u00e0 utiliser.<\/p>\n\n\n\n<p><strong>Optimisation des mat\u00e9riaux<\/strong>: Le contreplaqu\u00e9 a subi un traitement sp\u00e9cial contre l'humidit\u00e9. Dans l'environnement humide de la salle de bains, il est moins susceptible de se d\u00e9former ou de moisir, ce qui prolonge la dur\u00e9e de vie de l'armoire et convient aux sc\u00e9narios d'utilisation fr\u00e9quente \u00e0 long terme.<\/p>\n\n\n\n<p><strong>Options de personnalisation flexibles<\/strong>: Nous proposons des options de personnalisation en termes de taille, de logo, de couleur, de finition, de fonction, etc., afin de r\u00e9pondre aux exigences des diff\u00e9rents march\u00e9s et styles de d\u00e9coration.<\/p>\n<\/div>\n\n\n\n<div class=\"wp-block-column is-layout-flow wp-block-column-is-layout-flow\"><div class=\"wp-block-image\">\n<figure class=\"aligncenter size-full\"><img decoding=\"async\" width=\"700\" height=\"700\" src=\"https:\/\/www.shouyasanitary.com\/wp-content\/uploads\/2025\/08\/OEM-bathroom-cabinet-vanity.webp\" alt=\"Meuble de salle de bains OEM\" class=\"wp-image-1733\" style=\"object-fit:cover\" srcset=\"https:\/\/www.shouyasanitary.com\/wp-content\/uploads\/2025\/08\/OEM-bathroom-cabinet-vanity.webp 700w, https:\/\/www.shouyasanitary.com\/wp-content\/uploads\/2025\/08\/OEM-bathroom-cabinet-vanity-300x300.webp 300w, https:\/\/www.shouyasanitary.com\/wp-content\/uploads\/2025\/08\/OEM-bathroom-cabinet-vanity-150x150.webp 150w, https:\/\/www.shouyasanitary.com\/wp-content\/uploads\/2025\/08\/OEM-bathroom-cabinet-vanity-12x12.webp 12w, https:\/\/www.shouyasanitary.com\/wp-content\/uploads\/2025\/08\/OEM-bathroom-cabinet-vanity-600x600.webp 600w, https:\/\/www.shouyasanitary.com\/wp-content\/uploads\/2025\/08\/OEM-bathroom-cabinet-vanity-100x100.webp 100w\" sizes=\"(max-width: 700px) 100vw, 700px\" \/><\/figure>\n<\/div><\/div>\n<\/div>","protected":false},"excerpt":{"rendered":"<p>Les armoires murales de salle de bain en gros, avec des rangements cloisonn\u00e9s et une armoire \u00e0 miroir LED \u00e0 double porte, conviennent \u00e0 une vari\u00e9t\u00e9 de d\u00e9corations. Nous offrons un approvisionnement stable, des prix de gros et un service personnalis\u00e9. N'h\u00e9sitez pas \u00e0 nous contacter pour un devis !<\/p>\n<h2>Armoires murales de salle de bains Attributs\uff1a<\/h2>\n<p><strong>Num\u00e9ro d'article :<\/strong>7029-80<strong><br \/>Mat\u00e9riau de l'armoire :<\/strong>\u00a0Contreplaqu\u00e9<br \/><strong>Couleur de l'armoire :<\/strong> Marron<br \/><strong>Miroir :<\/strong> Miroir LED (3,5 mm\/3,8 mm), \u00e9clairage tricolore, d\u00e9sembuage par simple pression d'une touche, s\u00e9curis\u00e9 par un emballage en mousse multicouche.<br \/><strong>Type d'installation :<\/strong>\u00a0Montage mural<br \/><strong>Dimensions (L\u00d7L\u00d7H) :<\/strong> 80x50x48 cm<br \/><strong>Poids brut :<\/strong> 30kg\/set<\/p>\n<h2>Personnalisation et services :<\/h2>\n<p><strong>OEM ET ODM<\/strong>: Pris en charge<br \/><strong>Conception<\/strong>: Gratuit<br \/><strong>Accessoires<\/strong>: Lavabos, miroirs, robinets et autres accessoires de salle de bains<br \/><strong>Emballage<\/strong>: Pr\u00eat \u00e0 monter<\/p>","protected":false},"featured_media":1733,"comment_status":"closed","ping_status":"closed","template":"","meta":{"_acf_changed":false},"product_brand":[],"product_cat":[20],"product_tag":[],"class_list":{"0":"post-1729","1":"product","2":"type-product","3":"status-publish","4":"has-post-thumbnail","6":"product_cat-wholesale-plywood-bathroom-vanity-cabinets","8":"first","9":"instock","10":"shipping-taxable","11":"product-type-simple"},"acf":[],"_links":{"self":[{"href":"https:\/\/www.shouyasanitary.com\/fr\/wp-json\/wp\/v2\/product\/1729","targetHints":{"allow":["GET"]}}],"collection":[{"href":"https:\/\/www.shouyasanitary.com\/fr\/wp-json\/wp\/v2\/product"}],"about":[{"href":"https:\/\/www.shouyasanitary.com\/fr\/wp-json\/wp\/v2\/types\/product"}],"replies":[{"embeddable":true,"href":"https:\/\/www.shouyasanitary.com\/fr\/wp-json\/wp\/v2\/comments?post=1729"}],"wp:featuredmedia":[{"embeddable":true,"href":"https:\/\/www.shouyasanitary.com\/fr\/wp-json\/wp\/v2\/media\/1733"}],"wp:attachment":[{"href":"https:\/\/www.shouyasanitary.com\/fr\/wp-json\/wp\/v2\/media?parent=1729"}],"wp:term":[{"taxonomy":"product_brand","embeddable":true,"href":"https:\/\/www.shouyasanitary.com\/fr\/wp-json\/wp\/v2\/product_brand?post=1729"},{"taxonomy":"product_cat","embeddable":true,"href":"https:\/\/www.shouyasanitary.com\/fr\/wp-json\/wp\/v2\/product_cat?post=1729"},{"taxonomy":"product_tag","embeddable":true,"href":"https:\/\/www.shouyasanitary.com\/fr\/wp-json\/wp\/v2\/product_tag?post=1729"}],"curies":[{"name":"wp","href":"https:\/\/api.w.org\/{rel}","templated":true}]}}