{"id":1744,"date":"2025-08-15T07:12:59","date_gmt":"2025-08-15T07:12:59","guid":{"rendered":"https:\/\/www.shouyasanitary.com\/?post_type=product&#038;p=1744"},"modified":"2025-08-15T07:13:05","modified_gmt":"2025-08-15T07:13:05","slug":"custom-floating-bathroom-vanity-with-sink","status":"publish","type":"product","link":"https:\/\/www.shouyasanitary.com\/fr\/produit\/custom-floating-bathroom-vanity-with-sink\/","title":{"rendered":"Meuble de salle de bain flottant avec \u00e9vier, 100cm Grand meuble de salle de bain avec miroir"},"content":{"rendered":"<div class=\"wp-block-columns is-layout-flex wp-container-core-columns-is-layout-9d6595d7 wp-block-columns-is-layout-flex\">\n<div class=\"wp-block-column is-layout-flow wp-block-column-is-layout-flow\">\n<h2 class=\"wp-block-heading\">Caract\u00e9ristiques du meuble-lavabo flottant avec \u00e9vier :<\/h2>\n\n\n\n<p><strong>Gris clair moderne Style :<\/strong> Un design minimaliste aux lignes \u00e9pur\u00e9es et une \u00e9l\u00e9gante teinte gris clair, parfaite pour tous les styles de salle de bains.<\/p>\n\n\n\n<p><strong>Grande capacit\u00e9 de stockage : <\/strong>Les compartiments ouverts permettent d'acc\u00e9der facilement aux objets fr\u00e9quemment utilis\u00e9s, tandis que les trois portes de l'armoire de toilette ferm\u00e9e permettent de ranger une large gamme d'accessoires de salle de bains.<\/p>\n\n\n\n<p><strong>Armoire de toilette LED : <\/strong>Les armoires de toilette semi-ouvertes cr\u00e9ent un effet visuel simple mais en couches, offrant un acc\u00e8s pratique aux objets. Les armoires de toilette \u00e0 LED sont dot\u00e9es d'un interrupteur \u00e0 touche unique et d'une lampe de poche.<strong> <\/strong>fonction anti-bu\u00e9e pour une meilleure exp\u00e9rience utilisateur.<\/p>\n\n\n\n<p><strong>Cuvette en c\u00e9ramique durable : <\/strong>La vasque en c\u00e9ramique blanc pur est durable et r\u00e9sistante aux rayures, avec des bords l\u00e9g\u00e8rement chanfrein\u00e9s pour faciliter l'essuyage.<\/p>\n\n\n\n<p><strong>PVC haute performance : <\/strong>L'armoire est fabriqu\u00e9e en PVC de haute qualit\u00e9, offrant une excellente r\u00e9sistance \u00e0 l'humidit\u00e9 et \u00e0 l'eau, r\u00e9sistant \u00e0 la d\u00e9formation et \u00e0 la moisissure, et conservant son aspect m\u00eame apr\u00e8s une utilisation prolong\u00e9e.<\/p>\n\n\n\n<p><strong>Conception de montage mural :<\/strong> Se fixe au mur avec la partie inf\u00e9rieure suspendue, ce qui garantit un nettoyage sans faille et permet d'agrandir visuellement l'espace.<\/p>\n<\/div>\n\n\n\n<div class=\"wp-block-column is-layout-flow wp-block-column-is-layout-flow\"><div class=\"wp-block-image\">\n<figure class=\"aligncenter size-full\"><img decoding=\"async\" width=\"700\" height=\"700\" src=\"https:\/\/www.shouyasanitary.com\/wp-content\/uploads\/2025\/08\/Wholesale-supply-of-PVC-bathroom-cabinet-vanity.webp\" alt=\"Vente en gros d&#039;armoires de toilette en PVC\" class=\"wp-image-1752\" style=\"object-fit:cover\" srcset=\"https:\/\/www.shouyasanitary.com\/wp-content\/uploads\/2025\/08\/Wholesale-supply-of-PVC-bathroom-cabinet-vanity.webp 700w, https:\/\/www.shouyasanitary.com\/wp-content\/uploads\/2025\/08\/Wholesale-supply-of-PVC-bathroom-cabinet-vanity-300x300.webp 300w, https:\/\/www.shouyasanitary.com\/wp-content\/uploads\/2025\/08\/Wholesale-supply-of-PVC-bathroom-cabinet-vanity-150x150.webp 150w, https:\/\/www.shouyasanitary.com\/wp-content\/uploads\/2025\/08\/Wholesale-supply-of-PVC-bathroom-cabinet-vanity-12x12.webp 12w, https:\/\/www.shouyasanitary.com\/wp-content\/uploads\/2025\/08\/Wholesale-supply-of-PVC-bathroom-cabinet-vanity-600x600.webp 600w, https:\/\/www.shouyasanitary.com\/wp-content\/uploads\/2025\/08\/Wholesale-supply-of-PVC-bathroom-cabinet-vanity-100x100.webp 100w\" sizes=\"(max-width: 700px) 100vw, 700px\" \/><\/figure>\n<\/div><\/div>\n<\/div>","protected":false},"excerpt":{"rendered":"<p>Meuble de salle de bain flottant avec \u00e9vier, style moderne, armoire en PVC r\u00e9sistant \u00e0 l'humidit\u00e9 avec miroir, bande lumineuse, trois portes pour un grand espace de rangement, et un design suspendu pour un nettoyage facile et une durabilit\u00e9 accrue. Plusieurs options de personnalisation disponibles, contactez-nous pour un devis !<\/p>\n<h2>Meuble de salle de bain flottant avec \u00e9vier Attributs\uff1a<\/h2>\n<p><strong>Num\u00e9ro d'article :<\/strong>J1202-100<strong><br \/>Mat\u00e9riau de l'armoire<\/strong>: Contreplaqu\u00e9<br \/><strong>Couleur de l'armoire :<\/strong> Gris clair<br \/><strong>Miroir :<\/strong> Miroir LED (3,5 mm \/ 3,8 mm), \u00e9clairage tricolore, d\u00e9sembuage par simple pression d'une touche, s\u00e9curis\u00e9 par un emballage en mousse multicouche<br \/><strong>Type d'installation :<\/strong> Montage mural<br \/><strong>Dimensions (L \u00d7 L \u00d7 H) :<\/strong> 100*47*12 cm<br \/><strong>Poids brut :<\/strong> 32kg\/set<\/p>\n<h2>Personnalisation et services :<\/h2>\n<p><strong>OEM ET ODM<\/strong>: Pris en charge<br \/><strong>Conception<\/strong>: Gratuit<br \/><strong>Accessoires<\/strong>: Lavabos, miroirs, robinets et autres accessoires de salle de bains<br \/><strong>Emballage<\/strong>: Pr\u00eat \u00e0 monter<\/p>","protected":false},"featured_media":1752,"comment_status":"closed","ping_status":"closed","template":"","meta":{"_acf_changed":false},"product_brand":[],"product_cat":[20],"product_tag":[],"class_list":{"0":"post-1744","1":"product","2":"type-product","3":"status-publish","4":"has-post-thumbnail","6":"product_cat-wholesale-plywood-bathroom-vanity-cabinets","8":"first","9":"instock","10":"shipping-taxable","11":"product-type-simple"},"acf":[],"_links":{"self":[{"href":"https:\/\/www.shouyasanitary.com\/fr\/wp-json\/wp\/v2\/product\/1744","targetHints":{"allow":["GET"]}}],"collection":[{"href":"https:\/\/www.shouyasanitary.com\/fr\/wp-json\/wp\/v2\/product"}],"about":[{"href":"https:\/\/www.shouyasanitary.com\/fr\/wp-json\/wp\/v2\/types\/product"}],"replies":[{"embeddable":true,"href":"https:\/\/www.shouyasanitary.com\/fr\/wp-json\/wp\/v2\/comments?post=1744"}],"wp:featuredmedia":[{"embeddable":true,"href":"https:\/\/www.shouyasanitary.com\/fr\/wp-json\/wp\/v2\/media\/1752"}],"wp:attachment":[{"href":"https:\/\/www.shouyasanitary.com\/fr\/wp-json\/wp\/v2\/media?parent=1744"}],"wp:term":[{"taxonomy":"product_brand","embeddable":true,"href":"https:\/\/www.shouyasanitary.com\/fr\/wp-json\/wp\/v2\/product_brand?post=1744"},{"taxonomy":"product_cat","embeddable":true,"href":"https:\/\/www.shouyasanitary.com\/fr\/wp-json\/wp\/v2\/product_cat?post=1744"},{"taxonomy":"product_tag","embeddable":true,"href":"https:\/\/www.shouyasanitary.com\/fr\/wp-json\/wp\/v2\/product_tag?post=1744"}],"curies":[{"name":"wp","href":"https:\/\/api.w.org\/{rel}","templated":true}]}}