{"id":1745,"date":"2025-08-24T15:51:10","date_gmt":"2025-08-24T15:51:10","guid":{"rendered":"https:\/\/www.shouyasanitary.com\/?post_type=product&#038;p=1745"},"modified":"2025-08-24T15:51:12","modified_gmt":"2025-08-24T15:51:12","slug":"wholesale-bathroom-vanity-with-drawers","status":"publish","type":"product","link":"https:\/\/www.shouyasanitary.com\/fr\/produit\/wholesale-bathroom-vanity-with-drawers\/","title":{"rendered":"Wholesale Bathroom Vanity with Drawers, Light Luxury Bathroom Cabinet with Ceramic Basin Custom (Meuble de salle de bain avec tiroirs, meuble de salle de bain de luxe avec vasque en c\u00e9ramique)"},"content":{"rendered":"<div class=\"wp-block-columns is-layout-flex wp-container-core-columns-is-layout-9d6595d7 wp-block-columns-is-layout-flex\">\n<div class=\"wp-block-column is-layout-flow wp-block-column-is-layout-flow\">\n<h2 class=\"wp-block-heading\">Meuble de salle de bain avec tiroirs Caract\u00e9ristiques :<\/h2>\n\n\n\n<p><strong>Aspect moderne, l\u00e9ger et luxueux :<\/strong> L'aspect minimaliste du verre s'harmonise parfaitement avec les tons gris clair et blancs, s'adaptant aux styles de d\u00e9coration minimaliste moderne et de luxe l\u00e9ger, et ajoutant une valeur esth\u00e9tique \u00e0 la salle de bains.<\/p>\n\n\n\n<p><strong>Bande lumineuse pratique<\/strong>: L'\u00e9clairage compl\u00e8te la lumi\u00e8re naturelle tout en am\u00e9liorant l'atmosph\u00e8re. <\/p>\n\n\n\n<p><strong>Armoire de toilette pratique et esth\u00e9tique : <\/strong>Son concept unique d'ouverture de porte et d'\u00e9tag\u00e8re permet de dissimuler des objets priv\u00e9s ou peu utilis\u00e9s dans la zone de la porte, tandis que la partie \u00e9tag\u00e8re met en valeur les produits d'aromath\u00e9rapie et les d\u00e9licats petits flacons de soins de la peau, cr\u00e9ant ainsi un mode de rangement \"combinant dissimulation et pr\u00e9sentation\". Il \u00e9largit la dimension de stockage de la salle de bains, rendant l'espace \u00e0 la fois ordonn\u00e9 et digne d'\u00eatre expos\u00e9. <\/p>\n\n\n\n<p><strong>Deux tiroirs pour un espace int\u00e9rieur soign\u00e9<\/strong>: Il permet de classer les serviettes, les outils de nettoyage du visage, etc. <\/p>\n\n\n\n<p><strong>Conception de l'installation suspendue : <\/strong>Il permet de conserver l'espace au sol et d'am\u00e9liorer l'ouverture de la salle de bains. <\/p>\n\n\n\n<p><strong>Longue dur\u00e9e de vie<\/strong>: Le corps de meuble en PVC gris clair associ\u00e9 \u00e0 une vasque en c\u00e9ramique blanche cr\u00e9e un ensemble de couleurs fra\u00eeches. La vasque en c\u00e9ramique est facile \u00e0 nettoyer et r\u00e9siste bien aux taches, tandis que le corps du meuble en PVC est imperm\u00e9able, r\u00e9sistant \u00e0 l'humidit\u00e9 et \u00e0 la d\u00e9formation. La combinaison des deux s'adapte facilement \u00e0 l'environnement humide de la salle de bains, ce qui permet d'essuyer facilement les \u00e9claboussures d'eau et de maintenir le meuble en bon \u00e9tat, m\u00eame apr\u00e8s une utilisation prolong\u00e9e.<\/p>\n\n\n\n<p><strong>Mat\u00e9riaux imperm\u00e9ables et r\u00e9sistants \u00e0 l'humidit\u00e9 : <\/strong>Le corps de l'armoire est fabriqu\u00e9 en PVC, un mat\u00e9riau l\u00e9ger qui r\u00e9duit la charge sur le mur et facilite l'installation. En outre, il pr\u00e9sente d'excellentes propri\u00e9t\u00e9s d'\u00e9tanch\u00e9it\u00e9, de r\u00e9sistance \u00e0 l'humidit\u00e9 et \u00e0 la corrosion. M\u00eame lorsqu'elle est expos\u00e9e \u00e0 l'environnement humide d'une salle de bains pendant de longues p\u00e9riodes, elle est moins sujette \u00e0 la moisissure et \u00e0 la d\u00e9formation. <\/p>\n\n\n\n<p><strong>Une mise en page flexible<\/strong>: Le rangement multidimensionnel avec deux tiroirs et une armoire de toilette permet d'organiser efficacement les diff\u00e9rents \u00e9l\u00e9ments de la salle de bains. Il s'int\u00e8gre parfaitement dans les espaces compacts et de petite taille tout en offrant un rangement suppl\u00e9mentaire pour les salles de bains plus spacieuses, r\u00e9pondant ainsi \u00e0 divers besoins d'am\u00e9nagement.<\/p>\n<\/div>\n\n\n\n<div class=\"wp-block-column is-layout-flow wp-block-column-is-layout-flow\"><div class=\"wp-block-image\">\n<figure class=\"aligncenter size-full\"><img decoding=\"async\" width=\"700\" height=\"700\" src=\"https:\/\/www.shouyasanitary.com\/wp-content\/uploads\/2025\/08\/Wholesale-of-Bathroom-Cabinet-With-Drawer.webp\" alt=\"Vente en gros d&#039;armoire de salle de bains avec tiroir\" class=\"wp-image-1775\" style=\"object-fit:cover\" srcset=\"https:\/\/www.shouyasanitary.com\/wp-content\/uploads\/2025\/08\/Wholesale-of-Bathroom-Cabinet-With-Drawer.webp 700w, https:\/\/www.shouyasanitary.com\/wp-content\/uploads\/2025\/08\/Wholesale-of-Bathroom-Cabinet-With-Drawer-300x300.webp 300w, https:\/\/www.shouyasanitary.com\/wp-content\/uploads\/2025\/08\/Wholesale-of-Bathroom-Cabinet-With-Drawer-150x150.webp 150w, https:\/\/www.shouyasanitary.com\/wp-content\/uploads\/2025\/08\/Wholesale-of-Bathroom-Cabinet-With-Drawer-12x12.webp 12w, https:\/\/www.shouyasanitary.com\/wp-content\/uploads\/2025\/08\/Wholesale-of-Bathroom-Cabinet-With-Drawer-600x600.webp 600w, https:\/\/www.shouyasanitary.com\/wp-content\/uploads\/2025\/08\/Wholesale-of-Bathroom-Cabinet-With-Drawer-100x100.webp 100w\" sizes=\"(max-width: 700px) 100vw, 700px\" \/><\/figure>\n<\/div><\/div>\n<\/div>","protected":false},"excerpt":{"rendered":"<p>Meuble de salle de bain avec tiroirs, ton gris clair, \u00e9quip\u00e9 d'une armoire de toilette en verre et d'une vasque en c\u00e9ramique int\u00e9gr\u00e9e, fabriqu\u00e9 en PVC durable, avec un design de rangement multidimensionnel. Nous offrons un service de personnalisation, adapt\u00e9 aux h\u00f4tels, aux appartements et aux r\u00e9novations de maisons. Contactez-nous pour un devis et un catalogue de produits !<\/p>\n<h2>Meuble de salle de bain avec tiroirs Attributs\uff1a<\/h2>\n<p><strong>Num\u00e9ro d'article :<\/strong>1212-80<strong><br \/>Mat\u00e9riau de l'armoire :<\/strong> PVC<br \/><strong>Couleur de l'armoire : <\/strong> Gris clair<br \/><strong>Miroir :<\/strong> Miroir LED (3,5 mm\/3,8 mm), \u00e9clairage tricolore, d\u00e9sembuage par simple pression d'une touche, s\u00e9curis\u00e9 par un emballage en mousse multicouche.<br \/><strong>Type d'installation :<\/strong>\u00a0Montage mural<br \/><strong>Dimensions (L\u00d7L\u00d7H) :<\/strong> 80*50*45cm<br \/><strong>Poids brut :<\/strong> 35kg\/set<\/p>\n<h2>Personnalisation et services :<\/h2>\n<p><strong>OEM ET ODM<\/strong>: Pris en charge<br \/><strong>Conception<\/strong>: Gratuit<br \/><strong>Accessoires<\/strong>: Lavabos, miroirs, robinets et autres accessoires de salle de bains<br \/><strong>Emballage<\/strong>: Pr\u00eat \u00e0 monter<\/p>","protected":false},"featured_media":1775,"comment_status":"closed","ping_status":"closed","template":"","meta":{"_acf_changed":true},"product_brand":[],"product_cat":[24],"product_tag":[],"class_list":{"0":"post-1745","1":"product","2":"type-product","3":"status-publish","4":"has-post-thumbnail","6":"product_cat-wholesale-pvc-bathroom-vanity-cabinets","8":"first","9":"instock","10":"shipping-taxable","11":"product-type-simple"},"acf":[],"_links":{"self":[{"href":"https:\/\/www.shouyasanitary.com\/fr\/wp-json\/wp\/v2\/product\/1745","targetHints":{"allow":["GET"]}}],"collection":[{"href":"https:\/\/www.shouyasanitary.com\/fr\/wp-json\/wp\/v2\/product"}],"about":[{"href":"https:\/\/www.shouyasanitary.com\/fr\/wp-json\/wp\/v2\/types\/product"}],"replies":[{"embeddable":true,"href":"https:\/\/www.shouyasanitary.com\/fr\/wp-json\/wp\/v2\/comments?post=1745"}],"wp:featuredmedia":[{"embeddable":true,"href":"https:\/\/www.shouyasanitary.com\/fr\/wp-json\/wp\/v2\/media\/1775"}],"wp:attachment":[{"href":"https:\/\/www.shouyasanitary.com\/fr\/wp-json\/wp\/v2\/media?parent=1745"}],"wp:term":[{"taxonomy":"product_brand","embeddable":true,"href":"https:\/\/www.shouyasanitary.com\/fr\/wp-json\/wp\/v2\/product_brand?post=1745"},{"taxonomy":"product_cat","embeddable":true,"href":"https:\/\/www.shouyasanitary.com\/fr\/wp-json\/wp\/v2\/product_cat?post=1745"},{"taxonomy":"product_tag","embeddable":true,"href":"https:\/\/www.shouyasanitary.com\/fr\/wp-json\/wp\/v2\/product_tag?post=1745"}],"curies":[{"name":"wp","href":"https:\/\/api.w.org\/{rel}","templated":true}]}}