{"id":1746,"date":"2025-08-24T15:51:14","date_gmt":"2025-08-24T15:51:14","guid":{"rendered":"https:\/\/www.shouyasanitary.com\/?post_type=product&#038;p=1746"},"modified":"2025-08-24T15:51:17","modified_gmt":"2025-08-24T15:51:17","slug":"wholesale-wall-bathroom-cabinet","status":"publish","type":"product","link":"https:\/\/www.shouyasanitary.com\/fr\/produit\/wholesale-wall-bathroom-cabinet\/","title":{"rendered":"Fabricant de meuble de salle de bain mural en PVC avec miroir et \u00e9tag\u00e8re ouverte"},"content":{"rendered":"<div class=\"wp-block-columns is-layout-flex wp-container-core-columns-is-layout-9d6595d7 wp-block-columns-is-layout-flex\">\n<div class=\"wp-block-column is-layout-flow wp-block-column-is-layout-flow\">\n<h2 class=\"wp-block-heading\">Armoire de salle de bains murale Caract\u00e9ristiques :<\/h2>\n\n\n\n<p><strong>Armoire de toilette avec \u00e9tag\u00e8res ouvertes int\u00e9gr\u00e9es : <\/strong>L'armoire de toilette est en verre, offrant une image claire pour r\u00e9pondre aux besoins quotidiens de toilettage et de rangement. Une \u00e9tag\u00e8re ouverte est plac\u00e9e sous le miroir, ce qui permet d'acc\u00e9der facilement aux produits d'aromath\u00e9rapie couramment utilis\u00e9s et aux petits flacons de produits de soin. Cela cr\u00e9e un mode de rangement \u00e0 plusieurs niveaux : \"rangement dans le miroir + acc\u00e8s facile sous le miroir\".<\/p>\n\n\n\n<p><strong>Bandeau lumineux autour de l'armoire de toilette<\/strong>: Lorsque les lampes sont allum\u00e9es, elles am\u00e9liorent l'ambiance de la salle de bains et servent \u00e9galement de lumi\u00e8re d'appoint. <\/p>\n\n\n\n<p><strong>Style moderne et simple<\/strong>: L'aspect simple du verre compl\u00e8te l'ensemble du meuble de couleur grise, cr\u00e9ant ainsi un style de salle de bains minimaliste et moderne.<\/p>\n\n\n\n<p><strong>Meuble principal \u00e0 deux tiroirs :<\/strong> Il permet de ranger par cat\u00e9gorie des articles tels que les serviettes et les lingettes pour le visage. Les tiroirs sont scell\u00e9s pour bloquer l'humidit\u00e9, et la nature imperm\u00e9able du mat\u00e9riau PVC garde les articles stock\u00e9s au sec, ce qui r\u00e9sout le probl\u00e8me de l'humidit\u00e9 et de la croissance bact\u00e9rienne dans la salle de bains. <\/p>\n\n\n\n<p><strong>Mat\u00e9riau durable combin\u00e9 \u00e0 des couleurs fra\u00eeches<\/strong>: Le corps de meuble en PVC gris associ\u00e9 \u00e0 une vasque en c\u00e9ramique blanche cr\u00e9e un ensemble de couleurs harmonieux. La vasque en c\u00e9ramique est facile \u00e0 nettoyer et r\u00e9sistante aux taches, ce qui compl\u00e8te les propri\u00e9t\u00e9s d'\u00e9tanch\u00e9it\u00e9 et de r\u00e9sistance \u00e0 l'humidit\u00e9 du corps de meuble en PVC. <\/p>\n\n\n\n<p><strong>Optimiser l'am\u00e9nagement de l'espace : <\/strong>Avec une installation suspendue, des tiroirs doubles et une \u00e9tag\u00e8re \u00e0 miroir, ce mod\u00e8le \u00e9largit l'espace de rangement dans de multiples dimensions. Il permet une organisation ordonn\u00e9e du d\u00e9sordre dans la salle de bains, en disant adieu au chaos. <\/p>\n\n\n\n<p><strong>Disposition compacte<\/strong>: Il convient aux petits appartements et peut \u00e9galement am\u00e9liorer la fonctionnalit\u00e9 du rangement dans les grandes salles de bains. Fabriqu\u00e9 en PVC l\u00e9ger mais robuste, il r\u00e9duit la charge sur les murs et est facile \u00e0 installer.<\/p>\n<\/div>\n\n\n\n<div class=\"wp-block-column is-layout-flow wp-block-column-is-layout-flow\"><div class=\"wp-block-image\">\n<figure class=\"aligncenter size-full\"><img decoding=\"async\" width=\"700\" height=\"700\" src=\"https:\/\/www.shouyasanitary.com\/wp-content\/uploads\/2025\/08\/Bulk-Purchases-Batnroom-Vanity-1.webp\" alt=\"Achats en vrac Vanit\u00e9 de salle de bain (1)\" class=\"wp-image-1772\" style=\"object-fit:cover\" srcset=\"https:\/\/www.shouyasanitary.com\/wp-content\/uploads\/2025\/08\/Bulk-Purchases-Batnroom-Vanity-1.webp 700w, https:\/\/www.shouyasanitary.com\/wp-content\/uploads\/2025\/08\/Bulk-Purchases-Batnroom-Vanity-1-300x300.webp 300w, https:\/\/www.shouyasanitary.com\/wp-content\/uploads\/2025\/08\/Bulk-Purchases-Batnroom-Vanity-1-150x150.webp 150w, https:\/\/www.shouyasanitary.com\/wp-content\/uploads\/2025\/08\/Bulk-Purchases-Batnroom-Vanity-1-12x12.webp 12w, https:\/\/www.shouyasanitary.com\/wp-content\/uploads\/2025\/08\/Bulk-Purchases-Batnroom-Vanity-1-600x600.webp 600w, https:\/\/www.shouyasanitary.com\/wp-content\/uploads\/2025\/08\/Bulk-Purchases-Batnroom-Vanity-1-100x100.webp 100w\" sizes=\"(max-width: 700px) 100vw, 700px\" \/><\/figure>\n<\/div><\/div>\n<\/div>","protected":false},"excerpt":{"rendered":"<p>Bienvenue sur le site de vente en gros d'armoires de toilette murales. La combinaison de couleurs gris clair et blanc est simple et polyvalente. Les deux tiroirs et les \u00e9tag\u00e8res en miroir offrent un rangement efficace. Shouya propose des achats en gros ou des commandes personnalis\u00e9es. Contactez-nous pour plus de d\u00e9tails et un devis !<\/p>\n<h2>Armoire de salle de bains murale Attributs\uff1a<\/h2>\n<p><strong>Num\u00e9ro d'article :<\/strong>1211-60<strong><br \/>Mat\u00e9riau de l'armoire :<\/strong> PVC<br \/><strong>Couleur de l'armoire :<\/strong> Gris<br \/><strong>Miroir :<\/strong> Miroir LED (3,5 mm\/3,8 mm), \u00e9clairage tricolore, d\u00e9sembuage par simple pression d'une touche, s\u00e9curis\u00e9 par un emballage en mousse multicouche.<br \/><strong>Type d'installation :<\/strong>\u00a0Montage mural<br \/><strong>Dimensions (L\u00d7L\u00d7H) :<\/strong> 60*50*45 cm<br \/><strong>Poids brut :<\/strong> 30kg\/set<\/p>\n<h2>Personnalisation et services :<\/h2>\n<p><strong>OEM ET ODM<\/strong>: Pris en charge<br \/><strong>Conception<\/strong>: Gratuit<br \/><strong>Accessoires<\/strong>: Lavabos, miroirs, robinets et autres accessoires de salle de bains<br \/><strong>Emballage<\/strong>: Pr\u00eat \u00e0 monter<\/p>","protected":false},"featured_media":1772,"comment_status":"closed","ping_status":"closed","template":"","meta":{"_acf_changed":true},"product_brand":[],"product_cat":[24],"product_tag":[],"class_list":{"0":"post-1746","1":"product","2":"type-product","3":"status-publish","4":"has-post-thumbnail","6":"product_cat-wholesale-pvc-bathroom-vanity-cabinets","8":"first","9":"instock","10":"shipping-taxable","11":"product-type-simple"},"acf":[],"_links":{"self":[{"href":"https:\/\/www.shouyasanitary.com\/fr\/wp-json\/wp\/v2\/product\/1746","targetHints":{"allow":["GET"]}}],"collection":[{"href":"https:\/\/www.shouyasanitary.com\/fr\/wp-json\/wp\/v2\/product"}],"about":[{"href":"https:\/\/www.shouyasanitary.com\/fr\/wp-json\/wp\/v2\/types\/product"}],"replies":[{"embeddable":true,"href":"https:\/\/www.shouyasanitary.com\/fr\/wp-json\/wp\/v2\/comments?post=1746"}],"wp:featuredmedia":[{"embeddable":true,"href":"https:\/\/www.shouyasanitary.com\/fr\/wp-json\/wp\/v2\/media\/1772"}],"wp:attachment":[{"href":"https:\/\/www.shouyasanitary.com\/fr\/wp-json\/wp\/v2\/media?parent=1746"}],"wp:term":[{"taxonomy":"product_brand","embeddable":true,"href":"https:\/\/www.shouyasanitary.com\/fr\/wp-json\/wp\/v2\/product_brand?post=1746"},{"taxonomy":"product_cat","embeddable":true,"href":"https:\/\/www.shouyasanitary.com\/fr\/wp-json\/wp\/v2\/product_cat?post=1746"},{"taxonomy":"product_tag","embeddable":true,"href":"https:\/\/www.shouyasanitary.com\/fr\/wp-json\/wp\/v2\/product_tag?post=1746"}],"curies":[{"name":"wp","href":"https:\/\/api.w.org\/{rel}","templated":true}]}}