{"id":1750,"date":"2025-08-24T15:51:21","date_gmt":"2025-08-24T15:51:21","guid":{"rendered":"https:\/\/www.shouyasanitary.com\/?post_type=product&#038;p=1750"},"modified":"2025-08-24T15:51:23","modified_gmt":"2025-08-24T15:51:23","slug":"wholesale-gray-bathroom-cabinets","status":"publish","type":"product","link":"https:\/\/www.shouyasanitary.com\/fr\/produit\/wholesale-gray-bathroom-cabinets\/","title":{"rendered":"Wholesale Gray Bathroom Cabinets, PVC Bathroom Vanity with Mirror Waterproof 80 cm Custom"},"content":{"rendered":"<div class=\"wp-block-columns is-layout-flex wp-container-core-columns-is-layout-9d6595d7 wp-block-columns-is-layout-flex\">\n<div class=\"wp-block-column is-layout-flow wp-block-column-is-layout-flow\">\n<h2 class=\"wp-block-heading\">Caract\u00e9ristiques des armoires de salle de bain grises\uff1a<\/h2>\n\n\n\n<p><strong>Mat\u00e9riaux imperm\u00e9ables : <\/strong>Fabriqu\u00e9 en PVC de haute qualit\u00e9, il pr\u00e9sente d'excellentes performances en mati\u00e8re d'\u00e9tanch\u00e9it\u00e9, emp\u00eachant efficacement l'\u00e9rosion du meuble par les environnements humides et garantissant qu'il ne se d\u00e9formera pas et ne se fissurera pas au cours d'une longue p\u00e9riode d'utilisation, et qu'il sera durable.<\/p>\n\n\n\n<p><strong>Style moderne et minimaliste : <\/strong>Le meuble de salle de bains est con\u00e7u dans un style simple et tendance, avec des lignes fluides et des couleurs douces, qui peuvent se fondre dans diff\u00e9rents styles de d\u00e9coration de salle de bains, am\u00e9liorant ainsi l'attrait esth\u00e9tique g\u00e9n\u00e9ral et le style de l'espace.<\/p>\n\n\n\n<p><strong>Armoire de toilette au design int\u00e9gr\u00e9 : <\/strong>Elle est \u00e9quip\u00e9e d'une armoire de toilette combin\u00e9e, offrant non seulement un grand espace de rangement pour les articles de toilette, mais aussi une fonction miroir pour r\u00e9pondre aux besoins quotidiens de toilettage, ce qui est pratique et commode.<\/p>\n\n\n\n<p><strong>D\u00e9tails exquis : <\/strong>La conception d\u00e9taill\u00e9e du produit t\u00e9moigne de la recherche constante de la qualit\u00e9. Les angles du meuble de salle de bains ont \u00e9t\u00e9 m\u00e9ticuleusement polis et pr\u00e9sentent une texture lisse et arrondie. Cela permet non seulement d'\u00e9viter les chocs et les blessures lors de l'utilisation, mais aussi d'ajouter une touche de beaut\u00e9 douce. <\/p>\n\n\n\n<p><strong>Structure de protection stable<\/strong>: Le syst\u00e8me d'ouverture et de fermeture de la porte de l'armoire a \u00e9t\u00e9 ajust\u00e9 \u00e0 plusieurs reprises, garantissant un fonctionnement en douceur sans aucune obstruction et une excellente \u00e9tanch\u00e9it\u00e9, emp\u00eachant efficacement la poussi\u00e8re et l'humidit\u00e9 de p\u00e9n\u00e9trer dans l'armoire.<\/p>\n\n\n\n<p><strong>Grand nombre de stocks semi-personnalis\u00e9s<\/strong>:  Il garantit la livraison rapide de produits ponctuels, r\u00e9pond \u00e0 des besoins personnalis\u00e9s et tient compte de la flexibilit\u00e9 et de l'efficacit\u00e9.<\/p>\n<\/div>\n\n\n\n<div class=\"wp-block-column is-layout-flow wp-block-column-is-layout-flow\"><div class=\"wp-block-image\">\n<figure class=\"aligncenter size-full\"><img decoding=\"async\" width=\"700\" height=\"700\" src=\"https:\/\/www.shouyasanitary.com\/wp-content\/uploads\/2025\/08\/OEM-bathroom-cabinet-vanity-1.webp\" alt=\"Meuble de salle de bains OEM\" class=\"wp-image-1760\" style=\"object-fit:cover\" srcset=\"https:\/\/www.shouyasanitary.com\/wp-content\/uploads\/2025\/08\/OEM-bathroom-cabinet-vanity-1.webp 700w, https:\/\/www.shouyasanitary.com\/wp-content\/uploads\/2025\/08\/OEM-bathroom-cabinet-vanity-1-300x300.webp 300w, https:\/\/www.shouyasanitary.com\/wp-content\/uploads\/2025\/08\/OEM-bathroom-cabinet-vanity-1-150x150.webp 150w, https:\/\/www.shouyasanitary.com\/wp-content\/uploads\/2025\/08\/OEM-bathroom-cabinet-vanity-1-12x12.webp 12w, https:\/\/www.shouyasanitary.com\/wp-content\/uploads\/2025\/08\/OEM-bathroom-cabinet-vanity-1-600x600.webp 600w, https:\/\/www.shouyasanitary.com\/wp-content\/uploads\/2025\/08\/OEM-bathroom-cabinet-vanity-1-100x100.webp 100w\" sizes=\"(max-width: 700px) 100vw, 700px\" \/><\/figure>\n<\/div><\/div>\n<\/div>","protected":false},"excerpt":{"rendered":"<p>Les armoires de salle de bains grises en gros, fabriqu\u00e9es en PVC imperm\u00e9able avec un ensemble de miroirs, pr\u00e9sentent un design simple qui s'adapte \u00e0 diff\u00e9rents styles, offrant \u00e0 la fois des fonctions de rangement et de miroir. Elles ajoutent de la praticit\u00e9 et de la beaut\u00e9 \u00e0 la salle de bain. Nous avons un grand inventaire d'articles semi-personnalis\u00e9s, offrant des prix de gros et des services personnalis\u00e9s. N'h\u00e9sitez pas \u00e0 nous contacter pour un devis !<\/p>\n<h2>Armoires de salle de bains grises Attributs\uff1a<\/h2>\n<p><strong>Num\u00e9ro d'article : <\/strong>J1205-80<strong><br \/>Mat\u00e9riau de l'armoire :<\/strong> PVC<br \/><strong>Couleur de l'armoire :\u00a0<\/strong>Gris<br \/><strong>Miroir :<\/strong> Miroir LED (3,5 mm\/3,8 mm), \u00e9clairage tricolore, d\u00e9sembuage par simple pression d'une touche, s\u00e9curis\u00e9 par un emballage en mousse multicouche.<br \/><strong>Type d'installation :<\/strong>\u00a0Montage mural<br \/><strong>Dimensions (L\u00d7L\u00d7H) :<\/strong> 80*47*45 cm<br \/><strong>Poids brut :<\/strong> 30kg\/set<\/p>\n<h2>Personnalisation et services :<\/h2>\n<p><strong>OEM ET ODM<\/strong>: Pris en charge<br \/><strong>Conception<\/strong>: Gratuit<br \/><strong>Accessoires<\/strong>: Lavabos, miroirs, robinets et autres accessoires de salle de bains<br \/><strong>Emballage<\/strong>: Pr\u00eat \u00e0 monter<\/p>","protected":false},"featured_media":1760,"comment_status":"closed","ping_status":"closed","template":"","meta":{"_acf_changed":true},"product_brand":[],"product_cat":[24],"product_tag":[],"class_list":{"0":"post-1750","1":"product","2":"type-product","3":"status-publish","4":"has-post-thumbnail","6":"product_cat-wholesale-pvc-bathroom-vanity-cabinets","8":"first","9":"instock","10":"shipping-taxable","11":"product-type-simple"},"acf":[],"_links":{"self":[{"href":"https:\/\/www.shouyasanitary.com\/fr\/wp-json\/wp\/v2\/product\/1750","targetHints":{"allow":["GET"]}}],"collection":[{"href":"https:\/\/www.shouyasanitary.com\/fr\/wp-json\/wp\/v2\/product"}],"about":[{"href":"https:\/\/www.shouyasanitary.com\/fr\/wp-json\/wp\/v2\/types\/product"}],"replies":[{"embeddable":true,"href":"https:\/\/www.shouyasanitary.com\/fr\/wp-json\/wp\/v2\/comments?post=1750"}],"wp:featuredmedia":[{"embeddable":true,"href":"https:\/\/www.shouyasanitary.com\/fr\/wp-json\/wp\/v2\/media\/1760"}],"wp:attachment":[{"href":"https:\/\/www.shouyasanitary.com\/fr\/wp-json\/wp\/v2\/media?parent=1750"}],"wp:term":[{"taxonomy":"product_brand","embeddable":true,"href":"https:\/\/www.shouyasanitary.com\/fr\/wp-json\/wp\/v2\/product_brand?post=1750"},{"taxonomy":"product_cat","embeddable":true,"href":"https:\/\/www.shouyasanitary.com\/fr\/wp-json\/wp\/v2\/product_cat?post=1750"},{"taxonomy":"product_tag","embeddable":true,"href":"https:\/\/www.shouyasanitary.com\/fr\/wp-json\/wp\/v2\/product_tag?post=1750"}],"curies":[{"name":"wp","href":"https:\/\/api.w.org\/{rel}","templated":true}]}}