{"id":1751,"date":"2025-08-15T07:01:17","date_gmt":"2025-08-15T07:01:17","guid":{"rendered":"https:\/\/www.shouyasanitary.com\/?post_type=product&#038;p=1751"},"modified":"2025-10-28T06:37:08","modified_gmt":"2025-10-28T06:37:08","slug":"wholesale-grey-bathroom-cabinets","status":"publish","type":"product","link":"https:\/\/www.shouyasanitary.com\/fr\/produit\/wholesale-grey-bathroom-cabinets\/","title":{"rendered":"Wholesale Grey Bathroom Cabinets, PVC Floating Bathroom Vanity Custom"},"content":{"rendered":"<div class=\"wp-block-columns is-layout-flex wp-container-core-columns-is-layout-9d6595d7 wp-block-columns-is-layout-flex\">\n<div class=\"wp-block-column is-layout-flow wp-block-column-is-layout-flow\">\n<h2 class=\"wp-block-heading\">Caract\u00e9ristiques des armoires de salle de bain grises\uff1a<\/h2>\n\n\n\n<p><strong>Coordination multi-styles :<\/strong> L'aspect ext\u00e9rieur est simple et nouveau, avec une couleur gris clair douce et souple. Il s'adapte naturellement \u00e0 diff\u00e9rents styles de d\u00e9coration de salle de bains, tels que le style nordique, le style minimaliste moderne ou le style un peu luxueux. Il peut satisfaire pleinement les diff\u00e9rentes exigences esth\u00e9tiques de la maison.<\/p>\n\n\n\n<p><strong>Efficacit\u00e9 spatiale :<\/strong> L'espace partiellement ouvert de l'armoire de toilette permet de ranger des articles de toilette facilement accessibles ; la porte ferm\u00e9e de l'armoire contient un miroir de courtoisie haute d\u00e9finition et un \u00e9clairage LED. Les armoires de salle de bains \u00e0 double porte sont parfaites pour ranger les accessoires de salle de bains de grande taille et optimiser l'utilisation de l'espace.<\/p>\n\n\n\n<p><strong>Optimisation des d\u00e9tails fonctionnels<\/strong>: En plus de servir de lumi\u00e8re d'appoint lorsqu'elles sont allum\u00e9es et de g\u00e9n\u00e9rer une ambiance chaleureuse, les lumi\u00e8res d'ambiance sup\u00e9rieures en forme de point sur l'armoire de toilette \u00e9liminent \u00e9galement l'aspect terne des portes \u00e0 panneaux.<\/p>\n\n\n\n<p><strong>Mat\u00e9riau PVC de longue dur\u00e9e<\/strong>: Le corps de l'armoire est fabriqu\u00e9 \u00e0 partir d'un mat\u00e9riau PVC de premi\u00e8re qualit\u00e9, dot\u00e9 de solides propri\u00e9t\u00e9s d'imperm\u00e9abilit\u00e9 \u00e0 l'eau et \u00e0 l'humidit\u00e9. Il conserve un bel aspect m\u00eame apr\u00e8s une utilisation prolong\u00e9e.<\/p>\n<\/div>\n\n\n\n<div class=\"wp-block-column is-layout-flow wp-block-column-is-layout-flow\"><div class=\"wp-block-image\">\n<figure class=\"aligncenter size-full\"><img decoding=\"async\" width=\"700\" height=\"700\" src=\"https:\/\/www.shouyasanitary.com\/wp-content\/uploads\/2025\/08\/Factory-wholesale-PVC-Bathroom-Cabinet-Vanity.webp\" alt=\"Factory wholesale PVC Bathroom Cabinet Vanity\" class=\"wp-image-1756\" style=\"object-fit:cover\" srcset=\"https:\/\/www.shouyasanitary.com\/wp-content\/uploads\/2025\/08\/Factory-wholesale-PVC-Bathroom-Cabinet-Vanity.webp 700w, https:\/\/www.shouyasanitary.com\/wp-content\/uploads\/2025\/08\/Factory-wholesale-PVC-Bathroom-Cabinet-Vanity-300x300.webp 300w, https:\/\/www.shouyasanitary.com\/wp-content\/uploads\/2025\/08\/Factory-wholesale-PVC-Bathroom-Cabinet-Vanity-150x150.webp 150w, https:\/\/www.shouyasanitary.com\/wp-content\/uploads\/2025\/08\/Factory-wholesale-PVC-Bathroom-Cabinet-Vanity-12x12.webp 12w, https:\/\/www.shouyasanitary.com\/wp-content\/uploads\/2025\/08\/Factory-wholesale-PVC-Bathroom-Cabinet-Vanity-600x600.webp 600w, https:\/\/www.shouyasanitary.com\/wp-content\/uploads\/2025\/08\/Factory-wholesale-PVC-Bathroom-Cabinet-Vanity-100x100.webp 100w\" sizes=\"(max-width: 700px) 100vw, 700px\" \/><\/figure>\n<\/div><\/div>\n<\/div>","protected":false},"excerpt":{"rendered":"<p>Grossiste armoire de salle de bain grise avec miroir, \u00e9tanche, mat\u00e9riau PVC durable, conception murale, personnalisable pour les projets r\u00e9sidentiels et commerciaux. Contactez-nous pour des solutions de salle de bain OEM\/ODM ! Nous vous invitons \u00e0 nous contacter pour plus d'informations.<\/p>\n<h2>Armoires de salle de bain grises Attributs\uff1a<\/h2>\n<p><strong>Num\u00e9ro d'article :<\/strong>J1203-80<strong><br \/>Mat\u00e9riau de l'armoire :<\/strong> PVC<br \/><strong>Couleur de l'armoire :<\/strong> Gris clair<br \/><strong>Miroir :<\/strong> Miroir LED (3,5 mm\/3,8 mm), \u00e9clairage tricolore, d\u00e9sembuage par simple pression d'une touche, s\u00e9curis\u00e9 par un emballage en mousse multicouche.<br \/><strong>Type d'installation :<\/strong>\u00a0Montage mural<br \/><strong>Dimensions (L\u00d7L\u00d7H) :<\/strong> 80*47*42 cm<br \/><strong>Poids brut :<\/strong> 30kg\/set<\/p>\n<h2>Personnalisation et services :<\/h2>\n<p><strong>OEM ET ODM<\/strong>: Pris en charge<br \/><strong>Conception<\/strong>: Gratuit<br \/><strong>Accessoires<\/strong>: Lavabos, miroirs, robinets et autres accessoires de salle de bains<br \/><strong>Emballage<\/strong>: Pr\u00eat \u00e0 monter<\/p>","protected":false},"featured_media":1756,"comment_status":"closed","ping_status":"closed","template":"","meta":{"_acf_changed":false},"product_brand":[],"product_cat":[24],"product_tag":[],"class_list":{"0":"post-1751","1":"product","2":"type-product","3":"status-publish","4":"has-post-thumbnail","6":"product_cat-wholesale-pvc-bathroom-vanity-cabinets","8":"first","9":"instock","10":"shipping-taxable","11":"product-type-simple"},"acf":[],"_links":{"self":[{"href":"https:\/\/www.shouyasanitary.com\/fr\/wp-json\/wp\/v2\/product\/1751","targetHints":{"allow":["GET"]}}],"collection":[{"href":"https:\/\/www.shouyasanitary.com\/fr\/wp-json\/wp\/v2\/product"}],"about":[{"href":"https:\/\/www.shouyasanitary.com\/fr\/wp-json\/wp\/v2\/types\/product"}],"replies":[{"embeddable":true,"href":"https:\/\/www.shouyasanitary.com\/fr\/wp-json\/wp\/v2\/comments?post=1751"}],"wp:featuredmedia":[{"embeddable":true,"href":"https:\/\/www.shouyasanitary.com\/fr\/wp-json\/wp\/v2\/media\/1756"}],"wp:attachment":[{"href":"https:\/\/www.shouyasanitary.com\/fr\/wp-json\/wp\/v2\/media?parent=1751"}],"wp:term":[{"taxonomy":"product_brand","embeddable":true,"href":"https:\/\/www.shouyasanitary.com\/fr\/wp-json\/wp\/v2\/product_brand?post=1751"},{"taxonomy":"product_cat","embeddable":true,"href":"https:\/\/www.shouyasanitary.com\/fr\/wp-json\/wp\/v2\/product_cat?post=1751"},{"taxonomy":"product_tag","embeddable":true,"href":"https:\/\/www.shouyasanitary.com\/fr\/wp-json\/wp\/v2\/product_tag?post=1751"}],"curies":[{"name":"wp","href":"https:\/\/api.w.org\/{rel}","templated":true}]}}