{"id":1759,"date":"2025-08-24T15:51:19","date_gmt":"2025-08-24T15:51:19","guid":{"rendered":"https:\/\/www.shouyasanitary.com\/?post_type=product&#038;p=1759"},"modified":"2025-08-24T15:51:21","modified_gmt":"2025-08-24T15:51:21","slug":"wholesale-small-cabinet-for-bathroom","status":"publish","type":"product","link":"https:\/\/www.shouyasanitary.com\/fr\/produit\/wholesale-small-cabinet-for-bathroom\/","title":{"rendered":"Wholesale Small Cabinet for Bathroom, Floating PVC Bathroom Vanity Mirror Cabinet Supplier"},"content":{"rendered":"<div class=\"wp-block-columns is-layout-flex wp-container-core-columns-is-layout-9d6595d7 wp-block-columns-is-layout-flex\">\n<div class=\"wp-block-column is-layout-flow wp-block-column-is-layout-flow\">\n<h2 class=\"wp-block-heading\">Caract\u00e9ristiques du petit meuble de salle de bains\uff1a<\/h2>\n\n\n\n<p><strong>Style moderne et minimaliste<\/strong>: Son apparence est simple et \u00e9l\u00e9gante, avec des lignes douces, et il peut parfaitement s'int\u00e9grer \u00e0 diff\u00e9rents styles de d\u00e9coration de la salle de bains. Sa forme exquise et sa couleur \u00e9l\u00e9gante am\u00e9liorent non seulement l'esth\u00e9tique g\u00e9n\u00e9rale de la salle de bains, mais ajoutent \u00e9galement une touche de mode et de confort \u00e0 votre vie quotidienne.<\/p>\n\n\n\n<p><strong>Mat\u00e9riau PVC de haute qualit\u00e9 : <\/strong>Fabriqu\u00e9 en PVC de haute qualit\u00e9, il est imperm\u00e9able, r\u00e9sistant \u00e0 l'humidit\u00e9 et \u00e0 la corrosion, ce qui lui permet de r\u00e9sister efficacement \u00e0 l'\u00e9rosion de l'environnement humide de la salle de bains sur le meuble, prolongeant ainsi sa dur\u00e9e de vie.<\/p>\n\n\n\n<p><strong>Structure murale<\/strong>: Elle \u00e9conomise l'espace au sol et est facile \u00e0 nettoyer. La petite taille de l'armoire de toilette donne \u00e0 la petite salle de bains un aspect spacieux et lumineux.<\/p>\n\n\n\n<p><strong>Armoire de toilette int\u00e9gr\u00e9e : <\/strong>Cette armoire de toilette est \u00e9quip\u00e9e d'un miroir int\u00e9gr\u00e9. Elle offre non seulement un grand espace de rangement, ce qui vous permet de ranger vos articles de toilette et vos produits cosm\u00e9tiques, mais elle est \u00e9galement dot\u00e9e d'une porte pratique \u00e0 ouvrir, ce qui vous permet d'acc\u00e9der facilement aux articles dont vous avez besoin.<\/p>\n\n\n\n<p><strong>Fonction de rangement pratique :<\/strong> Sous le meuble de salle de bains se trouve un meuble de rangement pratique. La conception \u00e0 double porte facilite le rangement et l'acc\u00e8s aux objets. Il peut accueillir davantage de fournitures de salle de bains, ce qui rend la salle de bains plus propre et mieux organis\u00e9e. En m\u00eame temps, la poign\u00e9e circulaire sur la porte de l'armoire ajoute une touche de mode et de praticit\u00e9.<\/p>\n\n\n\n<p><strong>Fourniture directe par l'usine :<\/strong> Des prix plus comp\u00e9titifs pour r\u00e9pondre aux besoins d'achat en gros. Des tailles et des couleurs personnalis\u00e9es sont disponibles pour s'adapter avec souplesse aux exigences des diff\u00e9rents projets.<\/p>\n<\/div>\n\n\n\n<div class=\"wp-block-column is-layout-flow wp-block-column-is-layout-flow\"><div class=\"wp-block-image\">\n<figure class=\"aligncenter size-full\"><img decoding=\"async\" width=\"700\" height=\"700\" src=\"https:\/\/www.shouyasanitary.com\/wp-content\/uploads\/2025\/08\/Bulk-Purchases-PVC-bathroom-cabinet.webp\" alt=\"Achats en vrac Armoire de salle de bain en PVC\" class=\"wp-image-1763\" style=\"object-fit:cover\" srcset=\"https:\/\/www.shouyasanitary.com\/wp-content\/uploads\/2025\/08\/Bulk-Purchases-PVC-bathroom-cabinet.webp 700w, https:\/\/www.shouyasanitary.com\/wp-content\/uploads\/2025\/08\/Bulk-Purchases-PVC-bathroom-cabinet-300x300.webp 300w, https:\/\/www.shouyasanitary.com\/wp-content\/uploads\/2025\/08\/Bulk-Purchases-PVC-bathroom-cabinet-150x150.webp 150w, https:\/\/www.shouyasanitary.com\/wp-content\/uploads\/2025\/08\/Bulk-Purchases-PVC-bathroom-cabinet-12x12.webp 12w, https:\/\/www.shouyasanitary.com\/wp-content\/uploads\/2025\/08\/Bulk-Purchases-PVC-bathroom-cabinet-600x600.webp 600w, https:\/\/www.shouyasanitary.com\/wp-content\/uploads\/2025\/08\/Bulk-Purchases-PVC-bathroom-cabinet-100x100.webp 100w\" sizes=\"(max-width: 700px) 100vw, 700px\" \/><\/figure>\n<\/div><\/div>\n<\/div>","protected":false},"excerpt":{"rendered":"<p>Petit meuble de salle de bain en gros, de style moderne, avec une vasque en c\u00e9ramique int\u00e9gr\u00e9e et un PVC imperm\u00e9able, il am\u00e9liore facilement l'esth\u00e9tique et la fonctionnalit\u00e9 de rangement de votre salle de bain. Nous fabriquons en direct, des options personnalisables sont disponibles. Contactez-nous pour un devis !<\/p>\n<h2>Petite armoire pour salle de bains Attributs\uff1a<\/h2>\n<p><strong>Num\u00e9ro d'article : <\/strong>J1206-60<strong><br \/>Mat\u00e9riau de l'armoire :<\/strong> PVC<br \/><strong>Couleur de l'armoire :\u00a0<\/strong>Kaki<br \/><strong>Miroir :<\/strong> Miroir LED (3,5 mm\/3,8 mm), \u00e9clairage tricolore, d\u00e9sembuage par simple pression d'une touche, s\u00e9curis\u00e9 par un emballage en mousse multicouche.<br \/><strong>Type d'installation :<\/strong>\u00a0Montage mural<br \/><strong>Dimensions (L\u00d7L\u00d7H) :<\/strong> 60*47*45 cm<br \/><strong>Poids brut :<\/strong> 28kg\/set<\/p>\n<h2>Personnalisation et services :<\/h2>\n<p><strong>OEM ET ODM<\/strong>: Pris en charge<br \/><strong>Conception<\/strong>: Gratuit<br \/><strong>Accessoires<\/strong>: Lavabos, miroirs, robinets et autres accessoires de salle de bains<br \/><strong>Emballage<\/strong>: Pr\u00eat \u00e0 monter<\/p>","protected":false},"featured_media":1763,"comment_status":"closed","ping_status":"closed","template":"","meta":{"_acf_changed":true},"product_brand":[],"product_cat":[24],"product_tag":[],"class_list":{"0":"post-1759","1":"product","2":"type-product","3":"status-publish","4":"has-post-thumbnail","6":"product_cat-wholesale-pvc-bathroom-vanity-cabinets","8":"first","9":"instock","10":"shipping-taxable","11":"product-type-simple"},"acf":[],"_links":{"self":[{"href":"https:\/\/www.shouyasanitary.com\/fr\/wp-json\/wp\/v2\/product\/1759","targetHints":{"allow":["GET"]}}],"collection":[{"href":"https:\/\/www.shouyasanitary.com\/fr\/wp-json\/wp\/v2\/product"}],"about":[{"href":"https:\/\/www.shouyasanitary.com\/fr\/wp-json\/wp\/v2\/types\/product"}],"replies":[{"embeddable":true,"href":"https:\/\/www.shouyasanitary.com\/fr\/wp-json\/wp\/v2\/comments?post=1759"}],"wp:featuredmedia":[{"embeddable":true,"href":"https:\/\/www.shouyasanitary.com\/fr\/wp-json\/wp\/v2\/media\/1763"}],"wp:attachment":[{"href":"https:\/\/www.shouyasanitary.com\/fr\/wp-json\/wp\/v2\/media?parent=1759"}],"wp:term":[{"taxonomy":"product_brand","embeddable":true,"href":"https:\/\/www.shouyasanitary.com\/fr\/wp-json\/wp\/v2\/product_brand?post=1759"},{"taxonomy":"product_cat","embeddable":true,"href":"https:\/\/www.shouyasanitary.com\/fr\/wp-json\/wp\/v2\/product_cat?post=1759"},{"taxonomy":"product_tag","embeddable":true,"href":"https:\/\/www.shouyasanitary.com\/fr\/wp-json\/wp\/v2\/product_tag?post=1759"}],"curies":[{"name":"wp","href":"https:\/\/api.w.org\/{rel}","templated":true}]}}