{"id":1810,"date":"2025-08-24T15:51:02","date_gmt":"2025-08-24T15:51:02","guid":{"rendered":"https:\/\/www.shouyasanitary.com\/?post_type=product&#038;p=1810"},"modified":"2025-08-24T15:51:04","modified_gmt":"2025-08-24T15:51:04","slug":"wholesale-modern-bathroom-vanities","status":"publish","type":"product","link":"https:\/\/www.shouyasanitary.com\/fr\/produit\/wholesale-modern-bathroom-vanities\/","title":{"rendered":"Wholesale Modern Bathroom Vanities, Bathroom Cabinet with Mirror and Light for Project Procurement Item"},"content":{"rendered":"<div class=\"wp-block-columns is-layout-flex wp-container-core-columns-is-layout-9d6595d7 wp-block-columns-is-layout-flex\">\n<div class=\"wp-block-column is-layout-flow wp-block-column-is-layout-flow\">\n<h2 class=\"wp-block-heading\">Caract\u00e9ristiques des meubles-lavabos modernes\uff1a<\/h2>\n\n\n\n<p><strong>PVC de haute qualit\u00e9<\/strong>: Il poss\u00e8de d'excellentes propri\u00e9t\u00e9s d'imperm\u00e9abilit\u00e9 \u00e0 l'eau et \u00e0 l'humidit\u00e9. Il ne se d\u00e9forme pas et ne pourrit pas dans l'environnement humide de la salle de bains, ce qui r\u00e9duit les co\u00fbts d'entretien et de remplacement ult\u00e9rieurs et garantit une utilisation stable \u00e0 long terme.<\/p>\n\n\n\n<p><strong>Montage mural Installation : <\/strong>L'installation suspendue permet d'\u00e9conomiser de l'espace au sol, lib\u00e9rant ainsi de l'espace pour un aspect plus l\u00e9ger, ce qui est pratique pour le nettoyage et l'entretien. <\/p>\n\n\n\n<p><strong>Armoire de toilette intelligente :<\/strong> L'armoire de toilette fournit un \u00e9clairage pratique pour la toilette et le maquillage, am\u00e9liorant ainsi l'exp\u00e9rience de l'utilisateur et contribuant \u00e0 la qualit\u00e9 du projet.<\/p>\n\n\n\n<p><strong>Un vaste espace de rangement :<\/strong> La taille de 80 cm convient \u00e0 la plupart des salles de bains. Elle est dot\u00e9e d'un double tiroir et d'une armoire \u00e0 glace, ce qui permet de ranger les articles de toilette et les articles en vrac par couches successives. Cela permet d'\u00e9liminer le d\u00e9sordre et d'am\u00e9liorer l'ordre dans la salle de bains, tout en r\u00e9pondant aux exigences de configuration normalis\u00e9es pour les h\u00f4tels et les appartements.<\/p>\n\n\n\n<p><strong>Mat\u00e9riau facile \u00e0 nettoyer<\/strong>: Les mat\u00e9riaux PVC et c\u00e9ramique sont faciles \u00e0 nettoyer et r\u00e9sistants \u00e0 la salet\u00e9, ce qui simplifie l'entretien quotidien et convient aux achats en gros.<\/p>\n\n\n\n<p><strong>S'adapte \u00e0 diff\u00e9rents styles de d\u00e9coration : <\/strong>Un simple aspect gris clair, associ\u00e9 \u00e0 des poign\u00e9es dor\u00e9es et \u00e0 des \u00e9clairages frontaux intelligents, maintient un haut niveau d'apparence tout en s'int\u00e9grant facilement \u00e0 diff\u00e9rents styles de d\u00e9coration.<\/p>\n<\/div>\n\n\n\n<div class=\"wp-block-column is-layout-flow wp-block-column-is-layout-flow\"><div class=\"wp-block-image\">\n<figure class=\"aligncenter size-full\"><img decoding=\"async\" width=\"700\" height=\"700\" src=\"https:\/\/www.shouyasanitary.com\/wp-content\/uploads\/2025\/08\/Factory-made-custom-bathroom-cabinet-vanity.webp\" alt=\"Meuble de salle de bain sur mesure fabriqu\u00e9 en usine\" class=\"wp-image-1819\" style=\"object-fit:cover\" srcset=\"https:\/\/www.shouyasanitary.com\/wp-content\/uploads\/2025\/08\/Factory-made-custom-bathroom-cabinet-vanity.webp 700w, https:\/\/www.shouyasanitary.com\/wp-content\/uploads\/2025\/08\/Factory-made-custom-bathroom-cabinet-vanity-300x300.webp 300w, https:\/\/www.shouyasanitary.com\/wp-content\/uploads\/2025\/08\/Factory-made-custom-bathroom-cabinet-vanity-150x150.webp 150w, https:\/\/www.shouyasanitary.com\/wp-content\/uploads\/2025\/08\/Factory-made-custom-bathroom-cabinet-vanity-12x12.webp 12w, https:\/\/www.shouyasanitary.com\/wp-content\/uploads\/2025\/08\/Factory-made-custom-bathroom-cabinet-vanity-600x600.webp 600w, https:\/\/www.shouyasanitary.com\/wp-content\/uploads\/2025\/08\/Factory-made-custom-bathroom-cabinet-vanity-100x100.webp 100w\" sizes=\"(max-width: 700px) 100vw, 700px\" \/><\/figure>\n<\/div><\/div>\n<\/div>","protected":false},"excerpt":{"rendered":"<p>Les vanit\u00e9s de salle de bain modernes sont vendues en gros. La taille de 80CM convient \u00e0 la plupart des espaces de salle de bain. Fabriqu\u00e9 en PVC, il est imperm\u00e9able et durable. Avec deux tiroirs et une armoire de toilette pour un grand espace de rangement, l'armoire de toilette \u00e9quip\u00e9e d'une lampe est pratique et commode. Fournie directement par le fabricant, elle offre des avantages pour l'approvisionnement des projets. Contactez-nous pour plus d'informations.<\/p>\n<h2>Vanit\u00e9s de salle de bain modernes Attributs\uff1a<\/h2>\n<p><strong>Num\u00e9ro d'article : <\/strong>J1232-80<strong><br \/>Mat\u00e9riau de l'armoire :<\/strong> PVC<br \/><strong>Couleur de l'armoire :<\/strong> Gris clair<br \/><strong>Miroir :<\/strong> Miroir LED (3,5 mm\/3,8 mm), \u00e9clairage tricolore, d\u00e9sembuage par simple pression d'une touche, s\u00e9curis\u00e9 par un emballage en mousse multicouche.<br \/><strong>Type d'installation :<\/strong>\u00a0Montage mural<br \/><strong>Dimensions (L\u00d7L\u00d7H) :<\/strong> 80x50x48 cm<br \/><strong>Poids brut :<\/strong> 30kg\/set<\/p>\n<h2>Personnalisation et services :<\/h2>\n<p><strong>OEM ET ODM<\/strong>: Pris en charge<br \/><strong>Conception<\/strong>: Gratuit<br \/><strong>Accessoires<\/strong>: Lavabos, miroirs, robinets et autres accessoires de salle de bains<br \/><strong>Emballage<\/strong>: Pr\u00eat \u00e0 monter<\/p>","protected":false},"featured_media":1819,"comment_status":"closed","ping_status":"closed","template":"","meta":{"_acf_changed":true},"product_brand":[],"product_cat":[24],"product_tag":[],"class_list":{"0":"post-1810","1":"product","2":"type-product","3":"status-publish","4":"has-post-thumbnail","6":"product_cat-wholesale-pvc-bathroom-vanity-cabinets","8":"first","9":"instock","10":"shipping-taxable","11":"product-type-simple"},"acf":[],"_links":{"self":[{"href":"https:\/\/www.shouyasanitary.com\/fr\/wp-json\/wp\/v2\/product\/1810","targetHints":{"allow":["GET"]}}],"collection":[{"href":"https:\/\/www.shouyasanitary.com\/fr\/wp-json\/wp\/v2\/product"}],"about":[{"href":"https:\/\/www.shouyasanitary.com\/fr\/wp-json\/wp\/v2\/types\/product"}],"replies":[{"embeddable":true,"href":"https:\/\/www.shouyasanitary.com\/fr\/wp-json\/wp\/v2\/comments?post=1810"}],"wp:featuredmedia":[{"embeddable":true,"href":"https:\/\/www.shouyasanitary.com\/fr\/wp-json\/wp\/v2\/media\/1819"}],"wp:attachment":[{"href":"https:\/\/www.shouyasanitary.com\/fr\/wp-json\/wp\/v2\/media?parent=1810"}],"wp:term":[{"taxonomy":"product_brand","embeddable":true,"href":"https:\/\/www.shouyasanitary.com\/fr\/wp-json\/wp\/v2\/product_brand?post=1810"},{"taxonomy":"product_cat","embeddable":true,"href":"https:\/\/www.shouyasanitary.com\/fr\/wp-json\/wp\/v2\/product_cat?post=1810"},{"taxonomy":"product_tag","embeddable":true,"href":"https:\/\/www.shouyasanitary.com\/fr\/wp-json\/wp\/v2\/product_tag?post=1810"}],"curies":[{"name":"wp","href":"https:\/\/api.w.org\/{rel}","templated":true}]}}