{"id":1829,"date":"2025-08-29T08:44:05","date_gmt":"2025-08-29T08:44:05","guid":{"rendered":"https:\/\/www.shouyasanitary.com\/?post_type=product&#038;p=1829"},"modified":"2025-08-29T08:44:55","modified_gmt":"2025-08-29T08:44:55","slug":"wholesale-black-bathroom-cabinet","status":"publish","type":"product","link":"https:\/\/www.shouyasanitary.com\/fr\/produit\/wholesale-black-bathroom-cabinet\/","title":{"rendered":"Wholesale Black Bathroom Cabinet, Modern Plywood Bath Vanity Single Sink Supplier"},"content":{"rendered":"<div class=\"wp-block-columns is-layout-flex wp-container-core-columns-is-layout-9d6595d7 wp-block-columns-is-layout-flex\">\n<div class=\"wp-block-column is-layout-flow wp-block-column-is-layout-flow\">\n<h2 class=\"wp-block-heading\">Armoire de salle de bain noire Caract\u00e9ristiques :<\/h2>\n\n\n\n<p><strong>Teinte sobre :<\/strong> En termes de pr\u00e9sentation des couleurs, le corps principal du meuble de salle de bains est choisi en gris fonc\u00e9, une teinte cors\u00e9e qui d\u00e9gage par nature une texture sereine. La vasque blanche sert de \"tache lumineuse\" dans l'espace, \u00e9quilibrant la lourdeur du gris fonc\u00e9.<\/p>\n\n\n\n<p><strong>Style polyvalent : <\/strong>Le corps de l'armoire gris fonc\u00e9 r\u00e9pond parfaitement aux crit\u00e8res esth\u00e9tiques du minimalisme moderne et du luxe l\u00e9ger. Qu'il soit associ\u00e9 \u00e0 des murs gris ciment pour cr\u00e9er un style industriel ou qu'il entre en collision avec un espace de couleur cr\u00e8me, il s'int\u00e8gre naturellement. <\/p>\n\n\n\n<p><strong>Mat\u00e9riau durable<\/strong>: Le contreplaqu\u00e9 est constitu\u00e9 de plusieurs couches minces coll\u00e9es les unes aux autres, ce qui lui conf\u00e8re une structure stable. Compte tenu de l'environnement humide et variable des salles de bains, le contreplaqu\u00e9, gr\u00e2ce \u00e0 son excellente r\u00e9sistance \u00e0 la d\u00e9formation, peut supporter les changements de temp\u00e9rature et d'humidit\u00e9. Il est moins susceptible de se fissurer et de se d\u00e9former, m\u00eame apr\u00e8s une utilisation prolong\u00e9e, ce qui garantit la durabilit\u00e9 des armoires de salle de bains. C'est un \"choix fiable\" pour les espaces humides.<\/p>\n\n\n\n<p><strong>Effet visuel : <\/strong>Le gris fonc\u00e9 apporte une sensation de contraction, diminuant le volume de l'armoire et rendant la salle de bains moins encombr\u00e9e. Associ\u00e9 \u00e0 un lavabo blanc, le contraste entre les couleurs fonc\u00e9es et claires rompt la monotonie, donnant \u00e0 l'espace un effet de \"filtre clair et fonc\u00e9\", ce qui renforce instantan\u00e9ment la sensation de profondeur ! M\u00eame si la salle de bains est petite, elle peut para\u00eetre spacieuse gr\u00e2ce \u00e0 la magie de la couleur. <\/p>\n\n\n\n<p><strong>Installation murale :<\/strong> La conception suspendue lib\u00e8re le sol, ce qui permet aux robots de nettoyage de circuler facilement et d'\u00e9viter les zones mortes. Sans l'\"obstruction\" des meubles pos\u00e9s au sol, l'espace semble plus transparent, ce qui donne aux petites salles de bains l'impression d'un \"grand niveau plat\".<\/p>\n\n\n\n<p><strong>Prix de gros<\/strong>: L'approvisionnement direct de l'usine, les grandes quantit\u00e9s de stocks semi-personnalis\u00e9s, les achats en gros \u00e0 grande \u00e9chelle permettent de b\u00e9n\u00e9ficier de prix de gros, de r\u00e9duire les co\u00fbts unitaires et d'aider les concessionnaires et les entrepreneurs \u00e0 obtenir des marges b\u00e9n\u00e9ficiaires plus \u00e9lev\u00e9es.<\/p>\n<\/div>\n\n\n\n<div class=\"wp-block-column is-layout-flow wp-block-column-is-layout-flow\"><div class=\"wp-block-image\">\n<figure class=\"aligncenter size-full\"><img decoding=\"async\" width=\"700\" height=\"700\" src=\"https:\/\/www.shouyasanitary.com\/wp-content\/uploads\/2025\/08\/Custom-Solutions-Bathroom-Wall-Mount.webp\" alt=\"Custom Solutions Bathroom Wall Mount Mount\" class=\"wp-image-1833\" style=\"object-fit:cover\" srcset=\"https:\/\/www.shouyasanitary.com\/wp-content\/uploads\/2025\/08\/Custom-Solutions-Bathroom-Wall-Mount.webp 700w, https:\/\/www.shouyasanitary.com\/wp-content\/uploads\/2025\/08\/Custom-Solutions-Bathroom-Wall-Mount-300x300.webp 300w, https:\/\/www.shouyasanitary.com\/wp-content\/uploads\/2025\/08\/Custom-Solutions-Bathroom-Wall-Mount-150x150.webp 150w, https:\/\/www.shouyasanitary.com\/wp-content\/uploads\/2025\/08\/Custom-Solutions-Bathroom-Wall-Mount-12x12.webp 12w, https:\/\/www.shouyasanitary.com\/wp-content\/uploads\/2025\/08\/Custom-Solutions-Bathroom-Wall-Mount-600x600.webp 600w, https:\/\/www.shouyasanitary.com\/wp-content\/uploads\/2025\/08\/Custom-Solutions-Bathroom-Wall-Mount-100x100.webp 100w\" sizes=\"(max-width: 700px) 100vw, 700px\" \/><\/figure>\n<\/div><\/div>\n<\/div>","protected":false},"excerpt":{"rendered":"<p>L'armoire de salle de bains noire en gros, les armoires \u00e0 miroirs simples et les lavabos blancs cr\u00e9ent une sensation de l\u00e9g\u00e8ret\u00e9 et de luxe. Le contreplaqu\u00e9 est r\u00e9sistant \u00e0 l'humidit\u00e9 et durable, et la conception murale permet d'\u00e9conomiser de l'espace, ce qui en fait la solution id\u00e9ale pour les petites salles de bains. Des prix de gros d'usine et des options OEM sont disponibles. Veuillez nous contacter pour obtenir un devis et un catalogue de produits.<\/p>\n<h2>Armoire de salle de bain noire Attributs\uff1a<\/h2>\n<p><strong>Num\u00e9ro d'article<\/strong>: 6047A-604<\/p>\n<p><strong>Mat\u00e9riau de l'armoire<\/strong>: Contreplaqu\u00e9<br \/><strong>Couleur de l'armoire<\/strong>: Noir<\/p>\n<p><strong>Miroir :<\/strong> Miroir LED (3,5 mm\/3,8 mm), \u00e9clairage tricolore, d\u00e9sembuage par simple pression d'une touche, s\u00e9curis\u00e9 par un emballage en mousse multicouche.<br \/><strong>Type d'installation :<\/strong>\u00a0Montage mural<br \/><strong>Dimensions (L\u00d7L\u00d7H) :<\/strong> 60*47*48cm<\/p>\n<h2>Personnalisation et services :<\/h2>\n<p><strong>OEM ET ODM<\/strong>: Pris en charge<br \/><strong>Conception<\/strong>: Gratuit<br \/><strong>Accessoires<\/strong>: Lavabos, miroirs, robinets et autres accessoires de salle de bains<br \/><strong>Emballage<\/strong>: Pr\u00eat \u00e0 monter<\/p>","protected":false},"featured_media":1833,"comment_status":"closed","ping_status":"closed","template":"","meta":{"_acf_changed":true},"product_brand":[],"product_cat":[20],"product_tag":[],"class_list":{"0":"post-1829","1":"product","2":"type-product","3":"status-publish","4":"has-post-thumbnail","6":"product_cat-wholesale-plywood-bathroom-vanity-cabinets","8":"first","9":"instock","10":"shipping-taxable","11":"product-type-simple"},"acf":[],"_links":{"self":[{"href":"https:\/\/www.shouyasanitary.com\/fr\/wp-json\/wp\/v2\/product\/1829","targetHints":{"allow":["GET"]}}],"collection":[{"href":"https:\/\/www.shouyasanitary.com\/fr\/wp-json\/wp\/v2\/product"}],"about":[{"href":"https:\/\/www.shouyasanitary.com\/fr\/wp-json\/wp\/v2\/types\/product"}],"replies":[{"embeddable":true,"href":"https:\/\/www.shouyasanitary.com\/fr\/wp-json\/wp\/v2\/comments?post=1829"}],"wp:featuredmedia":[{"embeddable":true,"href":"https:\/\/www.shouyasanitary.com\/fr\/wp-json\/wp\/v2\/media\/1833"}],"wp:attachment":[{"href":"https:\/\/www.shouyasanitary.com\/fr\/wp-json\/wp\/v2\/media?parent=1829"}],"wp:term":[{"taxonomy":"product_brand","embeddable":true,"href":"https:\/\/www.shouyasanitary.com\/fr\/wp-json\/wp\/v2\/product_brand?post=1829"},{"taxonomy":"product_cat","embeddable":true,"href":"https:\/\/www.shouyasanitary.com\/fr\/wp-json\/wp\/v2\/product_cat?post=1829"},{"taxonomy":"product_tag","embeddable":true,"href":"https:\/\/www.shouyasanitary.com\/fr\/wp-json\/wp\/v2\/product_tag?post=1829"}],"curies":[{"name":"wp","href":"https:\/\/api.w.org\/{rel}","templated":true}]}}