{"id":1830,"date":"2025-08-29T08:48:14","date_gmt":"2025-08-29T08:48:14","guid":{"rendered":"https:\/\/www.shouyasanitary.com\/?post_type=product&#038;p=1830"},"modified":"2025-08-29T08:48:19","modified_gmt":"2025-08-29T08:48:19","slug":"wholesale-bathroom-single-sink-vanity","status":"publish","type":"product","link":"https:\/\/www.shouyasanitary.com\/fr\/produit\/wholesale-bathroom-single-sink-vanity\/","title":{"rendered":"Wholesale Bathroom Single Sink Vanity, Wall Hanging Bathroom Cabinet Brown for Hotel in Bulk"},"content":{"rendered":"<div class=\"wp-block-columns is-layout-flex wp-container-core-columns-is-layout-9d6595d7 wp-block-columns-is-layout-flex\">\n<div class=\"wp-block-column is-layout-flow wp-block-column-is-layout-flow\">\n<h2 class=\"wp-block-heading\">Vanit\u00e9 \u00e0 un seul \u00e9vier dans la salle de bain Caract\u00e9ristiques\uff1a<\/h2>\n\n\n\n<p><strong>Couleurs bois\u00e9es \u00e9l\u00e9gantes : <\/strong>Le corps de l'armoire pr\u00e9sente une teinte de bois naturel, impr\u00e9gn\u00e9e d'un ton chaud et rustique. Associ\u00e9 \u00e0 des murs gris clair, des meubles-lavabos blancs, des luminaires dor\u00e9s et de petits pieds de table, il cr\u00e9e une ambiance \u00e0 la fois confortable et raffin\u00e9e. La chaleur de la couleur du bois \u00e9quilibre les tons froids de l'espace, am\u00e9liorant ainsi l'harmonie visuelle globale.<\/p>\n\n\n\n<p><strong>Mat\u00e9riau durable en contreplaqu\u00e9 :<\/strong> Le contreplaqu\u00e9, compos\u00e9 de plusieurs couches minces coll\u00e9es ensemble, pr\u00e9sente une structure stable. Dans l'environnement humide de la salle de bains, il est moins sujet aux d\u00e9formations et aux fissures dues aux variations d'humidit\u00e9, ce qui garantit la durabilit\u00e9 \u00e0 long terme de l'armoire et constitue un support fiable pour le rangement dans la salle de bains. <\/p>\n\n\n\n<p><strong>Conception du stockage cloisonn\u00e9<\/strong>: La combinaison d'une armoire de toilette et d'un meuble bas permet d'acc\u00e9der facilement aux articles de toilette courants dans la grille ouverte de l'armoire de toilette, tandis que l'espace ferm\u00e9 du meuble bas peut accueillir des articles stock\u00e9s ou des objets personnels. Les rangements superpos\u00e9s permettent de conserver les produits de la salle de bains \u00e0 leur place, ce qui am\u00e9liore l'ordre et l'efficacit\u00e9 de l'utilisation de l'espace.<\/p>\n\n\n\n<p><strong>Optimisation visuelle spatiale : <\/strong>La chaleur naturelle du bois adoucit la \"sensation de froideur\" du meuble de salle de bains, formant un doux contraste avec la vasque blanche, ce qui rend l'espace plus confortable. La conception murale r\u00e9duit l'occupation de l'espace au sol, permettant m\u00eame aux petits espaces de rester ouverts et transparents, \u00e9largissant visuellement l'\u00e9chelle de l'espace de la salle de bains. <\/p>\n\n\n\n<p><strong>Installation murale<\/strong>: Il n'est pas n\u00e9cessaire de construire un sol complexe, ce qui facilite l'installation. Lors du nettoyage quotidien, aucun meuble ne bloque le sol, ce qui facilite le nettoyage des taches d'eau et de la poussi\u00e8re. L'espace de la salle de bains reste ainsi propre et r\u00e9pond aux besoins de la maison moderne.<\/p>\n\n\n\n<p><strong>Personnalisation flexible<\/strong>: Les commandes de gros volumes permettent de personnaliser la couleur, la taille, le mat\u00e9riau, etc. pour r\u00e9pondre aux besoins de diff\u00e9rents march\u00e9s et projets.<\/p>\n<\/div>\n\n\n\n<div class=\"wp-block-column is-layout-flow wp-block-column-is-layout-flow\"><div class=\"wp-block-image\">\n<figure class=\"aligncenter size-full\"><img decoding=\"async\" width=\"700\" height=\"700\" src=\"https:\/\/www.shouyasanitary.com\/wp-content\/uploads\/2025\/08\/Custom-Bathroom-Cabinets-with-Mirror-Cabinet.webp\" alt=\"Armoires de salle de bain sur mesure avec armoire \u00e0 miroir\" class=\"wp-image-1836\" style=\"object-fit:cover\" srcset=\"https:\/\/www.shouyasanitary.com\/wp-content\/uploads\/2025\/08\/Custom-Bathroom-Cabinets-with-Mirror-Cabinet.webp 700w, https:\/\/www.shouyasanitary.com\/wp-content\/uploads\/2025\/08\/Custom-Bathroom-Cabinets-with-Mirror-Cabinet-300x300.webp 300w, https:\/\/www.shouyasanitary.com\/wp-content\/uploads\/2025\/08\/Custom-Bathroom-Cabinets-with-Mirror-Cabinet-150x150.webp 150w, https:\/\/www.shouyasanitary.com\/wp-content\/uploads\/2025\/08\/Custom-Bathroom-Cabinets-with-Mirror-Cabinet-12x12.webp 12w, https:\/\/www.shouyasanitary.com\/wp-content\/uploads\/2025\/08\/Custom-Bathroom-Cabinets-with-Mirror-Cabinet-600x600.webp 600w, https:\/\/www.shouyasanitary.com\/wp-content\/uploads\/2025\/08\/Custom-Bathroom-Cabinets-with-Mirror-Cabinet-100x100.webp 100w\" sizes=\"(max-width: 700px) 100vw, 700px\" \/><\/figure>\n<\/div><\/div>\n<\/div>","protected":false},"excerpt":{"rendered":"<p>Le meuble-lavabo de salle de bains \u00e0 un seul lavabo Shouya se caract\u00e9rise par un contreplaqu\u00e9 r\u00e9sistant \u00e0 l'humidit\u00e9 et durable, des rangements cloisonn\u00e9s et des conceptions murales peu encombrantes. Les tons simples et chauds du bois s'accordent avec une vari\u00e9t\u00e9 de styles de d\u00e9coration. Nous prenons en charge la personnalisation en gros et accueillons volontiers votre demande de devis.<\/p>\n<h2>Meuble-lavabo simple Attributs\uff1a<\/h2>\n<p><strong>Num\u00e9ro d'article :<\/strong>6047A-6010<strong><br \/>Mat\u00e9riau de l'armoire :<\/strong>\u00a0Contreplaqu\u00e9<br \/><strong>Couleur de l'armoire :<\/strong> Marron<br \/><strong>Miroir :<\/strong> Miroir LED (3,5 mm\/3,8 mm), \u00e9clairage tricolore, d\u00e9sembuage par simple pression d'une touche, s\u00e9curis\u00e9 par un emballage en mousse multicouche.<br \/><strong>Type d'installation :<\/strong>\u00a0Montage mural<br \/><strong>Dimensions (L\u00d7L\u00d7H) :<\/strong> 60x47x48 cm<br \/><strong>Poids brut :<\/strong> 30kg\/set<\/p>\n<h2>Personnalisation et services :<\/h2>\n<p><strong>OEM ET ODM<\/strong>: Pris en charge<br \/><strong>Conception<\/strong>: Gratuit<br \/><strong>Accessoires<\/strong>: Lavabos, miroirs, robinets et autres accessoires de salle de bains<br \/><strong>Emballage<\/strong>: Pr\u00eat \u00e0 monter<\/p>","protected":false},"featured_media":1836,"comment_status":"closed","ping_status":"closed","template":"","meta":{"_acf_changed":true},"product_brand":[],"product_cat":[20],"product_tag":[],"class_list":{"0":"post-1830","1":"product","2":"type-product","3":"status-publish","4":"has-post-thumbnail","6":"product_cat-wholesale-plywood-bathroom-vanity-cabinets","8":"first","9":"instock","10":"shipping-taxable","11":"product-type-simple"},"acf":[],"_links":{"self":[{"href":"https:\/\/www.shouyasanitary.com\/fr\/wp-json\/wp\/v2\/product\/1830","targetHints":{"allow":["GET"]}}],"collection":[{"href":"https:\/\/www.shouyasanitary.com\/fr\/wp-json\/wp\/v2\/product"}],"about":[{"href":"https:\/\/www.shouyasanitary.com\/fr\/wp-json\/wp\/v2\/types\/product"}],"replies":[{"embeddable":true,"href":"https:\/\/www.shouyasanitary.com\/fr\/wp-json\/wp\/v2\/comments?post=1830"}],"wp:featuredmedia":[{"embeddable":true,"href":"https:\/\/www.shouyasanitary.com\/fr\/wp-json\/wp\/v2\/media\/1836"}],"wp:attachment":[{"href":"https:\/\/www.shouyasanitary.com\/fr\/wp-json\/wp\/v2\/media?parent=1830"}],"wp:term":[{"taxonomy":"product_brand","embeddable":true,"href":"https:\/\/www.shouyasanitary.com\/fr\/wp-json\/wp\/v2\/product_brand?post=1830"},{"taxonomy":"product_cat","embeddable":true,"href":"https:\/\/www.shouyasanitary.com\/fr\/wp-json\/wp\/v2\/product_cat?post=1830"},{"taxonomy":"product_tag","embeddable":true,"href":"https:\/\/www.shouyasanitary.com\/fr\/wp-json\/wp\/v2\/product_tag?post=1830"}],"curies":[{"name":"wp","href":"https:\/\/api.w.org\/{rel}","templated":true}]}}