{"id":1894,"date":"2025-09-07T23:16:48","date_gmt":"2025-09-07T23:16:48","guid":{"rendered":"https:\/\/www.shouyasanitary.com\/?post_type=product&#038;p=1894"},"modified":"2025-09-07T23:16:50","modified_gmt":"2025-09-07T23:16:50","slug":"custom-bathroom-sink-cabinets","status":"publish","type":"product","link":"https:\/\/www.shouyasanitary.com\/fr\/produit\/custom-bathroom-sink-cabinets\/","title":{"rendered":"Custom Bathroom Sink Cabinets Khaki, Plywood Modern Vanity Bathroom with Mirror and Drawer Supplier"},"content":{"rendered":"<div class=\"wp-block-columns is-layout-flex wp-container-core-columns-is-layout-9d6595d7 wp-block-columns-is-layout-flex\">\n<div class=\"wp-block-column is-layout-flow wp-block-column-is-layout-flow\">\n<h2 class=\"wp-block-heading\">Armoires de lavabo de salle de bains Caract\u00e9ristiques :<\/h2>\n\n\n\n<p><strong>Simple et \u00e9l\u00e9gant : <\/strong>La couleur principale du meuble est un blanc simple, associ\u00e9 \u00e0 des poign\u00e9es dor\u00e9es, exsudant l'\u00e9l\u00e9gance dans la simplicit\u00e9, se fondant dans le style g\u00e9n\u00e9ral r\u00e9tro mais \u00e0 la mode de la salle de bains, renfor\u00e7ant le sens de la sophistication dans l'espace d'un point de vue chromatique. <\/p>\n\n\n\n<p><strong>Esth\u00e9tique des lignes<\/strong>: Les lignes \u00e9pur\u00e9es et les panneaux de porte \u00e0 rayures verticales emp\u00eachent l'armoire de para\u00eetre monotone, en compl\u00e9tant des \u00e9l\u00e9ments tels que les arcs et les carreaux r\u00e9tro, cr\u00e9ant ainsi une sc\u00e8ne esth\u00e9tique harmonieuse et unifi\u00e9e dans la salle de bains.<\/p>\n\n\n\n<p><strong>Conception \u00e0 deux bassins<\/strong>: Il r\u00e9pond aux besoins de plusieurs utilisateurs simultan\u00e9ment, assurant une toilette quotidienne efficace et ordonn\u00e9e pendant les p\u00e9riodes de pointe, am\u00e9liorant ainsi l'efficacit\u00e9 de l'utilisation de la salle de bains. <\/p>\n\n\n\n<p><strong>Fonction de rangement pratique<\/strong>: La combinaison de tiroirs \u00e0 plusieurs niveaux et d'un comptoir ouvert permet de ranger efficacement les petits articles tels que les produits de toilette et de soins de la peau dans les tiroirs, tandis que le comptoir offre un espace pour les articles d'usage courant ou les compositions florales d\u00e9coratives, \u00e9quilibrant ainsi les fonctions de rangement et d'exposition.<\/p>\n\n\n\n<p><strong>Mat\u00e9riau en contreplaqu\u00e9 de haute qualit\u00e9 : <\/strong>En termes de propri\u00e9t\u00e9s physiques, le contreplaqu\u00e9 pr\u00e9sente une bonne r\u00e9sistance \u00e0 la compression et \u00e0 la d\u00e9formation. Dans les salles de bains humides, il est moins susceptible de se fissurer et de se d\u00e9former sous l'effet des variations d'humidit\u00e9, ce qui garantit la stabilit\u00e9 \u00e0 long terme de l'armoire. Compar\u00e9 au bois massif, le contreplaqu\u00e9 est plus respectueux de l'environnement en termes d'approvisionnement en mat\u00e9riaux, avec un taux \u00e9lev\u00e9 d'utilisation du bois pendant la production. En outre, apr\u00e8s traitement de surface, il poss\u00e8de certaines propri\u00e9t\u00e9s d'imperm\u00e9abilit\u00e9 et de r\u00e9sistance \u00e0 l'humidit\u00e9, ce qui le rend adapt\u00e9 aux environnements humides des salles de bains et offre un meilleur rapport co\u00fbt-performance que certains bois naturels. <\/p>\n\n\n\n<p><strong>Facile \u00e0 installer :<\/strong> Son poids relativement l\u00e9ger facilite l'installation et le d\u00e9placement ult\u00e9rieur, en r\u00e9duisant la charge sur les murs et les sols, tout en facilitant le transport et l'installation.<\/p>\n<\/div>\n\n\n\n<div class=\"wp-block-column is-layout-flow wp-block-column-is-layout-flow\"><div class=\"wp-block-image\">\n<figure class=\"aligncenter size-full\"><img decoding=\"async\" width=\"700\" height=\"700\" src=\"https:\/\/www.shouyasanitary.com\/wp-content\/uploads\/2025\/08\/Custom-Solutions-Bathroom-Cabinet-With-Drawers.webp\" alt=\"Solutions sur mesure Armoire de salle de bain avec tiroirs\" class=\"wp-image-1911\" style=\"object-fit:cover\" srcset=\"https:\/\/www.shouyasanitary.com\/wp-content\/uploads\/2025\/08\/Custom-Solutions-Bathroom-Cabinet-With-Drawers.webp 700w, https:\/\/www.shouyasanitary.com\/wp-content\/uploads\/2025\/08\/Custom-Solutions-Bathroom-Cabinet-With-Drawers-300x300.webp 300w, https:\/\/www.shouyasanitary.com\/wp-content\/uploads\/2025\/08\/Custom-Solutions-Bathroom-Cabinet-With-Drawers-150x150.webp 150w, https:\/\/www.shouyasanitary.com\/wp-content\/uploads\/2025\/08\/Custom-Solutions-Bathroom-Cabinet-With-Drawers-12x12.webp 12w, https:\/\/www.shouyasanitary.com\/wp-content\/uploads\/2025\/08\/Custom-Solutions-Bathroom-Cabinet-With-Drawers-600x600.webp 600w, https:\/\/www.shouyasanitary.com\/wp-content\/uploads\/2025\/08\/Custom-Solutions-Bathroom-Cabinet-With-Drawers-100x100.webp 100w\" sizes=\"(max-width: 700px) 100vw, 700px\" \/><\/figure>\n<\/div><\/div>\n<\/div>","protected":false},"excerpt":{"rendered":"<p>Les cloisons gauche et droite sont dot\u00e9es de miroirs et d'\u00e9tag\u00e8res ouvertes pour r\u00e9pondre \u00e0 divers besoins de rangement. Le mat\u00e9riau en contreplaqu\u00e9 et la conception de la suspension sont r\u00e9sistants \u00e0 l'humidit\u00e9 et faciles \u00e0 nettoyer. Nous stockons \u00e9galement des commandes semi-personnalis\u00e9es en vrac. Contactez-nous pour obtenir un catalogue de produits !<\/p>\n<h2>Armoires de toilette Attributs\uff1a<\/h2>\n<p><strong>Num\u00e9ro d'article<\/strong>: SYY20250801-100<br \/><strong>Mat\u00e9riau de l'armoire<\/strong>: Contreplaqu\u00e9<br \/><strong>Couleur de l'armoire<\/strong>: Kaki<br \/><strong>Miroir<\/strong>: Miroir LED (3,5mm \/ 3,8mm), \u00e9clairage tricolore, d\u00e9sembuage par simple pression d'une touche, s\u00e9curis\u00e9 par un emballage en mousse multicouche. <br \/><strong>Type d'installation<\/strong>: Montage mural <br \/><strong>Dimensions (L \u00d7 L \u00d7 H)<\/strong>: 100 x 50 x 50 cm<br \/><strong>Poids brut<\/strong>: 35kg\/set<\/p>\n<h2>Personnalisation et services :<\/h2>\n<p><strong>OEM ET ODM<\/strong>: Pris en charge<br \/><strong>Conception<\/strong>: Gratuit<br \/><strong>Accessoires<\/strong>: Lavabos, miroirs, robinets et autres accessoires de salle de bains<br \/><strong>Emballage<\/strong>: Pr\u00eat \u00e0 monter<\/p>","protected":false},"featured_media":1911,"comment_status":"closed","ping_status":"closed","template":"","meta":{"_acf_changed":true},"product_brand":[],"product_cat":[20],"product_tag":[],"class_list":{"0":"post-1894","1":"product","2":"type-product","3":"status-publish","4":"has-post-thumbnail","6":"product_cat-wholesale-plywood-bathroom-vanity-cabinets","8":"first","9":"instock","10":"shipping-taxable","11":"product-type-simple"},"acf":[],"_links":{"self":[{"href":"https:\/\/www.shouyasanitary.com\/fr\/wp-json\/wp\/v2\/product\/1894","targetHints":{"allow":["GET"]}}],"collection":[{"href":"https:\/\/www.shouyasanitary.com\/fr\/wp-json\/wp\/v2\/product"}],"about":[{"href":"https:\/\/www.shouyasanitary.com\/fr\/wp-json\/wp\/v2\/types\/product"}],"replies":[{"embeddable":true,"href":"https:\/\/www.shouyasanitary.com\/fr\/wp-json\/wp\/v2\/comments?post=1894"}],"wp:featuredmedia":[{"embeddable":true,"href":"https:\/\/www.shouyasanitary.com\/fr\/wp-json\/wp\/v2\/media\/1911"}],"wp:attachment":[{"href":"https:\/\/www.shouyasanitary.com\/fr\/wp-json\/wp\/v2\/media?parent=1894"}],"wp:term":[{"taxonomy":"product_brand","embeddable":true,"href":"https:\/\/www.shouyasanitary.com\/fr\/wp-json\/wp\/v2\/product_brand?post=1894"},{"taxonomy":"product_cat","embeddable":true,"href":"https:\/\/www.shouyasanitary.com\/fr\/wp-json\/wp\/v2\/product_cat?post=1894"},{"taxonomy":"product_tag","embeddable":true,"href":"https:\/\/www.shouyasanitary.com\/fr\/wp-json\/wp\/v2\/product_tag?post=1894"}],"curies":[{"name":"wp","href":"https:\/\/api.w.org\/{rel}","templated":true}]}}