{"id":1895,"date":"2025-08-29T08:51:47","date_gmt":"2025-08-29T08:51:47","guid":{"rendered":"https:\/\/www.shouyasanitary.com\/?post_type=product&#038;p=1895"},"modified":"2025-08-29T08:51:53","modified_gmt":"2025-08-29T08:51:53","slug":"wholesale-mirror-bathroom-cabinet","status":"publish","type":"product","link":"https:\/\/www.shouyasanitary.com\/fr\/produit\/wholesale-mirror-bathroom-cabinet\/","title":{"rendered":"Wholesale Mirror Bathroom Cabinet, Wall Mounted Bathroom Vanity Single Sink with Countertop Luxury in Bulk (Cabinet de salle de bain avec miroir, meuble-lavabo mural avec comptoir) en vrac"},"content":{"rendered":"<div class=\"wp-block-columns is-layout-flex wp-container-core-columns-is-layout-9d6595d7 wp-block-columns-is-layout-flex\">\n<div class=\"wp-block-column is-layout-flow wp-block-column-is-layout-flow\">\n<h2 class=\"wp-block-heading\">Armoire de toilette avec miroir Caract\u00e9ristiques :<\/h2>\n\n\n\n<p><strong>Une esth\u00e9tique \u00e0 la mode<\/strong>Les miroirs irr\u00e9guliers et les rayures verticales sur la surface de l'armoire rompent avec la disposition carr\u00e9e traditionnelle et t\u00e9moignent d'un temp\u00e9rament artistique unique.<\/p>\n\n\n\n<p><strong>Effet d'assortiment polyvalent :<\/strong> Ce meuble de salle de bains est adapt\u00e9 au style et s'int\u00e8gre parfaitement \u00e0 toute d\u00e9coration de salle de bains, qu'il s'agisse d'un style moderne minimaliste, d'un style nordique ou d'un style pastoral. Elle vous permettra de cr\u00e9er un espace de salle de bains confortable, beau et enti\u00e8rement fonctionnel.<\/p>\n\n\n\n<p><strong>Mat\u00e9riau en contreplaqu\u00e9 de haute qualit\u00e9<\/strong>: Il pr\u00e9sente une excellente stabilit\u00e9 et durabilit\u00e9, r\u00e9siste efficacement \u00e0 l'influence de l'environnement humide de la salle de bains et n'est pas susceptible de se d\u00e9former ou de se fissurer. La surface a subi un traitement sp\u00e9cial et pr\u00e9sente d'excellentes performances en mati\u00e8re d'imperm\u00e9abilit\u00e9 \u00e0 l'eau et \u00e0 l'humidit\u00e9 ; elle est facile \u00e0 nettoyer et \u00e0 entretenir.<\/p>\n\n\n\n<p><strong>Fonction de stockage puissante : <\/strong>La taille de 80 cm est raisonnable, avec un double tiroir offrant un grand espace de rangement. Il permet de ranger facilement les articles de toilette, les serviettes et les produits cosm\u00e9tiques en les classant par cat\u00e9gories, ce qui rend le plan de travail de la salle de bains plus ordonn\u00e9. L'int\u00e9rieur du tiroir est spacieux, ce qui permet d'acc\u00e9der rapidement et facilement aux objets et de r\u00e9pondre \u00e0 vos diff\u00e9rents besoins de rangement.<\/p>\n\n\n\n<p><strong>Optimisation de l'espace<\/strong>: Le design mural r\u00e9duit l'espace et est facile \u00e0 nettoyer. Il convient aux petits appartements et aux grandes salles de bains. Le miroir irr\u00e9gulier \u00e9largit l'effet visuel et renforce la sensation d'espace.<\/p>\n\n\n\n<p><strong>Fourniture directe \u00e0 l'usine<\/strong>: Shouya source exp\u00e9dition usine, qualit\u00e9 stable, prix plus comp\u00e9titif<\/p>\n<\/div>\n\n\n\n<div class=\"wp-block-column is-layout-flow wp-block-column-is-layout-flow\"><div class=\"wp-block-image\">\n<figure class=\"aligncenter size-full\"><img decoding=\"async\" width=\"700\" height=\"700\" src=\"https:\/\/www.shouyasanitary.com\/wp-content\/uploads\/2025\/08\/Bulk-Purchases-Plywood-bathroom-cabinet-vanity.webp\" alt=\"Achats en vrac Contreplaqu\u00e9 meuble de salle de bain vanit\u00e9\" class=\"wp-image-1899\" style=\"object-fit:cover\" srcset=\"https:\/\/www.shouyasanitary.com\/wp-content\/uploads\/2025\/08\/Bulk-Purchases-Plywood-bathroom-cabinet-vanity.webp 700w, https:\/\/www.shouyasanitary.com\/wp-content\/uploads\/2025\/08\/Bulk-Purchases-Plywood-bathroom-cabinet-vanity-300x300.webp 300w, https:\/\/www.shouyasanitary.com\/wp-content\/uploads\/2025\/08\/Bulk-Purchases-Plywood-bathroom-cabinet-vanity-150x150.webp 150w, https:\/\/www.shouyasanitary.com\/wp-content\/uploads\/2025\/08\/Bulk-Purchases-Plywood-bathroom-cabinet-vanity-12x12.webp 12w, https:\/\/www.shouyasanitary.com\/wp-content\/uploads\/2025\/08\/Bulk-Purchases-Plywood-bathroom-cabinet-vanity-600x600.webp 600w, https:\/\/www.shouyasanitary.com\/wp-content\/uploads\/2025\/08\/Bulk-Purchases-Plywood-bathroom-cabinet-vanity-100x100.webp 100w\" sizes=\"(max-width: 700px) 100vw, 700px\" \/><\/figure>\n<\/div><\/div>\n<\/div>","protected":false},"excerpt":{"rendered":"<p>Bienvenue \u00e0 l'armoire de toilette de salle de bain en gros, qui pr\u00e9sente un miroir irr\u00e9gulier, des bandes verticales et un double tiroir, cr\u00e9ant ainsi un design \u00e9l\u00e9gant et peu encombrant. Fabriqu\u00e9e en contreplaqu\u00e9, elle est durable et offre un grand espace de rangement. La livraison directe de l'usine, nous prenons en charge la vente en gros et la personnalisation, ce qui en fait un produit id\u00e9al pour les projets et les distributeurs. Contactez-nous d\u00e8s maintenant pour obtenir un devis !<\/p>\n<h2>Armoire de toilette avec miroir Attributs\uff1a<\/h2>\n<p><strong>Num\u00e9ro d'article<\/strong>: SYY20250806-80<br \/><strong>Mat\u00e9riau de l'armoire<\/strong>: Contreplaqu\u00e9<br \/><strong>Couleur de l'armoire<\/strong>: Marron<br \/><strong>Miroir<\/strong>: Miroir LED (3,5mm \/ 3,8mm), \u00e9clairage tricolore, d\u00e9sembuage par simple pression d'une touche, s\u00e9curis\u00e9 par un emballage en mousse multicouche. <br \/><strong>Type d'installation<\/strong>: Montage mural <br \/><strong>Dimensions (L \u00d7 L \u00d7 H)<\/strong>: 80 x 50 x 52 cm<br \/><strong>Poids brut<\/strong>: 30kg\/set<\/p>\n<h2>Personnalisation et services :<\/h2>\n<p><strong>OEM ET ODM<\/strong>: Pris en charge<br \/><strong>Conception<\/strong>: Gratuit<br \/><strong>Accessoires<\/strong>: Lavabos, miroirs, robinets et autres accessoires de salle de bains<br \/><strong>Emballage<\/strong>: Pr\u00eat \u00e0 monter<\/p>","protected":false},"featured_media":1899,"comment_status":"closed","ping_status":"closed","template":"","meta":{"_acf_changed":true},"product_brand":[],"product_cat":[20],"product_tag":[],"class_list":{"0":"post-1895","1":"product","2":"type-product","3":"status-publish","4":"has-post-thumbnail","6":"product_cat-wholesale-plywood-bathroom-vanity-cabinets","8":"first","9":"instock","10":"shipping-taxable","11":"product-type-simple"},"acf":[],"_links":{"self":[{"href":"https:\/\/www.shouyasanitary.com\/fr\/wp-json\/wp\/v2\/product\/1895","targetHints":{"allow":["GET"]}}],"collection":[{"href":"https:\/\/www.shouyasanitary.com\/fr\/wp-json\/wp\/v2\/product"}],"about":[{"href":"https:\/\/www.shouyasanitary.com\/fr\/wp-json\/wp\/v2\/types\/product"}],"replies":[{"embeddable":true,"href":"https:\/\/www.shouyasanitary.com\/fr\/wp-json\/wp\/v2\/comments?post=1895"}],"wp:featuredmedia":[{"embeddable":true,"href":"https:\/\/www.shouyasanitary.com\/fr\/wp-json\/wp\/v2\/media\/1899"}],"wp:attachment":[{"href":"https:\/\/www.shouyasanitary.com\/fr\/wp-json\/wp\/v2\/media?parent=1895"}],"wp:term":[{"taxonomy":"product_brand","embeddable":true,"href":"https:\/\/www.shouyasanitary.com\/fr\/wp-json\/wp\/v2\/product_brand?post=1895"},{"taxonomy":"product_cat","embeddable":true,"href":"https:\/\/www.shouyasanitary.com\/fr\/wp-json\/wp\/v2\/product_cat?post=1895"},{"taxonomy":"product_tag","embeddable":true,"href":"https:\/\/www.shouyasanitary.com\/fr\/wp-json\/wp\/v2\/product_tag?post=1895"}],"curies":[{"name":"wp","href":"https:\/\/api.w.org\/{rel}","templated":true}]}}