{"id":1897,"date":"2025-08-29T08:58:32","date_gmt":"2025-08-29T08:58:32","guid":{"rendered":"https:\/\/www.shouyasanitary.com\/?post_type=product&#038;p=1897"},"modified":"2025-08-29T08:58:38","modified_gmt":"2025-08-29T08:58:38","slug":"custom-luxury-bathroom-cabinets","status":"publish","type":"product","link":"https:\/\/www.shouyasanitary.com\/fr\/produit\/custom-luxury-bathroom-cabinets\/","title":{"rendered":"Armoires de salle de bains de luxe, meubles de salle de bains en contreplaqu\u00e9 de qualit\u00e9 technique pour h\u00f4tels en vrac"},"content":{"rendered":"<div class=\"wp-block-columns is-layout-flex wp-container-core-columns-is-layout-9d6595d7 wp-block-columns-is-layout-flex\">\n<div class=\"wp-block-column is-layout-flow wp-block-column-is-layout-flow\">\n<h2 class=\"wp-block-heading\">Caract\u00e9ristiques des armoires de salle de bains de luxe\uff1a<\/h2>\n\n\n\n<p><strong>Design ext\u00e9rieur luxueux : <\/strong>Le design g\u00e9n\u00e9ral est domin\u00e9 par le marbre noir, avec des textures naturelles et grandioses. C'est comme une peinture d'art naturelle, qui met en valeur le temp\u00e9rament noble et \u00e9l\u00e9gant. Le design unique de la surface du miroir en forme de nuage, associ\u00e9 \u00e0 un r\u00e9tro\u00e9clairage doux, ajoute non seulement une profondeur visuelle et une tridimensionnalit\u00e9 \u00e0 l'espace, mais cr\u00e9e \u00e9galement une atmosph\u00e8re chaleureuse et romantique.<\/p>\n\n\n\n<p><strong>S\u00e9lection de mat\u00e9riaux de haute qualit\u00e9 :<\/strong> Le marbre noir de premi\u00e8re qualit\u00e9 est utilis\u00e9 comme mat\u00e9riau de comptoir et de fond. Il est tr\u00e8s durable et r\u00e9sistant \u00e0 l'usure. Le marbre poss\u00e8de des propri\u00e9t\u00e9s naturelles d'imperm\u00e9abilit\u00e9 et n'est pas sujet aux infiltrations d'eau, ce qui facilite le nettoyage et l'entretien. L'armoire est fabriqu\u00e9e \u00e0 partir de mat\u00e9riaux de haute qualit\u00e9, avec une structure stable et une longue dur\u00e9e de vie. La surface du miroir est en verre antid\u00e9flagrant haute d\u00e9finition, s\u00fbr et fiable, avec une image claire, pour une exp\u00e9rience d'utilisation optimale.<\/p>\n\n\n\n<p><strong>Adaptation de sc\u00e8ne haut de gamme : <\/strong>Ce meuble de salle de bains, avec son aspect luxueux et sa qualit\u00e9 exceptionnelle, s'adapte parfaitement aux styles de d\u00e9coration des salles de bains des h\u00f4tels haut de gamme, des villas luxueuses et des appartements de charme, rehaussant la qualit\u00e9 et le go\u00fbt de l'ensemble de l'espace et offrant aux utilisateurs une exp\u00e9rience luxueuse de la salle de bains.<\/p>\n\n\n\n<p><strong>Fonctions puissantes et pratiques :<\/strong> Le plan de travail de 120 cm de large offre un large espace de travail, ce qui permet de placer facilement les articles de toilette, les produits cosm\u00e9tiques et autres. Il ajoute une atmosph\u00e8re artistique \u00e0 la salle de bains et vous permet d'acc\u00e9der facilement aux articles fr\u00e9quemment utilis\u00e9s. Le meuble inf\u00e9rieur dispose d'une grande capacit\u00e9 de rangement, ce qui r\u00e9pond \u00e0 vos besoins en mati\u00e8re de rangement classifi\u00e9 des articles de salle de bains.<\/p>\n\n\n\n<p><strong>Service personnalis\u00e9<\/strong>: La taille, la couleur, le mat\u00e9riau et le sch\u00e9ma de correspondance peuvent \u00eatre personnalis\u00e9s en fonction des exigences du projet afin de r\u00e9pondre aux divers besoins des h\u00f4tels, des maisons d\u00e9cor\u00e9es avec soin et des projets d'ing\u00e9nierie.<\/p>\n<\/div>\n\n\n\n<div class=\"wp-block-column is-layout-flow wp-block-column-is-layout-flow\"><div class=\"wp-block-image\">\n<figure class=\"aligncenter size-full\"><img decoding=\"async\" width=\"700\" height=\"700\" src=\"https:\/\/www.shouyasanitary.com\/wp-content\/uploads\/2025\/08\/OEM-plywood-Bathroom-Vanity-Cabinet.webp\" alt=\"Meuble de salle de bain en contreplaqu\u00e9 OEM\" class=\"wp-image-1905\" style=\"object-fit:cover\" srcset=\"https:\/\/www.shouyasanitary.com\/wp-content\/uploads\/2025\/08\/OEM-plywood-Bathroom-Vanity-Cabinet.webp 700w, https:\/\/www.shouyasanitary.com\/wp-content\/uploads\/2025\/08\/OEM-plywood-Bathroom-Vanity-Cabinet-300x300.webp 300w, https:\/\/www.shouyasanitary.com\/wp-content\/uploads\/2025\/08\/OEM-plywood-Bathroom-Vanity-Cabinet-150x150.webp 150w, https:\/\/www.shouyasanitary.com\/wp-content\/uploads\/2025\/08\/OEM-plywood-Bathroom-Vanity-Cabinet-12x12.webp 12w, https:\/\/www.shouyasanitary.com\/wp-content\/uploads\/2025\/08\/OEM-plywood-Bathroom-Vanity-Cabinet-600x600.webp 600w, https:\/\/www.shouyasanitary.com\/wp-content\/uploads\/2025\/08\/OEM-plywood-Bathroom-Vanity-Cabinet-100x100.webp 100w\" sizes=\"(max-width: 700px) 100vw, 700px\" \/><\/figure>\n<\/div><\/div>\n<\/div>","protected":false},"excerpt":{"rendered":"<p>Les armoires de salle de bains de luxe personnalis\u00e9es, associ\u00e9es \u00e0 un miroir LED en forme de nuage et \u00e0 un comptoir en marbre spacieux, conviennent aux espaces haut de gamme tels que les h\u00f4tels, les villas et les appartements. Shouya est un fournisseur direct d'usine qui soutient la vente en gros et la personnalisation. N'h\u00e9sitez pas \u00e0 vous renseigner imm\u00e9diatement !<\/p>\n<h2>Armoires de salle de bains de luxe Attributs\uff1a<\/h2>\n<p><strong>Num\u00e9ro d'article<\/strong>: SYY20250808-120<br \/><strong>Mat\u00e9riau de l'armoire :<\/strong>\u00a0Contreplaqu\u00e9<br \/><strong>Couleur de l'armoire : <\/strong>Marron<br \/><strong>Miroir :<\/strong> Miroir LED (3,5 mm\/3,8 mm), \u00e9clairage tricolore, d\u00e9sembuage par simple pression d'une touche, s\u00e9curis\u00e9 par un emballage en mousse multicouche.<br \/><strong>Type d'installation :<\/strong>\u00a0Montage mural<br \/><strong>Dimensions (L\u00d7L\u00d7H) :<\/strong> 120x 48 x 52cm<br \/><strong>Poids brut :<\/strong> 38 kg\/set<\/p>\n<h2>Personnalisation et services :<\/h2>\n<p><strong>OEM ET ODM<\/strong>: Pris en charge<br \/><strong>Conception<\/strong>: Gratuit<br \/><strong>Accessoires<\/strong>: Lavabos, miroirs, robinets et autres accessoires de salle de bains<br \/><strong>Emballage<\/strong>: Pr\u00eat \u00e0 monter<\/p>","protected":false},"featured_media":1905,"comment_status":"closed","ping_status":"closed","template":"","meta":{"_acf_changed":true},"product_brand":[],"product_cat":[20],"product_tag":[],"class_list":{"0":"post-1897","1":"product","2":"type-product","3":"status-publish","4":"has-post-thumbnail","6":"product_cat-wholesale-plywood-bathroom-vanity-cabinets","8":"first","9":"instock","10":"shipping-taxable","11":"product-type-simple"},"acf":[],"_links":{"self":[{"href":"https:\/\/www.shouyasanitary.com\/fr\/wp-json\/wp\/v2\/product\/1897","targetHints":{"allow":["GET"]}}],"collection":[{"href":"https:\/\/www.shouyasanitary.com\/fr\/wp-json\/wp\/v2\/product"}],"about":[{"href":"https:\/\/www.shouyasanitary.com\/fr\/wp-json\/wp\/v2\/types\/product"}],"replies":[{"embeddable":true,"href":"https:\/\/www.shouyasanitary.com\/fr\/wp-json\/wp\/v2\/comments?post=1897"}],"wp:featuredmedia":[{"embeddable":true,"href":"https:\/\/www.shouyasanitary.com\/fr\/wp-json\/wp\/v2\/media\/1905"}],"wp:attachment":[{"href":"https:\/\/www.shouyasanitary.com\/fr\/wp-json\/wp\/v2\/media?parent=1897"}],"wp:term":[{"taxonomy":"product_brand","embeddable":true,"href":"https:\/\/www.shouyasanitary.com\/fr\/wp-json\/wp\/v2\/product_brand?post=1897"},{"taxonomy":"product_cat","embeddable":true,"href":"https:\/\/www.shouyasanitary.com\/fr\/wp-json\/wp\/v2\/product_cat?post=1897"},{"taxonomy":"product_tag","embeddable":true,"href":"https:\/\/www.shouyasanitary.com\/fr\/wp-json\/wp\/v2\/product_tag?post=1897"}],"curies":[{"name":"wp","href":"https:\/\/api.w.org\/{rel}","templated":true}]}}