{"id":1898,"date":"2025-09-07T23:16:52","date_gmt":"2025-09-07T23:16:52","guid":{"rendered":"https:\/\/www.shouyasanitary.com\/?post_type=product&#038;p=1898"},"modified":"2025-09-07T23:16:54","modified_gmt":"2025-09-07T23:16:54","slug":"wholesale-bathroom-cabinets-free-standing","status":"publish","type":"product","link":"https:\/\/www.shouyasanitary.com\/fr\/produit\/wholesale-bathroom-cabinets-free-standing\/","title":{"rendered":"Wholesale Bathroom Cabinets Free Standing, Oriented Plywood Bathroom Vanity with Mirror Light Green Stylish"},"content":{"rendered":"<div class=\"wp-block-columns is-layout-flex wp-container-core-columns-is-layout-9d6595d7 wp-block-columns-is-layout-flex\">\n<div class=\"wp-block-column is-layout-flow wp-block-column-is-layout-flow\">\n<h2 class=\"wp-block-heading\">Armoires de salle de bains sur pied Caract\u00e9ristiques :<\/h2>\n\n\n\n<p><strong>Miroir elliptique non conventionnel<\/strong>Il s'agit de l'\u00e9l\u00e9ment visuel le plus important de la salle de bains. Il fournit non seulement un \u00e9clairage ample et confortable pendant la toilette, mais il conf\u00e8re \u00e9galement \u00e0 la salle de bains une atmosph\u00e8re \u00e0 la mode et une touche technologique. <\/p>\n\n\n\n<p><strong>Une texture unique<\/strong>: Le corps du meuble adopte un style de grain de bois naturel, \u00e0 la fois simple et chaleureux, ajoutant un style unique \u00e0 l'espace.<\/p>\n\n\n\n<p><strong>Compatibilit\u00e9 d'installation pratique : <\/strong>Le produit est con\u00e7u pour tenir compte de la commodit\u00e9 d'installation. Il est accompagn\u00e9 d'instructions d'installation d\u00e9taill\u00e9es et des accessoires n\u00e9cessaires \u00e0 l'installation. M\u00eame pour les installateurs inexp\u00e9riment\u00e9s, l'installation peut \u00eatre facilement r\u00e9alis\u00e9e. Vous \u00e9conomisez ainsi du temps et des frais d'installation, ce qui vous permet de cr\u00e9er rapidement l'espace de salle de bains id\u00e9al.<\/p>\n\n\n\n<p><strong>Mat\u00e9riaux et fabrication de haute qualit\u00e9 : <\/strong>Le corps de l'armoire est fabriqu\u00e9 en contreplaqu\u00e9 de haute qualit\u00e9, qui pr\u00e9sente d'excellentes capacit\u00e9s de stabilit\u00e9 et d'anti-d\u00e9formation, capables de faire face efficacement \u00e0 l'environnement humide de la salle de bains. La surface subit un traitement m\u00e9ticuleux d'imperm\u00e9abilisation, ce qui am\u00e9liore encore les performances de r\u00e9sistance \u00e0 l'humidit\u00e9 et prolonge la dur\u00e9e de vie du produit.<\/p>\n\n\n\n<p><strong>Configuration fonctionnelle pratique : <\/strong>La taille de 80 cm est raisonnable, avec un comptoir spacieux, permettant de placer facilement les articles quotidiens tels que les articles de toilette et les cosm\u00e9tiques. Le meuble inf\u00e9rieur offre un grand espace de rangement, r\u00e9pondant ainsi \u00e0 tous vos besoins en mati\u00e8re de rangement dans la salle de bains.<\/p>\n\n\n\n<p><strong>Support OEM\/ODM :\u00a0<\/strong>Nous proposons un service personnalis\u00e9, notamment en ce qui concerne la couleur, la taille, le style de l'armoire de toilette, la fonction d'\u00e9clairage, etc., qui peut \u00eatre personnalis\u00e9 en fonction des besoins du client pour r\u00e9pondre aux diff\u00e9rents besoins des projets d'ing\u00e9nierie.<\/p>\n<\/div>\n\n\n\n<div class=\"wp-block-column is-layout-flow wp-block-column-is-layout-flow\"><div class=\"wp-block-image\">\n<figure class=\"aligncenter size-full\"><img decoding=\"async\" width=\"700\" height=\"700\" src=\"https:\/\/www.shouyasanitary.com\/wp-content\/uploads\/2025\/08\/Customized-plywood-bathroom-cabinet-vanity.webp\" alt=\"Meuble de salle de bain en contreplaqu\u00e9 sur mesure\" class=\"wp-image-1902\" style=\"object-fit:cover\" srcset=\"https:\/\/www.shouyasanitary.com\/wp-content\/uploads\/2025\/08\/Customized-plywood-bathroom-cabinet-vanity.webp 700w, https:\/\/www.shouyasanitary.com\/wp-content\/uploads\/2025\/08\/Customized-plywood-bathroom-cabinet-vanity-300x300.webp 300w, https:\/\/www.shouyasanitary.com\/wp-content\/uploads\/2025\/08\/Customized-plywood-bathroom-cabinet-vanity-150x150.webp 150w, https:\/\/www.shouyasanitary.com\/wp-content\/uploads\/2025\/08\/Customized-plywood-bathroom-cabinet-vanity-12x12.webp 12w, https:\/\/www.shouyasanitary.com\/wp-content\/uploads\/2025\/08\/Customized-plywood-bathroom-cabinet-vanity-600x600.webp 600w, https:\/\/www.shouyasanitary.com\/wp-content\/uploads\/2025\/08\/Customized-plywood-bathroom-cabinet-vanity-100x100.webp 100w\" sizes=\"(max-width: 700px) 100vw, 700px\" \/><\/figure>\n<\/div><\/div>\n<\/div>","protected":false},"excerpt":{"rendered":"<p>Le meuble de salle de bain en contreplaqu\u00e9 de 80 cm est dot\u00e9 d'un miroir unique et irr\u00e9gulier avec un r\u00e9tro\u00e9clairage doux, ce qui lui conf\u00e8re une apparence \u00e9l\u00e9gante et accrocheuse. L'agencement bien organis\u00e9 offre un espace de rangement pratique, ce qui en fait un excellent choix pour les salles de bains des h\u00f4tels et des \u00e9tablissements commerciaux. N'h\u00e9sitez pas \u00e0 nous contacter \u00e0 tout moment.<\/p>\n<h2>Armoires de salle de bain sur pied Attributs\uff1a<\/h2>\n<p><strong>Num\u00e9ro d'article<\/strong>: SYY20250807-80<\/p>\n<p><strong>Mat\u00e9riau de l'armoire<\/strong>: Contreplaqu\u00e9<br \/><strong>Couleur de l'armoire<\/strong>: Vert clair<\/p>\n<p><strong>Miroir :<\/strong> Miroir LED (3,5 mm\/3,8 mm), \u00e9clairage tricolore, d\u00e9sembuage par simple pression d'une touche, s\u00e9curis\u00e9 par un emballage en mousse multicouche.<br \/><strong>Type d'installation :<\/strong> Au sol<br \/><strong>Dimensions (L\u00d7L\u00d7H) :<\/strong> 80*50*48cm<\/p>\n<h2>Personnalisation et services :<\/h2>\n<p><strong>OEM ET ODM<\/strong>: Pris en charge<br \/><strong>Conception<\/strong>: Gratuit<br \/><strong>Accessoires<\/strong>: Lavabos, miroirs, robinets et autres accessoires de salle de bains<br \/><strong>Emballage<\/strong>: Pr\u00eat \u00e0 monter<\/p>","protected":false},"featured_media":1902,"comment_status":"closed","ping_status":"closed","template":"","meta":{"_acf_changed":true},"product_brand":[],"product_cat":[20],"product_tag":[],"class_list":{"0":"post-1898","1":"product","2":"type-product","3":"status-publish","4":"has-post-thumbnail","6":"product_cat-wholesale-plywood-bathroom-vanity-cabinets","8":"first","9":"instock","10":"shipping-taxable","11":"product-type-simple"},"acf":[],"_links":{"self":[{"href":"https:\/\/www.shouyasanitary.com\/fr\/wp-json\/wp\/v2\/product\/1898","targetHints":{"allow":["GET"]}}],"collection":[{"href":"https:\/\/www.shouyasanitary.com\/fr\/wp-json\/wp\/v2\/product"}],"about":[{"href":"https:\/\/www.shouyasanitary.com\/fr\/wp-json\/wp\/v2\/types\/product"}],"replies":[{"embeddable":true,"href":"https:\/\/www.shouyasanitary.com\/fr\/wp-json\/wp\/v2\/comments?post=1898"}],"wp:featuredmedia":[{"embeddable":true,"href":"https:\/\/www.shouyasanitary.com\/fr\/wp-json\/wp\/v2\/media\/1902"}],"wp:attachment":[{"href":"https:\/\/www.shouyasanitary.com\/fr\/wp-json\/wp\/v2\/media?parent=1898"}],"wp:term":[{"taxonomy":"product_brand","embeddable":true,"href":"https:\/\/www.shouyasanitary.com\/fr\/wp-json\/wp\/v2\/product_brand?post=1898"},{"taxonomy":"product_cat","embeddable":true,"href":"https:\/\/www.shouyasanitary.com\/fr\/wp-json\/wp\/v2\/product_cat?post=1898"},{"taxonomy":"product_tag","embeddable":true,"href":"https:\/\/www.shouyasanitary.com\/fr\/wp-json\/wp\/v2\/product_tag?post=1898"}],"curies":[{"name":"wp","href":"https:\/\/api.w.org\/{rel}","templated":true}]}}