{"id":1914,"date":"2025-09-07T23:16:45","date_gmt":"2025-09-07T23:16:45","guid":{"rendered":"https:\/\/www.shouyasanitary.com\/?post_type=product&#038;p=1914"},"modified":"2025-09-07T23:16:48","modified_gmt":"2025-09-07T23:16:48","slug":"wholesale-green-bathroom-cabinets","status":"publish","type":"product","link":"https:\/\/www.shouyasanitary.com\/fr\/produit\/wholesale-green-bathroom-cabinets\/","title":{"rendered":"Wholesale Green Bathroom Cabinets, Plywood Vanity Bathroom Mirror Cabinet for Hotel Supplier"},"content":{"rendered":"<div class=\"wp-block-columns is-layout-flex wp-container-core-columns-is-layout-9d6595d7 wp-block-columns-is-layout-flex\">\n<div class=\"wp-block-column is-layout-flow wp-block-column-is-layout-flow\">\n<h2 class=\"wp-block-heading\">Caract\u00e9ristiques des armoires de salle de bains \u00e9cologiques\uff1a<\/h2>\n\n\n\n<p><strong>Conception de couleurs vertes fra\u00eeches : <\/strong>L'armoire adopte un vert menthe frais, brisant les limites de couleur traditionnelles des armoires de salle de bains et injectant une vitalit\u00e9 naturelle dans l'espace. Elle est associ\u00e9e \u00e0 un mur beige clair, cr\u00e9ant une atmosph\u00e8re douce et apaisante dans la salle de bains, adapt\u00e9e aux styles minimaliste moderne, Wabi-Sabi l\u00e9ger et autres. <\/p>\n\n\n\n<p><strong>Motif color\u00e9<\/strong>: L'armoire de toilette int\u00e8gre le marron clair et le blanc cass\u00e9, enrichissant ainsi la hi\u00e9rarchie visuelle gr\u00e2ce \u00e0 l'association des couleurs, formant un \u00e9quilibre entre le froid et le chaud avec l'armoire, ce qui rend la salle de bains plus design.<\/p>\n\n\n\n<p><strong>Installation suspendue<\/strong>: Il lib\u00e8re de l'espace dans le fond, r\u00e9duit les zones mortes et facilite le nettoyage quotidien. Il donne \u00e9galement l'impression que les petites salles de bains sont plus spacieuses et agrandit visuellement l'espace, ce qui le rend adapt\u00e9 aux petits appartements. <\/p>\n\n\n\n<p><strong>Armoire de toilette int\u00e9gr\u00e9e<\/strong>: Il int\u00e8gre les fonctions de rangement et de miroir, avec un espace de rangement dissimul\u00e9 pour classer les produits de soin et les articles de toilette, tout en gardant le plan de travail propre. Le miroir est \u00e9quip\u00e9 d'une horloge intelligente, alliant praticit\u00e9 et sens de la technologie.<\/p>\n\n\n\n<p><strong>Avantages de l'\u00e2me du contreplaqu\u00e9 :<\/strong> forte t\u00e9nacit\u00e9 du mat\u00e9riau, r\u00e9sistance \u00e0 la d\u00e9formation et au gonflement dus \u00e0 l'\u00e9rosion par l'humidit\u00e9 dans les salles de bains humides \u00e0 long terme, assurant la stabilit\u00e9 de la structure du meuble et prolongeant sa dur\u00e9e de vie, s'adaptant aux besoins particuliers des salles de bains.<\/p>\n\n\n\n<p><strong>Facile \u00e0 installer et \u00e0 entretenir :<\/strong> Plus l\u00e9ger que le bois massif, facile \u00e0 installer, peu exigeant en termes de capacit\u00e9 de charge des murs, il r\u00e9duit les difficult\u00e9s et les risques li\u00e9s \u00e0 l'installation. La surface du contreplaqu\u00e9 est sp\u00e9cialement trait\u00e9e et pr\u00e9sente d'excellentes performances en mati\u00e8re d'\u00e9tanch\u00e9it\u00e9 et de protection contre les moisissures ; l'entretien quotidien est simple et peut \u00eatre effectu\u00e9 \u00e0 l'aide d'un chiffon humide. <\/p>\n\n\n\n<p><strong>Approvisionnement de l'usine<\/strong>: Le processus de production est respectueux de l'environnement et efficace, avec une utilisation rationnelle des ressources en bois, des co\u00fbts contr\u00f4lables et la capacit\u00e9 d'obtenir \u00e0 la fois le sens du design et la praticit\u00e9 \u00e0 un prix abordable, ce qui permet aux consommateurs de cr\u00e9er des espaces de salle de bains de haute qualit\u00e9 \u00e0 un co\u00fbt abordable.<\/p>\n<\/div>\n\n\n\n<div class=\"wp-block-column is-layout-flow wp-block-column-is-layout-flow\"><div class=\"wp-block-image\">\n<figure class=\"aligncenter size-full\"><img decoding=\"async\" width=\"700\" height=\"700\" src=\"https:\/\/www.shouyasanitary.com\/wp-content\/uploads\/2025\/08\/Bulk-Purchases-Cabinet-With-Mirror.webp\" alt=\"Achats en gros Cabinet avec miroir\" class=\"wp-image-1915\" style=\"object-fit:cover\" srcset=\"https:\/\/www.shouyasanitary.com\/wp-content\/uploads\/2025\/08\/Bulk-Purchases-Cabinet-With-Mirror.webp 700w, https:\/\/www.shouyasanitary.com\/wp-content\/uploads\/2025\/08\/Bulk-Purchases-Cabinet-With-Mirror-300x300.webp 300w, https:\/\/www.shouyasanitary.com\/wp-content\/uploads\/2025\/08\/Bulk-Purchases-Cabinet-With-Mirror-150x150.webp 150w, https:\/\/www.shouyasanitary.com\/wp-content\/uploads\/2025\/08\/Bulk-Purchases-Cabinet-With-Mirror-12x12.webp 12w, https:\/\/www.shouyasanitary.com\/wp-content\/uploads\/2025\/08\/Bulk-Purchases-Cabinet-With-Mirror-600x600.webp 600w, https:\/\/www.shouyasanitary.com\/wp-content\/uploads\/2025\/08\/Bulk-Purchases-Cabinet-With-Mirror-100x100.webp 100w\" sizes=\"(max-width: 700px) 100vw, 700px\" \/><\/figure>\n<\/div><\/div>\n<\/div>","protected":false},"excerpt":{"rendered":"<p>Les armoires de salle de bain vertes en gros sont fabriqu\u00e9es en contreplaqu\u00e9 durable pour un design l\u00e9ger. Dot\u00e9es d'un design suspendu et d'une armoire de toilette aux couleurs assorties, elles int\u00e8grent \u00e9galement une horloge intelligente et une bande lumineuse LED. Cette solution de salle de bain \u00e9conomique est parfaite pour les r\u00e9novations de salles de bain modernes et de petite taille. Contactez-nous pour une solution personnalis\u00e9e.<\/p>\n<h2>Armoires de salle de bains vertes Attributs\uff1a<\/h2>\n<p><strong>Num\u00e9ro d'article : <\/strong>SYY20250802-60<strong><br \/>Mat\u00e9riau de l'armoire :<\/strong> PVC<br \/><strong>Couleur de l'armoire :\u00a0<\/strong>Vert<br \/><strong>Miroir :<\/strong> Miroir LED (3,5 mm\/3,8 mm), \u00e9clairage tricolore, d\u00e9sembuage par simple pression d'une touche, s\u00e9curis\u00e9 par un emballage en mousse multicouche.<br \/><strong>Type d'installation :<\/strong>\u00a0Montage mural<br \/><strong>Dimensions (L\u00d7L\u00d7H) :<\/strong> 60*47*47 cm<br \/><strong>Poids brut :<\/strong> 30kg\/set<\/p>\n<h2>Personnalisation et services :<\/h2>\n<p><strong>OEM ET ODM<\/strong>: Pris en charge<br \/><strong>Conception<\/strong>: Gratuit<br \/><strong>Accessoires<\/strong>: Lavabos, miroirs, robinets et autres accessoires de salle de bains<br \/><strong>Emballage<\/strong>: Pr\u00eat \u00e0 monter<\/p>","protected":false},"featured_media":1915,"comment_status":"closed","ping_status":"closed","template":"","meta":{"_acf_changed":true},"product_brand":[],"product_cat":[24],"product_tag":[],"class_list":{"0":"post-1914","1":"product","2":"type-product","3":"status-publish","4":"has-post-thumbnail","6":"product_cat-wholesale-pvc-bathroom-vanity-cabinets","8":"first","9":"instock","10":"shipping-taxable","11":"product-type-simple"},"acf":[],"_links":{"self":[{"href":"https:\/\/www.shouyasanitary.com\/fr\/wp-json\/wp\/v2\/product\/1914","targetHints":{"allow":["GET"]}}],"collection":[{"href":"https:\/\/www.shouyasanitary.com\/fr\/wp-json\/wp\/v2\/product"}],"about":[{"href":"https:\/\/www.shouyasanitary.com\/fr\/wp-json\/wp\/v2\/types\/product"}],"replies":[{"embeddable":true,"href":"https:\/\/www.shouyasanitary.com\/fr\/wp-json\/wp\/v2\/comments?post=1914"}],"wp:featuredmedia":[{"embeddable":true,"href":"https:\/\/www.shouyasanitary.com\/fr\/wp-json\/wp\/v2\/media\/1915"}],"wp:attachment":[{"href":"https:\/\/www.shouyasanitary.com\/fr\/wp-json\/wp\/v2\/media?parent=1914"}],"wp:term":[{"taxonomy":"product_brand","embeddable":true,"href":"https:\/\/www.shouyasanitary.com\/fr\/wp-json\/wp\/v2\/product_brand?post=1914"},{"taxonomy":"product_cat","embeddable":true,"href":"https:\/\/www.shouyasanitary.com\/fr\/wp-json\/wp\/v2\/product_cat?post=1914"},{"taxonomy":"product_tag","embeddable":true,"href":"https:\/\/www.shouyasanitary.com\/fr\/wp-json\/wp\/v2\/product_tag?post=1914"}],"curies":[{"name":"wp","href":"https:\/\/api.w.org\/{rel}","templated":true}]}}