{"id":1918,"date":"2025-09-07T23:16:43","date_gmt":"2025-09-07T23:16:43","guid":{"rendered":"https:\/\/www.shouyasanitary.com\/?post_type=product&#038;p=1918"},"modified":"2025-09-07T23:16:45","modified_gmt":"2025-09-07T23:16:45","slug":"custom-modern-bathroom-vanities","status":"publish","type":"product","link":"https:\/\/www.shouyasanitary.com\/fr\/produit\/custom-modern-bathroom-vanities\/","title":{"rendered":"Vanit\u00e9s de salle de bain modernes sur mesure, Armoires de salle de bain vertes Miroirs en contreplaqu\u00e9 avec tiroirs en vrac"},"content":{"rendered":"<div class=\"wp-block-columns is-layout-flex wp-container-core-columns-is-layout-9d6595d7 wp-block-columns-is-layout-flex\">\n<div class=\"wp-block-column is-layout-flow wp-block-column-is-layout-flow\">\n<h2 class=\"wp-block-heading\">Vanit\u00e9s de salle de bain modernes Caract\u00e9ristiques :<\/h2>\n\n\n\n<p><strong>Couleurs douces : <\/strong>Le corps du meuble adopte une couleur vert clair, fra\u00eeche et douce, qui apporte un sentiment d'apaisement. Il est associ\u00e9 \u00e0 des comptoirs et des murs blanc cass\u00e9, cr\u00e9ant une atmosph\u00e8re sereine et chaleureuse. Il convient au style minimaliste moderne, au style cr\u00e8me et \u00e0 d'autres styles de d\u00e9coration, injectant une vitalit\u00e9 naturelle dans la salle de bains et rompant la monotonie de l'espace. <\/p>\n\n\n\n<p><strong>Fonction de stockage : <\/strong>Le meuble principal adopte une disposition asym\u00e9trique \"deux tiroirs + une porte\", qui est \u00e0 la fois exquise et pratique. Les doubles tiroirs sont situ\u00e9s sur le c\u00f4t\u00e9 gauche, ce qui permet de ranger par cat\u00e9gorie les petits articles tels que les brosses \u00e0 dents et les produits de soin, qui sont faciles d'acc\u00e8s et \u00e9vitent l'humidit\u00e9. L'armoire de droite, qui s'ouvre par la porte, offre un espace ordonn\u00e9, adapt\u00e9 au rangement de grands articles tels que les serviettes de bain et les produits de bain. Le zonage clair permet d'exploiter pleinement chaque centim\u00e8tre carr\u00e9 et la grande capacit\u00e9 de rangement permet de garder la salle de bains bien rang\u00e9e. <\/p>\n\n\n\n<p><strong>Mat\u00e9riau en contreplaqu\u00e9 de haute qualit\u00e9 : <\/strong> Dans les salles de bains humides, il est moins susceptible de se d\u00e9former et de se fissurer sous l'effet des variations d'humidit\u00e9, ce qui garantit une utilisation \u00e0 long terme. Sa texture relativement l\u00e9g\u00e8re r\u00e9duit la charge sur le mur, ce qui facilite l'installation. <\/p>\n\n\n\n<p><strong>Surface imperm\u00e9able \u00e0 l'eau et \u00e0 l'humidit\u00e9<\/strong>: La surface est facilement imperm\u00e9abilis\u00e9e et peinte, et peut adh\u00e9rer fermement \u00e0 une finition de peinture vert clair, en conservant une couleur vive. Elle poss\u00e8de \u00e9galement un certain degr\u00e9 de r\u00e9sistance \u00e0 l'humidit\u00e9, ce qui lui permet de s'adapter aux sc\u00e9narios d'utilisation de la salle de bains. <\/p>\n\n\n\n<p><strong>Un co\u00fbt \u00e9lev\u00e9<\/strong>: Sa rentabilit\u00e9 d\u00e9passe celle de certains bois naturels, ce qui permet d'atteindre un \u00e9quilibre entre l'esth\u00e9tique et la praticit\u00e9.<\/p>\n<\/div>\n\n\n\n<div class=\"wp-block-column is-layout-flow wp-block-column-is-layout-flow\"><div class=\"wp-block-image\">\n<figure class=\"aligncenter size-full\"><img decoding=\"async\" width=\"700\" height=\"700\" src=\"https:\/\/www.shouyasanitary.com\/wp-content\/uploads\/2025\/08\/Bulk-Purchases-Bathroom-Cabinet-1.webp\" alt=\"Achats en vrac Armoire de toilette\" class=\"wp-image-1919\" style=\"object-fit:cover\" srcset=\"https:\/\/www.shouyasanitary.com\/wp-content\/uploads\/2025\/08\/Bulk-Purchases-Bathroom-Cabinet-1.webp 700w, https:\/\/www.shouyasanitary.com\/wp-content\/uploads\/2025\/08\/Bulk-Purchases-Bathroom-Cabinet-1-300x300.webp 300w, https:\/\/www.shouyasanitary.com\/wp-content\/uploads\/2025\/08\/Bulk-Purchases-Bathroom-Cabinet-1-150x150.webp 150w, https:\/\/www.shouyasanitary.com\/wp-content\/uploads\/2025\/08\/Bulk-Purchases-Bathroom-Cabinet-1-12x12.webp 12w, https:\/\/www.shouyasanitary.com\/wp-content\/uploads\/2025\/08\/Bulk-Purchases-Bathroom-Cabinet-1-600x600.webp 600w, https:\/\/www.shouyasanitary.com\/wp-content\/uploads\/2025\/08\/Bulk-Purchases-Bathroom-Cabinet-1-100x100.webp 100w\" sizes=\"(max-width: 700px) 100vw, 700px\" \/><\/figure>\n<\/div><\/div>\n<\/div>","protected":false},"excerpt":{"rendered":"<p>Les vanit\u00e9s personnalis\u00e9es en vrac de la salle de bain, excellent mat\u00e9riau, est le choix id\u00e9al pour cr\u00e9er un espace de salle de bain confortable et fonctionnel. Veuillez nous contacter pour un devis et un catalogue de produits\uff01<\/p>\n<h2>Armoires de salle de bain en contreplaqu\u00e9 Attributs\uff1a<\/h2>\n<p><strong>Num\u00e9ro d'article<\/strong>: SYY20250803-80<\/p>\n<p><strong>Mat\u00e9riau de l'armoire<\/strong>: Contreplaqu\u00e9<br \/><strong>Couleur de l'armoire<\/strong>: Vert<\/p>\n<p><strong>Miroir :<\/strong> Miroir LED (3,5 mm\/3,8 mm), \u00e9clairage tricolore, d\u00e9sembuage par simple pression d'une touche, s\u00e9curis\u00e9 par un emballage en mousse multicouche.<br \/><strong>Type d'installation :<\/strong>\u00a0Montage mural<br \/><strong>Dimensions (L\u00d7L\u00d7H) :<\/strong> 80*47*48cm<\/p>\n<h2>Personnalisation et services :<\/h2>\n<p><strong>OEM ET ODM<\/strong>: Pris en charge<br \/><strong>Conception<\/strong>: Gratuit<br \/><strong>Accessoires<\/strong>: Lavabos, miroirs, robinets et autres accessoires de salle de bains<br \/><strong>Emballage<\/strong>: Pr\u00eat \u00e0 monter<\/p>","protected":false},"featured_media":1919,"comment_status":"closed","ping_status":"closed","template":"","meta":{"_acf_changed":true},"product_brand":[],"product_cat":[20],"product_tag":[],"class_list":{"0":"post-1918","1":"product","2":"type-product","3":"status-publish","4":"has-post-thumbnail","6":"product_cat-wholesale-plywood-bathroom-vanity-cabinets","8":"first","9":"instock","10":"shipping-taxable","11":"product-type-simple"},"acf":[],"_links":{"self":[{"href":"https:\/\/www.shouyasanitary.com\/fr\/wp-json\/wp\/v2\/product\/1918","targetHints":{"allow":["GET"]}}],"collection":[{"href":"https:\/\/www.shouyasanitary.com\/fr\/wp-json\/wp\/v2\/product"}],"about":[{"href":"https:\/\/www.shouyasanitary.com\/fr\/wp-json\/wp\/v2\/types\/product"}],"replies":[{"embeddable":true,"href":"https:\/\/www.shouyasanitary.com\/fr\/wp-json\/wp\/v2\/comments?post=1918"}],"wp:featuredmedia":[{"embeddable":true,"href":"https:\/\/www.shouyasanitary.com\/fr\/wp-json\/wp\/v2\/media\/1919"}],"wp:attachment":[{"href":"https:\/\/www.shouyasanitary.com\/fr\/wp-json\/wp\/v2\/media?parent=1918"}],"wp:term":[{"taxonomy":"product_brand","embeddable":true,"href":"https:\/\/www.shouyasanitary.com\/fr\/wp-json\/wp\/v2\/product_brand?post=1918"},{"taxonomy":"product_cat","embeddable":true,"href":"https:\/\/www.shouyasanitary.com\/fr\/wp-json\/wp\/v2\/product_cat?post=1918"},{"taxonomy":"product_tag","embeddable":true,"href":"https:\/\/www.shouyasanitary.com\/fr\/wp-json\/wp\/v2\/product_tag?post=1918"}],"curies":[{"name":"wp","href":"https:\/\/api.w.org\/{rel}","templated":true}]}}