{"id":1922,"date":"2025-09-07T23:16:40","date_gmt":"2025-09-07T23:16:40","guid":{"rendered":"https:\/\/www.shouyasanitary.com\/?post_type=product&#038;p=1922"},"modified":"2025-09-07T23:16:43","modified_gmt":"2025-09-07T23:16:43","slug":"wholesale-double-sink-bathroom-vanity","status":"publish","type":"product","link":"https:\/\/www.shouyasanitary.com\/fr\/produit\/wholesale-double-sink-bathroom-vanity\/","title":{"rendered":"Wholesale Double Sink Bathroom Vanity, Luxury Cabinets Bathroom Wall Mounted Plywood Grey Mirror Cabinet Supplier"},"content":{"rendered":"<div class=\"wp-block-columns is-layout-flex wp-container-core-columns-is-layout-9d6595d7 wp-block-columns-is-layout-flex\">\n<div class=\"wp-block-column is-layout-flow wp-block-column-is-layout-flow\">\n<h2 class=\"wp-block-heading\">Caract\u00e9ristiques du meuble-lavabo double\uff1a<\/h2>\n\n\n\n<p><strong>Style haut de gamme : <\/strong>La palette de couleurs est domin\u00e9e par le gris fonc\u00e9 et le noir, associ\u00e9s \u00e0 des armoires blanc cass\u00e9 et \u00e0 des \u00e9l\u00e9ments de texture en marbre, cr\u00e9ant ainsi une atmosph\u00e8re spatiale luxueuse et sereine. Elle s'aligne sur la conception des maisons modernes haut de gamme et des maisons de luxe l\u00e9g\u00e8res. <\/p>\n\n\n\n<p><strong>Miroir intelligent de grande taille<\/strong>: L'\u00e9clairage ambiant renforce le sentiment de raffinement et d'ambiance.<\/p>\n\n\n\n<p><strong>Zonage raisonnable : <\/strong>La combinaison d'armoires doubles et d'une zone de rangement ouverte au milieu, avec des portes \u00e0 rev\u00eatement souple en forme de diamant des deux c\u00f4t\u00e9s des armoires, offre un vaste espace de rangement cach\u00e9 pour le rangement cat\u00e9goris\u00e9 des serviettes de bain, des articles de toilette et d'autres articles. L'espace ouvert au milieu facilite l'acc\u00e8s aux articles d'usage courant tels que les brosses \u00e0 dents et les produits d'aromath\u00e9rapie. Lorsque les armoires sont ferm\u00e9es, elles forment un espace \u00e9tanche, les portes \u00e0 rev\u00eatement souple s'ajustant parfaitement pour r\u00e9duire la p\u00e9n\u00e9tration de la poussi\u00e8re. Bien que la zone ouverte au milieu soit expos\u00e9e, l'utilisation fr\u00e9quente des articles et l'environnement g\u00e9n\u00e9ral relativement propre, associ\u00e9s au nettoyage quotidien de la salle de bains, permettent de contr\u00f4ler efficacement l'accumulation de poussi\u00e8re.<\/p>\n\n\n\n<p><strong>Utilisation raisonnable de l'espace :<\/strong> La conception de l'installation suspendue permet de gagner de l'espace au sol, de faciliter le nettoyage et de donner \u00e0 la salle de bains un aspect plus spacieux. Le grand miroir renforce l'effet visuel et, associ\u00e9 \u00e0 l'\u00e9clairage, il donne une impression d'ouverture \u00e0 un petit espace. <\/p>\n\n\n\n<p><strong>Double conception de l'\u00e9vier<\/strong>: Permet \u00e0 plusieurs utilisateurs d'utiliser l'espace simultan\u00e9ment, am\u00e9liorant ainsi l'efficacit\u00e9 de l'utilisation de l'espace.<\/p>\n<\/div>\n\n\n\n<div class=\"wp-block-column is-layout-flow wp-block-column-is-layout-flow\"><div class=\"wp-block-image\">\n<figure class=\"aligncenter size-full\"><img decoding=\"async\" width=\"700\" height=\"700\" src=\"https:\/\/www.shouyasanitary.com\/wp-content\/uploads\/2025\/08\/Custom-With-Cabinet-Vanity.webp\" alt=\"Vanit\u00e9 sur mesure avec cabinet\" class=\"wp-image-1923\" style=\"object-fit:cover\" srcset=\"https:\/\/www.shouyasanitary.com\/wp-content\/uploads\/2025\/08\/Custom-With-Cabinet-Vanity.webp 700w, https:\/\/www.shouyasanitary.com\/wp-content\/uploads\/2025\/08\/Custom-With-Cabinet-Vanity-300x300.webp 300w, https:\/\/www.shouyasanitary.com\/wp-content\/uploads\/2025\/08\/Custom-With-Cabinet-Vanity-150x150.webp 150w, https:\/\/www.shouyasanitary.com\/wp-content\/uploads\/2025\/08\/Custom-With-Cabinet-Vanity-12x12.webp 12w, https:\/\/www.shouyasanitary.com\/wp-content\/uploads\/2025\/08\/Custom-With-Cabinet-Vanity-600x600.webp 600w, https:\/\/www.shouyasanitary.com\/wp-content\/uploads\/2025\/08\/Custom-With-Cabinet-Vanity-100x100.webp 100w\" sizes=\"(max-width: 700px) 100vw, 700px\" \/><\/figure>\n<\/div><\/div>\n<\/div>","protected":false},"excerpt":{"rendered":"<p>Bienvenue sur le site de vente en gros d'un meuble de salle de bain \u00e0 double \u00e9vier. Le design en marbre gris fonc\u00e9 et noir d\u00e9gage une \u00e9l\u00e9gance luxueuse. Les doubles lavabos, les rangements cloisonn\u00e9s, le design mural et le grand miroir \u00e9clair\u00e9 cr\u00e9ent une atmosph\u00e8re spacieuse. Id\u00e9al pour les r\u00e9sidences, les appartements et les h\u00f4tels haut de gamme. Nous proposons des options de vente en gros, des options directes \u00e0 l'usine et des options personnalis\u00e9es. Veuillez nous contacter pour un devis.<\/p>\n<h2>Meuble-lavabo double Attributs\uff1a<\/h2>\n<p><strong>Num\u00e9ro d'article :<\/strong>SYY20250805-140<strong><br \/>Mat\u00e9riau de l'armoire :<\/strong>\u00a0Contreplaqu\u00e9<br \/><strong>Couleur de l'armoire :<\/strong> Gris<br \/><strong>Miroir :<\/strong> Miroir LED (3,5 mm\/3,8 mm), \u00e9clairage tricolore, d\u00e9sembuage par simple pression d'une touche, s\u00e9curis\u00e9 par un emballage en mousse multicouche.<br \/><strong>Type d'installation :<\/strong>\u00a0Montage mural<br \/><strong>Dimensions (L\u00d7L\u00d7H) :<\/strong> 140x50x45 cm<br \/><strong>Poids brut :<\/strong> 45kg\/set<\/p>\n<h2>Personnalisation et services :<\/h2>\n<p><strong>OEM ET ODM<\/strong>: Pris en charge<br \/><strong>Conception<\/strong>: Gratuit<br \/><strong>Accessoires<\/strong>: Lavabos, miroirs, robinets et autres accessoires de salle de bains<br \/><strong>Emballage<\/strong>: Pr\u00eat \u00e0 monter<\/p>","protected":false},"featured_media":1923,"comment_status":"closed","ping_status":"closed","template":"","meta":{"_acf_changed":true},"product_brand":[],"product_cat":[20],"product_tag":[],"class_list":{"0":"post-1922","1":"product","2":"type-product","3":"status-publish","4":"has-post-thumbnail","6":"product_cat-wholesale-plywood-bathroom-vanity-cabinets","8":"first","9":"instock","10":"shipping-taxable","11":"product-type-simple"},"acf":[],"_links":{"self":[{"href":"https:\/\/www.shouyasanitary.com\/fr\/wp-json\/wp\/v2\/product\/1922","targetHints":{"allow":["GET"]}}],"collection":[{"href":"https:\/\/www.shouyasanitary.com\/fr\/wp-json\/wp\/v2\/product"}],"about":[{"href":"https:\/\/www.shouyasanitary.com\/fr\/wp-json\/wp\/v2\/types\/product"}],"replies":[{"embeddable":true,"href":"https:\/\/www.shouyasanitary.com\/fr\/wp-json\/wp\/v2\/comments?post=1922"}],"wp:featuredmedia":[{"embeddable":true,"href":"https:\/\/www.shouyasanitary.com\/fr\/wp-json\/wp\/v2\/media\/1923"}],"wp:attachment":[{"href":"https:\/\/www.shouyasanitary.com\/fr\/wp-json\/wp\/v2\/media?parent=1922"}],"wp:term":[{"taxonomy":"product_brand","embeddable":true,"href":"https:\/\/www.shouyasanitary.com\/fr\/wp-json\/wp\/v2\/product_brand?post=1922"},{"taxonomy":"product_cat","embeddable":true,"href":"https:\/\/www.shouyasanitary.com\/fr\/wp-json\/wp\/v2\/product_cat?post=1922"},{"taxonomy":"product_tag","embeddable":true,"href":"https:\/\/www.shouyasanitary.com\/fr\/wp-json\/wp\/v2\/product_tag?post=1922"}],"curies":[{"name":"wp","href":"https:\/\/api.w.org\/{rel}","templated":true}]}}