{"id":1936,"date":"2025-09-12T09:46:56","date_gmt":"2025-09-12T09:46:56","guid":{"rendered":"https:\/\/www.shouyasanitary.com\/?post_type=product&#038;p=1936"},"modified":"2025-09-12T09:46:58","modified_gmt":"2025-09-12T09:46:58","slug":"wholesale-modern-vanities-for-bathrooms","status":"publish","type":"product","link":"https:\/\/www.shouyasanitary.com\/fr\/produit\/wholesale-modern-vanities-for-bathrooms\/","title":{"rendered":"Wholesale Modern Vanities for Bathrooms, Grille-Pattern Wall-Mounted Bathroom Cabinet with Countertop Basin Custom"},"content":{"rendered":"<div class=\"wp-block-columns is-layout-flex wp-container-core-columns-is-layout-9d6595d7 wp-block-columns-is-layout-flex\">\n<div class=\"wp-block-column is-layout-flow wp-block-column-is-layout-flow\">\n<h2 class=\"wp-block-heading\">Caract\u00e9ristiques des meubles-lavabos modernes pour la salle de bains :<\/h2>\n\n\n\n<p><strong>Contreplaqu\u00e9 raffin\u00e9 de qualit\u00e9 sup\u00e9rieure : <\/strong>Gr\u00e2ce \u00e0 l'utilisation de mat\u00e9riaux en contreplaqu\u00e9 de haute qualit\u00e9 et \u00e0 un traitement m\u00e9ticuleux, ce meuble de salle de bains garantit sa durabilit\u00e9 et sa r\u00e9sistance \u00e0 l'humidit\u00e9. <\/p>\n\n\n\n<p><strong>Taille raisonnable<\/strong>: La taille de 100CM s'adapte parfaitement aux salles de bains de petite et moyenne taille, r\u00e9pondant aux besoins de rangement tout en mettant en valeur l'utilisation efficace de l'espace. <\/p>\n\n\n\n<p><strong>Installation murale :<\/strong> La conception unique de l'installation murale permet non seulement de maintenir l'armoire de salle de bains \u00e0 l'abri de l'humidit\u00e9 du sol, ce qui pr\u00e9vient efficacement les moisissures, mais aussi d'\u00e9conomiser de l'espace dans la salle de bains, ce qui facilite le nettoyage et l'entretien quotidiens. En outre, cette m\u00e9thode d'installation donne \u00e0 la salle de bains une impression visuelle plus spacieuse, am\u00e9liorant ainsi l'exp\u00e9rience globale de l'utilisateur.<\/p>\n\n\n\n<p><strong>Conception du panneau de porte de la calandre :<\/strong> Les portes de l'armoire sont dot\u00e9es d'une texture en grille, qui ajoute non seulement de la profondeur et de la beaut\u00e9 \u00e0 l'armoire de salle de bains, mais assure \u00e9galement la ventilation et la circulation de l'air \u00e0 l'int\u00e9rieur de l'armoire, emp\u00eachant ainsi l'humidit\u00e9 de s'installer. Les poign\u00e9es circulaires blanches compl\u00e8tent le design g\u00e9n\u00e9ral, ajoutant une touche de luminosit\u00e9 \u00e0 l'espace de la salle de bains.<\/p>\n\n\n\n<p><strong>Combinaison de bassins blancs : <\/strong>La vasque circulaire blanche assortie est simple et \u00e9l\u00e9gante, facile \u00e0 nettoyer et s'int\u00e8gre parfaitement au style g\u00e9n\u00e9ral du meuble de salle de bains. L'espace mural au-dessus de la vasque peut \u00eatre am\u00e9nag\u00e9 de mani\u00e8re flexible avec des robinets et des miroirs, r\u00e9pondant ainsi aux besoins des ing\u00e9nieurs en qu\u00eate d'une solution de salle de bains simple et \u00e0 la mode.<\/p>\n\n\n\n<p><strong>Options de personnalisation flexibles<\/strong>: Nous proposons des services de personnalisation, notamment en ce qui concerne la taille, le logo, la couleur, la finition, la fonction, etc. pour r\u00e9pondre aux besoins des clients.<\/p>\n<\/div>\n\n\n\n<div class=\"wp-block-column is-layout-flow wp-block-column-is-layout-flow\"><div class=\"wp-block-image\">\n<figure class=\"aligncenter size-full\"><img decoding=\"async\" width=\"700\" height=\"700\" src=\"https:\/\/www.shouyasanitary.com\/wp-content\/uploads\/2025\/08\/Custom-bathroom-cabinet-vanity-2.webp\" alt=\"Meuble de salle de bain sur mesure\" class=\"wp-image-1940\" style=\"object-fit:cover\" srcset=\"https:\/\/www.shouyasanitary.com\/wp-content\/uploads\/2025\/08\/Custom-bathroom-cabinet-vanity-2.webp 700w, https:\/\/www.shouyasanitary.com\/wp-content\/uploads\/2025\/08\/Custom-bathroom-cabinet-vanity-2-300x300.webp 300w, https:\/\/www.shouyasanitary.com\/wp-content\/uploads\/2025\/08\/Custom-bathroom-cabinet-vanity-2-150x150.webp 150w, https:\/\/www.shouyasanitary.com\/wp-content\/uploads\/2025\/08\/Custom-bathroom-cabinet-vanity-2-12x12.webp 12w, https:\/\/www.shouyasanitary.com\/wp-content\/uploads\/2025\/08\/Custom-bathroom-cabinet-vanity-2-600x600.webp 600w, https:\/\/www.shouyasanitary.com\/wp-content\/uploads\/2025\/08\/Custom-bathroom-cabinet-vanity-2-100x100.webp 100w\" sizes=\"(max-width: 700px) 100vw, 700px\" \/><\/figure>\n<\/div><\/div>\n<\/div>","protected":false},"excerpt":{"rendered":"<p>Les meubles-lavabos modernes pour salles de bains de Shouya sont fabriqu\u00e9s en contreplaqu\u00e9 durable. L'installation murale permet d'\u00e9conomiser de l'espace et est facile \u00e0 nettoyer et \u00e0 entretenir. La vasque en porcelaine blanche, combin\u00e9e \u00e0 un design simple et \u00e0 la mode, rehausse le style de la salle de bains. Nous offrons des possibilit\u00e9s de personnalisation flexibles. N'h\u00e9sitez pas \u00e0 nous contacter pour obtenir plus d'informations sur nos produits !<\/p>\n<h2>Vanit\u00e9s modernes pour salles de bains Attributs\uff1a<\/h2>\n<p><strong>Num\u00e9ro d'article<\/strong>: SYY20250811-100<\/p>\n<p><strong>Mat\u00e9riau de l'armoire<\/strong>: Contreplaqu\u00e9<br \/><strong>Couleur de l'armoire<\/strong>: Jaune<\/p>\n<p><strong>Miroir :<\/strong> Miroir LED (3,5 mm\/3,8 mm), \u00e9clairage tricolore, d\u00e9sembuage par simple pression d'une touche, s\u00e9curis\u00e9 par un emballage en mousse multicouche.<br \/><strong>Type d'installation :<\/strong>\u00a0Montage mural<br \/><strong>Dimensions (L\u00d7L\u00d7H) :<\/strong> 100*50*50cm<\/p>\n<h2>Personnalisation et services :<\/h2>\n<p><strong>OEM ET ODM<\/strong>: Pris en charge<br \/><strong>Conception<\/strong>: Gratuit<br \/><strong>Accessoires<\/strong>: Lavabos, miroirs, robinets et autres accessoires de salle de bains<br \/><strong>Emballage<\/strong>: Pr\u00eat \u00e0 monter<\/p>","protected":false},"featured_media":1940,"comment_status":"closed","ping_status":"closed","template":"","meta":{"_acf_changed":true},"product_brand":[],"product_cat":[20],"product_tag":[],"class_list":{"0":"post-1936","1":"product","2":"type-product","3":"status-publish","4":"has-post-thumbnail","6":"product_cat-wholesale-plywood-bathroom-vanity-cabinets","8":"first","9":"instock","10":"shipping-taxable","11":"product-type-simple"},"acf":[],"_links":{"self":[{"href":"https:\/\/www.shouyasanitary.com\/fr\/wp-json\/wp\/v2\/product\/1936","targetHints":{"allow":["GET"]}}],"collection":[{"href":"https:\/\/www.shouyasanitary.com\/fr\/wp-json\/wp\/v2\/product"}],"about":[{"href":"https:\/\/www.shouyasanitary.com\/fr\/wp-json\/wp\/v2\/types\/product"}],"replies":[{"embeddable":true,"href":"https:\/\/www.shouyasanitary.com\/fr\/wp-json\/wp\/v2\/comments?post=1936"}],"wp:featuredmedia":[{"embeddable":true,"href":"https:\/\/www.shouyasanitary.com\/fr\/wp-json\/wp\/v2\/media\/1940"}],"wp:attachment":[{"href":"https:\/\/www.shouyasanitary.com\/fr\/wp-json\/wp\/v2\/media?parent=1936"}],"wp:term":[{"taxonomy":"product_brand","embeddable":true,"href":"https:\/\/www.shouyasanitary.com\/fr\/wp-json\/wp\/v2\/product_brand?post=1936"},{"taxonomy":"product_cat","embeddable":true,"href":"https:\/\/www.shouyasanitary.com\/fr\/wp-json\/wp\/v2\/product_cat?post=1936"},{"taxonomy":"product_tag","embeddable":true,"href":"https:\/\/www.shouyasanitary.com\/fr\/wp-json\/wp\/v2\/product_tag?post=1936"}],"curies":[{"name":"wp","href":"https:\/\/api.w.org\/{rel}","templated":true}]}}