{"id":1937,"date":"2025-09-12T09:46:52","date_gmt":"2025-09-12T09:46:52","guid":{"rendered":"https:\/\/www.shouyasanitary.com\/?post_type=product&#038;p=1937"},"modified":"2025-09-12T09:46:54","modified_gmt":"2025-09-12T09:46:54","slug":"bathroom-cabinets-semi-custom","status":"publish","type":"product","link":"https:\/\/www.shouyasanitary.com\/fr\/produit\/bathroom-cabinets-semi-custom\/","title":{"rendered":"Armoires de salle de bain Semi Custom, Plywood Bathroom Wall Cabinet Brown 100cm Factory Supply"},"content":{"rendered":"<div class=\"wp-block-columns is-layout-flex wp-container-core-columns-is-layout-9d6595d7 wp-block-columns-is-layout-flex\">\n<div class=\"wp-block-column is-layout-flow wp-block-column-is-layout-flow\">\n<h2 class=\"wp-block-heading\">Caract\u00e9ristiques des armoires de salle de bain Semi Custom\uff1a<\/h2>\n\n\n\n<p><strong>Mat\u00e9riau en contreplaqu\u00e9 de haute qualit\u00e9 : <\/strong>Le meuble de salle de bains en contreplaqu\u00e9 a \u00e9t\u00e9 finement trait\u00e9, ce qui lui permet de r\u00e9sister efficacement aux changements de temp\u00e9rature et d'humidit\u00e9 dans l'environnement de la salle de bains. Il est peu susceptible de se d\u00e9former ou de se fissurer, ce qui garantit sa dur\u00e9e de vie et vous permet d'\u00e9viter les remplacements fr\u00e9quents et d'\u00e9conomiser du temps et des efforts.<\/p>\n\n\n\n<p><strong>Dimensions id\u00e9ales : <\/strong>La taille totale de l'armoire de salle de bains est de 100CM. Qu'il s'agisse d'une petite salle de bains qui doit faire bon usage de l'espace limit\u00e9, ou d'une grande salle de bains qui recherche l'harmonie et la grandeur, elle peut parfaitement s'int\u00e9grer et fournir un espace de rangement suffisant pour les articles de salle de bains.<\/p>\n\n\n\n<p><strong>Design minimaliste<\/strong>: De l'ext\u00e9rieur, ce meuble de salle de bains pr\u00e9sente un style minimaliste mais tr\u00e8s tendance. Les portes de l'armoire comportent un panneau en bois avec une texture unique, pr\u00e9sentant des lignes douces et fluides. Combin\u00e9es au comptoir blanc \u00e9pur\u00e9, elles cr\u00e9ent un effet visuel rafra\u00eechissant et \u00e9l\u00e9gant.<\/p>\n\n\n\n<p><strong>Am\u00e9nagement rationnel de l'espace de stockage : <\/strong>L'espace int\u00e9rieur de l'armoire est bien planifi\u00e9, avec une conception \u00e0 double porte qui facilite l'acc\u00e8s aux articles \u00e0 l'int\u00e9rieur. Sur le plan de travail, la disposition de l'\u00e9vier et de la zone de rangement est compacte. Tous les \u00e9l\u00e9ments peuvent \u00eatre plac\u00e9s dans leurs positions respectives, ce qui permet de garder la salle de bains propre et ordonn\u00e9e \u00e0 tout moment, et de rendre l'utilisation quotidienne plus pratique et plus efficace.<\/p>\n<\/div>\n\n\n\n<div class=\"wp-block-column is-layout-flow wp-block-column-is-layout-flow\"><div class=\"wp-block-image\">\n<figure class=\"aligncenter size-full\"><img decoding=\"async\" width=\"700\" height=\"700\" src=\"https:\/\/www.shouyasanitary.com\/wp-content\/uploads\/2025\/08\/Wholesale-Discount-Wall-mounted-bathroom-cabinet-vanity.webp\" alt=\"Wholesale Discount Meuble de salle de bain mural vanity\" class=\"wp-image-1949\" style=\"object-fit:cover\" srcset=\"https:\/\/www.shouyasanitary.com\/wp-content\/uploads\/2025\/08\/Wholesale-Discount-Wall-mounted-bathroom-cabinet-vanity.webp 700w, https:\/\/www.shouyasanitary.com\/wp-content\/uploads\/2025\/08\/Wholesale-Discount-Wall-mounted-bathroom-cabinet-vanity-300x300.webp 300w, https:\/\/www.shouyasanitary.com\/wp-content\/uploads\/2025\/08\/Wholesale-Discount-Wall-mounted-bathroom-cabinet-vanity-150x150.webp 150w, https:\/\/www.shouyasanitary.com\/wp-content\/uploads\/2025\/08\/Wholesale-Discount-Wall-mounted-bathroom-cabinet-vanity-12x12.webp 12w, https:\/\/www.shouyasanitary.com\/wp-content\/uploads\/2025\/08\/Wholesale-Discount-Wall-mounted-bathroom-cabinet-vanity-600x600.webp 600w, https:\/\/www.shouyasanitary.com\/wp-content\/uploads\/2025\/08\/Wholesale-Discount-Wall-mounted-bathroom-cabinet-vanity-100x100.webp 100w\" sizes=\"(max-width: 700px) 100vw, 700px\" \/><\/figure>\n<\/div><\/div>\n<\/div>","protected":false},"excerpt":{"rendered":"<p>Les armoires de salle de bains Shouya sont semi-personnalis\u00e9es, avec un contreplaqu\u00e9 durable, une taille raisonnable, une fonction de stockage et une structure murale. Il combine stabilit\u00e9, style \u00e9l\u00e9gant et rangement optimis\u00e9, parfait pour les petites et grandes salles de bains. Contactez-nous d\u00e8s aujourd'hui pour des solutions de vanit\u00e9 de salle de bain en gros ou sur mesure.<\/p>\n<h2>Armoires de salle de bain semi-personnalis\u00e9es Attributs\uff1a<\/h2>\n<p><strong>Num\u00e9ro d'article :<\/strong>SYY20250815-100<strong><br \/>Mat\u00e9riau de l'armoire :<\/strong>\u00a0Contreplaqu\u00e9<br \/><strong>Couleur de l'armoire :<\/strong> Marron<br \/><strong>Miroir :<\/strong> Miroir LED (3,5 mm\/3,8 mm), \u00e9clairage tricolore, d\u00e9sembuage par simple pression d'une touche, s\u00e9curis\u00e9 par un emballage en mousse multicouche.<br \/><strong>Type d'installation :<\/strong> Montage mural<br \/><strong>Dimensions (L\u00d7L\u00d7H) :<\/strong> 100x50x47 cm<br \/><strong>Poids brut :<\/strong> 35kg\/set<\/p>\n<h2>Personnalisation et services :<\/h2>\n<p><strong>OEM ET ODM<\/strong>: Pris en charge<br \/><strong>Conception<\/strong>: Gratuit<br \/><strong>Accessoires<\/strong>: Lavabos, miroirs, robinets et autres accessoires de salle de bains<br \/><strong>Emballage<\/strong>: Pr\u00eat \u00e0 monter<\/p>","protected":false},"featured_media":1949,"comment_status":"closed","ping_status":"closed","template":"","meta":{"_acf_changed":true},"product_brand":[],"product_cat":[20],"product_tag":[],"class_list":{"0":"post-1937","1":"product","2":"type-product","3":"status-publish","4":"has-post-thumbnail","6":"product_cat-wholesale-plywood-bathroom-vanity-cabinets","8":"first","9":"instock","10":"shipping-taxable","11":"product-type-simple"},"acf":[],"_links":{"self":[{"href":"https:\/\/www.shouyasanitary.com\/fr\/wp-json\/wp\/v2\/product\/1937","targetHints":{"allow":["GET"]}}],"collection":[{"href":"https:\/\/www.shouyasanitary.com\/fr\/wp-json\/wp\/v2\/product"}],"about":[{"href":"https:\/\/www.shouyasanitary.com\/fr\/wp-json\/wp\/v2\/types\/product"}],"replies":[{"embeddable":true,"href":"https:\/\/www.shouyasanitary.com\/fr\/wp-json\/wp\/v2\/comments?post=1937"}],"wp:featuredmedia":[{"embeddable":true,"href":"https:\/\/www.shouyasanitary.com\/fr\/wp-json\/wp\/v2\/media\/1949"}],"wp:attachment":[{"href":"https:\/\/www.shouyasanitary.com\/fr\/wp-json\/wp\/v2\/media?parent=1937"}],"wp:term":[{"taxonomy":"product_brand","embeddable":true,"href":"https:\/\/www.shouyasanitary.com\/fr\/wp-json\/wp\/v2\/product_brand?post=1937"},{"taxonomy":"product_cat","embeddable":true,"href":"https:\/\/www.shouyasanitary.com\/fr\/wp-json\/wp\/v2\/product_cat?post=1937"},{"taxonomy":"product_tag","embeddable":true,"href":"https:\/\/www.shouyasanitary.com\/fr\/wp-json\/wp\/v2\/product_tag?post=1937"}],"curies":[{"name":"wp","href":"https:\/\/api.w.org\/{rel}","templated":true}]}}