{"id":1938,"date":"2025-09-12T09:46:49","date_gmt":"2025-09-12T09:46:49","guid":{"rendered":"https:\/\/www.shouyasanitary.com\/?post_type=product&#038;p=1938"},"modified":"2025-09-12T09:46:51","modified_gmt":"2025-09-12T09:46:51","slug":"wholesale-bathroom-floor-cabinet","status":"publish","type":"product","link":"https:\/\/www.shouyasanitary.com\/fr\/produit\/wholesale-bathroom-floor-cabinet\/","title":{"rendered":"Wholesale Bathroom Floor Cabinet, Double Sink Bathroom Vanity Set with Mirror High-end Style Custom"},"content":{"rendered":"<div class=\"wp-block-columns is-layout-flex wp-container-core-columns-is-layout-9d6595d7 wp-block-columns-is-layout-flex\">\n<div class=\"wp-block-column is-layout-flow wp-block-column-is-layout-flow\">\n<h2 class=\"wp-block-heading\">Plancher de la salle de bain Caract\u00e9ristiques de l'armoire :<\/h2>\n\n\n\n<p><strong>Mat\u00e9riau de haute qualit\u00e9 et durable : <\/strong>Fabriqu\u00e9 en contreplaqu\u00e9 de haute qualit\u00e9, il fait l'objet d'un traitement pr\u00e9cis et d'un contr\u00f4le de qualit\u00e9 strict afin de garantir une structure stable et une forte r\u00e9sistance \u00e0 la d\u00e9formation. Il convient aux salles de bains humides.<\/p>\n\n\n\n<p><strong>Miroir double :<\/strong> La configuration unique du double miroir r\u00e9pond non seulement aux besoins de plusieurs personnes qui l'utilisent en m\u00eame temps, mais am\u00e9liore \u00e9galement l'efficacit\u00e9 de l'espace de la salle de bains. <\/p>\n\n\n\n<p><strong>Cadre noir simple<\/strong>: Ajoutant une touche de modernit\u00e9 et de mode, s'adaptant parfaitement au style de d\u00e9coration des h\u00f4tels, des appartements, etc.<\/p>\n\n\n\n<p><strong>Disposition raisonnable : <\/strong>L'armoire spacieuse de 120CM, combin\u00e9e \u00e0 plusieurs tiroirs et portes d'armoire, offre un grand espace de rangement, ce qui permet de ranger divers articles de salle de bains par cat\u00e9gories, tout en gardant le comptoir propre et ordonn\u00e9. <\/p>\n\n\n\n<p><strong>Style moderne et simple :<\/strong> L'armoire en bois clair est associ\u00e9e \u00e0 un plan de travail blanc, cr\u00e9ant un aspect frais et naturel qui s'harmonise avec les murs en carrelage blanc, cr\u00e9ant ainsi un environnement lumineux et spacieux dans la salle de bains. <\/p>\n\n\n\n<p><strong>Applicable \u00e0 de multiples sc\u00e9narios de salles de bains<\/strong>: Qu'il s'agisse d'am\u00e9liorer la qualit\u00e9 g\u00e9n\u00e9rale des chambres d'h\u00f4tel ou de cr\u00e9er une exp\u00e9rience confortable dans les salles de bains des appartements, l'armoire de salle de bains au sol est un excellent choix.<\/p>\n<\/div>\n\n\n\n<div class=\"wp-block-column is-layout-flow wp-block-column-is-layout-flow\"><div class=\"wp-block-image\">\n<figure class=\"aligncenter size-full\"><img decoding=\"async\" width=\"700\" height=\"700\" src=\"https:\/\/www.shouyasanitary.com\/wp-content\/uploads\/2025\/08\/Bulk-Purchases-120CM-Bathroom-Cabinet-Vanity.webp\" alt=\"Achats en vrac 120CM Cabinet de salle de bain Vanity\" class=\"wp-image-1946\" style=\"object-fit:cover\" srcset=\"https:\/\/www.shouyasanitary.com\/wp-content\/uploads\/2025\/08\/Bulk-Purchases-120CM-Bathroom-Cabinet-Vanity.webp 700w, https:\/\/www.shouyasanitary.com\/wp-content\/uploads\/2025\/08\/Bulk-Purchases-120CM-Bathroom-Cabinet-Vanity-300x300.webp 300w, https:\/\/www.shouyasanitary.com\/wp-content\/uploads\/2025\/08\/Bulk-Purchases-120CM-Bathroom-Cabinet-Vanity-150x150.webp 150w, https:\/\/www.shouyasanitary.com\/wp-content\/uploads\/2025\/08\/Bulk-Purchases-120CM-Bathroom-Cabinet-Vanity-12x12.webp 12w, https:\/\/www.shouyasanitary.com\/wp-content\/uploads\/2025\/08\/Bulk-Purchases-120CM-Bathroom-Cabinet-Vanity-600x600.webp 600w, https:\/\/www.shouyasanitary.com\/wp-content\/uploads\/2025\/08\/Bulk-Purchases-120CM-Bathroom-Cabinet-Vanity-100x100.webp 100w\" sizes=\"(max-width: 700px) 100vw, 700px\" \/><\/figure>\n<\/div><\/div>\n<\/div>","protected":false},"excerpt":{"rendered":"<p>Les armoires de salle de bains en gros, dot\u00e9es d'un mat\u00e9riau robuste et d'un double miroir pratique, sont sp\u00e9cialement cr\u00e9\u00e9es pour am\u00e9liorer la qualit\u00e9 des salles de bains commerciales. C'est un excellent choix pour les achats en gros. N'h\u00e9sitez pas \u00e0 nous contacter pour un devis \u00e0 tout moment !<\/p>\n<h2>Attributs de l'armoire de sol de salle de bains\uff1a<\/h2>\n<p><strong>Num\u00e9ro d'article<\/strong>: SYY20250814-120<br \/><strong>Mat\u00e9riau de l'armoire<\/strong>: Contreplaqu\u00e9<br \/><strong>Couleur de l'armoire<\/strong>: Marron<br \/><strong>Miroir<\/strong>: Miroir LED (3,5mm \/ 3,8mm), \u00e9clairage tricolore, d\u00e9sembuage par simple pression d'une touche, s\u00e9curis\u00e9 par un emballage en mousse multicouche. <br \/><strong>Type d'installation<\/strong>: Au sol<br \/><strong>Dimensions (L \u00d7 L \u00d7 H)<\/strong>: 120 x 50 x 70 cm<br \/><strong>Poids brut<\/strong>: 42kg\/set<\/p>\n<h2>Personnalisation et services :<\/h2>\n<p><strong>OEM ET ODM<\/strong>: Pris en charge<br \/><strong>Conception<\/strong>: Gratuit<br \/><strong>Accessoires<\/strong>: Lavabos, miroirs, robinets et autres accessoires de salle de bains<br \/><strong>Emballage<\/strong>: Pr\u00eat \u00e0 monter<\/p>","protected":false},"featured_media":1946,"comment_status":"closed","ping_status":"closed","template":"","meta":{"_acf_changed":true},"product_brand":[],"product_cat":[20],"product_tag":[],"class_list":{"0":"post-1938","1":"product","2":"type-product","3":"status-publish","4":"has-post-thumbnail","6":"product_cat-wholesale-plywood-bathroom-vanity-cabinets","8":"first","9":"instock","10":"shipping-taxable","11":"product-type-simple"},"acf":[],"_links":{"self":[{"href":"https:\/\/www.shouyasanitary.com\/fr\/wp-json\/wp\/v2\/product\/1938","targetHints":{"allow":["GET"]}}],"collection":[{"href":"https:\/\/www.shouyasanitary.com\/fr\/wp-json\/wp\/v2\/product"}],"about":[{"href":"https:\/\/www.shouyasanitary.com\/fr\/wp-json\/wp\/v2\/types\/product"}],"replies":[{"embeddable":true,"href":"https:\/\/www.shouyasanitary.com\/fr\/wp-json\/wp\/v2\/comments?post=1938"}],"wp:featuredmedia":[{"embeddable":true,"href":"https:\/\/www.shouyasanitary.com\/fr\/wp-json\/wp\/v2\/media\/1946"}],"wp:attachment":[{"href":"https:\/\/www.shouyasanitary.com\/fr\/wp-json\/wp\/v2\/media?parent=1938"}],"wp:term":[{"taxonomy":"product_brand","embeddable":true,"href":"https:\/\/www.shouyasanitary.com\/fr\/wp-json\/wp\/v2\/product_brand?post=1938"},{"taxonomy":"product_cat","embeddable":true,"href":"https:\/\/www.shouyasanitary.com\/fr\/wp-json\/wp\/v2\/product_cat?post=1938"},{"taxonomy":"product_tag","embeddable":true,"href":"https:\/\/www.shouyasanitary.com\/fr\/wp-json\/wp\/v2\/product_tag?post=1938"}],"curies":[{"name":"wp","href":"https:\/\/api.w.org\/{rel}","templated":true}]}}