{"id":1939,"date":"2025-09-12T09:46:54","date_gmt":"2025-09-12T09:46:54","guid":{"rendered":"https:\/\/www.shouyasanitary.com\/?post_type=product&#038;p=1939"},"modified":"2025-09-12T09:46:56","modified_gmt":"2025-09-12T09:46:56","slug":"wholesale-modern-style-bathroom-vanity","status":"publish","type":"product","link":"https:\/\/www.shouyasanitary.com\/fr\/produit\/wholesale-modern-style-bathroom-vanity\/","title":{"rendered":"Wholesale Modern Style Bathroom Vanity, OEM Black Bathroom Cabinet set with Round Backlit Mirror Wall Mount"},"content":{"rendered":"<div class=\"wp-block-columns is-layout-flex wp-container-core-columns-is-layout-9d6595d7 wp-block-columns-is-layout-flex\">\n<div class=\"wp-block-column is-layout-flow wp-block-column-is-layout-flow\">\n<h2 class=\"wp-block-heading\">Caract\u00e9ristiques du meuble-lavabo de style moderne\uff1a<\/h2>\n\n\n\n<p><strong>Mat\u00e9riau en contreplaqu\u00e9 de haute qualit\u00e9 : <\/strong>Le principal mat\u00e9riau utilis\u00e9 est le contreplaqu\u00e9 haute densit\u00e9, qui garantit non seulement la durabilit\u00e9 et la solidit\u00e9 du produit, mais lui conf\u00e8re \u00e9galement d'excellentes propri\u00e9t\u00e9s de r\u00e9sistance \u00e0 l'humidit\u00e9, ce qui le rend particuli\u00e8rement adapt\u00e9 \u00e0 une utilisation dans les salles de bains. <\/p>\n\n\n\n<p><strong>Lisse et durable<\/strong>: La surface a subi un traitement sp\u00e9cial, elle est lisse et fine, facile \u00e0 nettoyer et \u00e0 entretenir, et reste brillante et neuve m\u00eame apr\u00e8s une utilisation prolong\u00e9e.<\/p>\n\n\n\n<p><strong>Comptoir spacieux de 120CM : <\/strong>Avec un plan de travail de 120 centim\u00e8tres de large, il est \u00e0 la fois beau et pratique. L'espace spacieux est suffisamment grand pour accueillir les articles de toilette quotidiens et les d\u00e9corations.<\/p>\n\n\n\n<p><strong>Miroir circulaire intelligent r\u00e9tro-\u00e9clair\u00e9 : <\/strong>\u00c9quip\u00e9 d'un miroir circulaire r\u00e9tro\u00e9clair\u00e9, la lumi\u00e8re est douce et non \u00e9blouissante, offrant un \u00e9clairage id\u00e9al pour les pr\u00e9paratifs du matin. <\/p>\n\n\n\n<p><strong>Armoire de rangement multifonctionnelle<\/strong>: Il comporte des \u00e9tag\u00e8res ouvertes pour un acc\u00e8s pratique aux articles fr\u00e9quemment utilis\u00e9s, ainsi qu'un espace de rangement ferm\u00e9 avec une porte \u00e0 lamelles, ce qui permet d'\u00e9viter efficacement la poussi\u00e8re tout en gardant la salle de bains bien rang\u00e9e et organis\u00e9e.<\/p>\n\n\n\n<p><strong>Style moderne et minimaliste : <\/strong>Le design g\u00e9n\u00e9ral adh\u00e8re au concept de minimalisme moderne, avec des lignes douces et des combinaisons de couleurs harmonieuses. Qu'il s'agisse des armoires gris fonc\u00e9 ou des comptoirs blancs, ils s'int\u00e8grent parfaitement aux diff\u00e9rents styles de d\u00e9coration de la salle de bains.<\/p>\n<\/div>\n\n\n\n<div class=\"wp-block-column is-layout-flow wp-block-column-is-layout-flow\"><div class=\"wp-block-image\">\n<figure class=\"aligncenter size-full\"><img decoding=\"async\" width=\"700\" height=\"700\" src=\"https:\/\/www.shouyasanitary.com\/wp-content\/uploads\/2025\/08\/Factory-made-custom-bathroom-cabinet-vanity-1.webp\" alt=\"Meuble de salle de bain sur mesure fabriqu\u00e9 en usine\" class=\"wp-image-1943\" style=\"object-fit:cover\" srcset=\"https:\/\/www.shouyasanitary.com\/wp-content\/uploads\/2025\/08\/Factory-made-custom-bathroom-cabinet-vanity-1.webp 700w, https:\/\/www.shouyasanitary.com\/wp-content\/uploads\/2025\/08\/Factory-made-custom-bathroom-cabinet-vanity-1-300x300.webp 300w, https:\/\/www.shouyasanitary.com\/wp-content\/uploads\/2025\/08\/Factory-made-custom-bathroom-cabinet-vanity-1-150x150.webp 150w, https:\/\/www.shouyasanitary.com\/wp-content\/uploads\/2025\/08\/Factory-made-custom-bathroom-cabinet-vanity-1-12x12.webp 12w, https:\/\/www.shouyasanitary.com\/wp-content\/uploads\/2025\/08\/Factory-made-custom-bathroom-cabinet-vanity-1-600x600.webp 600w, https:\/\/www.shouyasanitary.com\/wp-content\/uploads\/2025\/08\/Factory-made-custom-bathroom-cabinet-vanity-1-100x100.webp 100w\" sizes=\"(max-width: 700px) 100vw, 700px\" \/><\/figure>\n<\/div><\/div>\n<\/div>","protected":false},"excerpt":{"rendered":"<p>Vente en gros d'un meuble de salle de bain de style moderne. Ce meuble de salle de bain en contreplaqu\u00e9 de 120CM combine une esth\u00e9tique moderne et minimaliste, avec un miroir rond r\u00e9tro-\u00e9clair\u00e9 et un meuble de rangement efficace. Il est durable et r\u00e9sistant \u00e0 l'humidit\u00e9. N'h\u00e9sitez pas \u00e0 nous demander le prix !<\/p>\n<h2>Vanit\u00e9 de salle de bain de style moderne Attributs :<\/h2>\n<p><strong>Num\u00e9ro d'article<\/strong>: SYY20250812-120<br \/><strong>Mat\u00e9riau de l'armoire :<\/strong>\u00a0Contreplaqu\u00e9<br \/><strong>Couleur de l'armoire : <\/strong>Noir<br \/><strong>Miroir :<\/strong> Miroir LED (3,5 mm\/3,8 mm), \u00e9clairage tricolore, d\u00e9sembuage par simple pression d'une touche, s\u00e9curis\u00e9 par un emballage en mousse multicouche.<br \/><strong>Type d'installation :<\/strong>\u00a0Montage mural<br \/><strong>Dimensions (L\u00d7L\u00d7H) :<\/strong> 120x 47 x 27cm<br \/><strong>Poids brut :<\/strong> 38 kg\/set<\/p>\n<h2>Personnalisation et services :<\/h2>\n<p><strong>OEM ET ODM<\/strong>: Pris en charge<br \/><strong>Conception<\/strong>: Gratuit<br \/><strong>Accessoires<\/strong>: Lavabos, miroirs, robinets et autres accessoires de salle de bains<br \/><strong>Emballage<\/strong>: Pr\u00eat \u00e0 monter<\/p>","protected":false},"featured_media":1943,"comment_status":"closed","ping_status":"closed","template":"","meta":{"_acf_changed":true},"product_brand":[],"product_cat":[20],"product_tag":[],"class_list":{"0":"post-1939","1":"product","2":"type-product","3":"status-publish","4":"has-post-thumbnail","6":"product_cat-wholesale-plywood-bathroom-vanity-cabinets","8":"first","9":"instock","10":"shipping-taxable","11":"product-type-simple"},"acf":[],"_links":{"self":[{"href":"https:\/\/www.shouyasanitary.com\/fr\/wp-json\/wp\/v2\/product\/1939","targetHints":{"allow":["GET"]}}],"collection":[{"href":"https:\/\/www.shouyasanitary.com\/fr\/wp-json\/wp\/v2\/product"}],"about":[{"href":"https:\/\/www.shouyasanitary.com\/fr\/wp-json\/wp\/v2\/types\/product"}],"replies":[{"embeddable":true,"href":"https:\/\/www.shouyasanitary.com\/fr\/wp-json\/wp\/v2\/comments?post=1939"}],"wp:featuredmedia":[{"embeddable":true,"href":"https:\/\/www.shouyasanitary.com\/fr\/wp-json\/wp\/v2\/media\/1943"}],"wp:attachment":[{"href":"https:\/\/www.shouyasanitary.com\/fr\/wp-json\/wp\/v2\/media?parent=1939"}],"wp:term":[{"taxonomy":"product_brand","embeddable":true,"href":"https:\/\/www.shouyasanitary.com\/fr\/wp-json\/wp\/v2\/product_brand?post=1939"},{"taxonomy":"product_cat","embeddable":true,"href":"https:\/\/www.shouyasanitary.com\/fr\/wp-json\/wp\/v2\/product_cat?post=1939"},{"taxonomy":"product_tag","embeddable":true,"href":"https:\/\/www.shouyasanitary.com\/fr\/wp-json\/wp\/v2\/product_tag?post=1939"}],"curies":[{"name":"wp","href":"https:\/\/api.w.org\/{rel}","templated":true}]}}