{"id":1953,"date":"2025-09-12T09:46:51","date_gmt":"2025-09-12T09:46:51","guid":{"rendered":"https:\/\/www.shouyasanitary.com\/?post_type=product&#038;p=1953"},"modified":"2025-09-12T09:46:52","modified_gmt":"2025-09-12T09:46:52","slug":"wholesale-bathroom-vanities-free-standing","status":"publish","type":"product","link":"https:\/\/www.shouyasanitary.com\/fr\/produit\/wholesale-bathroom-vanities-free-standing\/","title":{"rendered":"Wholesale Bathroom Vanities Free Standing, Small Bathroom Mirror Cabinet Plywood Supplier"},"content":{"rendered":"<div class=\"wp-block-columns is-layout-flex wp-container-core-columns-is-layout-9d6595d7 wp-block-columns-is-layout-flex\">\n<div class=\"wp-block-column is-layout-flow wp-block-column-is-layout-flow\">\n<h2 class=\"wp-block-heading\">Vanit\u00e9s de salle de bain sur pied Caract\u00e9ristiques :<\/h2>\n\n\n\n<p><strong>Conception compacte<\/strong>: Sa taille compacte et sa structure lin\u00e9aire le rendent id\u00e9al pour les petits appartements ou les coins de salle de bains, maximisant ainsi l'espace limit\u00e9.<\/p>\n\n\n\n<p><strong>Combinaison pratique d'armoires de toilette<\/strong>: L'armoire de toilette comporte des compartiments de rangement pour les articles de toilette quotidiens, cr\u00e9ant ainsi une exp\u00e9rience de rangement belle et pratique, tout en gardant votre plan de travail bien rang\u00e9.<\/p>\n\n\n\n<p><strong>Mat\u00e9riaux de haute qualit\u00e9 :<\/strong> L'armoire est fabriqu\u00e9e en contreplaqu\u00e9 de haute qualit\u00e9, offrant une surface naturelle, r\u00e9sistante \u00e0 l'usure et \u00e0 l'humidit\u00e9 pour une plus grande durabilit\u00e9.<\/p>\n\n\n\n<p><strong>Esth\u00e9tique moderne et minimaliste<\/strong>: Le meuble en bois fonc\u00e9 associ\u00e9 \u00e0 la vasque en c\u00e9ramique blanche cr\u00e9e un design simple et \u00e9l\u00e9gant qui rehausse le style g\u00e9n\u00e9ral de la salle de bains.<\/p>\n\n\n\n<p><strong>Stockage tactique<\/strong>: L'armoire \u00e0 une porte offre un vaste espace de rangement interne et, combin\u00e9e \u00e0 l'armoire de toilette, elle rend le lavage et le toilettage plus efficaces.<\/p>\n\n\n\n<p><strong>Fourniture directe \u00e0 l'usine<\/strong>: Fournis par Shouya, nous offrons des prix comp\u00e9titifs et des services de vente en gros et sur mesure. Nous prenons en charge la personnalisation de la taille, de la couleur et du mat\u00e9riau, ce qui permet aux clients d'\u00e9conomiser sur les co\u00fbts d'approvisionnement et d'am\u00e9liorer leur comp\u00e9titivit\u00e9 sur le march\u00e9.<\/p>\n<\/div>\n\n\n\n<div class=\"wp-block-column is-layout-flow wp-block-column-is-layout-flow\"><div class=\"wp-block-image\">\n<figure class=\"aligncenter size-full\"><img decoding=\"async\" width=\"700\" height=\"700\" src=\"https:\/\/www.shouyasanitary.com\/wp-content\/uploads\/2025\/08\/Bulk-Purchases-Plywood-Cabinet-Vanity.webp\" alt=\"Achats en vrac Cabinet en contreplaqu\u00e9 Vanity\" class=\"wp-image-1958\" style=\"object-fit:cover\" srcset=\"https:\/\/www.shouyasanitary.com\/wp-content\/uploads\/2025\/08\/Bulk-Purchases-Plywood-Cabinet-Vanity.webp 700w, https:\/\/www.shouyasanitary.com\/wp-content\/uploads\/2025\/08\/Bulk-Purchases-Plywood-Cabinet-Vanity-300x300.webp 300w, https:\/\/www.shouyasanitary.com\/wp-content\/uploads\/2025\/08\/Bulk-Purchases-Plywood-Cabinet-Vanity-150x150.webp 150w, https:\/\/www.shouyasanitary.com\/wp-content\/uploads\/2025\/08\/Bulk-Purchases-Plywood-Cabinet-Vanity-12x12.webp 12w, https:\/\/www.shouyasanitary.com\/wp-content\/uploads\/2025\/08\/Bulk-Purchases-Plywood-Cabinet-Vanity-600x600.webp 600w, https:\/\/www.shouyasanitary.com\/wp-content\/uploads\/2025\/08\/Bulk-Purchases-Plywood-Cabinet-Vanity-100x100.webp 100w\" sizes=\"(max-width: 700px) 100vw, 700px\" \/><\/figure>\n<\/div><\/div>\n<\/div>","protected":false},"excerpt":{"rendered":"<p>Meuble de salle de bain noir en gros, Meuble de salle de bain personnalis\u00e9 en vrac, en contreplaqu\u00e9, \u00e9l\u00e9gant et beau. Directement de l'usine, nouvel arrivage 2025. Veuillez nous contacter pour un devis et un catalogue de produits.<\/p>\n<h2>Armoire de salle de bain noire Attributs\uff1a<\/h2>\n<p><strong>Num\u00e9ro d'article<\/strong>: SYY20250817-40<\/p>\n<p><strong>Mat\u00e9riau de l'armoire<\/strong>: Contreplaqu\u00e9<br \/><strong>Couleur de l'armoire<\/strong>: Marron<\/p>\n<p><strong>Miroir :<\/strong> Miroir LED (3,5 mm\/3,8 mm), \u00e9clairage tricolore, d\u00e9sembuage par simple pression d'une touche, s\u00e9curis\u00e9 par un emballage en mousse multicouche.<br \/><strong>Type d'installation :<\/strong> Au sol<br \/><strong>Dimensions (L\u00d7L\u00d7H) :<\/strong> 40*30*60cm<\/p>\n<h2>Personnalisation et services :<\/h2>\n<p><strong>OEM ET ODM<\/strong>: Pris en charge<br \/><strong>Conception<\/strong>: Gratuit<br \/><strong>Accessoires<\/strong>: Lavabos, miroirs, robinets et autres accessoires de salle de bains<br \/><strong>Emballage<\/strong>: Pr\u00eat \u00e0 monter<\/p>","protected":false},"featured_media":1958,"comment_status":"closed","ping_status":"closed","template":"","meta":{"_acf_changed":true},"product_brand":[],"product_cat":[20],"product_tag":[],"class_list":{"0":"post-1953","1":"product","2":"type-product","3":"status-publish","4":"has-post-thumbnail","6":"product_cat-wholesale-plywood-bathroom-vanity-cabinets","8":"first","9":"instock","10":"shipping-taxable","11":"product-type-simple"},"acf":[],"_links":{"self":[{"href":"https:\/\/www.shouyasanitary.com\/fr\/wp-json\/wp\/v2\/product\/1953","targetHints":{"allow":["GET"]}}],"collection":[{"href":"https:\/\/www.shouyasanitary.com\/fr\/wp-json\/wp\/v2\/product"}],"about":[{"href":"https:\/\/www.shouyasanitary.com\/fr\/wp-json\/wp\/v2\/types\/product"}],"replies":[{"embeddable":true,"href":"https:\/\/www.shouyasanitary.com\/fr\/wp-json\/wp\/v2\/comments?post=1953"}],"wp:featuredmedia":[{"embeddable":true,"href":"https:\/\/www.shouyasanitary.com\/fr\/wp-json\/wp\/v2\/media\/1958"}],"wp:attachment":[{"href":"https:\/\/www.shouyasanitary.com\/fr\/wp-json\/wp\/v2\/media?parent=1953"}],"wp:term":[{"taxonomy":"product_brand","embeddable":true,"href":"https:\/\/www.shouyasanitary.com\/fr\/wp-json\/wp\/v2\/product_brand?post=1953"},{"taxonomy":"product_cat","embeddable":true,"href":"https:\/\/www.shouyasanitary.com\/fr\/wp-json\/wp\/v2\/product_cat?post=1953"},{"taxonomy":"product_tag","embeddable":true,"href":"https:\/\/www.shouyasanitary.com\/fr\/wp-json\/wp\/v2\/product_tag?post=1953"}],"curies":[{"name":"wp","href":"https:\/\/api.w.org\/{rel}","templated":true}]}}