{"id":1954,"date":"2025-09-12T09:46:47","date_gmt":"2025-09-12T09:46:47","guid":{"rendered":"https:\/\/www.shouyasanitary.com\/?post_type=product&#038;p=1954"},"modified":"2025-09-12T09:46:49","modified_gmt":"2025-09-12T09:46:49","slug":"wholesale-free-standing-bathroom-cabinets","status":"publish","type":"product","link":"https:\/\/www.shouyasanitary.com\/fr\/produit\/wholesale-free-standing-bathroom-cabinets\/","title":{"rendered":"Wholesale Free Standing Bathroom Cabinets, Luxury Bathroom Vanities with Sink Black Plywood Bulk Supply"},"content":{"rendered":"<div class=\"wp-block-columns is-layout-flex wp-container-core-columns-is-layout-9d6595d7 wp-block-columns-is-layout-flex\">\n<div class=\"wp-block-column is-layout-flow wp-block-column-is-layout-flow\">\n<h2 class=\"wp-block-heading\">Armoires de salle de bain autoportantes Caract\u00e9ristiques :<\/h2>\n\n\n\n<p><strong>Style g\u00e9n\u00e9reux : <\/strong>Avec le noir classique comme couleur principale, associ\u00e9 \u00e0 des poign\u00e9es et des pieds dor\u00e9s, cette salle de bains pr\u00e9sente un style moderne de luxe l\u00e9ger sur fond de mur blanc clair et d'espace lumineux. Le simple miroir rectangulaire \u00e0 cadre noir et la vasque en c\u00e9ramique blanche forment un \u00e9quilibre visuel, cr\u00e9ant un espace de salle de bains raffin\u00e9 et de bon go\u00fbt.<\/p>\n\n\n\n<p><strong>Disposition raisonnable :<\/strong> La conception \u00e0 double porte et double tiroir r\u00e9pond \u00e0 divers besoins de rangement. Les grandes portes permettent de ranger les produits de nettoyage et d'autres articles essentiels, tandis que les tiroirs sont pratiques pour ranger les petits objets. L'espace reste propre et organis\u00e9, ce qui garantit un rangement efficace, m\u00eame dans les petits appartements.<\/p>\n\n\n\n<p><strong>Structure au sol :<\/strong> Il utilise l'espace vertical, \u00e9largissant le stockage du comptoir jusqu'au fond de l'armoire, garantissant que les articles de toilette quotidiens sont tous \u00e0 leur place, m\u00eame dans les petits appartements, ce qui permet un stockage ordonn\u00e9.<\/p>\n\n\n\n<p><strong>Comptoir spacieux :<\/strong> Le plan de travail du lavabo blanc est spacieux et peut accueillir diff\u00e9rents types de robinets, ce qui permet une plus grande libert\u00e9 dans les op\u00e9rations de lavage et de toilettage. <\/p>\n\n\n\n<p><strong>Mat\u00e9riau durable en contreplaqu\u00e9 :<\/strong> Le mat\u00e9riau noir de l'armoire principale est imperm\u00e9able et r\u00e9sistant \u00e0 l'humidit\u00e9, ce qui garantit sa durabilit\u00e9 m\u00eame dans l'environnement humide de la salle de bains. <\/p>\n\n\n\n<p><strong>D\u00e9tails exquis<\/strong>: Les parties m\u00e9talliques dor\u00e9es ne sont pas seulement d\u00e9coratives, mais servent \u00e9galement de renforcement et de praticit\u00e9. Les poign\u00e9es sont lisses et les pieds sont robustes, offrant \u00e0 la fois esth\u00e9tisme et fonctionnalit\u00e9, interpr\u00e9tant la vie de la salle de bains \"belle et fonctionnelle\" \u00e0 travers les d\u00e9tails.<\/p>\n\n\n\n<p><strong>Support OEM\/ODM<\/strong>: Shouya propose des services de personnalisation flexibles, notamment en ce qui concerne la couleur, la taille, les accessoires, etc., afin de r\u00e9pondre aux besoins des diff\u00e9rents projets de salle de bains.<\/p>\n<\/div>\n\n\n\n<div class=\"wp-block-column is-layout-flow wp-block-column-is-layout-flow\"><div class=\"wp-block-image\">\n<figure class=\"aligncenter size-full\"><img decoding=\"async\" width=\"700\" height=\"700\" src=\"https:\/\/www.shouyasanitary.com\/wp-content\/uploads\/2025\/08\/Custom-Solutions-Cabinet-with-Black-Color.webp\" alt=\"Cabinet de solutions sur mesure de couleur noire\" class=\"wp-image-1962\" style=\"object-fit:cover\" srcset=\"https:\/\/www.shouyasanitary.com\/wp-content\/uploads\/2025\/08\/Custom-Solutions-Cabinet-with-Black-Color.webp 700w, https:\/\/www.shouyasanitary.com\/wp-content\/uploads\/2025\/08\/Custom-Solutions-Cabinet-with-Black-Color-300x300.webp 300w, https:\/\/www.shouyasanitary.com\/wp-content\/uploads\/2025\/08\/Custom-Solutions-Cabinet-with-Black-Color-150x150.webp 150w, https:\/\/www.shouyasanitary.com\/wp-content\/uploads\/2025\/08\/Custom-Solutions-Cabinet-with-Black-Color-12x12.webp 12w, https:\/\/www.shouyasanitary.com\/wp-content\/uploads\/2025\/08\/Custom-Solutions-Cabinet-with-Black-Color-600x600.webp 600w, https:\/\/www.shouyasanitary.com\/wp-content\/uploads\/2025\/08\/Custom-Solutions-Cabinet-with-Black-Color-100x100.webp 100w\" sizes=\"(max-width: 700px) 100vw, 700px\" \/><\/figure>\n<\/div><\/div>\n<\/div>","protected":false},"excerpt":{"rendered":"<p>Les armoires de salle de bains sur pied Wholesale sont dot\u00e9es d'un design moderne et minimaliste, d'une double porte et de tiroirs de rangement, d'un mat\u00e9riau r\u00e9sistant \u00e0 l'eau et d'une vasque blanche spacieuse. Parfaites pour les salles de bains haut de gamme. N'h\u00e9sitez pas \u00e0 nous contacter pour obtenir un devis et un catalogue de produits.<\/p>\n<h2>Armoires de salle de bains sur pied Attributs\uff1a<\/h2>\n<p><strong>Num\u00e9ro d'article<\/strong>: SYY20250818-50<br \/><strong>Mat\u00e9riau de l'armoire<\/strong>: Contreplaqu\u00e9<br \/><strong>Couleur de l'armoire<\/strong>: Noir<\/p>\n<p><strong>Miroir :<\/strong> Miroir LED (3,5 mm\/3,8 mm), \u00e9clairage tricolore, d\u00e9sembuage par simple pression d'une touche, s\u00e9curis\u00e9 par un emballage en mousse multicouche.<br \/><strong>Type d'installation :<\/strong> Au sol<br \/><strong>Dimensions (L\u00d7L\u00d7H) :<\/strong> 50*40*65cm<\/p>\n<h2>Personnalisation et services :<\/h2>\n<p><strong>OEM ET ODM<\/strong>: Pris en charge<br \/><strong>Conception<\/strong>: Gratuit<br \/><strong>Accessoires<\/strong>: Lavabos, miroirs, robinets et autres accessoires de salle de bains<br \/><strong>Emballage<\/strong>: Pr\u00eat \u00e0 monter<\/p>","protected":false},"featured_media":1962,"comment_status":"closed","ping_status":"closed","template":"","meta":{"_acf_changed":true},"product_brand":[],"product_cat":[20],"product_tag":[],"class_list":{"0":"post-1954","1":"product","2":"type-product","3":"status-publish","4":"has-post-thumbnail","6":"product_cat-wholesale-plywood-bathroom-vanity-cabinets","8":"first","9":"instock","10":"shipping-taxable","11":"product-type-simple"},"acf":[],"_links":{"self":[{"href":"https:\/\/www.shouyasanitary.com\/fr\/wp-json\/wp\/v2\/product\/1954","targetHints":{"allow":["GET"]}}],"collection":[{"href":"https:\/\/www.shouyasanitary.com\/fr\/wp-json\/wp\/v2\/product"}],"about":[{"href":"https:\/\/www.shouyasanitary.com\/fr\/wp-json\/wp\/v2\/types\/product"}],"replies":[{"embeddable":true,"href":"https:\/\/www.shouyasanitary.com\/fr\/wp-json\/wp\/v2\/comments?post=1954"}],"wp:featuredmedia":[{"embeddable":true,"href":"https:\/\/www.shouyasanitary.com\/fr\/wp-json\/wp\/v2\/media\/1962"}],"wp:attachment":[{"href":"https:\/\/www.shouyasanitary.com\/fr\/wp-json\/wp\/v2\/media?parent=1954"}],"wp:term":[{"taxonomy":"product_brand","embeddable":true,"href":"https:\/\/www.shouyasanitary.com\/fr\/wp-json\/wp\/v2\/product_brand?post=1954"},{"taxonomy":"product_cat","embeddable":true,"href":"https:\/\/www.shouyasanitary.com\/fr\/wp-json\/wp\/v2\/product_cat?post=1954"},{"taxonomy":"product_tag","embeddable":true,"href":"https:\/\/www.shouyasanitary.com\/fr\/wp-json\/wp\/v2\/product_tag?post=1954"}],"curies":[{"name":"wp","href":"https:\/\/api.w.org\/{rel}","templated":true}]}}