{"id":1955,"date":"2025-09-12T09:46:41","date_gmt":"2025-09-12T09:46:41","guid":{"rendered":"https:\/\/www.shouyasanitary.com\/?post_type=product&#038;p=1955"},"modified":"2025-09-12T09:46:44","modified_gmt":"2025-09-12T09:46:44","slug":"wholesale-wash-basin-cabinet","status":"publish","type":"product","link":"https:\/\/www.shouyasanitary.com\/fr\/produit\/wholesale-wash-basin-cabinet\/","title":{"rendered":"Wholesale Wash Basin Cabinet, Bathroom Wall Hung Vanity Unit Plywood Custom"},"content":{"rendered":"<div class=\"wp-block-columns is-layout-flex wp-container-core-columns-is-layout-9d6595d7 wp-block-columns-is-layout-flex\">\n<div class=\"wp-block-column is-layout-flow wp-block-column-is-layout-flow\">\n<h2 class=\"wp-block-heading\">Caract\u00e9ristiques du meuble-lavabo\uff1a<\/h2>\n\n\n\n<p><strong>Installation murale<\/strong>: R\u00e9duit l'encombrement au sol et rend les petites salles de bains plus spacieuses et transparentes. Il permet au robot nettoyeur d'entrer et de sortir librement, en \u00e9vitant les angles morts et en cr\u00e9ant une sensation de clart\u00e9 et d'ordre dans l'espace.<\/p>\n\n\n\n<p><strong>Mat\u00e9riau durable et respectueux de l'environnement<\/strong>: L'armoire est fabriqu\u00e9e en contreplaqu\u00e9 de haute qualit\u00e9 avec un traitement anti-humidit\u00e9 et imperm\u00e9able \u00e0 l'eau, ce qui permet de maintenir la stabilit\u00e9 m\u00eame dans les salles de bains humides. Compar\u00e9 au bois massif, il est plus respectueux de l'environnement et plus rentable.<\/p>\n\n\n\n<p><strong>Stockage ordonn\u00e9 : <\/strong>L'armoire \u00e0 double porte cache un \"univers de grande capacit\u00e9\", qui permet de ranger facilement des articles volumineux tels que le gel douche et le d\u00e9tergent \u00e0 lessive. Lorsque la porte est ferm\u00e9e, elle a un aspect soign\u00e9 ; lorsqu'elle est ouverte, il n'est pas difficile de trouver les articles, ce qui maximise l'aspect pratique et l'ordre du rangement.<\/p>\n\n\n\n<p><strong>Style int\u00e9gr\u00e9 : <\/strong>Le meuble principal en bois clair apporte une chaleur naturelle, \u00e9quilibrant la froideur de l'espace de la salle de bains ; le lavabo blanc pur est simple et propre, formant un doux contraste avec la couleur du bois. Il convient \u00e0 diff\u00e9rents styles tels que le minimalisme moderne et la fra\u00eecheur japonaise. A la fois pratique et d\u00e9coratif.<\/p>\n\n\n\n<p><strong>Livraison efficace et stable<\/strong>: Shouya dispose d'une ligne de production compl\u00e8te et d'un syst\u00e8me strict de contr\u00f4le de la qualit\u00e9. Elle propose des services de personnalisation en gros pour r\u00e9pondre aux besoins des commandes de gros volumes et garantir une livraison stable et en temps voulu.<\/p>\n<\/div>\n\n\n\n<div class=\"wp-block-column is-layout-flow wp-block-column-is-layout-flow\"><div class=\"wp-block-image\">\n<figure class=\"aligncenter size-full\"><img decoding=\"async\" width=\"700\" height=\"700\" src=\"https:\/\/www.shouyasanitary.com\/wp-content\/uploads\/2025\/08\/Custom-Wall-Mount-Cabinet.webp\" alt=\"Armoire murale sur mesure\" class=\"wp-image-1964\" style=\"object-fit:cover\" srcset=\"https:\/\/www.shouyasanitary.com\/wp-content\/uploads\/2025\/08\/Custom-Wall-Mount-Cabinet.webp 700w, https:\/\/www.shouyasanitary.com\/wp-content\/uploads\/2025\/08\/Custom-Wall-Mount-Cabinet-300x300.webp 300w, https:\/\/www.shouyasanitary.com\/wp-content\/uploads\/2025\/08\/Custom-Wall-Mount-Cabinet-150x150.webp 150w, https:\/\/www.shouyasanitary.com\/wp-content\/uploads\/2025\/08\/Custom-Wall-Mount-Cabinet-12x12.webp 12w, https:\/\/www.shouyasanitary.com\/wp-content\/uploads\/2025\/08\/Custom-Wall-Mount-Cabinet-600x600.webp 600w, https:\/\/www.shouyasanitary.com\/wp-content\/uploads\/2025\/08\/Custom-Wall-Mount-Cabinet-100x100.webp 100w\" sizes=\"(max-width: 700px) 100vw, 700px\" \/><\/figure>\n<\/div><\/div>\n<\/div>","protected":false},"excerpt":{"rendered":"<p>Ce meuble lavabo en contreplaqu\u00e9 avec vasque en c\u00e9ramique blanche se caract\u00e9rise par un design peu encombrant, une disposition raisonnable des rangements et un style minimaliste, ce qui en fait le choix id\u00e9al pour cr\u00e9er un espace de salle de bains confortable et fonctionnel. N'h\u00e9sitez pas \u00e0 nous contacter pour obtenir un devis et un catalogue de produits !<\/p>\n<h2>Attributs du meuble-lavabo\uff1a<\/h2>\n<p><strong>Num\u00e9ro d'article : <\/strong>SYY20250819-40<strong><br \/>Mat\u00e9riau de l'armoire :<\/strong>\u00a0Contreplaqu\u00e9<br \/><strong>Couleur de l'armoire :<\/strong> Marron<br \/><strong>Miroir :<\/strong> Miroir LED (3,5 mm\/3,8 mm), \u00e9clairage tricolore, d\u00e9sembuage par simple pression d'une touche, s\u00e9curis\u00e9 par un emballage en mousse multicouche.<br \/><strong>Type d'installation :<\/strong>\u00a0Montage mural<br \/><strong>Dimensions (L\u00d7L\u00d7H) :<\/strong> 40x30x48 cm<br \/><strong>Poids brut :<\/strong> 28kg\/set<\/p>\n<h2>Personnalisation et services :<\/h2>\n<p><strong>OEM ET ODM<\/strong>: Pris en charge<br \/><strong>Conception<\/strong>: Gratuit<br \/><strong>Accessoires<\/strong>: Lavabos, miroirs, robinets et autres accessoires de salle de bains<br \/><strong>Emballage<\/strong>: Pr\u00eat \u00e0 monter<\/p>","protected":false},"featured_media":1964,"comment_status":"closed","ping_status":"closed","template":"","meta":{"_acf_changed":true},"product_brand":[],"product_cat":[20],"product_tag":[],"class_list":{"0":"post-1955","1":"product","2":"type-product","3":"status-publish","4":"has-post-thumbnail","6":"product_cat-wholesale-plywood-bathroom-vanity-cabinets","8":"first","9":"instock","10":"shipping-taxable","11":"product-type-simple"},"acf":[],"_links":{"self":[{"href":"https:\/\/www.shouyasanitary.com\/fr\/wp-json\/wp\/v2\/product\/1955","targetHints":{"allow":["GET"]}}],"collection":[{"href":"https:\/\/www.shouyasanitary.com\/fr\/wp-json\/wp\/v2\/product"}],"about":[{"href":"https:\/\/www.shouyasanitary.com\/fr\/wp-json\/wp\/v2\/types\/product"}],"replies":[{"embeddable":true,"href":"https:\/\/www.shouyasanitary.com\/fr\/wp-json\/wp\/v2\/comments?post=1955"}],"wp:featuredmedia":[{"embeddable":true,"href":"https:\/\/www.shouyasanitary.com\/fr\/wp-json\/wp\/v2\/media\/1964"}],"wp:attachment":[{"href":"https:\/\/www.shouyasanitary.com\/fr\/wp-json\/wp\/v2\/media?parent=1955"}],"wp:term":[{"taxonomy":"product_brand","embeddable":true,"href":"https:\/\/www.shouyasanitary.com\/fr\/wp-json\/wp\/v2\/product_brand?post=1955"},{"taxonomy":"product_cat","embeddable":true,"href":"https:\/\/www.shouyasanitary.com\/fr\/wp-json\/wp\/v2\/product_cat?post=1955"},{"taxonomy":"product_tag","embeddable":true,"href":"https:\/\/www.shouyasanitary.com\/fr\/wp-json\/wp\/v2\/product_tag?post=1955"}],"curies":[{"name":"wp","href":"https:\/\/api.w.org\/{rel}","templated":true}]}}