{"id":1957,"date":"2025-09-26T09:45:10","date_gmt":"2025-09-26T09:45:10","guid":{"rendered":"https:\/\/www.shouyasanitary.com\/?post_type=product&#038;p=1957"},"modified":"2025-09-26T09:45:12","modified_gmt":"2025-09-26T09:45:12","slug":"wholesale-floating-bathroom-vanities","status":"publish","type":"product","link":"https:\/\/www.shouyasanitary.com\/fr\/produit\/wholesale-floating-bathroom-vanities\/","title":{"rendered":"Wholesale Floating Bathroom Vanities, Plywood Diamond-Patterned Suspended Bathroom Cabinet Set Bulk"},"content":{"rendered":"<div class=\"wp-block-columns is-layout-flex wp-container-core-columns-is-layout-9d6595d7 wp-block-columns-is-layout-flex\">\n<div class=\"wp-block-column is-layout-flow wp-block-column-is-layout-flow\">\n<h2 class=\"wp-block-heading\">Vanit\u00e9s de salle de bain flottantes Caract\u00e9ristiques :<\/h2>\n\n\n\n<p><strong>Mat\u00e9riau durable :<\/strong>\u00a0Ce meuble de salle de bains est fabriqu\u00e9 en contreplaqu\u00e9 de haute qualit\u00e9, ce qui garantit sa solidit\u00e9, sa durabilit\u00e9 et son excellente r\u00e9sistance \u00e0 l'humidit\u00e9.<\/p>\n\n\n\n<p><strong>D\u00e9coration exquise<\/strong>: Sa surface est d\u00e9cor\u00e9e d'un motif en losange tr\u00e8s tendance, qui apporte non seulement une profondeur visuelle mais aussi une touche artistique moderne \u00e0 la salle de bains. <\/p>\n\n\n\n<p><strong>Structure d'accrochage<\/strong>: Le design suspendu donne \u00e0 l'armoire un aspect l\u00e9ger et spacieux, convenant \u00e0 diff\u00e9rents styles de d\u00e9coration de salles de bains modernes.<\/p>\n\n\n\n<p><strong>R\u00e9troviseur \u00e9clair\u00e9 intelligent : <\/strong>La surface arrondie du miroir est \u00e9quip\u00e9e d'un r\u00e9tro\u00e9clairage LED doux, offrant un \u00e9clairage abondant et cr\u00e9ant une atmosph\u00e8re chaleureuse et confortable dans la salle de bains. <\/p>\n\n\n\n<p><strong>Espace de rangement pratique :\u00a0<\/strong>Sous le meuble de salle de bains se trouve un espace de rangement spacieux. La porte de l'armoire, orn\u00e9e d'un motif en losange, n'est pas seulement belle, elle dissimule aussi efficacement les objets internes, ce qui permet de garder la salle de bains bien rang\u00e9e et ordonn\u00e9e. <\/p>\n\n\n\n<p><strong>Des options de personnalisation sont disponibles :<\/strong>\u00a0Nous offrons des services complets de personnalisation en gros. Nous pouvons ajuster la taille, la couleur et le mat\u00e9riau de l'armoire de salle de bains en fonction des besoins sp\u00e9cifiques des clients, en veillant \u00e0 ce que le produit s'int\u00e8gre parfaitement dans divers environnements de salle de bains. <\/p>\n\n\n\n<p><strong>Services professionnels<\/strong>: Notre \u00e9quipe de concepteurs professionnels vous fournira des services de consultation individuelle afin de cr\u00e9er une solution de salle de bains personnalis\u00e9e pour vous.<\/p>\n<\/div>\n\n\n\n<div class=\"wp-block-column is-layout-flow wp-block-column-is-layout-flow\"><div class=\"wp-block-image\">\n<figure class=\"aligncenter size-full\"><img decoding=\"async\" width=\"700\" height=\"700\" src=\"https:\/\/www.shouyasanitary.com\/wp-content\/uploads\/2025\/09\/Customized-plywood-bathroom-cabinet-vanity.webp\" alt=\"Meuble de salle de bain en contreplaqu\u00e9 sur mesure\" class=\"wp-image-1991\" style=\"object-fit:cover\" srcset=\"https:\/\/www.shouyasanitary.com\/wp-content\/uploads\/2025\/09\/Customized-plywood-bathroom-cabinet-vanity.webp 700w, https:\/\/www.shouyasanitary.com\/wp-content\/uploads\/2025\/09\/Customized-plywood-bathroom-cabinet-vanity-300x300.webp 300w, https:\/\/www.shouyasanitary.com\/wp-content\/uploads\/2025\/09\/Customized-plywood-bathroom-cabinet-vanity-150x150.webp 150w, https:\/\/www.shouyasanitary.com\/wp-content\/uploads\/2025\/09\/Customized-plywood-bathroom-cabinet-vanity-12x12.webp 12w, https:\/\/www.shouyasanitary.com\/wp-content\/uploads\/2025\/09\/Customized-plywood-bathroom-cabinet-vanity-600x600.webp 600w, https:\/\/www.shouyasanitary.com\/wp-content\/uploads\/2025\/09\/Customized-plywood-bathroom-cabinet-vanity-100x100.webp 100w\" sizes=\"(max-width: 700px) 100vw, 700px\" \/><\/figure>\n<\/div><\/div>\n<\/div>\n\n\n\n<p><\/p>","protected":false},"excerpt":{"rendered":"<p>Les meubles de salle de bain flottants sont fabriqu\u00e9s en contreplaqu\u00e9 de haute qualit\u00e9, compl\u00e9t\u00e9s par des miroirs ronds \u00e9clair\u00e9s intelligemment, fournissant un \u00e9clairage doux et rehaussant leur style. La s\u00e9lection en gros offre un excellent rapport qualit\u00e9-prix, adapt\u00e9 \u00e0 divers projets de construction et aux besoins d'achat en gros. N'h\u00e9sitez pas \u00e0 nous contacter.<\/p>\n<h2>Vanit\u00e9s de salle de bain flottantes Attributs\uff1a<\/h2>\n<p><strong>Num\u00e9ro d'article<\/strong>: SYY250901<\/p>\n<p><strong>Mat\u00e9riau de l'armoire<\/strong>: Contreplaqu\u00e9<br \/><strong>Couleur de l'armoire<\/strong>: Noir<\/p>\n<p><strong>Miroir :<\/strong> Miroir LED (3,5 mm\/3,8 mm), \u00e9clairage tricolore, d\u00e9sembuage par simple pression d'une touche, s\u00e9curis\u00e9 par un emballage en mousse multicouche.<br \/><strong>Type d'installation :<\/strong>\u00a0Montage mural<br \/><strong>Dimensions (L\u00d7L\u00d7H) :<\/strong> 120*50*55cm<\/p>\n<h2>Personnalisation et services :<\/h2>\n<p><strong>OEM ET ODM<\/strong>: Pris en charge<br \/><strong>Conception<\/strong>: Gratuit<br \/><strong>Accessoires<\/strong>: Lavabos, miroirs, robinets et autres accessoires de salle de bains<br \/><strong>Emballage<\/strong>: Pr\u00eat \u00e0 monter<\/p>","protected":false},"featured_media":1991,"comment_status":"closed","ping_status":"closed","template":"","meta":{"_acf_changed":true},"product_brand":[],"product_cat":[20],"product_tag":[],"class_list":{"0":"post-1957","1":"product","2":"type-product","3":"status-publish","4":"has-post-thumbnail","6":"product_cat-wholesale-plywood-bathroom-vanity-cabinets","8":"first","9":"instock","10":"shipping-taxable","11":"product-type-simple"},"acf":[],"_links":{"self":[{"href":"https:\/\/www.shouyasanitary.com\/fr\/wp-json\/wp\/v2\/product\/1957","targetHints":{"allow":["GET"]}}],"collection":[{"href":"https:\/\/www.shouyasanitary.com\/fr\/wp-json\/wp\/v2\/product"}],"about":[{"href":"https:\/\/www.shouyasanitary.com\/fr\/wp-json\/wp\/v2\/types\/product"}],"replies":[{"embeddable":true,"href":"https:\/\/www.shouyasanitary.com\/fr\/wp-json\/wp\/v2\/comments?post=1957"}],"wp:featuredmedia":[{"embeddable":true,"href":"https:\/\/www.shouyasanitary.com\/fr\/wp-json\/wp\/v2\/media\/1991"}],"wp:attachment":[{"href":"https:\/\/www.shouyasanitary.com\/fr\/wp-json\/wp\/v2\/media?parent=1957"}],"wp:term":[{"taxonomy":"product_brand","embeddable":true,"href":"https:\/\/www.shouyasanitary.com\/fr\/wp-json\/wp\/v2\/product_brand?post=1957"},{"taxonomy":"product_cat","embeddable":true,"href":"https:\/\/www.shouyasanitary.com\/fr\/wp-json\/wp\/v2\/product_cat?post=1957"},{"taxonomy":"product_tag","embeddable":true,"href":"https:\/\/www.shouyasanitary.com\/fr\/wp-json\/wp\/v2\/product_tag?post=1957"}],"curies":[{"name":"wp","href":"https:\/\/api.w.org\/{rel}","templated":true}]}}