{"id":1994,"date":"2025-11-08T03:19:17","date_gmt":"2025-11-08T03:19:17","guid":{"rendered":"https:\/\/www.shouyasanitary.com\/?post_type=product&#038;p=1994"},"modified":"2025-11-08T03:19:19","modified_gmt":"2025-11-08T03:19:19","slug":"custom-wall-mounted-bathroom-cabinets","status":"publish","type":"product","link":"https:\/\/www.shouyasanitary.com\/fr\/produit\/custom-wall-mounted-bathroom-cabinets\/","title":{"rendered":"Meubles de salle de bains sur mesure, meuble-lavabo en contreplaqu\u00e9 avec miroir intelligent r\u00e9tro-\u00e9clair\u00e9"},"content":{"rendered":"<div class=\"wp-block-columns is-layout-flex wp-container-core-columns-is-layout-9d6595d7 wp-block-columns-is-layout-flex\">\n<div class=\"wp-block-column is-layout-flow wp-block-column-is-layout-flow\">\n<h2 class=\"wp-block-heading\">Armoires de salle de bains murales Caract\u00e9ristiques :<\/h2>\n\n\n\n<p><strong>Mat\u00e9riau de haute qualit\u00e9 :<\/strong>\u00a0Cet ensemble compos\u00e9 d'un lavabo et d'une armoire de toilette est fabriqu\u00e9 \u00e0 partir de contreplaqu\u00e9 de haute qualit\u00e9. Apr\u00e8s un traitement m\u00e9ticuleux, le produit pr\u00e9sente d'excellentes propri\u00e9t\u00e9s de r\u00e9sistance \u00e0 l'humidit\u00e9 et \u00e0 la moisissure. <\/p>\n\n\n\n<p><strong>Design g\u00e9om\u00e9trique moderne<\/strong>: Il pr\u00e9sente des lignes simples et douces, un sens aigu de la modernit\u00e9 et de la mode, et ajoute une touche lumineuse \u00e0 l'espace de la salle de bains.<\/p>\n\n\n\n<p><strong>Armoire de toilette intelligente Fonction :<\/strong>\u00a0L'armoire de toilette adopte un r\u00e9tro\u00e9clairage intelligent, avec une lumi\u00e8re douce et non irritante, offrant des conditions d'\u00e9clairage id\u00e9ales pour la toilette quotidienne. La surface du miroir est d'une grande clart\u00e9, avec une image r\u00e9aliste, et est \u00e9quip\u00e9e d'une fonction antibu\u00e9e, garantissant une vision claire m\u00eame dans les environnements humides. <\/p>\n\n\n\n<p><strong>Solution de stockage efficace :<\/strong> L'espace int\u00e9rieur du meuble principal est raisonnable et peut accueillir divers articles de toilette et de salle de bains, ce qui permet aux utilisateurs d'utiliser efficacement l'espace et de garder la salle de bains bien rang\u00e9e. <\/p>\n\n\n\n<p><strong>Conception pratique<\/strong>:  Le meuble situ\u00e9 sous le lavabo est d\u00e9cor\u00e9 de motifs g\u00e9om\u00e9triques, \u00e0 la fois beaux et pratiques. Sa porte s'ouvre et se ferme en douceur, offrant une excellente exp\u00e9rience \u00e0 l'utilisateur.<\/p>\n\n\n\n<p><strong>Services de fournisseurs exclusifs : <\/strong>En tant que fournisseur professionnel, nous offrons des services complets, de la conception \u00e0 l'installation en passant par la production. Nous pouvons personnaliser l'ensemble lavabo et armoire de toilette en fonction de la taille r\u00e9elle de la salle de bains du client et du style de d\u00e9coration, en veillant \u00e0 ce que le produit r\u00e9ponde parfaitement aux exigences en mati\u00e8re d'espace.<\/p>\n<\/div>\n\n\n\n<div class=\"wp-block-column is-layout-flow wp-block-column-is-layout-flow\"><div class=\"wp-block-image\">\n<figure class=\"aligncenter size-full\"><img decoding=\"async\" width=\"700\" height=\"700\" src=\"https:\/\/www.shouyasanitary.com\/wp-content\/uploads\/2025\/09\/Engineering-procurement-bathroom-cabinet-vanity.webp\" alt=\"Approvisionnement en ing\u00e9nierie meuble de salle de bain\" class=\"wp-image-1995\" style=\"object-fit:cover\" srcset=\"https:\/\/www.shouyasanitary.com\/wp-content\/uploads\/2025\/09\/Engineering-procurement-bathroom-cabinet-vanity.webp 700w, https:\/\/www.shouyasanitary.com\/wp-content\/uploads\/2025\/09\/Engineering-procurement-bathroom-cabinet-vanity-300x300.webp 300w, https:\/\/www.shouyasanitary.com\/wp-content\/uploads\/2025\/09\/Engineering-procurement-bathroom-cabinet-vanity-150x150.webp 150w, https:\/\/www.shouyasanitary.com\/wp-content\/uploads\/2025\/09\/Engineering-procurement-bathroom-cabinet-vanity-12x12.webp 12w, https:\/\/www.shouyasanitary.com\/wp-content\/uploads\/2025\/09\/Engineering-procurement-bathroom-cabinet-vanity-600x600.webp 600w, https:\/\/www.shouyasanitary.com\/wp-content\/uploads\/2025\/09\/Engineering-procurement-bathroom-cabinet-vanity-100x100.webp 100w\" sizes=\"(max-width: 700px) 100vw, 700px\" \/><\/figure>\n<\/div><\/div>\n<\/div>","protected":false},"excerpt":{"rendered":"<p>Les armoires de toilette murales personnalis\u00e9es sont fabriqu\u00e9es en contreplaqu\u00e9 de haute qualit\u00e9, durable et r\u00e9sistant \u00e0 l'humidit\u00e9. Elles sont \u00e9quip\u00e9es d'armoires de toilette intelligentes r\u00e9tro-\u00e9clair\u00e9es, offrant un \u00e9clairage doux et des images claires. Directement fourni par le fabricant Shouya. N'h\u00e9sitez pas \u00e0 nous contacter pour toute demande de renseignements.<\/p>\n<h2>Armoires de salle de bains murales Attributs\uff1a<\/h2>\n<p><strong>Num\u00e9ro d'article<\/strong>: SYY20250904<br \/><strong>Mat\u00e9riau de l'armoire<\/strong>: Contreplaqu\u00e9<br \/><strong>Couleur de l'armoire<\/strong>: Noir fonc\u00e9<br \/><strong>Miroir<\/strong>: Miroir LED (3,5mm \/ 3,8mm), \u00e9clairage tricolore, d\u00e9sembuage par simple pression d'une touche, s\u00e9curis\u00e9 par un emballage en mousse multicouche. <br \/><strong>Type d'installation<\/strong>: Montage mural <br \/><strong>Dimensions (L \u00d7 L \u00d7 H)<\/strong>: 120 x 50 x 52 cm<br \/><strong>Poids brut<\/strong>: 45kg\/set<\/p>\n<h2>Personnalisation et services :<\/h2>\n<p><strong>OEM ET ODM<\/strong>: Pris en charge<br \/><strong>Conception<\/strong>: Gratuit<br \/><strong>Accessoires<\/strong>: Lavabos, miroirs, robinets et autres accessoires de salle de bains<br \/><strong>Emballage<\/strong>: Pr\u00eat \u00e0 monter<\/p>","protected":false},"featured_media":1995,"comment_status":"closed","ping_status":"closed","template":"","meta":{"_acf_changed":true},"product_brand":[],"product_cat":[20],"product_tag":[],"class_list":{"0":"post-1994","1":"product","2":"type-product","3":"status-publish","4":"has-post-thumbnail","6":"product_cat-wholesale-plywood-bathroom-vanity-cabinets","8":"first","9":"instock","10":"shipping-taxable","11":"product-type-simple"},"acf":[],"_links":{"self":[{"href":"https:\/\/www.shouyasanitary.com\/fr\/wp-json\/wp\/v2\/product\/1994","targetHints":{"allow":["GET"]}}],"collection":[{"href":"https:\/\/www.shouyasanitary.com\/fr\/wp-json\/wp\/v2\/product"}],"about":[{"href":"https:\/\/www.shouyasanitary.com\/fr\/wp-json\/wp\/v2\/types\/product"}],"replies":[{"embeddable":true,"href":"https:\/\/www.shouyasanitary.com\/fr\/wp-json\/wp\/v2\/comments?post=1994"}],"wp:featuredmedia":[{"embeddable":true,"href":"https:\/\/www.shouyasanitary.com\/fr\/wp-json\/wp\/v2\/media\/1995"}],"wp:attachment":[{"href":"https:\/\/www.shouyasanitary.com\/fr\/wp-json\/wp\/v2\/media?parent=1994"}],"wp:term":[{"taxonomy":"product_brand","embeddable":true,"href":"https:\/\/www.shouyasanitary.com\/fr\/wp-json\/wp\/v2\/product_brand?post=1994"},{"taxonomy":"product_cat","embeddable":true,"href":"https:\/\/www.shouyasanitary.com\/fr\/wp-json\/wp\/v2\/product_cat?post=1994"},{"taxonomy":"product_tag","embeddable":true,"href":"https:\/\/www.shouyasanitary.com\/fr\/wp-json\/wp\/v2\/product_tag?post=1994"}],"curies":[{"name":"wp","href":"https:\/\/api.w.org\/{rel}","templated":true}]}}