{"id":1999,"date":"2025-11-08T03:19:54","date_gmt":"2025-11-08T03:19:54","guid":{"rendered":"https:\/\/www.shouyasanitary.com\/?post_type=product&#038;p=1999"},"modified":"2025-11-08T03:19:58","modified_gmt":"2025-11-08T03:19:58","slug":"wholesale-white-bathroom-vanity","status":"publish","type":"product","link":"https:\/\/www.shouyasanitary.com\/fr\/produit\/wholesale-white-bathroom-vanity\/","title":{"rendered":"Wholesale White Bathroom Vanity, OEM Modern Wash Basin Sink Cabinet Bathroom Plywood for Hotel"},"content":{"rendered":"<div class=\"wp-block-columns is-layout-flex wp-container-core-columns-is-layout-9d6595d7 wp-block-columns-is-layout-flex\">\n<div class=\"wp-block-column is-layout-flow wp-block-column-is-layout-flow\">\n<h2 class=\"wp-block-heading\">Blanc Vanit\u00e9 de salle de bain Caract\u00e9ristiques :<\/h2>\n\n\n\n<p><strong>Armoire principale murale :<\/strong> Le design l'\u00e9l\u00e8ve du sol et renforce la transparence de l'espace de la salle de bains. <\/p>\n\n\n\n<p><strong>Miroir de forme irr\u00e9guli\u00e8re<\/strong>: Il rompt avec les conventions et ajoute une touche de design. L'\u00e9clairage doux sur les bords permet non seulement d'obtenir un \u00e9clairage clair, mais aussi de renforcer l'atmosph\u00e8re artistique de la salle de bains. <\/p>\n\n\n\n<p><strong>Vasque en c\u00e9ramique int\u00e9gr\u00e9e<\/strong>: La vasque en pierre blanche, avec sa texture d\u00e9licate et son aspect pur, compl\u00e8te le style g\u00e9n\u00e9ral et rehausse le caract\u00e8re exquis de la salle de bains. <\/p>\n\n\n\n<p><strong>Mat\u00e9riau durable en contreplaqu\u00e9 :<\/strong>\u00a0Le corps de l'armoire est fabriqu\u00e9 en contreplaqu\u00e9, qui pr\u00e9sente une bonne stabilit\u00e9, n'est pas susceptible de se d\u00e9former et peut supporter un certain poids, r\u00e9pondant ainsi aux exigences d'une utilisation quotidienne. Les taches d'eau et la salet\u00e9 sur la surface peuvent \u00eatre facilement enlev\u00e9es, ce qui permet de garder l'armoire propre.<\/p>\n\n\n\n<p><strong>Capacit\u00e9 de stockage : <\/strong>L'espace int\u00e9rieur de l'armoire est raisonnablement utilis\u00e9, offrant un grand espace de rangement pour des articles tels que les articles de toilette et les serviettes, qui peuvent \u00eatre class\u00e9s et rang\u00e9s, cr\u00e9ant ainsi un environnement de salle de bains ordonn\u00e9 et rang\u00e9 pour les utilisateurs, et r\u00e9pondant aux besoins de rangement quotidiens des m\u00e9nages.<\/p>\n<\/div>\n\n\n\n<div class=\"wp-block-column is-layout-flow wp-block-column-is-layout-flow\"><div class=\"wp-block-image\">\n<figure class=\"aligncenter size-full\"><img decoding=\"async\" width=\"700\" height=\"700\" src=\"https:\/\/www.shouyasanitary.com\/wp-content\/uploads\/2025\/09\/Custom-Solutions-Vanity-Cabinet.webp\" alt=\"Solutions sur mesure Cabinet de toilette\" class=\"wp-image-2001\" style=\"object-fit:cover\" srcset=\"https:\/\/www.shouyasanitary.com\/wp-content\/uploads\/2025\/09\/Custom-Solutions-Vanity-Cabinet.webp 700w, https:\/\/www.shouyasanitary.com\/wp-content\/uploads\/2025\/09\/Custom-Solutions-Vanity-Cabinet-300x300.webp 300w, https:\/\/www.shouyasanitary.com\/wp-content\/uploads\/2025\/09\/Custom-Solutions-Vanity-Cabinet-150x150.webp 150w, https:\/\/www.shouyasanitary.com\/wp-content\/uploads\/2025\/09\/Custom-Solutions-Vanity-Cabinet-12x12.webp 12w, https:\/\/www.shouyasanitary.com\/wp-content\/uploads\/2025\/09\/Custom-Solutions-Vanity-Cabinet-600x600.webp 600w, https:\/\/www.shouyasanitary.com\/wp-content\/uploads\/2025\/09\/Custom-Solutions-Vanity-Cabinet-100x100.webp 100w\" sizes=\"(max-width: 700px) 100vw, 700px\" \/><\/figure>\n<\/div><\/div>\n<\/div>","protected":false},"excerpt":{"rendered":"<p>Bienvenue dans le meuble de salle de bain blanc en gros, une structure murale associ\u00e9e \u00e0 une vasque en ardoise et \u00e0 un miroir personnalis\u00e9, qui allie design et praticit\u00e9. Fabriqu\u00e9 en contreplaqu\u00e9 durable, il est facile \u00e0 nettoyer et offre un grand espace de rangement. Contactez-nous pour des options de vente en gros et sur mesure !<\/p>\n<h2>Vanit\u00e9 de salle de bain blanche Attributs\uff1a<\/h2>\n<p><strong>Num\u00e9ro d'article<\/strong>: SYY250902<\/p>\n<p><strong>Mat\u00e9riau de l'armoire<\/strong>: Contreplaqu\u00e9<br \/><strong>Couleur de l'armoire<\/strong>: Jaune<\/p>\n<p><strong>Miroir :<\/strong> Miroir LED (3,5 mm\/3,8 mm), \u00e9clairage tricolore, d\u00e9sembuage par simple pression d'une touche, s\u00e9curis\u00e9 par un emballage en mousse multicouche.<br \/><strong>Type d'installation :<\/strong>\u00a0Montage mural<br \/><strong>Dimensions (L\u00d7L\u00d7H) :<\/strong> 80*47*48cm<\/p>\n<h2>Personnalisation et services :<\/h2>\n<p><strong>OEM ET ODM<\/strong>: Pris en charge<br \/><strong>Conception<\/strong>: Gratuit<br \/><strong>Accessoires<\/strong>: Lavabos, miroirs, robinets et autres accessoires de salle de bains<br \/><strong>Emballage<\/strong>: Pr\u00eat \u00e0 monter<\/p>","protected":false},"featured_media":2001,"comment_status":"closed","ping_status":"closed","template":"","meta":{"_acf_changed":true},"product_brand":[],"product_cat":[20],"product_tag":[],"class_list":{"0":"post-1999","1":"product","2":"type-product","3":"status-publish","4":"has-post-thumbnail","6":"product_cat-wholesale-plywood-bathroom-vanity-cabinets","8":"first","9":"instock","10":"shipping-taxable","11":"product-type-simple"},"acf":[],"_links":{"self":[{"href":"https:\/\/www.shouyasanitary.com\/fr\/wp-json\/wp\/v2\/product\/1999","targetHints":{"allow":["GET"]}}],"collection":[{"href":"https:\/\/www.shouyasanitary.com\/fr\/wp-json\/wp\/v2\/product"}],"about":[{"href":"https:\/\/www.shouyasanitary.com\/fr\/wp-json\/wp\/v2\/types\/product"}],"replies":[{"embeddable":true,"href":"https:\/\/www.shouyasanitary.com\/fr\/wp-json\/wp\/v2\/comments?post=1999"}],"wp:featuredmedia":[{"embeddable":true,"href":"https:\/\/www.shouyasanitary.com\/fr\/wp-json\/wp\/v2\/media\/2001"}],"wp:attachment":[{"href":"https:\/\/www.shouyasanitary.com\/fr\/wp-json\/wp\/v2\/media?parent=1999"}],"wp:term":[{"taxonomy":"product_brand","embeddable":true,"href":"https:\/\/www.shouyasanitary.com\/fr\/wp-json\/wp\/v2\/product_brand?post=1999"},{"taxonomy":"product_cat","embeddable":true,"href":"https:\/\/www.shouyasanitary.com\/fr\/wp-json\/wp\/v2\/product_cat?post=1999"},{"taxonomy":"product_tag","embeddable":true,"href":"https:\/\/www.shouyasanitary.com\/fr\/wp-json\/wp\/v2\/product_tag?post=1999"}],"curies":[{"name":"wp","href":"https:\/\/api.w.org\/{rel}","templated":true}]}}