{"id":2000,"date":"2025-09-26T09:45:28","date_gmt":"2025-09-26T09:45:28","guid":{"rendered":"https:\/\/www.shouyasanitary.com\/?post_type=product&#038;p=2000"},"modified":"2025-09-26T09:45:30","modified_gmt":"2025-09-26T09:45:30","slug":"wholesale-vanity-bathroom-cabinets","status":"publish","type":"product","link":"https:\/\/www.shouyasanitary.com\/fr\/produit\/wholesale-vanity-bathroom-cabinets\/","title":{"rendered":"Wholesale Vanity Bathroom Cabinets, White Cabinet Bathroom with Mirror Plywood Supplier"},"content":{"rendered":"<div class=\"wp-block-columns is-layout-flex wp-container-core-columns-is-layout-9d6595d7 wp-block-columns-is-layout-flex\">\n<div class=\"wp-block-column is-layout-flow wp-block-column-is-layout-flow\">\n<h2 class=\"wp-block-heading\">Wholesale Vanity Bathroom Cabinets Features\uff1a<\/h2>\n\n\n\n<p><strong>Une conception forte<\/strong>: La conception murale cr\u00e9e un sol transparent qui renforce l'impression d'espace et de modernit\u00e9 de la salle de bains.<\/p>\n\n\n\n<p><strong>Une grande capacit\u00e9 de stockage : <\/strong>L'espace int\u00e9rieur de l'armoire est raisonnablement utilis\u00e9, offrant un grand espace de rangement pour des articles tels que les articles de toilette et les serviettes, qui peuvent \u00eatre class\u00e9s et rang\u00e9s. <\/p>\n\n\n\n<p><strong>Propri\u00e9t\u00e9s des mat\u00e9riaux de haute qualit\u00e9 : <\/strong>Fabriqu\u00e9 en contreplaqu\u00e9, il poss\u00e8de de bonnes propri\u00e9t\u00e9s d'\u00e9tanch\u00e9it\u00e9 et peut s'adapter \u00e0 l'environnement humide de la salle de bains, ce qui le rend moins susceptible d'\u00eatre endommag\u00e9 par l'humidit\u00e9. Par ailleurs, le contreplaqu\u00e9 est relativement robuste et a une bonne capacit\u00e9 de charge, de sorte qu'il n'est pas n\u00e9cessaire d'y placer les articles de toilette quotidiens et d'autres objets. <\/p>\n\n\n\n<p><strong>Facile \u00e0 nettoyer<\/strong>: Le lavabo int\u00e9gr\u00e9 en c\u00e9ramique et la surface lisse sont faciles \u00e0 nettoyer et \u00e0 entretenir, ce qui facilite la propret\u00e9 de l'armoire.<\/p>\n\n\n\n<p><strong>Caract\u00e9ristiques fonctionnelles : <\/strong>L'armoire poss\u00e8de d'excellentes capacit\u00e9s de pr\u00e9vention de la poussi\u00e8re. Sa conception ferm\u00e9e emp\u00eache efficacement la poussi\u00e8re de p\u00e9n\u00e9trer, ce qui r\u00e9duit la fr\u00e9quence des nettoyages. En outre, l'espace int\u00e9rieur de l'armoire est utilis\u00e9 efficacement, offrant un vaste espace de rangement pour divers articles de toilette, produits de soin de la peau, etc. Les articles de la salle de bains sont ainsi rang\u00e9s de mani\u00e8re ordonn\u00e9e, ce qui permet de r\u00e9pondre aux besoins de rangement quotidiens et de cr\u00e9er un environnement de salle de bains propre et confortable pour les utilisateurs.<\/p>\n\n\n\n<p><strong>Service de personnalisation<\/strong>: Nous proposons des mat\u00e9riaux, des couleurs, des tailles et des combinaisons d'armoires de toilette personnalisables afin de cr\u00e9er une ligne de produits unique adapt\u00e9e aux besoins de votre march\u00e9.<\/p>\n<\/div>\n\n\n\n<div class=\"wp-block-column is-layout-flow wp-block-column-is-layout-flow\"><div class=\"wp-block-image\">\n<figure class=\"aligncenter size-full\"><img decoding=\"async\" width=\"700\" height=\"700\" src=\"https:\/\/www.shouyasanitary.com\/wp-content\/uploads\/2025\/09\/Custom-Solutions-Cabinet-with-White-Color.webp\" alt=\"Cabinet Solutions sur mesure avec couleur blanche\" class=\"wp-image-2004\" style=\"object-fit:cover\" srcset=\"https:\/\/www.shouyasanitary.com\/wp-content\/uploads\/2025\/09\/Custom-Solutions-Cabinet-with-White-Color.webp 700w, https:\/\/www.shouyasanitary.com\/wp-content\/uploads\/2025\/09\/Custom-Solutions-Cabinet-with-White-Color-300x300.webp 300w, https:\/\/www.shouyasanitary.com\/wp-content\/uploads\/2025\/09\/Custom-Solutions-Cabinet-with-White-Color-150x150.webp 150w, https:\/\/www.shouyasanitary.com\/wp-content\/uploads\/2025\/09\/Custom-Solutions-Cabinet-with-White-Color-12x12.webp 12w, https:\/\/www.shouyasanitary.com\/wp-content\/uploads\/2025\/09\/Custom-Solutions-Cabinet-with-White-Color-600x600.webp 600w, https:\/\/www.shouyasanitary.com\/wp-content\/uploads\/2025\/09\/Custom-Solutions-Cabinet-with-White-Color-100x100.webp 100w\" sizes=\"(max-width: 700px) 100vw, 700px\" \/><\/figure>\n<\/div><\/div>\n<\/div>","protected":false},"excerpt":{"rendered":"<p>Les armoires de salle de bain de gros, avec une structure murale fabriqu\u00e9e en contreplaqu\u00e9 durable, comprennent un grand miroir carr\u00e9, une vasque en c\u00e9ramique int\u00e9gr\u00e9e et un meuble principal \u00e0 la texture g\u00e9om\u00e9trique pour un grand espace de rangement et un nettoyage facile. Nous proposons des options de vente en gros et sur mesure. Contactez-nous pour une solution personnalis\u00e9e !<\/p>\n<h2>Wholesale Vanity Bathroom Cabinets Attributes\uff1a<\/h2>\n<p><strong>Num\u00e9ro d'article<\/strong>: SYY250903<br \/><strong>Mat\u00e9riau de l'armoire :<\/strong>\u00a0Contreplaqu\u00e9<br \/><strong>Couleur de l'armoire : <\/strong>Blanc<br \/><strong>Miroir :<\/strong> Miroir LED (3,5 mm\/3,8 mm), \u00e9clairage tricolore, d\u00e9sembuage par simple pression d'une touche, s\u00e9curis\u00e9 par un emballage en mousse multicouche.<br \/><strong>Type d'installation :<\/strong>\u00a0Montage mural<br \/><strong>Dimensions (L\u00d7L\u00d7H) :<\/strong> 100x50x47 cm<br \/><strong>Poids brut :<\/strong> 38 kg\/set<\/p>\n<h2>Personnalisation et services :<\/h2>\n<p><strong>OEM ET ODM<\/strong>: Pris en charge<br \/><strong>Conception<\/strong>: Gratuit<br \/><strong>Accessoires<\/strong>: Lavabos, miroirs, robinets et autres accessoires de salle de bains<br \/><strong>Emballage<\/strong>: Pr\u00eat \u00e0 monter<\/p>","protected":false},"featured_media":2004,"comment_status":"closed","ping_status":"closed","template":"","meta":{"_acf_changed":false},"product_brand":[],"product_cat":[20],"product_tag":[],"class_list":{"0":"post-2000","1":"product","2":"type-product","3":"status-publish","4":"has-post-thumbnail","6":"product_cat-wholesale-plywood-bathroom-vanity-cabinets","8":"first","9":"instock","10":"shipping-taxable","11":"product-type-simple"},"acf":[],"_links":{"self":[{"href":"https:\/\/www.shouyasanitary.com\/fr\/wp-json\/wp\/v2\/product\/2000","targetHints":{"allow":["GET"]}}],"collection":[{"href":"https:\/\/www.shouyasanitary.com\/fr\/wp-json\/wp\/v2\/product"}],"about":[{"href":"https:\/\/www.shouyasanitary.com\/fr\/wp-json\/wp\/v2\/types\/product"}],"replies":[{"embeddable":true,"href":"https:\/\/www.shouyasanitary.com\/fr\/wp-json\/wp\/v2\/comments?post=2000"}],"wp:featuredmedia":[{"embeddable":true,"href":"https:\/\/www.shouyasanitary.com\/fr\/wp-json\/wp\/v2\/media\/2004"}],"wp:attachment":[{"href":"https:\/\/www.shouyasanitary.com\/fr\/wp-json\/wp\/v2\/media?parent=2000"}],"wp:term":[{"taxonomy":"product_brand","embeddable":true,"href":"https:\/\/www.shouyasanitary.com\/fr\/wp-json\/wp\/v2\/product_brand?post=2000"},{"taxonomy":"product_cat","embeddable":true,"href":"https:\/\/www.shouyasanitary.com\/fr\/wp-json\/wp\/v2\/product_cat?post=2000"},{"taxonomy":"product_tag","embeddable":true,"href":"https:\/\/www.shouyasanitary.com\/fr\/wp-json\/wp\/v2\/product_tag?post=2000"}],"curies":[{"name":"wp","href":"https:\/\/api.w.org\/{rel}","templated":true}]}}