{"id":2007,"date":"2025-09-26T09:45:26","date_gmt":"2025-09-26T09:45:26","guid":{"rendered":"https:\/\/www.shouyasanitary.com\/?post_type=product&#038;p=2007"},"modified":"2025-09-26T09:45:28","modified_gmt":"2025-09-26T09:45:28","slug":"wholesale-wall-mounted-cabinets-bathroom","status":"publish","type":"product","link":"https:\/\/www.shouyasanitary.com\/fr\/produit\/wholesale-wall-mounted-cabinets-bathroom\/","title":{"rendered":"Wholesale Wall Mounted Cabinets Bathroom, Brown Aluminum Bathroom Vanity with Ceramic Sink Custom"},"content":{"rendered":"<div class=\"wp-block-columns is-layout-flex wp-container-core-columns-is-layout-9d6595d7 wp-block-columns-is-layout-flex\">\n<div class=\"wp-block-column is-layout-flow wp-block-column-is-layout-flow\">\n<h2 class=\"wp-block-heading\">Armoires murales Caract\u00e9ristiques de la salle de bains\uff1a<\/h2>\n\n\n\n<p><strong>Aspect moderne : <\/strong>La conception comprend un meuble principal \u00e0 deux niveaux, fix\u00e9 au mur et install\u00e9 en suspension pour minimiser les angles morts et am\u00e9liorer la propret\u00e9 de la salle de bains. Le miroir circulaire en verre, de forme \u00e9l\u00e9gante et esth\u00e9tique, offre une r\u00e9flexion claire. La vasque blanche, simple et \u00e9pur\u00e9e, ajoute une touche de fra\u00eecheur \u00e0 la salle de bains et s'harmonise avec le style g\u00e9n\u00e9ral.<\/p>\n\n\n\n<p><strong>Mat\u00e9riau durable : <\/strong>Le corps de l'armoire est en aluminium, r\u00e9sistant \u00e0 la corrosion et \u00e0 l'humidit\u00e9, ce qui le rend particuli\u00e8rement adapt\u00e9 \u00e0 l'environnement humide de la salle de bains et durable. Le traitement de surface est d\u00e9licat, avec un toucher lisse, et il peut \u00eatre facilement nettoy\u00e9 pour garder le corps de l'armoire propre.<strong>.<\/strong><\/p>\n\n\n\n<p><strong>Grande capacit\u00e9 de stockage : <\/strong>La structure \u00e0 double couche offre un vaste espace de rangement. La couche inf\u00e9rieure peut accueillir les serviettes, les articles de toilette et d'autres articles, tandis que la couche sup\u00e9rieure est pratique pour ranger les articles de toilette quotidiens. Cette disposition garantit un rangement ordonn\u00e9 et un acc\u00e8s facile dans la salle de bains, r\u00e9pondant ainsi aux besoins de rangement quotidiens de la famille et permettant de garder la salle de bains propre et ordonn\u00e9e \u00e0 tout moment.<\/p>\n\n\n\n<p><strong>Fourniture directe \u00e0 l'usine de Shouya<\/strong>: Nous fournissons des armoires de salle de bains en gros dans diff\u00e9rentes tailles et styles pour r\u00e9pondre aux besoins d'achat en gros volumes des h\u00f4tels, des appartements, des projets d'ing\u00e9nierie et des d\u00e9taillants.<\/p>\n<\/div>\n\n\n\n<div class=\"wp-block-column is-layout-flow wp-block-column-is-layout-flow\"><div class=\"wp-block-image\">\n<figure class=\"aligncenter size-full\"><img decoding=\"async\" width=\"700\" height=\"700\" src=\"https:\/\/www.shouyasanitary.com\/wp-content\/uploads\/2025\/09\/Custom-Wall-Mount-Cabinet.webp\" alt=\"Armoire murale sur mesure\" class=\"wp-image-2009\" style=\"object-fit:cover\" srcset=\"https:\/\/www.shouyasanitary.com\/wp-content\/uploads\/2025\/09\/Custom-Wall-Mount-Cabinet.webp 700w, https:\/\/www.shouyasanitary.com\/wp-content\/uploads\/2025\/09\/Custom-Wall-Mount-Cabinet-300x300.webp 300w, https:\/\/www.shouyasanitary.com\/wp-content\/uploads\/2025\/09\/Custom-Wall-Mount-Cabinet-150x150.webp 150w, https:\/\/www.shouyasanitary.com\/wp-content\/uploads\/2025\/09\/Custom-Wall-Mount-Cabinet-12x12.webp 12w, https:\/\/www.shouyasanitary.com\/wp-content\/uploads\/2025\/09\/Custom-Wall-Mount-Cabinet-600x600.webp 600w, https:\/\/www.shouyasanitary.com\/wp-content\/uploads\/2025\/09\/Custom-Wall-Mount-Cabinet-100x100.webp 100w\" sizes=\"(max-width: 700px) 100vw, 700px\" \/><\/figure>\n<\/div><\/div>\n<\/div>","protected":false},"excerpt":{"rendered":"<p>Armoires murales de salle de bain avec un design \u00e0 double couche, faites d'un alliage d'aluminium durable, comprenant un miroir rond et un bassin au-dessus du comptoir, pour un design beau et pratique. Disponible en diff\u00e9rentes tailles pour les clients et les grossistes, convenant aux h\u00f4tels, aux appartements et aux projets de construction. Contactez-nous pour un devis !<\/p>\n<h2>\u00a0Armoires murales Attributs de la salle de bains\uff1a<\/h2>\n<p><strong>Num\u00e9ro d'article : <\/strong>2506YZ-80A<strong><br \/>Mat\u00e9riau de l'armoire :<\/strong> Aluminium<br \/><strong>Couleur de l'armoire :<\/strong> Marron<br \/><strong>Miroir :<\/strong> Miroir LED (3,5 mm\/3,8 mm), \u00e9clairage tricolore, d\u00e9sembuage par simple pression d'une touche, s\u00e9curis\u00e9 par un emballage en mousse multicouche.<br \/><strong>Type d'installation :<\/strong>\u00a0Montage mural<br \/><strong>Dimensions (L\u00d7L\u00d7H) :<\/strong> 80x47x40 cm<br \/><strong>Poids brut :<\/strong> 30kg\/set<\/p>\n<h2>Personnalisation et services :<\/h2>\n<p><strong>OEM ET ODM<\/strong>: Pris en charge<br \/><strong>Conception<\/strong>: Gratuit<br \/><strong>Accessoires<\/strong>: Lavabos, miroirs, robinets et autres accessoires de salle de bains<br \/><strong>Emballage<\/strong>: Pr\u00eat \u00e0 monter<\/p>","protected":false},"featured_media":2009,"comment_status":"closed","ping_status":"closed","template":"","meta":{"_acf_changed":true},"product_brand":[],"product_cat":[23],"product_tag":[],"class_list":{"0":"post-2007","1":"product","2":"type-product","3":"status-publish","4":"has-post-thumbnail","6":"product_cat-wholesale-aluminum-bathroom-vanity-cabinets","8":"first","9":"instock","10":"shipping-taxable","11":"product-type-simple"},"acf":[],"_links":{"self":[{"href":"https:\/\/www.shouyasanitary.com\/fr\/wp-json\/wp\/v2\/product\/2007","targetHints":{"allow":["GET"]}}],"collection":[{"href":"https:\/\/www.shouyasanitary.com\/fr\/wp-json\/wp\/v2\/product"}],"about":[{"href":"https:\/\/www.shouyasanitary.com\/fr\/wp-json\/wp\/v2\/types\/product"}],"replies":[{"embeddable":true,"href":"https:\/\/www.shouyasanitary.com\/fr\/wp-json\/wp\/v2\/comments?post=2007"}],"wp:featuredmedia":[{"embeddable":true,"href":"https:\/\/www.shouyasanitary.com\/fr\/wp-json\/wp\/v2\/media\/2009"}],"wp:attachment":[{"href":"https:\/\/www.shouyasanitary.com\/fr\/wp-json\/wp\/v2\/media?parent=2007"}],"wp:term":[{"taxonomy":"product_brand","embeddable":true,"href":"https:\/\/www.shouyasanitary.com\/fr\/wp-json\/wp\/v2\/product_brand?post=2007"},{"taxonomy":"product_cat","embeddable":true,"href":"https:\/\/www.shouyasanitary.com\/fr\/wp-json\/wp\/v2\/product_cat?post=2007"},{"taxonomy":"product_tag","embeddable":true,"href":"https:\/\/www.shouyasanitary.com\/fr\/wp-json\/wp\/v2\/product_tag?post=2007"}],"curies":[{"name":"wp","href":"https:\/\/api.w.org\/{rel}","templated":true}]}}