{"id":2008,"date":"2025-09-26T09:45:24","date_gmt":"2025-09-26T09:45:24","guid":{"rendered":"https:\/\/www.shouyasanitary.com\/?post_type=product&#038;p=2008"},"modified":"2025-09-26T09:45:26","modified_gmt":"2025-09-26T09:45:26","slug":"wholesale-small-bathroom-vanities","status":"publish","type":"product","link":"https:\/\/www.shouyasanitary.com\/fr\/produit\/wholesale-small-bathroom-vanities\/","title":{"rendered":"Wholesale Small Bathroom Vanities, Wall Mounting Brown Bathroom Mirror Cabinet Set Bulk"},"content":{"rendered":"<div class=\"wp-block-columns is-layout-flex wp-container-core-columns-is-layout-9d6595d7 wp-block-columns-is-layout-flex\">\n<div class=\"wp-block-column is-layout-flow wp-block-column-is-layout-flow\">\n<h2 class=\"wp-block-heading\">Petites vanit\u00e9s de salle de bains Caract\u00e9ristiques\uff1a<\/h2>\n\n\n\n<p><strong>Conception murale<\/strong>: Le meuble principal semble suspendu au mur, ce qui rend l'espace de la salle de bains plus ouvert et plus transparent.<\/p>\n\n\n\n<p><strong>Miroir pratique : <\/strong>Le miroir rectangulaire en verre, avec ses lignes nettes, associ\u00e9 \u00e0 l'\u00e9clairage sur les bords, facilite non seulement la vision du miroir, mais renforce \u00e9galement l'aspect tendance de l'espace. <\/p>\n\n\n\n<p>Vasque en c\u00e9ramique blanche : Simple et \u00e9l\u00e9gante, elle s'int\u00e8gre au style g\u00e9n\u00e9ral et conf\u00e8re \u00e0 la salle de bains une atmosph\u00e8re propre et rafra\u00eechissante.<\/p>\n\n\n\n<p><strong>Avantages du mat\u00e9riau aluminium : <\/strong>Il est fabriqu\u00e9 en aluminium, qui pr\u00e9sente d'excellentes propri\u00e9t\u00e9s d'\u00e9tanch\u00e9it\u00e9 et de protection contre la rouille, ce qui le rend bien adapt\u00e9 \u00e0 l'environnement humide de la salle de bains et lui assure une longue dur\u00e9e de vie. En outre, l'aluminium est l\u00e9ger mais robuste et durable, ce qui facilite l'installation et l'entretien courant.<\/p>\n\n\n\n<p><strong>Fonction de stockage : <\/strong>Adoptant une structure \u00e0 deux niveaux, la premi\u00e8re couche comporte des tiroirs qui peuvent \u00eatre utilis\u00e9s pour ranger des articles de toilette priv\u00e9s ou de petite taille, \u00e9vitant ainsi l'exposition des articles ; les \u00e9tag\u00e8res de la deuxi\u00e8me couche sont pratiques pour placer les articles d'usage courant tels que les serviettes et les paniers de bain, facilitant ainsi la r\u00e9cup\u00e9ration des articles. Cette conception permet d'organiser soigneusement les articles de salle de bains, de r\u00e9pondre aux divers besoins de rangement quotidiens et de maintenir une salle de bains propre et ordonn\u00e9e \u00e0 tout moment.<\/p>\n<\/div>\n\n\n\n<div class=\"wp-block-column is-layout-flow wp-block-column-is-layout-flow\"><div class=\"wp-block-image\">\n<figure class=\"aligncenter size-full\"><img decoding=\"async\" width=\"700\" height=\"700\" src=\"https:\/\/www.shouyasanitary.com\/wp-content\/uploads\/2025\/09\/wholesale-Bathroom-Cabinet-with-Mirror.webp\" alt=\"Armoire de salle de bain en gros avec miroir\" class=\"wp-image-2012\" style=\"object-fit:cover\" srcset=\"https:\/\/www.shouyasanitary.com\/wp-content\/uploads\/2025\/09\/wholesale-Bathroom-Cabinet-with-Mirror.webp 700w, https:\/\/www.shouyasanitary.com\/wp-content\/uploads\/2025\/09\/wholesale-Bathroom-Cabinet-with-Mirror-300x300.webp 300w, https:\/\/www.shouyasanitary.com\/wp-content\/uploads\/2025\/09\/wholesale-Bathroom-Cabinet-with-Mirror-150x150.webp 150w, https:\/\/www.shouyasanitary.com\/wp-content\/uploads\/2025\/09\/wholesale-Bathroom-Cabinet-with-Mirror-12x12.webp 12w, https:\/\/www.shouyasanitary.com\/wp-content\/uploads\/2025\/09\/wholesale-Bathroom-Cabinet-with-Mirror-600x600.webp 600w, https:\/\/www.shouyasanitary.com\/wp-content\/uploads\/2025\/09\/wholesale-Bathroom-Cabinet-with-Mirror-100x100.webp 100w\" sizes=\"(max-width: 700px) 100vw, 700px\" \/><\/figure>\n<\/div><\/div>\n<\/div>","protected":false},"excerpt":{"rendered":"<p>Ce meuble de salle de bain en aluminium est con\u00e7u en couleur bois, alliant esth\u00e9tisme et praticit\u00e9.<\/p>\n<h2>Ensemble d'armoires de toilette Attributs\uff1a<\/h2>\n<p><strong>Num\u00e9ro d'article :<\/strong>2509FZ-60A<strong><br \/>Mat\u00e9riau de l'armoire :<\/strong> Aluminium<br \/><strong>Couleur de l'armoire :<\/strong> Marron<br \/><strong>Miroir :<\/strong> Miroir LED (3,5 mm\/3,8 mm), \u00e9clairage tricolore, d\u00e9sembuage par simple pression d'une touche, s\u00e9curis\u00e9 par un emballage en mousse multicouche.<br \/><strong>Type d'installation :<\/strong>\u00a0Montage mural<br \/><strong>Dimensions (L\u00d7L\u00d7H) :<\/strong> 60*47*42 cm<br \/><strong>Poids brut :<\/strong> 30kg\/set<\/p>\n<h2>Personnalisation et services :<\/h2>\n<p><strong>OEM ET ODM<\/strong>: Pris en charge<br \/><strong>Conception<\/strong>: Gratuit<br \/><strong>Accessoires<\/strong>: Lavabos, miroirs, robinets et autres accessoires de salle de bains<br \/><strong>Emballage<\/strong>: Pr\u00eat \u00e0 monter<\/p>","protected":false},"featured_media":2012,"comment_status":"closed","ping_status":"closed","template":"","meta":{"_acf_changed":true},"product_brand":[],"product_cat":[23],"product_tag":[],"class_list":{"0":"post-2008","1":"product","2":"type-product","3":"status-publish","4":"has-post-thumbnail","6":"product_cat-wholesale-aluminum-bathroom-vanity-cabinets","8":"first","9":"instock","10":"shipping-taxable","11":"product-type-simple"},"acf":[],"_links":{"self":[{"href":"https:\/\/www.shouyasanitary.com\/fr\/wp-json\/wp\/v2\/product\/2008","targetHints":{"allow":["GET"]}}],"collection":[{"href":"https:\/\/www.shouyasanitary.com\/fr\/wp-json\/wp\/v2\/product"}],"about":[{"href":"https:\/\/www.shouyasanitary.com\/fr\/wp-json\/wp\/v2\/types\/product"}],"replies":[{"embeddable":true,"href":"https:\/\/www.shouyasanitary.com\/fr\/wp-json\/wp\/v2\/comments?post=2008"}],"wp:featuredmedia":[{"embeddable":true,"href":"https:\/\/www.shouyasanitary.com\/fr\/wp-json\/wp\/v2\/media\/2012"}],"wp:attachment":[{"href":"https:\/\/www.shouyasanitary.com\/fr\/wp-json\/wp\/v2\/media?parent=2008"}],"wp:term":[{"taxonomy":"product_brand","embeddable":true,"href":"https:\/\/www.shouyasanitary.com\/fr\/wp-json\/wp\/v2\/product_brand?post=2008"},{"taxonomy":"product_cat","embeddable":true,"href":"https:\/\/www.shouyasanitary.com\/fr\/wp-json\/wp\/v2\/product_cat?post=2008"},{"taxonomy":"product_tag","embeddable":true,"href":"https:\/\/www.shouyasanitary.com\/fr\/wp-json\/wp\/v2\/product_tag?post=2008"}],"curies":[{"name":"wp","href":"https:\/\/api.w.org\/{rel}","templated":true}]}}