{"id":2015,"date":"2025-09-26T09:44:58","date_gmt":"2025-09-26T09:44:58","guid":{"rendered":"https:\/\/www.shouyasanitary.com\/?post_type=product&#038;p=2015"},"modified":"2025-09-26T09:45:01","modified_gmt":"2025-09-26T09:45:01","slug":"custom-gray-bathroom-cabinets","status":"publish","type":"product","link":"https:\/\/www.shouyasanitary.com\/fr\/produit\/custom-gray-bathroom-cabinets\/","title":{"rendered":"Armoires de salle de bain grises sur mesure, meuble-lavabo en aluminium Texture de marbre dans la salle de bain"},"content":{"rendered":"<div class=\"wp-block-columns is-layout-flex wp-container-core-columns-is-layout-9d6595d7 wp-block-columns-is-layout-flex\">\n<div class=\"wp-block-column is-layout-flow wp-block-column-is-layout-flow\">\n<h2 class=\"wp-block-heading\">Caract\u00e9ristiques des armoires de salle de bain grises\uff1a<\/h2>\n\n\n\n<p><strong>Des mat\u00e9riaux et un savoir-faire de haute qualit\u00e9 :<\/strong>\u00a0L'armoire de salle de bains est fabriqu\u00e9e \u00e0 partir de cadres en aluminium de haute qualit\u00e9, combin\u00e9s \u00e0 un magnifique traitement de surface \u00e0 la texture marbr\u00e9e. Robuste et durable, il apporte une touche de modernit\u00e9 et un charme \u00e9l\u00e9gant. Il est associ\u00e9 \u00e0 une vasque en c\u00e9ramique de haute qualit\u00e9, dont la surface est lisse et facile \u00e0 nettoyer, ce qui garantit qu'elle reste brillante et neuve m\u00eame apr\u00e8s une utilisation prolong\u00e9e.<\/p>\n\n\n\n<p><strong>Miroir intelligent \u00e9clair\u00e9 par LED : <\/strong>\u00c9quip\u00e9 d'un miroir intelligent \u00e0 \u00e9clairage LED, le r\u00e9tro\u00e9clairage est r\u00e9glable en trois couleurs, offrant un \u00e9clairage uniforme et doux. Il facilite non seulement le maquillage et le rasage quotidiens, mais am\u00e9liore \u00e9galement la luminosit\u00e9 et l'atmosph\u00e8re g\u00e9n\u00e9rales de la salle de bains.<\/p>\n\n\n\n<p><strong>Conception pratique de l'espace de rangement :<\/strong> Il est con\u00e7u avec des tiroirs de rangement spacieux et des \u00e9tag\u00e8res ouvertes, ce qui permet de classer et de ranger facilement les articles de toilette et les serviettes. Les tiroirs sont dot\u00e9s de rails coulissants silencieux, qui s'ouvrent et se ferment en douceur et sans bruit, am\u00e9liorant ainsi l'exp\u00e9rience de l'utilisateur.<\/p>\n\n\n\n<p><strong>Installation et entretien simples :<\/strong> La conception murale permet d'\u00e9conomiser de l'espace, est facile \u00e0 installer et convient \u00e0 divers agencements de salles de bains. La surface en aluminium subit un traitement sp\u00e9cial pour \u00e9viter l'humidit\u00e9 et la rouille, ce qui la rend facile \u00e0 nettoyer et \u00e0 entretenir, garantissant que le produit reste comme neuf m\u00eame apr\u00e8s une utilisation prolong\u00e9e.<\/p>\n<\/div>\n\n\n\n<div class=\"wp-block-column is-layout-flow wp-block-column-is-layout-flow\"><div class=\"wp-block-image\">\n<figure class=\"aligncenter size-full\"><img decoding=\"async\" width=\"700\" height=\"700\" src=\"https:\/\/www.shouyasanitary.com\/wp-content\/uploads\/2025\/08\/Bulk-Purchases-Bathroom-Cabinet-Vanity-1.webp\" alt=\"Bulk Purchases Bathroom Cabinet Vanity\" class=\"wp-image-1988\" style=\"object-fit:cover\" srcset=\"https:\/\/www.shouyasanitary.com\/wp-content\/uploads\/2025\/08\/Bulk-Purchases-Bathroom-Cabinet-Vanity-1.webp 700w, https:\/\/www.shouyasanitary.com\/wp-content\/uploads\/2025\/08\/Bulk-Purchases-Bathroom-Cabinet-Vanity-1-300x300.webp 300w, https:\/\/www.shouyasanitary.com\/wp-content\/uploads\/2025\/08\/Bulk-Purchases-Bathroom-Cabinet-Vanity-1-150x150.webp 150w, https:\/\/www.shouyasanitary.com\/wp-content\/uploads\/2025\/08\/Bulk-Purchases-Bathroom-Cabinet-Vanity-1-12x12.webp 12w, https:\/\/www.shouyasanitary.com\/wp-content\/uploads\/2025\/08\/Bulk-Purchases-Bathroom-Cabinet-Vanity-1-600x600.webp 600w, https:\/\/www.shouyasanitary.com\/wp-content\/uploads\/2025\/08\/Bulk-Purchases-Bathroom-Cabinet-Vanity-1-100x100.webp 100w\" sizes=\"(max-width: 700px) 100vw, 700px\" \/><\/figure>\n<\/div><\/div>\n<\/div>\n\n\n\n<p><\/p>","protected":false},"excerpt":{"rendered":"<p>Armoires de salle de bain grises personnalis\u00e9es, mat\u00e9riau en aluminium, texture grain de bois, design suspendu, avec une taille standard de 80 cm. La surface du miroir intelligent est claire et lumineuse. Le bassin en c\u00e9ramique est lisse et durable. D'un bon rapport qualit\u00e9-prix, il contribue \u00e0 cr\u00e9er un environnement confortable et pratique dans la salle de bains. N'h\u00e9sitez pas \u00e0 vous renseigner !<\/p>\n<h2>Armoires de salle de bains grises Attributs\uff1a<\/h2>\n<p><strong>Num\u00e9ro d'article :<\/strong>2509FZ-80D<strong><br \/>Mat\u00e9riau de l'armoire :<\/strong> Aluminium<br \/><strong>Couleur de l'armoire :<\/strong> Gris<br \/><strong>Miroir :<\/strong> Miroir LED (3,5 mm\/3,8 mm), \u00e9clairage tricolore, d\u00e9sembuage par simple pression d'une touche, s\u00e9curis\u00e9 par un emballage en mousse multicouche.<br \/><strong>Type d'installation :<\/strong>\u00a0Montage mural<br \/><strong>Dimensions (L\u00d7L\u00d7H) :<\/strong> 60*40*30 cm<br \/><strong>Poids brut :<\/strong> 30kg\/set<\/p>\n<h2>Personnalisation et services :<\/h2>\n<p><strong>OEM ET ODM<\/strong>: Pris en charge<br \/><strong>Conception<\/strong>: Gratuit<br \/><strong>Accessoires<\/strong>: Lavabos, miroirs, robinets et autres accessoires de salle de bains<br \/><strong>Emballage<\/strong>: Pr\u00eat \u00e0 monter<\/p>","protected":false},"featured_media":1988,"comment_status":"closed","ping_status":"closed","template":"","meta":{"_acf_changed":true},"product_brand":[],"product_cat":[23],"product_tag":[],"class_list":{"0":"post-2015","1":"product","2":"type-product","3":"status-publish","4":"has-post-thumbnail","6":"product_cat-wholesale-aluminum-bathroom-vanity-cabinets","8":"first","9":"instock","10":"shipping-taxable","11":"product-type-simple"},"acf":[],"_links":{"self":[{"href":"https:\/\/www.shouyasanitary.com\/fr\/wp-json\/wp\/v2\/product\/2015","targetHints":{"allow":["GET"]}}],"collection":[{"href":"https:\/\/www.shouyasanitary.com\/fr\/wp-json\/wp\/v2\/product"}],"about":[{"href":"https:\/\/www.shouyasanitary.com\/fr\/wp-json\/wp\/v2\/types\/product"}],"replies":[{"embeddable":true,"href":"https:\/\/www.shouyasanitary.com\/fr\/wp-json\/wp\/v2\/comments?post=2015"}],"wp:featuredmedia":[{"embeddable":true,"href":"https:\/\/www.shouyasanitary.com\/fr\/wp-json\/wp\/v2\/media\/1988"}],"wp:attachment":[{"href":"https:\/\/www.shouyasanitary.com\/fr\/wp-json\/wp\/v2\/media?parent=2015"}],"wp:term":[{"taxonomy":"product_brand","embeddable":true,"href":"https:\/\/www.shouyasanitary.com\/fr\/wp-json\/wp\/v2\/product_brand?post=2015"},{"taxonomy":"product_cat","embeddable":true,"href":"https:\/\/www.shouyasanitary.com\/fr\/wp-json\/wp\/v2\/product_cat?post=2015"},{"taxonomy":"product_tag","embeddable":true,"href":"https:\/\/www.shouyasanitary.com\/fr\/wp-json\/wp\/v2\/product_tag?post=2015"}],"curies":[{"name":"wp","href":"https:\/\/api.w.org\/{rel}","templated":true}]}}