{"id":2016,"date":"2025-09-26T09:45:21","date_gmt":"2025-09-26T09:45:21","guid":{"rendered":"https:\/\/www.shouyasanitary.com\/?post_type=product&#038;p=2016"},"modified":"2025-09-26T09:45:24","modified_gmt":"2025-09-26T09:45:24","slug":"wholesale-bathroom-vanity-mirror-cabinet","status":"publish","type":"product","link":"https:\/\/www.shouyasanitary.com\/fr\/produit\/wholesale-bathroom-vanity-mirror-cabinet\/","title":{"rendered":"Wholesale Bathroom Vanity Mirror Cabinet, Aluminum Wood-grain Bathroom Cabinet Set"},"content":{"rendered":"<div class=\"wp-block-columns is-layout-flex wp-container-core-columns-is-layout-9d6595d7 wp-block-columns-is-layout-flex\">\n<div class=\"wp-block-column is-layout-flow wp-block-column-is-layout-flow\">\n<h2 class=\"wp-block-heading\">Caract\u00e9ristiques de l'armoire-lavabo\uff1a<\/h2>\n\n\n\n<p><strong>Style moderne et minimaliste<\/strong>: Ce meuble lavabo est compos\u00e9 d'un cadre en aluminium et sa surface est trait\u00e9e avec un effet de grain de bois, pr\u00e9sentant une texture naturelle et chaleureuse. La taille du meuble de salle de bain est de 80 cm. Il s'adapte aussi bien aux grandes qu'aux petites salles de bains. Le design mural permet d'\u00e9conomiser de l'espace et constitue le choix id\u00e9al pour cr\u00e9er une salle de bain confortable.<\/p>\n\n\n\n<p><strong>Surface de miroir intelligente : <\/strong>\u00c9quip\u00e9 d'une surface de miroir intelligente, le r\u00e9tro\u00e9clairage fournit trois couleurs de lumi\u00e8re. Il fournit un \u00e9clairage suffisant pour une utilisation quotidienne, avec une lumi\u00e8re uniforme et douce, am\u00e9liorant la luminosit\u00e9 g\u00e9n\u00e9rale et l'effet visuel de la salle de bains.<\/p>\n\n\n\n<p><strong>Espace de rangement multifonctionnel : <\/strong>Con\u00e7u avec des tiroirs pratiques et des \u00e9tag\u00e8res ouvertes, il offre un vaste espace de rangement, facilitant l'organisation et le stockage des articles de toilette, des serviettes, etc. Les tiroirs sont \u00e9quip\u00e9s de rails coulissants de haute qualit\u00e9 qui s'ouvrent et se ferment en douceur et sont pratiques \u00e0 utiliser.<\/p>\n\n\n\n<p><strong>Installation stable : <\/strong>Le produit est \u00e9quip\u00e9 d'accessoires d'installation professionnels et d'instructions d'installation d\u00e9taill\u00e9es, garantissant un processus d'installation simple et rapide. Une fois l'armoire install\u00e9e, elle est stable et fiable. <\/p>\n\n\n\n<p><strong>Excellent service apr\u00e8s-vente<\/strong>: Nous fournissons un service apr\u00e8s-vente complet. Si vous avez des probl\u00e8mes de qualit\u00e9 ou des questions sur l'utilisation, vous pouvez nous contacter rapidement, afin que vous n'ayez pas \u00e0 vous inqui\u00e9ter.<\/p>\n<\/div>\n\n\n\n<div class=\"wp-block-column is-layout-flow wp-block-column-is-layout-flow\"><div class=\"wp-block-image\">\n<figure class=\"aligncenter size-full\"><img decoding=\"async\" width=\"700\" height=\"700\" src=\"https:\/\/www.shouyasanitary.com\/wp-content\/uploads\/2025\/09\/OEM-aluminium-Bathroom-Vanity-Cabinet.webp\" alt=\"Meuble de salle de bain en aluminium OEM\" class=\"wp-image-2017\" style=\"object-fit:cover\" srcset=\"https:\/\/www.shouyasanitary.com\/wp-content\/uploads\/2025\/09\/OEM-aluminium-Bathroom-Vanity-Cabinet.webp 700w, https:\/\/www.shouyasanitary.com\/wp-content\/uploads\/2025\/09\/OEM-aluminium-Bathroom-Vanity-Cabinet-300x300.webp 300w, https:\/\/www.shouyasanitary.com\/wp-content\/uploads\/2025\/09\/OEM-aluminium-Bathroom-Vanity-Cabinet-150x150.webp 150w, https:\/\/www.shouyasanitary.com\/wp-content\/uploads\/2025\/09\/OEM-aluminium-Bathroom-Vanity-Cabinet-12x12.webp 12w, https:\/\/www.shouyasanitary.com\/wp-content\/uploads\/2025\/09\/OEM-aluminium-Bathroom-Vanity-Cabinet-600x600.webp 600w, https:\/\/www.shouyasanitary.com\/wp-content\/uploads\/2025\/09\/OEM-aluminium-Bathroom-Vanity-Cabinet-100x100.webp 100w\" sizes=\"(max-width: 700px) 100vw, 700px\" \/><\/figure>\n<\/div><\/div>\n<\/div>","protected":false},"excerpt":{"rendered":"<p>L'armoire de toilette de salle de bains en gros, en aluminium avec une texture semblable au marbre, convient \u00e0 la plupart des salles de bains. Elle est \u00e9quip\u00e9e d'un miroir LED et d'une vasque en c\u00e9ramique, ce qui la rend \u00e0 la fois pratique et esth\u00e9tique. N'h\u00e9sitez pas \u00e0 nous contacter pour obtenir une solution personnalis\u00e9e \u00e0 tout moment !<\/p>\n<h2>Armoire de toilette avec miroir Attributs\uff1a<\/h2>\n<p><strong>Num\u00e9ro d'article :<\/strong>2509FZ-80F<strong><br \/>Mat\u00e9riau de l'armoire :<\/strong> Aluminium<br \/><strong>Couleur de l'armoire :<\/strong> Kaki<br \/><strong>Miroir :<\/strong> Miroir LED (3,5 mm\/3,8 mm), \u00e9clairage tricolore, d\u00e9sembuage par simple pression d'une touche, s\u00e9curis\u00e9 par un emballage en mousse multicouche.<br \/><strong>Type d'installation :<\/strong>\u00a0Montage mural<br \/><strong>Dimensions (L\u00d7L\u00d7H) :<\/strong> 80*47*28 cm<br \/><strong>Poids brut :<\/strong> 28kg\/set<\/p>\n<h2>Personnalisation et services :<\/h2>\n<p><strong>OEM ET ODM<\/strong>: Pris en charge<br \/><strong>Conception<\/strong>: Gratuit<br \/><strong>Accessoires<\/strong>: Lavabos, miroirs, robinets et autres accessoires de salle de bains<br \/><strong>Emballage<\/strong>: Pr\u00eat \u00e0 monter<\/p>","protected":false},"featured_media":2017,"comment_status":"closed","ping_status":"closed","template":"","meta":{"_acf_changed":true},"product_brand":[],"product_cat":[23],"product_tag":[],"class_list":{"0":"post-2016","1":"product","2":"type-product","3":"status-publish","4":"has-post-thumbnail","6":"product_cat-wholesale-aluminum-bathroom-vanity-cabinets","8":"first","9":"instock","10":"shipping-taxable","11":"product-type-simple"},"acf":[],"_links":{"self":[{"href":"https:\/\/www.shouyasanitary.com\/fr\/wp-json\/wp\/v2\/product\/2016","targetHints":{"allow":["GET"]}}],"collection":[{"href":"https:\/\/www.shouyasanitary.com\/fr\/wp-json\/wp\/v2\/product"}],"about":[{"href":"https:\/\/www.shouyasanitary.com\/fr\/wp-json\/wp\/v2\/types\/product"}],"replies":[{"embeddable":true,"href":"https:\/\/www.shouyasanitary.com\/fr\/wp-json\/wp\/v2\/comments?post=2016"}],"wp:featuredmedia":[{"embeddable":true,"href":"https:\/\/www.shouyasanitary.com\/fr\/wp-json\/wp\/v2\/media\/2017"}],"wp:attachment":[{"href":"https:\/\/www.shouyasanitary.com\/fr\/wp-json\/wp\/v2\/media?parent=2016"}],"wp:term":[{"taxonomy":"product_brand","embeddable":true,"href":"https:\/\/www.shouyasanitary.com\/fr\/wp-json\/wp\/v2\/product_brand?post=2016"},{"taxonomy":"product_cat","embeddable":true,"href":"https:\/\/www.shouyasanitary.com\/fr\/wp-json\/wp\/v2\/product_cat?post=2016"},{"taxonomy":"product_tag","embeddable":true,"href":"https:\/\/www.shouyasanitary.com\/fr\/wp-json\/wp\/v2\/product_tag?post=2016"}],"curies":[{"name":"wp","href":"https:\/\/api.w.org\/{rel}","templated":true}]}}