{"id":2043,"date":"2025-09-26T09:45:19","date_gmt":"2025-09-26T09:45:19","guid":{"rendered":"https:\/\/www.shouyasanitary.com\/?post_type=product&#038;p=2043"},"modified":"2025-09-26T09:45:21","modified_gmt":"2025-09-26T09:45:21","slug":"custom-green-bathroom-cabinets","status":"publish","type":"product","link":"https:\/\/www.shouyasanitary.com\/fr\/produit\/custom-green-bathroom-cabinets\/","title":{"rendered":"Armoires de salle de bain vertes, Factory Wholesale PVC Bathroom Vanity Vertical-Striped Cabinet Set"},"content":{"rendered":"<div class=\"wp-block-columns is-layout-flex wp-container-core-columns-is-layout-9d6595d7 wp-block-columns-is-layout-flex\">\n<div class=\"wp-block-column is-layout-flow wp-block-column-is-layout-flow\">\n<h2 class=\"wp-block-heading\">Caract\u00e9ristiques des armoires de salle de bains \u00e9cologiques\uff1a<\/h2>\n\n\n\n<p><strong>Conception d'une taille exquise : <\/strong>Ce meuble de salle de bains est con\u00e7u dans une dimension de 80 cm. Elle n'occupe pas trop d'espace et ne manque pas d'espace de travail et de rangement. Elle convient parfaitement aux salles de bains de petite et moyenne taille et optimise l'utilisation de l'espace.<\/p>\n\n\n\n<p><strong>Mat\u00e9riau PVC respectueux de l'environnement :<\/strong> Fabriqu\u00e9 en PVC respectueux de l'environnement, il est non toxique et inodore, ce qui garantit la s\u00e9curit\u00e9 et la sant\u00e9. Le mat\u00e9riau poss\u00e8de d'excellentes propri\u00e9t\u00e9s d'imperm\u00e9abilit\u00e9 \u00e0 l'eau et \u00e0 l'humidit\u00e9. M\u00eame dans une salle de bains humide, il peut rester stable pendant longtemps sans se d\u00e9former ni moisir.<\/p>\n\n\n\n<p><strong>Combinaison de comptoirs en granit : <\/strong>\u00c9quip\u00e9 d'un comptoir en granit de haute qualit\u00e9, avec sa texture naturelle et sa duret\u00e9, il rehausse non seulement la qualit\u00e9 g\u00e9n\u00e9rale de l'armoire de salle de bains, mais il est \u00e9galement facile \u00e0 nettoyer et \u00e0 entretenir quotidiennement, ce qui garantit que le comptoir reste neuf pendant longtemps.<\/p>\n\n\n\n<p><strong>Esth\u00e9tique des motifs verticaux : <\/strong>Les portes de l'armoire pr\u00e9sentent un motif vertical, ajoutant une touche d'esth\u00e9tique moderne et minimaliste. <\/p>\n\n\n\n<p><strong>Fonction de rangement pratique<\/strong>: La disposition raisonnable des rangements internes permet de placer proprement les articles de toilette et les serviettes dans leurs emplacements respectifs, ce qui rend la salle de bains plus propre et mieux organis\u00e9e.<\/p>\n\n\n\n<p><strong>Remise sur les commandes en nombre :\u00a0<\/strong>Directement approvisionn\u00e9s par le fournisseur Shouya, nous proposons des prix de gros comp\u00e9titifs et des services de personnalisation, id\u00e9aux pour les revendeurs, les distributeurs et les entreprises de d\u00e9coration \u00e0 grande \u00e9chelle dans le cadre d'une coop\u00e9ration \u00e0 long terme.<\/p>\n<\/div>\n\n\n\n<div class=\"wp-block-column is-layout-flow wp-block-column-is-layout-flow\"><div class=\"wp-block-image\">\n<figure class=\"aligncenter size-full\"><img decoding=\"async\" width=\"700\" height=\"700\" src=\"https:\/\/www.shouyasanitary.com\/wp-content\/uploads\/2025\/09\/Wholesale-supply-of-PVC-bathroom-cabinet-vanity.webp\" alt=\"Vente en gros d&#039;armoires de toilette en PVC\" class=\"wp-image-2045\" style=\"object-fit:cover\" srcset=\"https:\/\/www.shouyasanitary.com\/wp-content\/uploads\/2025\/09\/Wholesale-supply-of-PVC-bathroom-cabinet-vanity.webp 700w, https:\/\/www.shouyasanitary.com\/wp-content\/uploads\/2025\/09\/Wholesale-supply-of-PVC-bathroom-cabinet-vanity-300x300.webp 300w, https:\/\/www.shouyasanitary.com\/wp-content\/uploads\/2025\/09\/Wholesale-supply-of-PVC-bathroom-cabinet-vanity-150x150.webp 150w, https:\/\/www.shouyasanitary.com\/wp-content\/uploads\/2025\/09\/Wholesale-supply-of-PVC-bathroom-cabinet-vanity-12x12.webp 12w, https:\/\/www.shouyasanitary.com\/wp-content\/uploads\/2025\/09\/Wholesale-supply-of-PVC-bathroom-cabinet-vanity-600x600.webp 600w, https:\/\/www.shouyasanitary.com\/wp-content\/uploads\/2025\/09\/Wholesale-supply-of-PVC-bathroom-cabinet-vanity-100x100.webp 100w\" sizes=\"(max-width: 700px) 100vw, 700px\" \/><\/figure>\n<\/div><\/div>\n<\/div>","protected":false},"excerpt":{"rendered":"<p>Meuble de salle de bain vert personnalis\u00e9, meuble de salle de bain en PVC 80CM avec une structure mont\u00e9e, sp\u00e9cialement con\u00e7u pour les petites salles de bain. Les portes de l'armoire \u00e0 motifs verticaux ajoutent une touche artistique, et le miroir de base r\u00e9pond aux besoins quotidiens. Shouya fournit directement \u00e0 l'usine avec des remises sur les commandes en vrac. N'h\u00e9sitez pas \u00e0 nous contacter !<\/p>\n<h2>Armoires de salle de bains vertes Attributs\uff1a<\/h2>\n<p><strong>Num\u00e9ro d'article : <\/strong>6084-80GN<strong><br \/>Mat\u00e9riau de l'armoire :<\/strong> PVC<br \/><strong>Couleur de l'armoire :\u00a0<\/strong>Vert<br \/><strong>Miroir :<\/strong> Miroir LED (3,5 mm\/3,8 mm), \u00e9clairage tricolore, d\u00e9sembuage par simple pression d'une touche, s\u00e9curis\u00e9 par un emballage en mousse multicouche.<br \/><strong>Type d'installation :<\/strong>\u00a0Montage mural<br \/><strong>Dimensions (L\u00d7L\u00d7H) :<\/strong> 80*50*47 cm<br \/><strong>Poids brut :<\/strong> 30kg\/set<\/p>\n<h2>Personnalisation et services :<\/h2>\n<p><strong>OEM ET ODM<\/strong>: Pris en charge<br \/><strong>Conception<\/strong>: Gratuit<br \/><strong>Accessoires<\/strong>: Lavabos, miroirs, robinets et autres accessoires de salle de bains<br \/><strong>Emballage<\/strong>: Pr\u00eat \u00e0 monter<\/p>","protected":false},"featured_media":2045,"comment_status":"closed","ping_status":"closed","template":"","meta":{"_acf_changed":true},"product_brand":[],"product_cat":[24],"product_tag":[],"class_list":{"0":"post-2043","1":"product","2":"type-product","3":"status-publish","4":"has-post-thumbnail","6":"product_cat-wholesale-pvc-bathroom-vanity-cabinets","8":"first","9":"instock","10":"shipping-taxable","11":"product-type-simple"},"acf":[],"_links":{"self":[{"href":"https:\/\/www.shouyasanitary.com\/fr\/wp-json\/wp\/v2\/product\/2043","targetHints":{"allow":["GET"]}}],"collection":[{"href":"https:\/\/www.shouyasanitary.com\/fr\/wp-json\/wp\/v2\/product"}],"about":[{"href":"https:\/\/www.shouyasanitary.com\/fr\/wp-json\/wp\/v2\/types\/product"}],"replies":[{"embeddable":true,"href":"https:\/\/www.shouyasanitary.com\/fr\/wp-json\/wp\/v2\/comments?post=2043"}],"wp:featuredmedia":[{"embeddable":true,"href":"https:\/\/www.shouyasanitary.com\/fr\/wp-json\/wp\/v2\/media\/2045"}],"wp:attachment":[{"href":"https:\/\/www.shouyasanitary.com\/fr\/wp-json\/wp\/v2\/media?parent=2043"}],"wp:term":[{"taxonomy":"product_brand","embeddable":true,"href":"https:\/\/www.shouyasanitary.com\/fr\/wp-json\/wp\/v2\/product_brand?post=2043"},{"taxonomy":"product_cat","embeddable":true,"href":"https:\/\/www.shouyasanitary.com\/fr\/wp-json\/wp\/v2\/product_cat?post=2043"},{"taxonomy":"product_tag","embeddable":true,"href":"https:\/\/www.shouyasanitary.com\/fr\/wp-json\/wp\/v2\/product_tag?post=2043"}],"curies":[{"name":"wp","href":"https:\/\/api.w.org\/{rel}","templated":true}]}}