{"id":2044,"date":"2025-09-26T09:45:17","date_gmt":"2025-09-26T09:45:17","guid":{"rendered":"https:\/\/www.shouyasanitary.com\/?post_type=product&#038;p=2044"},"modified":"2025-09-26T09:45:19","modified_gmt":"2025-09-26T09:45:19","slug":"wholesale-wall-mounted-bathroom-vanity","status":"publish","type":"product","link":"https:\/\/www.shouyasanitary.com\/fr\/produit\/wholesale-wall-mounted-bathroom-vanity\/","title":{"rendered":"Wholesale Wall Mounted Bathroom Vanity, Grey Bathroom Cabinet with Granite Countertop Basin (Meuble de salle de bain avec plan de travail en granit)"},"content":{"rendered":"<div class=\"wp-block-columns is-layout-flex wp-container-core-columns-is-layout-9d6595d7 wp-block-columns-is-layout-flex\">\n<div class=\"wp-block-column is-layout-flow wp-block-column-is-layout-flow\">\n<h2 class=\"wp-block-heading\">Caract\u00e9ristiques du meuble-lavabo mural\uff1a<\/h2>\n\n\n\n<p><strong>Taille classique, largement applicable : <\/strong>Le meuble de salle de bains de 80 cm r\u00e9pond non seulement aux besoins d'espace de la plupart des salles de bains, mais aussi aux attentes des gens en ce qui concerne la fonctionnalit\u00e9 des meubles de salle de bains. La couleur grise, avec son style sobre et discret, ajoute un sentiment de stabilit\u00e9 et d'\u00e9l\u00e9gance \u00e0 la salle de bains.<\/p>\n\n\n\n<p><strong>PVC durable et respectueux de l'environnement : <\/strong>Le mat\u00e9riau PVC s\u00e9lectionn\u00e9, respectueux de l'environnement, garantit la sant\u00e9 \u00e9cologique et l'utilisation \u00e0 long terme de l'armoire de toilette. Ses excellentes performances en mati\u00e8re d'\u00e9tanch\u00e9it\u00e9 et de r\u00e9sistance \u00e0 l'humidit\u00e9 permettent \u00e0 l'armoire de salle de bains de rester comme neuve m\u00eame dans un environnement humide, avec une excellente durabilit\u00e9.<\/p>\n\n\n\n<p><strong>Plaque de granit int\u00e9gr\u00e9e, style minimaliste : <\/strong>Le design int\u00e9gr\u00e9 du plan de travail en granit et du lavabo met en valeur le style minimaliste et \u00e9l\u00e9gant du meuble de salle de bains. La texture froide et ferme du granit s'associe aux lignes douces de l'armoire de toilette, cr\u00e9ant une esth\u00e9tique moderne unique.<\/p>\n\n\n\n<p><strong>Miroir LED et fonction de rangement parfaitement combin\u00e9s : <\/strong>Outre la fonction intelligente du miroir LED, cette armoire de salle de bains prend \u00e9galement en compte les besoins de rangement. Le corps de l'armoire situ\u00e9 en dessous offre \u00e9galement un espace de rangement suffisant, ce qui permet de ranger proprement les articles de salle de bains. La combinaison parfaite du miroir LED et de la fonction de rangement fait de cette armoire de salle de bains un chef-d'\u0153uvre pratique et esth\u00e9tique dans la salle de bains.<\/p>\n\n\n\n<p><strong>Structure murale<\/strong>: L'espace ouvert situ\u00e9 en dessous \u00e9limine efficacement la sensation d'oppression des armoires de salle de bains traditionnelles, cr\u00e9ant un environnement de salle de bains plus spacieux, adapt\u00e9 aux petites salles de bains ou \u00e0 ceux qui recherchent une esth\u00e9tique moderne et minimaliste.<\/p>\n\n\n\n<p><strong>Capacit\u00e9 d'approvisionnement stable<\/strong>: En tant que grossiste, Shouya poss\u00e8de des capacit\u00e9s de production et d'approvisionnement efficaces et coh\u00e9rentes, garantissant la livraison en temps voulu des commandes de gros volumes et soutenant un approvisionnement stable pour r\u00e9pondre aux besoins des partenaires \u00e0 long terme.<\/p>\n<\/div>\n\n\n\n<div class=\"wp-block-column is-layout-flow wp-block-column-is-layout-flow\"><div class=\"wp-block-image\">\n<figure class=\"aligncenter size-full\"><img decoding=\"async\" width=\"700\" height=\"700\" src=\"https:\/\/www.shouyasanitary.com\/wp-content\/uploads\/2025\/09\/OEM-80CM-bathroom-cabinet-vanity.webp\" alt=\"OEM 80CM meuble de salle de bain\" class=\"wp-image-2048\" style=\"object-fit:cover\" srcset=\"https:\/\/www.shouyasanitary.com\/wp-content\/uploads\/2025\/09\/OEM-80CM-bathroom-cabinet-vanity.webp 700w, https:\/\/www.shouyasanitary.com\/wp-content\/uploads\/2025\/09\/OEM-80CM-bathroom-cabinet-vanity-300x300.webp 300w, https:\/\/www.shouyasanitary.com\/wp-content\/uploads\/2025\/09\/OEM-80CM-bathroom-cabinet-vanity-150x150.webp 150w, https:\/\/www.shouyasanitary.com\/wp-content\/uploads\/2025\/09\/OEM-80CM-bathroom-cabinet-vanity-12x12.webp 12w, https:\/\/www.shouyasanitary.com\/wp-content\/uploads\/2025\/09\/OEM-80CM-bathroom-cabinet-vanity-600x600.webp 600w, https:\/\/www.shouyasanitary.com\/wp-content\/uploads\/2025\/09\/OEM-80CM-bathroom-cabinet-vanity-100x100.webp 100w\" sizes=\"(max-width: 700px) 100vw, 700px\" \/><\/figure>\n<\/div><\/div>\n<\/div>\n\n\n\n<p><\/p>","protected":false},"excerpt":{"rendered":"<p>Armoire de salle de bain grise en gros, armoire de salle de bain 80CM, miroir LED intelligent int\u00e9gr\u00e9, fournissant un \u00e9clairage clair et une atmosph\u00e8re chaleureuse. Fabriqu\u00e9 en PVC \u00e9cologique, il est imperm\u00e9able, r\u00e9sistant \u00e0 l'humidit\u00e9 et facile \u00e0 nettoyer. Simple et \u00e9l\u00e9gant. Cette armoire de salle de bain combine parfaitement la technologie et l'esth\u00e9tique. N'h\u00e9sitez pas \u00e0 nous contacter d\u00e8s maintenant.<\/p>\n<h2>Armoires de salle de bain grises Attributs\uff1a<\/h2>\n<p><strong>Num\u00e9ro d'article :<\/strong>6085-80<strong><br \/>Mat\u00e9riau de l'armoire :<\/strong> PVC<br \/><strong>Couleur de l'armoire :<\/strong> Gris<br \/><strong>Miroir :<\/strong> Miroir LED (3,5 mm\/3,8 mm), \u00e9clairage tricolore, d\u00e9sembuage par simple pression d'une touche, s\u00e9curis\u00e9 par un emballage en mousse multicouche.<br \/><strong>Type d'installation :<\/strong>\u00a0Montage mural<br \/><strong>Dimensions (L\u00d7L\u00d7H) :<\/strong> 80*47*47 cm<br \/><strong>Poids brut :<\/strong> 30kg\/set<\/p>\n<h2>Personnalisation et services :<\/h2>\n<p><strong>OEM ET ODM<\/strong>: Pris en charge<br \/><strong>Conception<\/strong>: Gratuit<br \/><strong>Accessoires<\/strong>: Lavabos, miroirs, robinets et autres accessoires de salle de bains<br \/><strong>Emballage<\/strong>: Pr\u00eat \u00e0 monter<\/p>","protected":false},"featured_media":2048,"comment_status":"closed","ping_status":"closed","template":"","meta":{"_acf_changed":true},"product_brand":[],"product_cat":[24],"product_tag":[],"class_list":{"0":"post-2044","1":"product","2":"type-product","3":"status-publish","4":"has-post-thumbnail","6":"product_cat-wholesale-pvc-bathroom-vanity-cabinets","8":"first","9":"instock","10":"shipping-taxable","11":"product-type-simple"},"acf":[],"_links":{"self":[{"href":"https:\/\/www.shouyasanitary.com\/fr\/wp-json\/wp\/v2\/product\/2044","targetHints":{"allow":["GET"]}}],"collection":[{"href":"https:\/\/www.shouyasanitary.com\/fr\/wp-json\/wp\/v2\/product"}],"about":[{"href":"https:\/\/www.shouyasanitary.com\/fr\/wp-json\/wp\/v2\/types\/product"}],"replies":[{"embeddable":true,"href":"https:\/\/www.shouyasanitary.com\/fr\/wp-json\/wp\/v2\/comments?post=2044"}],"wp:featuredmedia":[{"embeddable":true,"href":"https:\/\/www.shouyasanitary.com\/fr\/wp-json\/wp\/v2\/media\/2048"}],"wp:attachment":[{"href":"https:\/\/www.shouyasanitary.com\/fr\/wp-json\/wp\/v2\/media?parent=2044"}],"wp:term":[{"taxonomy":"product_brand","embeddable":true,"href":"https:\/\/www.shouyasanitary.com\/fr\/wp-json\/wp\/v2\/product_brand?post=2044"},{"taxonomy":"product_cat","embeddable":true,"href":"https:\/\/www.shouyasanitary.com\/fr\/wp-json\/wp\/v2\/product_cat?post=2044"},{"taxonomy":"product_tag","embeddable":true,"href":"https:\/\/www.shouyasanitary.com\/fr\/wp-json\/wp\/v2\/product_tag?post=2044"}],"curies":[{"name":"wp","href":"https:\/\/api.w.org\/{rel}","templated":true}]}}