{"id":2051,"date":"2025-09-26T09:45:15","date_gmt":"2025-09-26T09:45:15","guid":{"rendered":"https:\/\/www.shouyasanitary.com\/?post_type=product&#038;p=2051"},"modified":"2025-09-26T09:45:17","modified_gmt":"2025-09-26T09:45:17","slug":"custom-modern-vanity-bathroom","status":"publish","type":"product","link":"https:\/\/www.shouyasanitary.com\/fr\/produit\/custom-modern-vanity-bathroom\/","title":{"rendered":"Meuble de salle de bain en contreplaqu\u00e9 avec miroir \u00e9clair\u00e9 en vrac"},"content":{"rendered":"<div class=\"wp-block-columns is-layout-flex wp-container-core-columns-is-layout-9d6595d7 wp-block-columns-is-layout-flex\">\n<div class=\"wp-block-column is-layout-flow wp-block-column-is-layout-flow\">\n<h2 class=\"wp-block-heading\">Vanit\u00e9 moderne Caract\u00e9ristiques de la salle de bains\uff1a<\/h2>\n\n\n\n<p><strong>Mat\u00e9riaux de haute qualit\u00e9 :<\/strong>\u00a0Ce meuble de salle de bains est fabriqu\u00e9 en contreplaqu\u00e9 de premi\u00e8re qualit\u00e9, r\u00e9put\u00e9 pour son excellent rapport poids\/r\u00e9sistance et ses performances anti-courbures. Associ\u00e9 \u00e0 une vasque en c\u00e9ramique lisse et facile \u00e0 nettoyer, il garantit une utilisation \u00e0 long terme dans un environnement de salle de bains tr\u00e8s fr\u00e9quent\u00e9. La combinaison de ces mat\u00e9riaux constitue une base solide et fiable pour les habitudes d'hygi\u00e8ne quotidiennes.<\/p>\n\n\n\n<p><strong>Aspect \u00e9l\u00e9gant :<\/strong>\u00a0Ce meuble de salle de bains mesure 60 cm et convient parfaitement aux petites salles de bains ou aux dressings. Les veines naturelles du contreplaqu\u00e9 ajoutent de la chaleur et une touche naturelle \u00e0 l'espace, tandis que la vasque en c\u00e9ramique lisse lui conf\u00e8re un aspect moderne et simple. Le design global est un m\u00e9lange harmonieux de style campagnard et de style moderne.<\/p>\n\n\n\n<p><strong>Int\u00e9gration intelligente : <\/strong>Il est \u00e9quip\u00e9 d'un miroir \u00e9clair\u00e9 int\u00e9gr\u00e9, qui non seulement am\u00e9liore la visibilit\u00e9 pendant les soins, mais ajoute \u00e9galement une touche d'\u00e9l\u00e9gance \u00e0 la salle de bains. L'\u00e9clairage peut \u00eatre r\u00e9gl\u00e9 en fonction des diff\u00e9rents moments de la journ\u00e9e, cr\u00e9ant ainsi une atmosph\u00e8re confortable.<\/p>\n\n\n\n<p><strong>Conception d\u00e9taill\u00e9e et pratique :<\/strong>\u00a0Elle est \u00e9quip\u00e9e d'un meuble lat\u00e9ral pour un rangement suppl\u00e9mentaire, ce qui vous permet d'organiser soigneusement vos articles de toilette et vos serviettes. La vasque en c\u00e9ramique est l\u00e9g\u00e8rement inclin\u00e9e pour faciliter l'\u00e9coulement de l'eau et \u00e9viter qu'elle ne s'accumule. <\/p>\n<\/div>\n\n\n\n<div class=\"wp-block-column is-layout-flow wp-block-column-is-layout-flow\"><div class=\"wp-block-image\">\n<figure class=\"aligncenter size-full\"><img decoding=\"async\" width=\"700\" height=\"700\" src=\"https:\/\/www.shouyasanitary.com\/wp-content\/uploads\/2025\/09\/Bulk-Purchases-60CM-bathroom-cabinet-vanity.webp\" alt=\"Achats en vrac 60CM meuble de salle de bain vanit\u00e9\" class=\"wp-image-2053\" style=\"object-fit:cover\" srcset=\"https:\/\/www.shouyasanitary.com\/wp-content\/uploads\/2025\/09\/Bulk-Purchases-60CM-bathroom-cabinet-vanity.webp 700w, https:\/\/www.shouyasanitary.com\/wp-content\/uploads\/2025\/09\/Bulk-Purchases-60CM-bathroom-cabinet-vanity-300x300.webp 300w, https:\/\/www.shouyasanitary.com\/wp-content\/uploads\/2025\/09\/Bulk-Purchases-60CM-bathroom-cabinet-vanity-150x150.webp 150w, https:\/\/www.shouyasanitary.com\/wp-content\/uploads\/2025\/09\/Bulk-Purchases-60CM-bathroom-cabinet-vanity-12x12.webp 12w, https:\/\/www.shouyasanitary.com\/wp-content\/uploads\/2025\/09\/Bulk-Purchases-60CM-bathroom-cabinet-vanity-600x600.webp 600w, https:\/\/www.shouyasanitary.com\/wp-content\/uploads\/2025\/09\/Bulk-Purchases-60CM-bathroom-cabinet-vanity-100x100.webp 100w\" sizes=\"(max-width: 700px) 100vw, 700px\" \/><\/figure>\n<\/div><\/div>\n<\/div>\n\n\n\n<p><\/p>","protected":false},"excerpt":{"rendered":"<p>Le meuble de salle de bain moderne Shouya, de 60 cm, est fabriqu\u00e9 en contreplaqu\u00e9 de haute qualit\u00e9, associ\u00e9 \u00e0 une vasque en c\u00e9ramique facile \u00e0 nettoyer, durable et fiable. Le grain de bois ext\u00e9rieur compl\u00e8te la c\u00e9ramique, et le miroir intelligent ajoute de l'\u00e9l\u00e9gance. Nous invitons sinc\u00e8rement les grossistes \u00e0 nous contacter pour se renseigner et n\u00e9gocier les prix !<\/p>\n<h2>Vanit\u00e9 moderne Attributs de la salle de bain :<\/h2>\n<p><strong>Num\u00e9ro d'article<\/strong>: 6089-60<br \/><strong>Mat\u00e9riau de l'armoire :<\/strong>\u00a0Contreplaqu\u00e9<br \/><strong>Couleur de l'armoire : <\/strong>Marron<\/p>\n<p><strong>Miroir :<\/strong> Miroir LED (3,5 mm\/3,8 mm), \u00e9clairage tricolore, d\u00e9sembuage par simple pression d'une touche, s\u00e9curis\u00e9 par un emballage en mousse multicouche.<br \/><strong>Type d'installation :<\/strong>\u00a0Montage mural<br \/><strong>Dimensions (L\u00d7L\u00d7H) :<\/strong> 60x 47 x 42cm<br \/><strong>Poids brut :<\/strong> 32 kg\/set<\/p>\n<h2>Personnalisation et services :<\/h2>\n<p><strong>OEM ET ODM<\/strong>: Pris en charge<br \/><strong>Conception<\/strong>: Gratuit<br \/><strong>Accessoires<\/strong>: Lavabos, miroirs, robinets et autres accessoires de salle de bains<br \/><strong>Emballage<\/strong>: Pr\u00eat \u00e0 monter<\/p>","protected":false},"featured_media":2053,"comment_status":"closed","ping_status":"closed","template":"","meta":{"_acf_changed":true},"product_brand":[],"product_cat":[20],"product_tag":[],"class_list":{"0":"post-2051","1":"product","2":"type-product","3":"status-publish","4":"has-post-thumbnail","6":"product_cat-wholesale-plywood-bathroom-vanity-cabinets","8":"first","9":"instock","10":"shipping-taxable","11":"product-type-simple"},"acf":[],"_links":{"self":[{"href":"https:\/\/www.shouyasanitary.com\/fr\/wp-json\/wp\/v2\/product\/2051","targetHints":{"allow":["GET"]}}],"collection":[{"href":"https:\/\/www.shouyasanitary.com\/fr\/wp-json\/wp\/v2\/product"}],"about":[{"href":"https:\/\/www.shouyasanitary.com\/fr\/wp-json\/wp\/v2\/types\/product"}],"replies":[{"embeddable":true,"href":"https:\/\/www.shouyasanitary.com\/fr\/wp-json\/wp\/v2\/comments?post=2051"}],"wp:featuredmedia":[{"embeddable":true,"href":"https:\/\/www.shouyasanitary.com\/fr\/wp-json\/wp\/v2\/media\/2053"}],"wp:attachment":[{"href":"https:\/\/www.shouyasanitary.com\/fr\/wp-json\/wp\/v2\/media?parent=2051"}],"wp:term":[{"taxonomy":"product_brand","embeddable":true,"href":"https:\/\/www.shouyasanitary.com\/fr\/wp-json\/wp\/v2\/product_brand?post=2051"},{"taxonomy":"product_cat","embeddable":true,"href":"https:\/\/www.shouyasanitary.com\/fr\/wp-json\/wp\/v2\/product_cat?post=2051"},{"taxonomy":"product_tag","embeddable":true,"href":"https:\/\/www.shouyasanitary.com\/fr\/wp-json\/wp\/v2\/product_tag?post=2051"}],"curies":[{"name":"wp","href":"https:\/\/api.w.org\/{rel}","templated":true}]}}