{"id":2052,"date":"2025-09-26T09:45:12","date_gmt":"2025-09-26T09:45:12","guid":{"rendered":"https:\/\/www.shouyasanitary.com\/?post_type=product&#038;p=2052"},"modified":"2025-09-26T09:45:15","modified_gmt":"2025-09-26T09:45:15","slug":"wholesale-wall-mount-bathroom-cabinets","status":"publish","type":"product","link":"https:\/\/www.shouyasanitary.com\/fr\/produit\/wholesale-wall-mount-bathroom-cabinets\/","title":{"rendered":"Wholesale Wall Mount Bathroom Cabinets, Modern Bathroom Vanity Set with Backlit Mirror Supplier"},"content":{"rendered":"<div class=\"wp-block-columns is-layout-flex wp-container-core-columns-is-layout-9d6595d7 wp-block-columns-is-layout-flex\">\n<div class=\"wp-block-column is-layout-flow wp-block-column-is-layout-flow\">\n<h2 class=\"wp-block-heading\">Caract\u00e9ristiques des armoires de salle de bains \u00e0 montage mural\uff1a<\/h2>\n\n\n\n<p><strong>Mat\u00e9riaux de qualit\u00e9 sup\u00e9rieure : <\/strong>Il est fabriqu\u00e9 en contreplaqu\u00e9 de haute qualit\u00e9, ce qui lui conf\u00e8re une excellente durabilit\u00e9 et une grande stabilit\u00e9. Le contreplaqu\u00e9 est soigneusement s\u00e9lectionn\u00e9 et poss\u00e8de des propri\u00e9t\u00e9s de r\u00e9sistance \u00e0 l'humidit\u00e9 et \u00e0 l'usure, ce qui le rend id\u00e9al pour un environnement de salle de bains humide. La vasque en c\u00e9ramique est cuite \u00e0 haute temp\u00e9rature et pr\u00e9sente une surface dure et non poreuse, r\u00e9sistante aux taches et aux rayures.<\/p>\n\n\n\n<p><strong>Conception murale<\/strong>Le fond de l'armoire de toilette reste sec en permanence, ce qui est plus propice \u00e0 l'imperm\u00e9abilit\u00e9 \u00e0 l'humidit\u00e9 et aux moisissures, et \u00e0 la propret\u00e9 de la salle de bains.<\/p>\n\n\n\n<p><strong>Aspect attrayant : <\/strong>La taille de 100 cm offre un grand espace de comptoir, ce qui en fait le point central d'une grande salle de bains. La texture naturelle du contreplaqu\u00e9 et le blanc pur de la vasque en c\u00e9ramique cr\u00e9ent un contraste visuellement attrayant. Le miroir r\u00e9tro\u00e9clair\u00e9 ajoute une touche moderne et luxueuse, illuminant l'ensemble du meuble de salle de bains et rehaussant l'esth\u00e9tique g\u00e9n\u00e9rale.<\/p>\n\n\n\n<p><strong>Style minimaliste : <\/strong>Ce meuble de salle de bains pr\u00e9sente un design minimaliste avec des lignes simples et une forme minimaliste. La surface en contreplaqu\u00e9 est lisse et la vasque en c\u00e9ramique s'int\u00e8gre parfaitement au plan de travail. Le miroir r\u00e9tro\u00e9clair\u00e9 a un cadre lisse, cr\u00e9ant une apparence moderne et ordonn\u00e9e pour l'ensemble de la salle de bains.<\/p>\n\n\n\n<p><strong>Fonctions pratiques : <\/strong>Le plan de travail spacieux offre suffisamment d'espace pour ranger les articles de toilette, les produits cosm\u00e9tiques et autres n\u00e9cessit\u00e9s de la salle de bains. Le meuble inf\u00e9rieur offre un espace de rangement suffisant pour les serviettes, les produits d'entretien, etc. Le miroir r\u00e9tro\u00e9clair\u00e9 facilite la toilette et renforce la luminosit\u00e9 de la salle de bains, la rendant plus spacieuse.<\/p>\n\n\n\n<p><strong>Prix de gros<\/strong>: Shouya peut proposer des remises et des prix pr\u00e9f\u00e9rentiels pour les achats en gros, ce qui permet de r\u00e9duire les co\u00fbts d'approvisionnement globaux des acheteurs et d'am\u00e9liorer la comp\u00e9titivit\u00e9 du march\u00e9.<\/p>\n<\/div>\n\n\n\n<div class=\"wp-block-column is-layout-flow wp-block-column-is-layout-flow\"><div class=\"wp-block-image\">\n<figure class=\"aligncenter size-full\"><img decoding=\"async\" width=\"700\" height=\"700\" src=\"https:\/\/www.shouyasanitary.com\/wp-content\/uploads\/2025\/09\/supplier-direct-plywood-bathroom-cabinet-set.webp\" alt=\"supplier direct plywood bathroom cabinet set\" class=\"wp-image-2056\" style=\"object-fit:cover\" srcset=\"https:\/\/www.shouyasanitary.com\/wp-content\/uploads\/2025\/09\/supplier-direct-plywood-bathroom-cabinet-set.webp 700w, https:\/\/www.shouyasanitary.com\/wp-content\/uploads\/2025\/09\/supplier-direct-plywood-bathroom-cabinet-set-300x300.webp 300w, https:\/\/www.shouyasanitary.com\/wp-content\/uploads\/2025\/09\/supplier-direct-plywood-bathroom-cabinet-set-150x150.webp 150w, https:\/\/www.shouyasanitary.com\/wp-content\/uploads\/2025\/09\/supplier-direct-plywood-bathroom-cabinet-set-12x12.webp 12w, https:\/\/www.shouyasanitary.com\/wp-content\/uploads\/2025\/09\/supplier-direct-plywood-bathroom-cabinet-set-600x600.webp 600w, https:\/\/www.shouyasanitary.com\/wp-content\/uploads\/2025\/09\/supplier-direct-plywood-bathroom-cabinet-set-100x100.webp 100w\" sizes=\"(max-width: 700px) 100vw, 700px\" \/><\/figure>\n<\/div><\/div>\n<\/div>","protected":false},"excerpt":{"rendered":"<p>Bienvenue sur le site de vente en gros d'armoires de salle de bains \u00e0 montage mural. Fabriqu\u00e9es en contreplaqu\u00e9 r\u00e9sistant \u00e0 l'humidit\u00e9 et \u00e0 l'usure, elles ont une apparence \u00e9l\u00e9gante. Le miroir r\u00e9tro-\u00e9clair\u00e9 ajoute une touche de luxe. Style minimaliste, design spacieux, r\u00e9pondant \u00e0 divers besoins. Livraison directe par le fournisseur. Contactez-nous d\u00e8s aujourd'hui pour vous renseigner et faire des offres !<\/p>\n<h2>Armoires de salle de bains \u00e0 montage mural Attributs\uff1a<\/h2>\n<p><strong>Num\u00e9ro d'article :<\/strong>LT2013-100F<strong><br \/>Mat\u00e9riau de l'armoire :<\/strong>\u00a0Contreplaqu\u00e9<br \/><strong>Couleur de l'armoire :<\/strong> Kaki<br \/><strong>Miroir :<\/strong> Miroir LED (3,5 mm\/3,8 mm), \u00e9clairage tricolore, d\u00e9sembuage par simple pression d'une touche, s\u00e9curis\u00e9 par un emballage en mousse multicouche.<br \/><strong>Type d'installation :<\/strong>\u00a0Montage mural<br \/><strong>Dimensions (L\u00d7L\u00d7H) :<\/strong> 100x60x48 cm<br \/><strong>Poids brut :<\/strong> 37kg\/set<\/p>\n<h2>Personnalisation et services :<\/h2>\n<p><strong>OEM ET ODM<\/strong>: Pris en charge<br \/><strong>Conception<\/strong>: Gratuit<br \/><strong>Accessoires<\/strong>: Lavabos, miroirs, robinets et autres accessoires de salle de bains<br \/><strong>Emballage<\/strong>: Pr\u00eat \u00e0 monter<\/p>","protected":false},"featured_media":2056,"comment_status":"closed","ping_status":"closed","template":"","meta":{"_acf_changed":true},"product_brand":[],"product_cat":[20],"product_tag":[],"class_list":{"0":"post-2052","1":"product","2":"type-product","3":"status-publish","4":"has-post-thumbnail","6":"product_cat-wholesale-plywood-bathroom-vanity-cabinets","8":"first","9":"instock","10":"shipping-taxable","11":"product-type-simple"},"acf":[],"_links":{"self":[{"href":"https:\/\/www.shouyasanitary.com\/fr\/wp-json\/wp\/v2\/product\/2052","targetHints":{"allow":["GET"]}}],"collection":[{"href":"https:\/\/www.shouyasanitary.com\/fr\/wp-json\/wp\/v2\/product"}],"about":[{"href":"https:\/\/www.shouyasanitary.com\/fr\/wp-json\/wp\/v2\/types\/product"}],"replies":[{"embeddable":true,"href":"https:\/\/www.shouyasanitary.com\/fr\/wp-json\/wp\/v2\/comments?post=2052"}],"wp:featuredmedia":[{"embeddable":true,"href":"https:\/\/www.shouyasanitary.com\/fr\/wp-json\/wp\/v2\/media\/2056"}],"wp:attachment":[{"href":"https:\/\/www.shouyasanitary.com\/fr\/wp-json\/wp\/v2\/media?parent=2052"}],"wp:term":[{"taxonomy":"product_brand","embeddable":true,"href":"https:\/\/www.shouyasanitary.com\/fr\/wp-json\/wp\/v2\/product_brand?post=2052"},{"taxonomy":"product_cat","embeddable":true,"href":"https:\/\/www.shouyasanitary.com\/fr\/wp-json\/wp\/v2\/product_cat?post=2052"},{"taxonomy":"product_tag","embeddable":true,"href":"https:\/\/www.shouyasanitary.com\/fr\/wp-json\/wp\/v2\/product_tag?post=2052"}],"curies":[{"name":"wp","href":"https:\/\/api.w.org\/{rel}","templated":true}]}}