{"id":2078,"date":"2025-09-26T09:45:06","date_gmt":"2025-09-26T09:45:06","guid":{"rendered":"https:\/\/www.shouyasanitary.com\/?post_type=product&#038;p=2078"},"modified":"2025-09-26T09:45:08","modified_gmt":"2025-09-26T09:45:08","slug":"wholesale-brown-bathroom-vanity","status":"publish","type":"product","link":"https:\/\/www.shouyasanitary.com\/fr\/produit\/wholesale-brown-bathroom-vanity\/","title":{"rendered":"Wholesale Brown Bathroom Vanity, OEM Modern Bathroom Mirror Cabinets with Drawers Plywood (Contreplaqu\u00e9)"},"content":{"rendered":"<div class=\"wp-block-columns is-layout-flex wp-container-core-columns-is-layout-9d6595d7 wp-block-columns-is-layout-flex\">\n<div class=\"wp-block-column is-layout-flow wp-block-column-is-layout-flow\">\n<h2 class=\"wp-block-heading\">Marron Vanit\u00e9 de salle de bain Caract\u00e9ristiques :<\/h2>\n\n\n\n<p><strong>Style \u00e9l\u00e9gant et sophistiqu\u00e9 : <\/strong>Le meuble principal adopte un grain de bois brun fonc\u00e9, avec une texture naturelle et d\u00e9licate, qui lui conf\u00e8re un aspect rustique et chaleureux. Il compl\u00e8te le miroir ovale avec un cadre dor\u00e9, exsudant l'\u00e9l\u00e9gance avec une touche de luxe, cr\u00e9ant une atmosph\u00e8re calme et \u00e9l\u00e9gante pour la salle de bains, convenant \u00e0 diff\u00e9rents styles de d\u00e9coration.<\/p>\n\n\n\n<p><strong>Des rangements bien pens\u00e9s :<\/strong>\u00a0Il adopte la combinaison \"grand tiroir de l'armoire principale + armoire haute lat\u00e9rale\". Le grand tiroir du meuble principal peut accueillir de gros articles tels que les articles de toilette et les serviettes de bain, tandis que le meuble haut lat\u00e9ral permet de ranger par couches successives de petits articles tels que les produits cosm\u00e9tiques et les brosses \u00e0 dents. La classification des rangements permet de garder la salle de bains bien rang\u00e9e et de r\u00e9pondre aux besoins de rangement quotidiens de toute la famille.<\/p>\n\n\n\n<p><strong>Miroir \u00e9l\u00e9gant et pratique : <\/strong>Le miroir LED ovale avec un cadre dor\u00e9 est exquis et accrocheur. Il fournit un \u00e9clairage doux et uniforme qui illumine le visage sans ombres, ce qui le rend pratique pour les op\u00e9rations d\u00e9licates telles que le maquillage et le rasage. <\/p>\n\n\n\n<p><strong>Facile \u00e0 nettoyer et \u00e0 entretenir<\/strong>: Le bassin en c\u00e9ramique \u00e9quip\u00e9 pr\u00e9sente une surface lisse comme un miroir, r\u00e9sistante aux taches, facile \u00e0 nettoyer avec un l\u00e9ger coup de chiffon, et le mat\u00e9riau c\u00e9ramique est r\u00e9sistant \u00e0 la corrosion, \u00e0 l'usure et a une longue dur\u00e9e de vie.<\/p>\n\n\n\n<p><strong>Performance fiable des mat\u00e9riaux :<\/strong>\u00a0Il est fabriqu\u00e9 en contreplaqu\u00e9, qui a subi un traitement sp\u00e9cial contre l'humidit\u00e9. Il r\u00e9siste efficacement \u00e0 l'humidit\u00e9 de la salle de bains, ce qui le rend moins susceptible de se d\u00e9former et de d\u00e9velopper des moisissures. <\/p>\n\n\n\n<p><strong>Structure stable du panneau :<\/strong> Il est moins susceptible de se fissurer, de se d\u00e9former ou de pr\u00e9senter d'autres probl\u00e8mes, m\u00eame apr\u00e8s une utilisation prolong\u00e9e, ce qui t\u00e9moigne d'une excellente durabilit\u00e9.<\/p>\n\n\n\n<p><strong>Gamme compl\u00e8te de services personnalis\u00e9s<\/strong>: Qu'il s'agisse de la taille, du style ou du mat\u00e9riau, nous pouvons adapter la conception \u00e0 votre espace et \u00e0 vos besoins, rendant ainsi votre salle de bains plus personnalis\u00e9e et plus \u00e9l\u00e9gante.<\/p>\n<\/div>\n\n\n\n<div class=\"wp-block-column is-layout-flow wp-block-column-is-layout-flow\"><div class=\"wp-block-image\">\n<figure class=\"aligncenter size-full\"><img decoding=\"async\" width=\"700\" height=\"700\" src=\"https:\/\/www.shouyasanitary.com\/wp-content\/uploads\/2025\/09\/Custom-Solutions-Cabinet-with-White-Color-1.webp\" alt=\"\" class=\"wp-image-2079\" style=\"object-fit:cover\" srcset=\"https:\/\/www.shouyasanitary.com\/wp-content\/uploads\/2025\/09\/Custom-Solutions-Cabinet-with-White-Color-1.webp 700w, https:\/\/www.shouyasanitary.com\/wp-content\/uploads\/2025\/09\/Custom-Solutions-Cabinet-with-White-Color-1-300x300.webp 300w, https:\/\/www.shouyasanitary.com\/wp-content\/uploads\/2025\/09\/Custom-Solutions-Cabinet-with-White-Color-1-150x150.webp 150w, https:\/\/www.shouyasanitary.com\/wp-content\/uploads\/2025\/09\/Custom-Solutions-Cabinet-with-White-Color-1-12x12.webp 12w, https:\/\/www.shouyasanitary.com\/wp-content\/uploads\/2025\/09\/Custom-Solutions-Cabinet-with-White-Color-1-600x600.webp 600w, https:\/\/www.shouyasanitary.com\/wp-content\/uploads\/2025\/09\/Custom-Solutions-Cabinet-with-White-Color-1-100x100.webp 100w\" sizes=\"(max-width: 700px) 100vw, 700px\" \/><\/figure>\n<\/div><\/div>\n<\/div>","protected":false},"excerpt":{"rendered":"<p>Meubles de salle de bain sur mesure en vrac, avec miroir LED, \u00e9l\u00e9gants et beaux. Nouvel arrivage 2025. Veuillez nous contacter pour un devis et un catalogue de produits.<\/p>\n<h2>Armoires de toilette Attributs\uff1a<\/h2>\n<p><strong>Num\u00e9ro d'article<\/strong>: 6088-80<br \/><strong>Mat\u00e9riau de l'armoire<\/strong>: Contreplaqu\u00e9<br \/><strong>Couleur de l'armoire<\/strong>: Marron<br \/><strong>Miroir<\/strong>: Miroir LED (3,5mm \/ 3,8mm), \u00e9clairage tricolore, d\u00e9sembuage par simple pression d'une touche, s\u00e9curis\u00e9 par un emballage en mousse multicouche. <br \/><strong>Type d'installation<\/strong>: Montage mural <br \/><strong>Dimensions (L \u00d7 L \u00d7 H)<\/strong>: 80 x 47 x 45 cm<br \/><strong>Poids brut<\/strong>: 35kg\/set<\/p>\n<h2>Personnalisation et services :<\/h2>\n<p><strong>OEM ET ODM<\/strong>: Pris en charge<br \/><strong>Conception<\/strong>: Gratuit<br \/><strong>Accessoires<\/strong>: Lavabos, miroirs, robinets et autres accessoires de salle de bains<br \/><strong>Emballage<\/strong>: Pr\u00eat \u00e0 monter<\/p>","protected":false},"featured_media":2079,"comment_status":"closed","ping_status":"closed","template":"","meta":{"_acf_changed":true},"product_brand":[],"product_cat":[20],"product_tag":[],"class_list":{"0":"post-2078","1":"product","2":"type-product","3":"status-publish","4":"has-post-thumbnail","6":"product_cat-wholesale-plywood-bathroom-vanity-cabinets","8":"first","9":"instock","10":"shipping-taxable","11":"product-type-simple"},"acf":[],"_links":{"self":[{"href":"https:\/\/www.shouyasanitary.com\/fr\/wp-json\/wp\/v2\/product\/2078","targetHints":{"allow":["GET"]}}],"collection":[{"href":"https:\/\/www.shouyasanitary.com\/fr\/wp-json\/wp\/v2\/product"}],"about":[{"href":"https:\/\/www.shouyasanitary.com\/fr\/wp-json\/wp\/v2\/types\/product"}],"replies":[{"embeddable":true,"href":"https:\/\/www.shouyasanitary.com\/fr\/wp-json\/wp\/v2\/comments?post=2078"}],"wp:featuredmedia":[{"embeddable":true,"href":"https:\/\/www.shouyasanitary.com\/fr\/wp-json\/wp\/v2\/media\/2079"}],"wp:attachment":[{"href":"https:\/\/www.shouyasanitary.com\/fr\/wp-json\/wp\/v2\/media?parent=2078"}],"wp:term":[{"taxonomy":"product_brand","embeddable":true,"href":"https:\/\/www.shouyasanitary.com\/fr\/wp-json\/wp\/v2\/product_brand?post=2078"},{"taxonomy":"product_cat","embeddable":true,"href":"https:\/\/www.shouyasanitary.com\/fr\/wp-json\/wp\/v2\/product_cat?post=2078"},{"taxonomy":"product_tag","embeddable":true,"href":"https:\/\/www.shouyasanitary.com\/fr\/wp-json\/wp\/v2\/product_tag?post=2078"}],"curies":[{"name":"wp","href":"https:\/\/api.w.org\/{rel}","templated":true}]}}