{"id":2082,"date":"2025-09-26T09:45:08","date_gmt":"2025-09-26T09:45:08","guid":{"rendered":"https:\/\/www.shouyasanitary.com\/?post_type=product&#038;p=2082"},"modified":"2025-09-26T09:45:10","modified_gmt":"2025-09-26T09:45:10","slug":"custom-white-bathroom-cabinet","status":"publish","type":"product","link":"https:\/\/www.shouyasanitary.com\/fr\/produit\/custom-white-bathroom-cabinet\/","title":{"rendered":"Meuble de salle de bain blanc sur mesure, meuble sous-vasque flottant en PVC avec miroir et vasque en c\u00e9ramique en vrac"},"content":{"rendered":"<div class=\"wp-block-columns is-layout-flex wp-container-core-columns-is-layout-9d6595d7 wp-block-columns-is-layout-flex\">\n<div class=\"wp-block-column is-layout-flow wp-block-column-is-layout-flow\">\n<h2 class=\"wp-block-heading\">Caract\u00e9ristiques de l'armoire de salle de bains blanche\uff1a<\/h2>\n\n\n\n<p><strong>Le meuble principal est dot\u00e9 d'une grande hauteur : <\/strong>Sa couleur blanche pure donne une impression de fra\u00eecheur et d'\u00e9l\u00e9gance. Associ\u00e9 \u00e0 un design unique de grain vertical, il conf\u00e8re non seulement \u00e0 l'armoire une sensation plus tridimensionnelle, mais ajoute \u00e9galement une touche de mode \u00e0 l'espace de la salle de bains, s'adaptant facilement \u00e0 diff\u00e9rents styles de d\u00e9coration.<\/p>\n\n\n\n<p><strong>Conception murale : <\/strong>Il permet de rendre le sol de la salle de bains plus ordonn\u00e9, de r\u00e9duire les zones mortes sanitaires et de rendre le nettoyage plus pratique. En outre, cette conception \"all\u00e8ge\" visuellement l'armoire, ce qui rend l'espace plus ouvert et sans sentiment d'oppression.<\/p>\n\n\n\n<p><strong>Combinaison pratique et esth\u00e9tique : <\/strong>\u00c9quip\u00e9 d'un miroir dot\u00e9 d'une lumi\u00e8re LED, l'\u00e9clairage est doux et permet d'illuminer clairement le visage, ce qui facilite la toilette quotidienne, le maquillage et d'autres activit\u00e9s, tout en am\u00e9liorant l'ambiance de la salle de bains ; le bassin en c\u00e9ramique est dot\u00e9 d'une surface lisse et d\u00e9licate, qui r\u00e9siste \u00e0 la salet\u00e9, et le mat\u00e9riau en c\u00e9ramique est robuste et durable, ce qui permet de le maintenir en bon \u00e9tat pour une utilisation \u00e0 long terme.<\/p>\n\n\n\n<p><strong>Excellente performance des mat\u00e9riaux :<\/strong>\u00a0Fabriqu\u00e9 en PVC, il poss\u00e8de intrins\u00e8quement de bonnes propri\u00e9t\u00e9s d'\u00e9tanch\u00e9it\u00e9, ce qui lui permet de r\u00e9sister efficacement \u00e0 l'environnement humide de la salle de bains et de ne pas se d\u00e9former sous l'effet de l'humidit\u00e9. En outre, il poss\u00e8de de bonnes capacit\u00e9s d'\u00e9tanch\u00e9it\u00e9 \u00e0 la poussi\u00e8re, r\u00e9duisant l'accumulation de poussi\u00e8re sur la surface du meuble, ce qui permet de garder le meuble propre et facile \u00e0 entretenir.<\/p>\n\n\n\n<p><strong>Divers services personnalis\u00e9s<\/strong>Les armoires de salle de bains sont con\u00e7ues pour r\u00e9pondre aux besoins sp\u00e9cifiques de clients tels que les h\u00f4tels, les entreprises de d\u00e9coration, les constructeurs, etc. en termes de style, de taille, de mat\u00e9riaux, etc. et pour am\u00e9liorer l'adaptabilit\u00e9 des armoires de salle de bains au march\u00e9.<\/p>\n<\/div>\n\n\n\n<div class=\"wp-block-column is-layout-flow wp-block-column-is-layout-flow\"><div class=\"wp-block-image\">\n<figure class=\"aligncenter size-full\"><img decoding=\"async\" width=\"700\" height=\"700\" src=\"https:\/\/www.shouyasanitary.com\/wp-content\/uploads\/2025\/09\/Custom-Wall-Mount-Cabinet-1.webp\" alt=\"Armoire murale sur mesure\" class=\"wp-image-2083\" style=\"object-fit:cover\" srcset=\"https:\/\/www.shouyasanitary.com\/wp-content\/uploads\/2025\/09\/Custom-Wall-Mount-Cabinet-1.webp 700w, https:\/\/www.shouyasanitary.com\/wp-content\/uploads\/2025\/09\/Custom-Wall-Mount-Cabinet-1-300x300.webp 300w, https:\/\/www.shouyasanitary.com\/wp-content\/uploads\/2025\/09\/Custom-Wall-Mount-Cabinet-1-150x150.webp 150w, https:\/\/www.shouyasanitary.com\/wp-content\/uploads\/2025\/09\/Custom-Wall-Mount-Cabinet-1-12x12.webp 12w, https:\/\/www.shouyasanitary.com\/wp-content\/uploads\/2025\/09\/Custom-Wall-Mount-Cabinet-1-600x600.webp 600w, https:\/\/www.shouyasanitary.com\/wp-content\/uploads\/2025\/09\/Custom-Wall-Mount-Cabinet-1-100x100.webp 100w\" sizes=\"(max-width: 700px) 100vw, 700px\" \/><\/figure>\n<\/div><\/div>\n<\/div>","protected":false},"excerpt":{"rendered":"<p>Les armoires de salle de bains blanches personnalis\u00e9es, au design blanc pur avec des rayures verticales, allient parfaitement beaut\u00e9 et praticit\u00e9. Fabriqu\u00e9e en PVC imperm\u00e9able et durable, elle est \u00e9quip\u00e9e d'un miroir \u00e9clair\u00e9 par LED pour une toilette quotidienne pratique et est facile \u00e0 nettoyer et \u00e0 entretenir. Fourni directement par l'usine, nous proposons des services ODM\/OEM. Veuillez nous contacter pour un devis et un catalogue de produits\uff01<\/p>\n<h2>Armoire de salle de bains blanche Attributs\uff1a<\/h2>\n<p><strong>Num\u00e9ro d'article : <\/strong>6084-80<strong><br \/>Mat\u00e9riau de l'armoire :<\/strong> PVC<br \/><strong>Couleur de l'armoire : <\/strong>Blanc<br \/><strong>Miroir :<\/strong> Miroir LED (3,5 mm\/3,8 mm), \u00e9clairage tricolore, d\u00e9sembuage par simple pression d'une touche, s\u00e9curis\u00e9 par un emballage en mousse multicouche.<br \/><strong>Type d'installation :<\/strong>\u00a0Montage mural<br \/><strong>Dimensions (L\u00d7L\u00d7H) :<\/strong> 80*50*47 cm<br \/><strong>Poids brut :<\/strong> 30kg\/set<\/p>\n<h2>Personnalisation et services :<\/h2>\n<p><strong>OEM ET ODM<\/strong>: Pris en charge<br \/><strong>Conception<\/strong>: Gratuit<br \/><strong>Accessoires<\/strong>: Lavabos, miroirs, robinets et autres accessoires de salle de bains<br \/><strong>Emballage<\/strong>: Pr\u00eat \u00e0 monter<\/p>","protected":false},"featured_media":2083,"comment_status":"closed","ping_status":"closed","template":"","meta":{"_acf_changed":true},"product_brand":[],"product_cat":[24],"product_tag":[],"class_list":{"0":"post-2082","1":"product","2":"type-product","3":"status-publish","4":"has-post-thumbnail","6":"product_cat-wholesale-pvc-bathroom-vanity-cabinets","8":"first","9":"instock","10":"shipping-taxable","11":"product-type-simple"},"acf":[],"_links":{"self":[{"href":"https:\/\/www.shouyasanitary.com\/fr\/wp-json\/wp\/v2\/product\/2082","targetHints":{"allow":["GET"]}}],"collection":[{"href":"https:\/\/www.shouyasanitary.com\/fr\/wp-json\/wp\/v2\/product"}],"about":[{"href":"https:\/\/www.shouyasanitary.com\/fr\/wp-json\/wp\/v2\/types\/product"}],"replies":[{"embeddable":true,"href":"https:\/\/www.shouyasanitary.com\/fr\/wp-json\/wp\/v2\/comments?post=2082"}],"wp:featuredmedia":[{"embeddable":true,"href":"https:\/\/www.shouyasanitary.com\/fr\/wp-json\/wp\/v2\/media\/2083"}],"wp:attachment":[{"href":"https:\/\/www.shouyasanitary.com\/fr\/wp-json\/wp\/v2\/media?parent=2082"}],"wp:term":[{"taxonomy":"product_brand","embeddable":true,"href":"https:\/\/www.shouyasanitary.com\/fr\/wp-json\/wp\/v2\/product_brand?post=2082"},{"taxonomy":"product_cat","embeddable":true,"href":"https:\/\/www.shouyasanitary.com\/fr\/wp-json\/wp\/v2\/product_cat?post=2082"},{"taxonomy":"product_tag","embeddable":true,"href":"https:\/\/www.shouyasanitary.com\/fr\/wp-json\/wp\/v2\/product_tag?post=2082"}],"curies":[{"name":"wp","href":"https:\/\/api.w.org\/{rel}","templated":true}]}}