{"id":2086,"date":"2025-10-09T12:18:35","date_gmt":"2025-10-09T12:18:35","guid":{"rendered":"https:\/\/www.shouyasanitary.com\/?post_type=product&#038;p=2086"},"modified":"2025-10-09T12:18:37","modified_gmt":"2025-10-09T12:18:37","slug":"wholesale-bathroom-countertop-cabinet","status":"publish","type":"product","link":"https:\/\/www.shouyasanitary.com\/fr\/produit\/wholesale-bathroom-countertop-cabinet\/","title":{"rendered":"Wholesale Bathroom Countertop Cabinet, Folating Bathroom Vanity Double Sink Supplier"},"content":{"rendered":"<div class=\"wp-block-columns is-layout-flex wp-container-core-columns-is-layout-9d6595d7 wp-block-columns-is-layout-flex\">\n<div class=\"wp-block-column is-layout-flow wp-block-column-is-layout-flow\">\n<h2 class=\"wp-block-heading\">Caract\u00e9ristiques de l'armoire du comptoir de la salle de bains\uff1a<\/h2>\n\n\n\n<p><strong>Aspect attrayant : <\/strong>Le meuble principal est pr\u00e9sent\u00e9 dans une simple couleur blanche, associ\u00e9e \u00e0 un motif \u00e0 carreaux soign\u00e9, qui est minimaliste tout en \u00e9tant tr\u00e8s design. Il forme un contraste frappant avec le mur vert fonc\u00e9, devenant facilement le centre visuel de l'espace de la salle de bains et cr\u00e9ant une atmosph\u00e8re \u00e9l\u00e9gante et de bon go\u00fbt pour la salle de bains.<\/p>\n\n\n\n<p><strong>Armoire principale murale : <\/strong>sa conception murale, d'une part, cr\u00e9e un sol de salle de bains plus spacieux, offrant un grand espace de marche ; d'autre part, cette conception suspendue facilite le nettoyage du sol, r\u00e9duit les zones mortes sanitaires et facilite le nettoyage de la salle de bains.<\/p>\n\n\n\n<p><strong>Miroir pratique : <\/strong>Le miroir LED assorti, entour\u00e9 d'un \u00e9clairage, fournit une excellente illumination, facilitant les t\u00e2ches quotidiennes telles que la toilette et le maquillage, tout en renfor\u00e7ant l'aspect technologique et l'atmosph\u00e8re de la salle de bains.<\/p>\n\n\n\n<p><strong>Vasque en c\u00e9ramique int\u00e9gr\u00e9e<\/strong>: Avec une texture dure et une surface lisse, il est r\u00e9sistant aux taches et facile \u00e0 nettoyer, ce qui garantit une propret\u00e9 \u00e0 long terme.<\/p>\n\n\n\n<p><strong>Excellente performance des mat\u00e9riaux : <\/strong>L'armoire principale est fabriqu\u00e9e en PVC, qui pr\u00e9sente de bonnes performances en mati\u00e8re d'\u00e9tanch\u00e9it\u00e9 et peut efficacement faire face \u00e0 l'environnement humide de la salle de bains, emp\u00eachant ainsi l'armoire d'\u00eatre endommag\u00e9e par l'humidit\u00e9. Il a \u00e9galement une bonne capacit\u00e9 d'\u00e9tanch\u00e9it\u00e9 \u00e0 la poussi\u00e8re, r\u00e9duisant l'adh\u00e9sion de la poussi\u00e8re et gardant l'armoire propre \u00e0 tout moment, ce qui rend l'entretien quotidien tr\u00e8s pratique.<\/p>\n\n\n\n<p><strong>Options de personnalisation flexibles :<\/strong>\u00a0Shouya offre un service personnalis\u00e9, y compris la taille, la couleur, la personnalisation du logo, etc. pour r\u00e9pondre \u00e0 vos besoins.<\/p>\n<\/div>\n\n\n\n<div class=\"wp-block-column is-layout-flow wp-block-column-is-layout-flow\"><div class=\"wp-block-image\">\n<figure class=\"aligncenter size-full\"><img decoding=\"async\" width=\"700\" height=\"700\" src=\"https:\/\/www.shouyasanitary.com\/wp-content\/uploads\/2025\/09\/wholesale-Bathroom-Cabinet-with-Mirror-1.webp\" alt=\"Armoire de salle de bain en gros avec miroir\" class=\"wp-image-2087\" style=\"object-fit:cover\" srcset=\"https:\/\/www.shouyasanitary.com\/wp-content\/uploads\/2025\/09\/wholesale-Bathroom-Cabinet-with-Mirror-1.webp 700w, https:\/\/www.shouyasanitary.com\/wp-content\/uploads\/2025\/09\/wholesale-Bathroom-Cabinet-with-Mirror-1-300x300.webp 300w, https:\/\/www.shouyasanitary.com\/wp-content\/uploads\/2025\/09\/wholesale-Bathroom-Cabinet-with-Mirror-1-150x150.webp 150w, https:\/\/www.shouyasanitary.com\/wp-content\/uploads\/2025\/09\/wholesale-Bathroom-Cabinet-with-Mirror-1-12x12.webp 12w, https:\/\/www.shouyasanitary.com\/wp-content\/uploads\/2025\/09\/wholesale-Bathroom-Cabinet-with-Mirror-1-600x600.webp 600w, https:\/\/www.shouyasanitary.com\/wp-content\/uploads\/2025\/09\/wholesale-Bathroom-Cabinet-with-Mirror-1-100x100.webp 100w\" sizes=\"(max-width: 700px) 100vw, 700px\" \/><\/figure>\n<\/div><\/div>\n<\/div>","protected":false},"excerpt":{"rendered":"<p>Le meuble de salle de bain en gros, fabriqu\u00e9 en PVC, est dot\u00e9 d'un double \u00e9vier et d'une fixation murale qui permet d'\u00e9conomiser de l'espace. Il est r\u00e9sistant \u00e0 l'eau et facile \u00e0 nettoyer. La vasque en c\u00e9ramique int\u00e9gr\u00e9e et le miroir LED allient praticit\u00e9 et style. Les mat\u00e9riaux, les tailles et les couleurs sont personnalisables pour cr\u00e9er un style de salle de bain unique. Contactez-nous pour obtenir le plus bas MOQ et des prix de gros !<\/p>\n<h2>Attributs de l'armoire de comptoir de salle de bains\uff1a<\/h2>\n<p><strong>Num\u00e9ro d'article : <\/strong>6086-120<strong><br \/>Mat\u00e9riau de l'armoire :<\/strong> PVC<br \/><strong>Couleur de l'armoire : <\/strong>Gris<br \/><strong>Miroir :<\/strong> Miroir LED (3,5 mm\/3,8 mm), \u00e9clairage tricolore, d\u00e9sembuage par simple pression d'une touche, s\u00e9curis\u00e9 par un emballage en mousse multicouche.<br \/><strong>Type d'installation :<\/strong>\u00a0Montage mural<br \/><strong>Dimensions (L\u00d7L\u00d7H) :<\/strong> 120*47*45 cm<br \/><strong>Poids brut :<\/strong> 40kg\/set<\/p>\n<h2>Personnalisation et services :<\/h2>\n<p><strong>OEM ET ODM<\/strong>: Pris en charge<br \/><strong>Conception<\/strong>: Gratuit<br \/><strong>Accessoires<\/strong>: Lavabos, miroirs, robinets et autres accessoires de salle de bains<br \/><strong>Emballage<\/strong>: Pr\u00eat \u00e0 monter<\/p>","protected":false},"featured_media":2087,"comment_status":"closed","ping_status":"closed","template":"","meta":{"_acf_changed":true},"product_brand":[],"product_cat":[24],"product_tag":[],"class_list":{"0":"post-2086","1":"product","2":"type-product","3":"status-publish","4":"has-post-thumbnail","6":"product_cat-wholesale-pvc-bathroom-vanity-cabinets","8":"first","9":"instock","10":"shipping-taxable","11":"product-type-simple"},"acf":[],"_links":{"self":[{"href":"https:\/\/www.shouyasanitary.com\/fr\/wp-json\/wp\/v2\/product\/2086","targetHints":{"allow":["GET"]}}],"collection":[{"href":"https:\/\/www.shouyasanitary.com\/fr\/wp-json\/wp\/v2\/product"}],"about":[{"href":"https:\/\/www.shouyasanitary.com\/fr\/wp-json\/wp\/v2\/types\/product"}],"replies":[{"embeddable":true,"href":"https:\/\/www.shouyasanitary.com\/fr\/wp-json\/wp\/v2\/comments?post=2086"}],"wp:featuredmedia":[{"embeddable":true,"href":"https:\/\/www.shouyasanitary.com\/fr\/wp-json\/wp\/v2\/media\/2087"}],"wp:attachment":[{"href":"https:\/\/www.shouyasanitary.com\/fr\/wp-json\/wp\/v2\/media?parent=2086"}],"wp:term":[{"taxonomy":"product_brand","embeddable":true,"href":"https:\/\/www.shouyasanitary.com\/fr\/wp-json\/wp\/v2\/product_brand?post=2086"},{"taxonomy":"product_cat","embeddable":true,"href":"https:\/\/www.shouyasanitary.com\/fr\/wp-json\/wp\/v2\/product_cat?post=2086"},{"taxonomy":"product_tag","embeddable":true,"href":"https:\/\/www.shouyasanitary.com\/fr\/wp-json\/wp\/v2\/product_tag?post=2086"}],"curies":[{"name":"wp","href":"https:\/\/api.w.org\/{rel}","templated":true}]}}